{"id":978,"date":"2024-06-08T07:08:26","date_gmt":"2024-06-08T07:08:26","guid":{"rendered":"https:\/\/rongsen.com.vn\/?post_type=product&#038;p=978"},"modified":"2024-06-08T07:08:26","modified_gmt":"2024-06-08T07:08:26","slug":"napm207-upperlower-water-nozzleplastic4owith-groove46o5mm-46o10mm-46o15mm","status":"publish","type":"product","link":"https:\/\/rongsen.com.vn\/zh\/product\/napm207-upperlower-water-nozzleplastic4owith-groove46o5mm-46o10mm-46o15mm\/","title":{"rendered":"\u76d6\u5b50 M207 \u4e0a\u4e0b\u6c34\u5634(\u5851\u6599)4\u00d8\u5e26\u69fd4,6\u00d8+5mm 4,6\u00d8+10mm 4,6\u00d8+15mm"},"content":{"rendered":"","protected":false},"excerpt":{"rendered":"","protected":false},"featured_media":857,"comment_status":"open","ping_status":"closed","template":"","meta":[],"product_brand":[],"product_cat":[59],"product_tag":[],"class_list":{"0":"post-978","1":"product","2":"type-product","3":"status-publish","4":"has-post-thumbnail","6":"product_cat-vat-tu","8":"first","9":"instock","10":"shipping-taxable","11":"product-type-simple"},"_links":{"self":[{"href":"https:\/\/rongsen.com.vn\/zh\/wp-json\/wp\/v2\/product\/978","targetHints":{"allow":["GET"]}}],"collection":[{"href":"https:\/\/rongsen.com.vn\/zh\/wp-json\/wp\/v2\/product"}],"about":[{"href":"https:\/\/rongsen.com.vn\/zh\/wp-json\/wp\/v2\/types\/product"}],"replies":[{"embeddable":true,"href":"https:\/\/rongsen.com.vn\/zh\/wp-json\/wp\/v2\/comments?post=978"}],"wp:featuredmedia":[{"embeddable":true,"href":"https:\/\/rongsen.com.vn\/zh\/wp-json\/wp\/v2\/media\/857"}],"wp:attachment":[{"href":"https:\/\/rongsen.com.vn\/zh\/wp-json\/wp\/v2\/media?parent=978"}],"wp:term":[{"taxonomy":"product_brand","embeddable":true,"href":"https:\/\/rongsen.com.vn\/zh\/wp-json\/wp\/v2\/product_brand?post=978"},{"taxonomy":"product_cat","embeddable":true,"href":"https:\/\/rongsen.com.vn\/zh\/wp-json\/wp\/v2\/product_cat?post=978"},{"taxonomy":"product_tag","embeddable":true,"href":"https:\/\/rongsen.com.vn\/zh\/wp-json\/wp\/v2\/product_tag?post=978"}],"curies":[{"name":"wp","href":"https:\/\/api.w.org\/{rel}","templated":true}]}}