{"id":837,"date":"2024-06-08T06:40:12","date_gmt":"2024-06-08T06:40:12","guid":{"rendered":"https:\/\/rongsen.com.vn\/?post_type=product&#038;p=837"},"modified":"2024-06-08T06:40:12","modified_gmt":"2024-06-08T06:40:12","slug":"may-mai-khuon-co-do-chinh-xac-cao-dong-hpg500","status":"publish","type":"product","link":"https:\/\/rongsen.com.vn\/zh\/product\/may-mai-khuon-co-do-chinh-xac-cao-dong-hpg500\/","title":{"rendered":"\u9ad8\u6027\u80fd\u6a21\u5177\u78e8\u5e8a HPG500 \u7cfb\u5217"},"content":{"rendered":"<p>M\u00e1y m\u00e0i khu\u00f4n c\u00f3 \u0111\u1ed9 ch\u00ednh x\u00e1c cao HPG500<\/p>\n<p><img loading=\"lazy\" decoding=\"async\" width=\"918\" height=\"774\" class=\"wp-image-838\" src=\"https:\/\/rongsen.com.vn\/wp-content\/uploads\/2024\/06\/word-image-837-1.png\" srcset=\"https:\/\/rongsen.com.vn\/wp-content\/uploads\/2024\/06\/word-image-837-1.png 918w, https:\/\/rongsen.com.vn\/wp-content\/uploads\/2024\/06\/word-image-837-1-474x400.png 474w, https:\/\/rongsen.com.vn\/wp-content\/uploads\/2024\/06\/word-image-837-1-768x648.png 768w, https:\/\/rongsen.com.vn\/wp-content\/uploads\/2024\/06\/word-image-837-1-600x506.png 600w\" sizes=\"auto, (max-width: 918px) 100vw, 918px\" \/><\/p>\n<p>HPG500<\/p>\n<p>\u00dd T\u01af\u1edeNG<\/p>\n<p>\u0111\u1ed9 ch\u00ednh x\u00e1c \u0111\u1ecbnh v\u1ecb d\u1ecdc v\u00e0 ch\u00e9o cao h\u01a1n M\u00e1y m\u00e0i m\u1eabu v\u1edbi h\u1ec7 th\u1ed1ng d\u1ea7u kh\u00f4ng th\u1ee7y l\u1ef1c.<\/p>\n<p>T\u00ednh n\u0103ng<\/p>\n<p>\u30fbC\u00e0i \u0111\u1eb7t t\u1ed1i thi\u1ec3u theo chi\u1ec1u d\u1ecdc v\u00e0 t\u1ed1c \u0111\u1ed9 ch\u00e9o l\u00e0 0,1\u03bcm. Th\u00f4ng s\u1ed1 k\u1ef9 thu\u1eadt ch\u00ednh x\u00e1c b\u1eb1ng c\u00e1ch c\u0103n ch\u1ec9nh c\u1ea1o cho \u0111\u01b0\u1eddng tr\u01b0\u1ee3t d\u1ecdc v\u00e0 \u0111\u01b0\u1eddng tr\u01b0\u1ee3t ngang \u0111\u01b0\u1ee3c s\u1eed d\u1ee5ng theo c\u00e1ch tr\u01b0\u1ee3t V-V.<\/p>\n<p>\u30fbT\u1ef7 l\u1ec7 \u0111\u1ed9 c\u1ee9ng c\u1ee7a tr\u1ee5c b\u00e1nh m\u00e0i l\u00e0 1,45 l\u1ea7n so v\u1edbi m\u00e1y th\u00f4ng th\u01b0\u1eddng. T\u0103ng k\u00edch th\u01b0\u1edbc khung h\u00ecnh \u0111\u1ec3 \u0111\u1ea3m b\u1ea3o s\u1ef1 \u1ed5n \u0111\u1ecbnh c\u1ee7a ngu\u1ed3n c\u1ea5p d\u1eef li\u1ec7u ch\u00e9o.<\/p>\n<p>\u30fbC\u1ea5u tr\u00fac d\u1eabn h\u01b0\u1edbng tuy\u1ebfn t\u00ednh gi\u00fap lo\u1ea1i b\u1ecf s\u1ef1 d\u1ecbch chuy\u1ec3n nhi\u1ec7t, l\u00e3ng ph\u00ed d\u1ea7u v\u00e0 gi\u1ea3m l\u01b0\u1ee3ng kh\u00ed th\u1ea3i CO2 199,2Kg.<\/p>\n<p>\u30fbPh\u1ea3n h\u1ed3i quy m\u00f4 d\u1ecdc v\u00e0 c\u1ea5p li\u1ec7u ch\u00e9o l\u00e0 th\u00f4ng s\u1ed1 k\u1ef9 thu\u1eadt ti\u00eau chu\u1ea9n. \u0110\u1ed9ng c\u01a1 tr\u1ee5c b\u00e1nh xe 2.2kW v\u00e0 bi\u1ebfn t\u1ea7n tr\u1ee5c b\u00e1nh xe c\u0169ng c\u00f3 th\u00f4ng s\u1ed1 k\u1ef9 thu\u1eadt ti\u00eau chu\u1ea9n.<\/p>\n<p>TH\u00d4NG S\u1ed0 K\u1ef8 THU\u1eacT<\/p>\n<p><img loading=\"lazy\" decoding=\"async\" width=\"745\" height=\"308\" class=\"wp-image-839\" src=\"https:\/\/rongsen.com.vn\/wp-content\/uploads\/2024\/06\/word-image-837-2.png\" srcset=\"https:\/\/rongsen.com.vn\/wp-content\/uploads\/2024\/06\/word-image-837-2.png 745w, https:\/\/rongsen.com.vn\/wp-content\/uploads\/2024\/06\/word-image-837-2-600x248.png 600w\" sizes=\"auto, (max-width: 745px) 100vw, 745px\" \/><\/p>","protected":false},"excerpt":{"rendered":"<p>M\u00e1y m\u00e0i khu\u00f4n c\u00f3 \u0111\u1ed9 ch\u00ednh x\u00e1c cao HPG500 HPG500 \u00dd T\u01af\u1edeNG \u0111\u1ed9 ch\u00ednh x\u00e1c \u0111\u1ecbnh v\u1ecb d\u1ecdc v\u00e0 ch\u00e9o cao h\u01a1n M\u00e1y m\u00e0i m\u1eabu v\u1edbi h\u1ec7 th\u1ed1ng d\u1ea7u kh\u00f4ng th\u1ee7y l\u1ef1c. T\u00ednh n\u0103ng \u30fbC\u00e0i \u0111\u1eb7t t\u1ed1i thi\u1ec3u theo chi\u1ec1u d\u1ecdc v\u00e0 t\u1ed1c \u0111\u1ed9 ch\u00e9o l\u00e0 0,1\u03bcm. Th\u00f4ng s\u1ed1 k\u1ef9 thu\u1eadt ch\u00ednh x\u00e1c b\u1eb1ng c\u00e1ch [&#8230;]","protected":false},"featured_media":838,"comment_status":"open","ping_status":"closed","template":"","meta":[],"product_brand":[],"product_cat":[88],"product_tag":[],"class_list":{"0":"post-837","1":"product","2":"type-product","3":"status-publish","4":"has-post-thumbnail","6":"product_cat-okamoto","8":"first","9":"instock","10":"shipping-taxable","11":"product-type-simple"},"_links":{"self":[{"href":"https:\/\/rongsen.com.vn\/zh\/wp-json\/wp\/v2\/product\/837","targetHints":{"allow":["GET"]}}],"collection":[{"href":"https:\/\/rongsen.com.vn\/zh\/wp-json\/wp\/v2\/product"}],"about":[{"href":"https:\/\/rongsen.com.vn\/zh\/wp-json\/wp\/v2\/types\/product"}],"replies":[{"embeddable":true,"href":"https:\/\/rongsen.com.vn\/zh\/wp-json\/wp\/v2\/comments?post=837"}],"wp:featuredmedia":[{"embeddable":true,"href":"https:\/\/rongsen.com.vn\/zh\/wp-json\/wp\/v2\/media\/838"}],"wp:attachment":[{"href":"https:\/\/rongsen.com.vn\/zh\/wp-json\/wp\/v2\/media?parent=837"}],"wp:term":[{"taxonomy":"product_brand","embeddable":true,"href":"https:\/\/rongsen.com.vn\/zh\/wp-json\/wp\/v2\/product_brand?post=837"},{"taxonomy":"product_cat","embeddable":true,"href":"https:\/\/rongsen.com.vn\/zh\/wp-json\/wp\/v2\/product_cat?post=837"},{"taxonomy":"product_tag","embeddable":true,"href":"https:\/\/rongsen.com.vn\/zh\/wp-json\/wp\/v2\/product_tag?post=837"}],"curies":[{"name":"wp","href":"https:\/\/api.w.org\/{rel}","templated":true}]}}