{"id":809,"date":"2024-06-08T06:33:29","date_gmt":"2024-06-08T06:33:29","guid":{"rendered":"https:\/\/rongsen.com.vn\/?post_type=product&#038;p=809"},"modified":"2024-06-08T06:33:38","modified_gmt":"2024-06-08T06:33:38","slug":"may-mai-be-mat-chinh-xac-dong-psg-ca","status":"publish","type":"product","link":"https:\/\/rongsen.com.vn\/zh\/product\/may-mai-be-mat-chinh-xac-dong-psg-ca\/","title":{"rendered":"\u7cbe\u5bc6\u5e73\u9762\u78e8\u5e8a PSG-CA \u7cfb\u5217"},"content":{"rendered":"<p>M\u00c1Y M\u00c0I B\u1ec0 M\u1eb6T CH\u00cdNH X\u00c1C D\u00d2NG PSG-CA<\/p>\n<p><img loading=\"lazy\" decoding=\"async\" width=\"707\" height=\"469\" class=\"wp-image-810\" src=\"https:\/\/rongsen.com.vn\/wp-content\/uploads\/2024\/06\/word-image-809-1.png\" srcset=\"https:\/\/rongsen.com.vn\/wp-content\/uploads\/2024\/06\/word-image-809-1.png 707w, https:\/\/rongsen.com.vn\/wp-content\/uploads\/2024\/06\/word-image-809-1-603x400.png 603w, https:\/\/rongsen.com.vn\/wp-content\/uploads\/2024\/06\/word-image-809-1-600x398.png 600w\" sizes=\"auto, (max-width: 707px) 100vw, 707px\" \/><\/p>\n<p>PSG64CA\u30fbPSG66CA\u30fbPSG84CA\u30fbPSG104CA\u30fbPSG106CA\u2019<\/p>\n<p>\u00dd T\u01af\u1edeNG<\/p>\n<p>Model tr\u00ean c\u1ee7a M\u00e1y m\u00e0i b\u1ec1 m\u1eb7t ch\u00ednh x\u00e1c c\u00f3 \u0111\u1ed9 c\u1ee9ng cao nh\u1ea5t v\u00e0 \u0111\u1ed9 ch\u00ednh x\u00e1c cao nh\u1ea5t c\u1ee7a m\u00e1y tr\u00ean hi\u1ec7n tr\u01b0\u1eddng.<\/p>\n<p>T\u00ednh n\u0103ng<\/p>\n<p>\u30fbKhung h\u00ecnh ch\u1eef T nh\u00f4 ra \u00edt h\u01a1n; n\u00f3 \u0111\u00e3 \u00e1p d\u1ee5ng \u0111\u1ed9 th\u1eb3ng v\u01b0\u1ee3t tr\u1ed9i c\u1ee7a chuy\u1ec3n \u0111\u1ed9ng d\u1ecdc b\u1eb1ng \u0111\u01b0\u1eddng tr\u01b0\u1ee3t V-V.<\/p>\n<p>Khu v\u1ef1c ch\u1ea5t t\u1ea3i b\u00e0n r\u1ed9ng m\u1edf nh\u1edd lo\u1ea1i m\u00e1y x\u1ebb c\u1ed9t d\u1ec5 d\u00e0ng ch\u1ee9a c\u00e1c ph\u00f4i l\u1edbn. H\u1ec7 th\u1ed1ng xi lanh hai l\u1edbp t\u0103ng kh\u1ea3 n\u0103ng ch\u1ecbu t\u1ea3i v\u00ec kh\u00f4ng c\u00f3 l\u1ef1c t\u00e1c \u0111\u1ed9ng qu\u00e1 tay trong khu v\u1ef1c l\u00e0m vi\u1ec7c, th\u1eadm ch\u00ed c\u1ea3 h\u00e0nh tr\u00ecnh to\u00e0n b\u00e0n, mang l\u1ea1i quy tr\u00ecnh \u1ed5n \u0111\u1ecbnh h\u01a1n.<\/p>\n<p>\u30fbM\u00e1y c\u00f3 \u0111\u1ed9 c\u1ee9ng cao h\u01a1n v\u1edbi b\u00e1nh m\u00e0i s\u1eafc c\u00f3 th\u1ec3 t\u0103ng b\u01b0\u1edbc ti\u1ebfn.<\/p>\n<p>\u30fbC\u00e1c th\u00f4ng s\u1ed1 k\u1ef9 thu\u1eadt c\u01a1 b\u1ea3n t\u01b0\u01a1ng t\u1ef1 nh\u01b0 d\u00f2ng PSG-DX: t\u00ednh n\u0103ng n\u1ea1p gi\u1ea5y t\u1ef1 \u0111\u1ed9ng theo chi\u1ec1u d\u1ecdc, ch\u1ee9c n\u0103ng h\u01b0\u1edbng d\u1eabn n\u1ea1p theo chi\u1ec1u d\u1ecdc v\u00e0 n\u1ea1p ngang l\u00e0 ti\u00eau chu\u1ea9n.<\/p>\n<p><img loading=\"lazy\" decoding=\"async\" width=\"841\" height=\"554\" class=\"wp-image-811\" src=\"https:\/\/rongsen.com.vn\/wp-content\/uploads\/2024\/06\/word-image-809-2.png\" srcset=\"https:\/\/rongsen.com.vn\/wp-content\/uploads\/2024\/06\/word-image-809-2.png 841w, https:\/\/rongsen.com.vn\/wp-content\/uploads\/2024\/06\/word-image-809-2-607x400.png 607w, https:\/\/rongsen.com.vn\/wp-content\/uploads\/2024\/06\/word-image-809-2-768x506.png 768w, https:\/\/rongsen.com.vn\/wp-content\/uploads\/2024\/06\/word-image-809-2-600x395.png 600w\" sizes=\"auto, (max-width: 841px) 100vw, 841px\" \/><\/p>\n<p><img loading=\"lazy\" decoding=\"async\" width=\"799\" height=\"543\" class=\"wp-image-812\" src=\"https:\/\/rongsen.com.vn\/wp-content\/uploads\/2024\/06\/word-image-809-3.png\" srcset=\"https:\/\/rongsen.com.vn\/wp-content\/uploads\/2024\/06\/word-image-809-3.png 799w, https:\/\/rongsen.com.vn\/wp-content\/uploads\/2024\/06\/word-image-809-3-589x400.png 589w, https:\/\/rongsen.com.vn\/wp-content\/uploads\/2024\/06\/word-image-809-3-768x522.png 768w, https:\/\/rongsen.com.vn\/wp-content\/uploads\/2024\/06\/word-image-809-3-600x408.png 600w\" sizes=\"auto, (max-width: 799px) 100vw, 799px\" \/><\/p>\n<p>TH\u00d4NG S\u1ed0 K\u1ef8 THU\u1eacT<\/p>\n<p><img loading=\"lazy\" decoding=\"async\" width=\"1866\" height=\"291\" class=\"wp-image-813\" src=\"https:\/\/rongsen.com.vn\/wp-content\/uploads\/2024\/06\/word-image-809-4.png\" srcset=\"https:\/\/rongsen.com.vn\/wp-content\/uploads\/2024\/06\/word-image-809-4.png 1866w, https:\/\/rongsen.com.vn\/wp-content\/uploads\/2024\/06\/word-image-809-4-800x125.png 800w, https:\/\/rongsen.com.vn\/wp-content\/uploads\/2024\/06\/word-image-809-4-1400x218.png 1400w, https:\/\/rongsen.com.vn\/wp-content\/uploads\/2024\/06\/word-image-809-4-768x120.png 768w, https:\/\/rongsen.com.vn\/wp-content\/uploads\/2024\/06\/word-image-809-4-1536x240.png 1536w, https:\/\/rongsen.com.vn\/wp-content\/uploads\/2024\/06\/word-image-809-4-600x94.png 600w\" sizes=\"auto, (max-width: 1866px) 100vw, 1866px\" \/><\/p>\n<p>&nbsp;<\/p>","protected":false},"excerpt":{"rendered":"<p>M\u00c1Y M\u00c0I B\u1ec0 M\u1eb6T CH\u00cdNH X\u00c1C D\u00d2NG PSG-CA PSG64CA\u30fbPSG66CA\u30fbPSG84CA\u30fbPSG104CA\u30fbPSG106CA\u2019 \u00dd T\u01af\u1edeNG Model tr\u00ean c\u1ee7a M\u00e1y m\u00e0i b\u1ec1 m\u1eb7t ch\u00ednh x\u00e1c c\u00f3 \u0111\u1ed9 c\u1ee9ng cao nh\u1ea5t v\u00e0 \u0111\u1ed9 ch\u00ednh x\u00e1c cao nh\u1ea5t c\u1ee7a m\u00e1y tr\u00ean hi\u1ec7n tr\u01b0\u1eddng. T\u00ednh n\u0103ng \u30fbKhung h\u00ecnh ch\u1eef T nh\u00f4 ra \u00edt h\u01a1n; n\u00f3 \u0111\u00e3 \u00e1p d\u1ee5ng \u0111\u1ed9 th\u1eb3ng v\u01b0\u1ee3t tr\u1ed9i c\u1ee7a [&#8230;]","protected":false},"featured_media":810,"comment_status":"open","ping_status":"closed","template":"","meta":[],"product_brand":[],"product_cat":[88],"product_tag":[],"class_list":{"0":"post-809","1":"product","2":"type-product","3":"status-publish","4":"has-post-thumbnail","6":"product_cat-okamoto","8":"first","9":"instock","10":"shipping-taxable","11":"product-type-simple"},"_links":{"self":[{"href":"https:\/\/rongsen.com.vn\/zh\/wp-json\/wp\/v2\/product\/809","targetHints":{"allow":["GET"]}}],"collection":[{"href":"https:\/\/rongsen.com.vn\/zh\/wp-json\/wp\/v2\/product"}],"about":[{"href":"https:\/\/rongsen.com.vn\/zh\/wp-json\/wp\/v2\/types\/product"}],"replies":[{"embeddable":true,"href":"https:\/\/rongsen.com.vn\/zh\/wp-json\/wp\/v2\/comments?post=809"}],"wp:featuredmedia":[{"embeddable":true,"href":"https:\/\/rongsen.com.vn\/zh\/wp-json\/wp\/v2\/media\/810"}],"wp:attachment":[{"href":"https:\/\/rongsen.com.vn\/zh\/wp-json\/wp\/v2\/media?parent=809"}],"wp:term":[{"taxonomy":"product_brand","embeddable":true,"href":"https:\/\/rongsen.com.vn\/zh\/wp-json\/wp\/v2\/product_brand?post=809"},{"taxonomy":"product_cat","embeddable":true,"href":"https:\/\/rongsen.com.vn\/zh\/wp-json\/wp\/v2\/product_cat?post=809"},{"taxonomy":"product_tag","embeddable":true,"href":"https:\/\/rongsen.com.vn\/zh\/wp-json\/wp\/v2\/product_tag?post=809"}],"curies":[{"name":"wp","href":"https:\/\/api.w.org\/{rel}","templated":true}]}}