{"id":617,"date":"2024-06-03T05:48:06","date_gmt":"2024-06-03T05:48:06","guid":{"rendered":"https:\/\/rongsen.com.vn\/?post_type=product&#038;p=617"},"modified":"2025-12-08T14:47:27","modified_gmt":"2025-12-08T07:47:27","slug":"may-cat-day-loai-c-cai-tien","status":"publish","type":"product","link":"https:\/\/rongsen.com.vn\/zh\/product\/may-cat-day-loai-c-cai-tien\/","title":{"rendered":"\u521b\u65b0C\u578b\u7ebf\u5207\u5272\u673a"},"content":{"rendered":"<p><strong>\u521b\u65b0C\u578b\u7ebf\u5207\u5272\u673a <\/strong><strong><\/p>\n<p><\/strong><strong>\u5207\u5272\u901f\u5ea6<\/strong><strong>9000-16000<\/strong><strong>\u5e73\u65b9<\/strong><strong>\/<\/strong><strong>\u5c0f<\/strong><strong>\u65f6 <\/strong><\/p>\n<p><strong>T\u1ed1c \u0111\u1ed9 c\u1eaft <\/strong><strong>9000-16000 m2\/h<\/strong><\/p>\n<p>&nbsp;<\/p>\n<table>\n<tbody>\n<tr>\n<td width=\"149\"><strong>\u673a\u5e8a\u578b<\/strong><strong>\u53f7<\/strong><strong>Model m\u00e1y<\/strong><\/td>\n<td width=\"149\"><strong>BJ-320C<\/strong><\/td>\n<td width=\"149\"><strong>BJ-400C<\/strong><\/td>\n<td width=\"149\"><strong>BJ-500C<\/strong><\/td>\n<td width=\"149\"><strong>BJ-630C<\/strong><\/td>\n<\/tr>\n<tr>\n<td width=\"149\">\u5de5\u4f5c\u53f0\u5c3a\u5bf8<\/p>\n<p>K\u00edch th\u01b0\u1edbc b\u00e0n l\u00e0m vi\u1ec7c<\/td>\n<td width=\"149\">760 x 520mm<\/td>\n<td width=\"149\">850 x 600mm<\/td>\n<td width=\"149\">1000 x 750mm<\/td>\n<td width=\"149\">1170x830mm<\/td>\n<\/tr>\n<tr>\n<td width=\"149\">\u5de5\u4f5c\u53f0X\u3001Y\u8f74\u6700\u5927\u884c\u7a0b<\/td>\n<td width=\"149\">400x320mm<\/td>\n<td width=\"149\">500 x 400mm<\/td>\n<td width=\"149\">630x500mm<\/td>\n<td width=\"149\">800 x 630mm<\/td>\n<\/tr>\n<tr>\n<td width=\"149\">\u6700\u5927\u5207\u5272\u5236\u539a\u5ea6<\/td>\n<td width=\"149\">250mm<\/td>\n<td width=\"149\">250mm<\/td>\n<td width=\"149\">300mm<\/td>\n<td width=\"149\">300mm<\/td>\n<\/tr>\n<tr>\n<td width=\"149\">\u6700\u5927\u627f\u8f7d\u91cd\u91cf<\/p>\n<p>Tr\u1ecdng l\u01b0\u1ee3ng ch\u1ecbu t\u1ea3i t\u1ed1i \u0111a<\/td>\n<td width=\"149\">300kg<\/td>\n<td width=\"149\">500kg<\/td>\n<td width=\"149\">800kg<\/td>\n<td width=\"149\">1000kg<\/td>\n<\/tr>\n<tr>\n<td width=\"149\">\u6700\u5927\u5207\u5272\u6548\u7387<\/p>\n<p>Hi\u1ec7u su\u1ea5t c\u1eaft t\u1ed1i \u0111a<\/td>\n<td colspan=\"4\" width=\"595\">250mm2\/min<\/td>\n<\/tr>\n<tr>\n<td width=\"149\">\u6700\u5927\u52a0\u5de5\u7535\u6d41<\/p>\n<p>D\u00f2ng \u0111i\u1ec7n gia c\u00f4ng t\u1ed1i \u0111a<\/td>\n<td colspan=\"4\" width=\"595\">12A<\/td>\n<\/tr>\n<tr>\n<td width=\"149\">\u6700\u4f73\u8868\u9762\u7c97\u7cd9\u5ea6<\/p>\n<p>\u0110\u1ed9 nh\u00e1m b\u1ec1 m\u1eb7t t\u1ed1t nh\u1ea5t<\/td>\n<td colspan=\"4\" width=\"595\">\u4e00\u6b21\u5207\u5272Ra\u22641.5um\u3001\u4e8c\u6b21\u5207\u5272Ra\u22640.8um\u3001\u4e09\u6b21\u5207\u5272Ra\u22640.7um<\/p>\n<p>C\u1eaft m\u1ed9t l\u1ea7n Ra\u22641.5um\u3001c\u1eaft hai l\u1ea7n Ra\u22640.8um\u3001c\u1eaft ba l\u1ea7n Ra\u22640.7um<\/td>\n<\/tr>\n<tr>\n<td width=\"149\">\u5207\u5272\u7cbe\u5ea6<\/p>\n<p>\u0110\u1ed9 ch\u00ednh x\u00e1c c\u1eaft<\/td>\n<td colspan=\"4\" width=\"595\">\u76f4\u7ebf\u2264\u00b10.0025mm\u3001\u9525\u5ea6\u2264\u00b10.01mm<\/p>\n<p>\u0110\u01b0\u1eddng th\u1eb1ng \u2264\u00b10.0025mm\u3001\u0111\u1ed9 c\u00f4n \u2264\u00b10.01mm<\/td>\n<\/tr>\n<tr>\n<td width=\"149\">\u8df3\u6b65\u7cbe\u5ea6<\/p>\n<p>\u0110\u1ed9 ch\u00ednh x\u00e1c b\u01b0\u1edbc nh\u1ea3y<\/td>\n<td colspan=\"4\" width=\"595\">0.01mm\/0-200mm\u30010.015mm\/0-350mm\u30010.02mm\/0-500mm<\/td>\n<\/tr>\n<tr>\n<td width=\"149\">\u6700\u5927\u5207\u5272\u9525\u5ea6<\/p>\n<p>\u0110\u1ed9 c\u00f4n c\u1eaft t\u1ed1i \u0111a<\/td>\n<td colspan=\"4\" width=\"595\">\u00b13\u00b0<\/td>\n<\/tr>\n<tr>\n<td width=\"149\">\u7535\u6781\u4e1d\u76f4\u5f84\u8303\u56f4(\u94bc\u4e1d) Ph\u1ea1m vi \u0111\u01b0\u1eddng k\u00ednh d\u00e2y \u0111i\u1ec7n c\u1ef1c (d\u00e2y molypden)<\/td>\n<td colspan=\"4\" width=\"595\">0.12-0.25mm(\u6807\u914d0.18mm)<\/p>\n<p>0.12-0.25mm(ti\u00eau chu\u1ea9n 0.18mm)<\/td>\n<\/tr>\n<tr>\n<td width=\"149\">\u9a71\u52a8\u65b9\u5f0f<\/p>\n<p>Ph\u01b0\u01a1ng th\u1ee9c v\u1eadn h\u00e0nh<\/td>\n<td colspan=\"4\" width=\"595\">\u6b65\u8fdb(\u4e94\u76f8\u5341\u62cd), Z\u8f74\u7535\u52a8\u9759\u97f3\u5347\u964d\/X\u3001Y\u3001U\u3001V\u8f74\u4f3a\u670d(\u677e\u4e0b\u4f3a\u670d), Z\u8f74\u7535\u52a8\u9759\u97f3\u5347\u964d<\/p>\n<p>B\u01b0\u1edbc (n\u0103m pha v\u00e0 10 nh\u1ecbp), n\u00e2ng t\u0129nh \u00e2m \u0111i\u1ec7n \u0111\u1ed9ng tr\u1ee5c Z \/ servo tr\u1ee5c X, Y, U, V (servo Panasonic) , n\u00e2ng t\u0129nh \u00e2m \u0111i\u1ec7n \u0111\u1ed9ng tr\u1ee5c Z.<\/td>\n<\/tr>\n<tr>\n<td width=\"149\">\u5207\u524a\u6db2\u7bb1\u914d\u7f6e<\/p>\n<p>C\u1ea5u h\u00ecnh b\u1ec3 ch\u1ee9a ch\u1ea5t l\u1ecfng c\u1eaft<\/td>\n<td colspan=\"4\" width=\"595\">\u9ad8\u538b\u6162\u4e1d\u5f0f\u8fc7\u6ee4,\u5bb9\u79ef100L<\/p>\n<p>B\u1ed9 l\u1ecdc d\u00e2y ch\u1eadm \u00e1p su\u1ea5t cao, dung t\u00edch 100L<\/td>\n<\/tr>\n<tr>\n<td width=\"149\">\u5207\u524a\u6db2\u914d\u6bd4<\/p>\n<p>T\u1ef7 l\u1ec7 ch\u1ea5t l\u1ecfng c\u1eaft<\/td>\n<td colspan=\"4\" width=\"595\">\u72c4\u514b\u6db2\u914d\u7eaf\u51c0\u6c34,\u6d53\u5ea6\u503c8-12<\/p>\n<p>Pha lo\u00e3ng dung d\u1ecbch Dic b\u1eb1ng n\u01b0\u1edbc tinh khi\u1ebft, n\u1ed3ng \u0111\u1ed9 8 -12.<\/td>\n<\/tr>\n<tr>\n<td width=\"149\">\u6574\u673a\u6d88\u8017\u529f\u7387<\/p>\n<p>C\u00f4ng su\u1ea5t ti\u00eau th\u1ee5 to\u00e0n b\u1ed9 m\u00e1y<\/td>\n<td colspan=\"4\" width=\"595\">&lt;2kw<\/p>\n<p>&nbsp;<\/td>\n<\/tr>\n<tr>\n<td width=\"149\">\u4f9b\u7535\u7535\u6e90<\/p>\n<p>Ngu\u1ed3n \u0111i\u1ec7n cung c\u1ea5p<\/td>\n<td colspan=\"4\" width=\"595\">\u4e09\u76f8\u56db\u7ebf380VAC\/50HZ<\/p>\n<p>Ba pha b\u1ed1n d\u00e2y 380VAC\/50HZ<\/td>\n<\/tr>\n<tr>\n<td width=\"149\">\u4e3b\u673a\u91cd\u91cf<\/p>\n<p>Tr\u1ecdng l\u01b0\u1ee3ng m\u00e1y ch\u1ee7<\/td>\n<td width=\"149\">1860kg<\/td>\n<td width=\"149\">2160kg<\/td>\n<td width=\"149\">2750kg<\/td>\n<td width=\"149\">3450kg<\/td>\n<\/tr>\n<tr>\n<td width=\"149\">\u4e3b\u673a\u5916\u5f62\u5c3a\u5bf8(\u957f*\u5bbd<\/p>\n<p>*\u9ad8)<\/p>\n<p>K\u00edch th\u01b0\u1edbc ngo\u00e0i c\u1ee7a m\u00e1y ch\u1ee7 ( D* R*C)<\/td>\n<td width=\"149\">1570\u00d71100\u00d71700mm<\/td>\n<td width=\"149\">1600&#215;1220 x 1700mm<\/td>\n<td width=\"149\">1850 x 1400 x 1800mm<\/td>\n<td width=\"149\">2070 x 1655 x 2060mm<\/td>\n<\/tr>\n<tr>\n<td width=\"149\">\u5305\u88c5\u5916\u5f62\u5c3a\u5bf8(\u957f*\u5bbd*\u9ad8)<\/p>\n<p>K\u00edch th\u01b0\u1edbc \u0111\u00f3ng g\u00f3i ( D* R*C)<\/td>\n<td width=\"149\">1720\u00d71300\u00d71800mm<\/td>\n<td width=\"149\">1850 x 1420 x 1800mm<\/td>\n<td width=\"149\">2050 x 1600 x 1900mm<\/td>\n<td width=\"149\">2340 x 2100\u00d72160mm<\/td>\n<\/tr>\n<\/tbody>\n<\/table>\n<p>&nbsp;<\/p>","protected":false},"excerpt":{"rendered":"<p>M\u00e1y c\u1eaft d\u00e2y lo\u1ea1i C c\u1ea3i ti\u1ebfn \u5207\u5272\u901f\u5ea69000-16000\u5e73\u65b9\/\u5c0f\u65f6 T\u1ed1c \u0111\u1ed9 c\u1eaft 9000-16000 m2\/h &nbsp; \u673a\u5e8a\u578b\u53f7Model m\u00e1y BJ-320C BJ-400C BJ-500C BJ-630C \u5de5\u4f5c\u53f0\u5c3a\u5bf8 K\u00edch th\u01b0\u1edbc b\u00e0n l\u00e0m vi\u1ec7c 760 x 520mm 850 x 600mm 1000 x 750mm 1170x830mm \u5de5\u4f5c\u53f0X\u3001Y\u8f74\u6700\u5927\u884c\u7a0b 400x320mm 500 x 400mm 630x500mm 800 x 630mm \u6700\u5927\u5207\u5272\u5236\u539a\u5ea6 250mm 250mm 300mm 300mm \u6700\u5927\u627f\u8f7d\u91cd\u91cf Tr\u1ecdng l\u01b0\u1ee3ng ch\u1ecbu t\u1ea3i [&#8230;]","protected":false},"featured_media":618,"comment_status":"open","ping_status":"closed","template":"","meta":[],"product_brand":[],"product_cat":[22],"product_tag":[],"class_list":{"0":"post-617","1":"product","2":"type-product","3":"status-publish","4":"has-post-thumbnail","6":"product_cat-hong-yao","8":"first","9":"instock","10":"shipping-taxable","11":"product-type-simple"},"_links":{"self":[{"href":"https:\/\/rongsen.com.vn\/zh\/wp-json\/wp\/v2\/product\/617","targetHints":{"allow":["GET"]}}],"collection":[{"href":"https:\/\/rongsen.com.vn\/zh\/wp-json\/wp\/v2\/product"}],"about":[{"href":"https:\/\/rongsen.com.vn\/zh\/wp-json\/wp\/v2\/types\/product"}],"replies":[{"embeddable":true,"href":"https:\/\/rongsen.com.vn\/zh\/wp-json\/wp\/v2\/comments?post=617"}],"wp:featuredmedia":[{"embeddable":true,"href":"https:\/\/rongsen.com.vn\/zh\/wp-json\/wp\/v2\/media\/618"}],"wp:attachment":[{"href":"https:\/\/rongsen.com.vn\/zh\/wp-json\/wp\/v2\/media?parent=617"}],"wp:term":[{"taxonomy":"product_brand","embeddable":true,"href":"https:\/\/rongsen.com.vn\/zh\/wp-json\/wp\/v2\/product_brand?post=617"},{"taxonomy":"product_cat","embeddable":true,"href":"https:\/\/rongsen.com.vn\/zh\/wp-json\/wp\/v2\/product_cat?post=617"},{"taxonomy":"product_tag","embeddable":true,"href":"https:\/\/rongsen.com.vn\/zh\/wp-json\/wp\/v2\/product_tag?post=617"}],"curies":[{"name":"wp","href":"https:\/\/api.w.org\/{rel}","templated":true}]}}