{"id":614,"date":"2024-06-03T05:47:06","date_gmt":"2024-06-03T05:47:06","guid":{"rendered":"https:\/\/rongsen.com.vn\/?post_type=product&#038;p=614"},"modified":"2025-12-07T11:27:36","modified_gmt":"2025-12-07T04:27:36","slug":"may-cat-day-loai-b","status":"publish","type":"product","link":"https:\/\/rongsen.com.vn\/zh\/product\/may-cat-day-loai-b\/","title":{"rendered":"B\u578b\u94a2\u4e1d\u7802\u5149\u673a"},"content":{"rendered":"<p>B\u578b\u9ad8\u901f\u4e2d\u8d70\u4e1d\u7ebf\u5207\u5272\u673a\u5e8a\u4e3b\u8981\u6280\u672f\u53c2\u6570<\/p>\n<p>Th\u00f4ng s\u1ed1 k\u1ef9 thu\u1eadt ch\u00ednh c\u1ee7a m\u00e1y c\u1eaft d\u00e2y t\u1ed1c \u0111\u1ed9 cao lo\u1ea1i B<\/p>\n<table width=\"737\">\n<tbody>\n<tr>\n<td width=\"213\"><strong>\u673a\u5e8a\u578b\u53f7<\/strong><strong> Model m\u00e1y<\/strong><\/td>\n<td width=\"117\"><strong>B-350<\/strong><\/td>\n<td width=\"84\"><strong>B-450<\/strong><\/td>\n<td width=\"117\"><strong>B-500<\/strong><\/td>\n<td width=\"117\"><strong>B-630<\/strong><\/td>\n<td width=\"88\"><strong>B-800<\/strong><\/td>\n<\/tr>\n<tr>\n<td width=\"213\">\u5de5\u4f5c\u53f0\u5c3a\u5bf8 K\u00edch th\u01b0\u1edbc b\u00e0n l\u00e0m vi\u1ec7c(mm)<\/td>\n<td width=\"117\">500*720<\/td>\n<td width=\"84\">600*820<\/td>\n<td width=\"117\">630*800<\/td>\n<td width=\"117\">780*1080<\/td>\n<td width=\"88\">1000*1360<\/td>\n<\/tr>\n<tr>\n<td width=\"213\">\u5de5\u4f5c\u53f0X\u3001Y\u8f74\u884c\u7a0b(mm)<\/p>\n<p>H\u00e0nh tr\u00ecnh\u00a0 c\u1ee7a tr\u1ee5c X, Y b\u00e0n l\u00e0m vi\u1ec7c<\/td>\n<td width=\"117\">350*450<\/td>\n<td width=\"84\">450*550<\/td>\n<td width=\"117\">500*630<\/td>\n<td width=\"117\">630*800<\/td>\n<td width=\"88\">800*1000<\/td>\n<\/tr>\n<tr>\n<td width=\"213\">\u6700\u5927\u52a0\u5de5\u539a\u5ea6#(Z)(mm)<\/p>\n<p>\u0110\u1ed9 d\u00e0y gia c\u00f4ng t\u1ed1i \u0111a #(Z)(mm)<\/td>\n<td width=\"117\">450<\/td>\n<td width=\"84\">450<\/td>\n<td width=\"117\">450<\/td>\n<td width=\"117\">500<\/td>\n<td width=\"88\">600<\/td>\n<\/tr>\n<tr>\n<td width=\"213\">U.V\u8f74\u884c\u7a0b(mm)<\/p>\n<p>H\u00e0nh tr\u00e0nh tr\u1ee5c U.V(mm)<\/td>\n<td colspan=\"5\" width=\"524\">\u5c0f\u9525\u5f62 : 24\u00d724 \u5927\u9525\u5f62:D-60\u00d760 E-130&#215;130 T-240&#215;240<\/p>\n<p>H\u00ecnh n\u00f3n nh\u1ecf : 24\u00d724 \u00a0h\u00ecnh n\u00f3n l\u1edbn:D-60\u00d760 E-130&#215;130 T-240&#215;240<\/td>\n<\/tr>\n<tr>\n<td width=\"213\">\u7535\u6781\u4e1d\u76f4\u5f84\u89c4\u683c(mm)<\/p>\n<p>Quy c\u00e1ch \u0111\u01b0\u1eddng k\u00ednh d\u00e2y \u0111i\u1ec7n c\u1ef1c (mm)<\/td>\n<td colspan=\"5\" width=\"524\">\u94f6\u4e1d\u03d5 0.10-0.22<\/p>\n<p>d\u00e2y b\u1ea1c\u00a0 \u03d50.10-0.22<\/td>\n<\/tr>\n<tr>\n<td width=\"213\">\u8d70\u4e1d\u901f\u5ea6(m\/sec)<\/p>\n<p>T\u1ed1c \u0111\u1ed9 \u0111i d\u00e2y (m\/sec)<\/td>\n<td colspan=\"5\" width=\"524\">12, 9, 7, 5, 2<\/td>\n<\/tr>\n<tr>\n<td width=\"213\">\u52a0\u5de5\u659c\u5ea6\/\u5de5\u4ef6\u539a\u5ea6(\u00b0)<\/p>\n<p>\u0110\u1ed9 d\u1ed1c gia c\u00f4ng\/\u0111\u1ed9 d\u00e0y ph\u00f4i (\u00b0)<\/td>\n<td colspan=\"5\" width=\"524\">\u591a\u6b21\u5207\u5272\u6700\u5927: \u00b11.5\u00b0 \/50mm \u4e00\u6b21\u5207\u5272\u6700\u5927: \u00b13\u00b0 D-\u00b110\u00b0 E-18\u00b0 T-\u00b130\u00b0 \/50mm<\/p>\n<p>T\u1ed1i \u0111a sau nhi\u1ec1u l\u1ea7n c\u1eaft:: \u00b11.5\u00b0 \/50mm t\u1ed1i \u0111a m\u1ed9t l\u1ea7n c\u1eaft: \u00b13\u00b0 D-\u00b110\u00b0 E-18\u00b0 T-\u00b130\u00b0 \/50mm<\/td>\n<\/tr>\n<tr>\n<td width=\"213\">\u52a0\u5de5\u7cbe\u5ea6\u25b3(\u76f4\u4f53)<\/p>\n<p>\u0110\u1ed9 ch\u00ednh x\u00e1c gia c\u00f4ng \u25b3 (th\u00e2n th\u1eb3ng)<\/td>\n<td colspan=\"5\" width=\"524\">\u591a\u6b21\u5207\u5272: 10\u00d710\u00d730 \u56db\u65b9\u22640.006 \u516b\u65b9\u22640.009 \u4e00\u6b21\u5207\u5272\u22640.012 \u76f4\u9762\u5ea6\u22640.006\/50mm<\/p>\n<p>C\u1eaft nhi\u1ec1u l\u1ea7n : 10\u00d710\u00d730, b\u1ed1n ph\u00eda \u22640.006, t\u00e1m ph\u00eda \u22640.009, c\u1eaft m\u1ed9t l\u1ea7n \u22640.012 \u0111\u1ed9 th\u1eb3ng ph\u1eb3ng \u22640.006\/50mm<\/td>\n<\/tr>\n<tr>\n<td width=\"213\">\u52a0\u5de5\u9762\u7c97\u7cd9\u5ea6(Ra)<\/p>\n<p>\u0110\u1ed9 nh\u00e1m b\u1ec1 m\u1eb7t gia c\u00f4ng (Ra)<\/td>\n<td colspan=\"5\" width=\"524\">\u4e00\u6b21\u5207\u5272Ra\u22641.5um\u3001\u4e8c\u6b21\u5207\u5272Ra\u22640.8um\u3001\u4e09\u6b21\u5207\u5272Ra\u22640.7um<\/p>\n<p>C\u1eaft m\u1ed9t l\u1ea7n Ra\u22641.5um\u3001c\u1eaft hai l\u1ea7n Ra\u22640.8um\u3001c\u1eaft ba l\u1ea7n Ra\u22640.7um<\/td>\n<\/tr>\n<tr>\n<td width=\"213\">\u9a71\u52a8\u7535\u673a\u0110\u1ed9ng c\u01a1 truy\u1ec1n \u0111\u1ed9ng<\/td>\n<td colspan=\"5\" width=\"524\">\u6b65\u8fdb\u7535\u673a\u6216\u4f3a\u670d\u9a6c\u8fbe*(\u9009\u914d) \u0110\u1ed9ng c\u01a1 b\u01b0\u1edbc ho\u1eb7c \u0111\u1ed9ng c\u01a1 servo<\/td>\n<\/tr>\n<tr>\n<td width=\"213\">\u4e1d\u6760\u4e0e\u5bfc\u8f68<\/p>\n<p>Tr\u1ee5c v\u00edt me v\u00e0 ray d\u1eabn<\/td>\n<td colspan=\"5\" width=\"524\">\u9ad8\u7cbe\u5bc6\u7ea7\u6eda\u73e0\u4e1d\u6760\/\u76f4\u7ebf\u6ed1\u52a8\u5bfc\u8f68<\/p>\n<p>V\u00edt me bi \u0111\u1ed9 ch\u00ednh x\u00e1c cao \/ ray d\u1eabn tr\u01b0\u1ee3t tuy\u1ebfn t\u00ednh<\/td>\n<\/tr>\n<tr>\n<td width=\"213\">\u5f20\u529b\u7cfb\u7edf H\u1ec7 th\u1ed1ng l\u1ef1c c\u0103ng<\/td>\n<td colspan=\"5\" width=\"524\">\u4e09\u7ea7(0\/1\/2)\u5f20\u529b\u53ef\u8c03 \u00a0C\u00f3 th\u1ec3 \u0111i\u1ec1u ch\u1ec9nh \u0111\u1ed9 c\u0103ng ba m\u1ee9c (0\/1\/2)<\/td>\n<\/tr>\n<tr>\n<td width=\"213\">\u5de5\u4f5c\u6db2\/\u6db2\u7bb1\u5bb9\u91cf<\/p>\n<p>Dung t\u00edch b\u00ecnh ch\u1ee9a ch\u1ea5t l\u1ecfng\/ch\u1ea5t l\u1ecfng l\u00e0m vi\u1ec7c<\/td>\n<td colspan=\"5\" width=\"524\">\u590d\u5408\u578b\u6216\u6c34\u6eb6\u6027\u4e13\u7528\u6db2\/65L<\/p>\n<p>Ch\u1ea5t l\u1ecfng chuy\u00ean d\u1ee5ng d\u1ea1ng h\u1ee3p ch\u1ea5t ho\u1eb7c h\u00f2a tan trong n\u01b0\u1edbc\/65L<\/td>\n<\/tr>\n<tr>\n<td width=\"213\">\u4f9b\u7535\u7535\u6e90 Ngu\u1ed3n \u0111i\u1ec7n \u0111\u1ea7u v\u00e0o<\/td>\n<td colspan=\"5\" width=\"524\">AC3-380v\/2.5kva<\/td>\n<\/tr>\n<tr>\n<td width=\"213\">\u6700\u5927\u5de5\u4ef6\u91cd\u91cf(kg)<\/p>\n<p>Tr\u1ecdng l\u01b0\u1ee3ng ph\u00f4i t\u1ed1i \u0111a (kg)<\/td>\n<td width=\"117\">450<\/td>\n<td width=\"84\">600<\/td>\n<td width=\"117\">1000<\/td>\n<td width=\"117\">1500<\/td>\n<td width=\"88\">2000<\/td>\n<\/tr>\n<tr>\n<td width=\"213\">\u4e3b\u673a\u51c0\u91cd(kg)<\/p>\n<p>Tr\u1ecdng l\u01b0\u1ee3ng m\u00e1y (kg)<\/td>\n<td width=\"117\">1500<\/td>\n<td width=\"84\">1700<\/td>\n<td width=\"117\">2600<\/td>\n<td width=\"117\">4300<\/td>\n<td width=\"88\">6800<\/td>\n<\/tr>\n<tr>\n<td width=\"213\">\u4e3b\u673a\u5916\u5f62\u5c3a\u5bf8(mm)<\/p>\n<p>K\u00edch th\u01b0\u1edbc ngo\u00e0i c\u1ee7a m\u00e1y ch\u1ee7 (mm)<\/td>\n<td width=\"117\">1500x1200x1750<\/td>\n<td width=\"84\">1600 x 1400 x 1750<\/td>\n<td width=\"117\">1390x1660x2080<\/td>\n<td width=\"117\">2000x1880x2180<\/td>\n<td width=\"88\">2380 x 2360 x 2280<\/td>\n<\/tr>\n<\/tbody>\n<\/table>\n<p>&nbsp;<\/p>\n<p>S\u1ea2N PH\u1ea8M C\u1ee6A M\u00c1Y C\u1eaeTT\u1ed0C \u0110\u1ed8 TRUNG<\/p>\n<p>&nbsp;<\/p>\n<p><img loading=\"lazy\" decoding=\"async\" class=\"alignnone size-medium wp-image-615\" src=\"https:\/\/rongsen.com.vn\/wp-content\/uploads\/2024\/06\/c2-2-682x400.png\" alt=\"\" width=\"682\" height=\"400\" srcset=\"https:\/\/rongsen.com.vn\/wp-content\/uploads\/2024\/06\/c2-2-682x400.png 682w, https:\/\/rongsen.com.vn\/wp-content\/uploads\/2024\/06\/c2-2-768x451.png 768w, https:\/\/rongsen.com.vn\/wp-content\/uploads\/2024\/06\/c2-2-600x352.png 600w, https:\/\/rongsen.com.vn\/wp-content\/uploads\/2024\/06\/c2-2.png 944w\" sizes=\"auto, (max-width: 682px) 100vw, 682px\" \/><\/p>","protected":false},"excerpt":{"rendered":"<p>B\u578b\u9ad8\u901f\u4e2d\u8d70\u4e1d\u7ebf\u5207\u5272\u673a\u5e8a\u4e3b\u8981\u6280\u672f\u53c2\u6570 Th\u00f4ng s\u1ed1 k\u1ef9 thu\u1eadt ch\u00ednh c\u1ee7a m\u00e1y c\u1eaft d\u00e2y t\u1ed1c \u0111\u1ed9 cao lo\u1ea1i B \u673a\u5e8a\u578b\u53f7 Model m\u00e1y B-350 B-450 B-500 B-630 B-800 \u5de5\u4f5c\u53f0\u5c3a\u5bf8 K\u00edch th\u01b0\u1edbc b\u00e0n l\u00e0m vi\u1ec7c(mm) 500*720 600*820 630*800 780*1080 1000*1360 \u5de5\u4f5c\u53f0X\u3001Y\u8f74\u884c\u7a0b(mm) H\u00e0nh tr\u00ecnh\u00a0 c\u1ee7a tr\u1ee5c X, Y b\u00e0n l\u00e0m vi\u1ec7c 350*450 450*550 500*630 630*800 800*1000 \u6700\u5927\u52a0\u5de5\u539a\u5ea6#(Z)(mm) \u0110\u1ed9 d\u00e0y gia c\u00f4ng t\u1ed1i [&#8230;]","protected":false},"featured_media":616,"comment_status":"open","ping_status":"closed","template":"","meta":[],"product_brand":[],"product_cat":[22],"product_tag":[],"class_list":{"0":"post-614","1":"product","2":"type-product","3":"status-publish","4":"has-post-thumbnail","6":"product_cat-hong-yao","8":"first","9":"instock","10":"shipping-taxable","11":"product-type-simple"},"_links":{"self":[{"href":"https:\/\/rongsen.com.vn\/zh\/wp-json\/wp\/v2\/product\/614","targetHints":{"allow":["GET"]}}],"collection":[{"href":"https:\/\/rongsen.com.vn\/zh\/wp-json\/wp\/v2\/product"}],"about":[{"href":"https:\/\/rongsen.com.vn\/zh\/wp-json\/wp\/v2\/types\/product"}],"replies":[{"embeddable":true,"href":"https:\/\/rongsen.com.vn\/zh\/wp-json\/wp\/v2\/comments?post=614"}],"wp:featuredmedia":[{"embeddable":true,"href":"https:\/\/rongsen.com.vn\/zh\/wp-json\/wp\/v2\/media\/616"}],"wp:attachment":[{"href":"https:\/\/rongsen.com.vn\/zh\/wp-json\/wp\/v2\/media?parent=614"}],"wp:term":[{"taxonomy":"product_brand","embeddable":true,"href":"https:\/\/rongsen.com.vn\/zh\/wp-json\/wp\/v2\/product_brand?post=614"},{"taxonomy":"product_cat","embeddable":true,"href":"https:\/\/rongsen.com.vn\/zh\/wp-json\/wp\/v2\/product_cat?post=614"},{"taxonomy":"product_tag","embeddable":true,"href":"https:\/\/rongsen.com.vn\/zh\/wp-json\/wp\/v2\/product_tag?post=614"}],"curies":[{"name":"wp","href":"https:\/\/api.w.org\/{rel}","templated":true}]}}