{"id":611,"date":"2024-06-03T05:44:07","date_gmt":"2024-06-03T05:44:07","guid":{"rendered":"https:\/\/rongsen.com.vn\/?post_type=product&#038;p=611"},"modified":"2025-12-08T14:47:06","modified_gmt":"2025-12-08T07:47:06","slug":"may-cat-day-loai-a","status":"publish","type":"product","link":"https:\/\/rongsen.com.vn\/zh\/product\/may-cat-day-loai-a\/","title":{"rendered":"\u7c7b\u578b \u94a2\u4e1d\u94b3"},"content":{"rendered":"<p>M\u00e1y c\u1eaft d\u00e2y t\u1ed1c \u0111\u1ed9 trung lo\u1ea1i A<\/p>\n<p>\u5207\u5272\u901f\u5ea610000-18000\u5e73\u65b9\/\u5c0f\u65f6<\/p>\n<p>T\u1ed1c \u0111\u1ed9 c\u1eaft 10000-18000 m2\/h<\/p>\n<p>TH\u00d4NG S\u1ed0 K\u1ef8 THU\u1eacT M\u00c1Y C\u1eaeT D\u00c2Y LO\u1ea0I A<\/p>\n<table width=\"744\">\n<tbody>\n<tr>\n<td width=\"186\"><strong>\u673a\u5e8a\u578b<\/strong><strong>\u53f7<\/strong><strong>Model m\u00e1y<\/strong><\/td>\n<td width=\"68\"><strong>A-350<\/strong><\/td>\n<td colspan=\"2\" width=\"94\"><strong>A-450<\/strong><\/td>\n<td colspan=\"2\" width=\"96\"><strong>A-450F<\/strong><\/td>\n<td colspan=\"2\" width=\"96\"><strong>A-500<\/strong><\/td>\n<td colspan=\"2\" width=\"126\"><strong>A-500F<\/strong><\/td>\n<td width=\"78\"><strong>A-630<\/strong><\/td>\n<\/tr>\n<tr>\n<td width=\"186\">\u5de5\u4f5c\u53f0\u5c3a\u5bf8<\/p>\n<p>K\u00edch th\u01b0\u1edbc b\u00e0n l\u00e0m vi\u1ec7c (mm)<\/td>\n<td width=\"68\">740&#215;510<\/td>\n<td colspan=\"2\" width=\"94\">840 x 590<\/td>\n<td colspan=\"2\" width=\"96\">920 x 540<\/td>\n<td colspan=\"2\" width=\"96\">1000&#215;650<\/td>\n<td colspan=\"2\" width=\"126\">1150 x 650<\/td>\n<td width=\"78\">1150 x 760<\/td>\n<\/tr>\n<tr>\n<td width=\"186\">\u5de5\u4f5c\u53f0\u884c\u7a0b(mm)<\/p>\n<p>H\u00e0nh tr\u00ecnh b\u00e0n l\u00e0m vi\u1ec7c (mm)<\/td>\n<td width=\"68\">350 x 450<\/td>\n<td colspan=\"2\" width=\"94\">450 x 550<\/td>\n<td colspan=\"2\" width=\"96\">450 x 650<\/td>\n<td colspan=\"2\" width=\"96\">500&#215;630<\/td>\n<td colspan=\"2\" width=\"126\">500&#215;800<\/td>\n<td width=\"78\">630 x 800<\/td>\n<\/tr>\n<tr>\n<td width=\"186\">\u6700\u5927\u52a0\u5de5\u539a\u5ea6(mm)<\/p>\n<p>\u0110\u1ed9 d\u00e0y gia c\u00f4ng t\u1ed1i \u0111a (mm)<\/td>\n<td width=\"68\">500<\/td>\n<td colspan=\"2\" width=\"94\">500<\/td>\n<td colspan=\"2\" width=\"96\">500<\/td>\n<td colspan=\"2\" width=\"96\">600<\/td>\n<td colspan=\"2\" width=\"126\">600<\/td>\n<td width=\"78\">600<\/td>\n<\/tr>\n<tr>\n<td width=\"186\">\u52a0\u5de5\u9525\u5ea6(mm)<\/p>\n<p>\u0110\u1ed9 c\u00f4n gia c\u00f4ng (mm)<\/td>\n<td colspan=\"10\" width=\"558\">\u00b16\u00b0<\/td>\n<\/tr>\n<tr>\n<td width=\"186\">\u6700\u5927\u5207\u5272\u901f\u5ea6(mm\u00b2\/min)<\/p>\n<p>T\u1ed1c \u0111\u1ed9 c\u1eaft t\u1ed1i \u0111a (mm\u00b2\/min)<\/td>\n<td colspan=\"10\" width=\"558\">\u2265100<\/td>\n<\/tr>\n<tr>\n<td width=\"186\">\u6700\u4f73\u52a0\u5de5\u9762\u7c97\u7cd9\u5ea6(\u00b5m) \u0110\u1ed9 nh\u00e1m b\u1ec1 m\u1eb7t gia c\u00f4ng t\u1ed1t nh\u1ea5t (\u00b5m)<\/td>\n<td colspan=\"10\" width=\"558\">\u22642.5<\/td>\n<\/tr>\n<tr>\n<td width=\"186\">\u7535\u6781\u4e1d\u76f4\u5f84(mm)<\/p>\n<p>\u0110\u01b0\u1eddng k\u00ednh d\u00e2y \u0111i\u1ec7n c\u1ef1c (mm)<\/td>\n<td colspan=\"10\" width=\"558\">0.10-0.20<\/td>\n<\/tr>\n<tr>\n<td width=\"186\">\u7535\u6781\u4e1d\u5b9a\u884c\u901f\u5ea6(m\/s)<\/p>\n<p>T\u1ed1c \u0111\u1ed9 di chuy\u1ec3n c\u1ed1 \u0111\u1ecbnh c\u1ee7a d\u00e2y \u0111i\u1ec7n c\u1ef1c (m\/s)<\/td>\n<td colspan=\"10\" width=\"558\">11.5<\/td>\n<\/tr>\n<tr>\n<td width=\"186\">\u52a0\u5de5\u7cbe\u5ea6<\/p>\n<p>\u0110\u1ed9 ch\u00ednh x\u00e1c gia c\u00f4ng<\/td>\n<td colspan=\"10\" width=\"558\">\u6309GB7926-2005\u6807\u51c6<\/p>\n<p>Theo ti\u00eau chu\u1ea9n GB7926-2005<\/td>\n<\/tr>\n<tr>\n<td width=\"186\">\u4f9b\u7535\u7535\u6e90<\/p>\n<p>Ngu\u1ed3n \u0111i\u1ec7n cung c\u1ea5p<\/td>\n<td colspan=\"10\" width=\"558\">50Hz.380V<\/td>\n<\/tr>\n<tr>\n<td width=\"186\">\u6700\u5927\u5de5\u4ef6\u91cd\u91cf(kg)<\/p>\n<p>Tr\u1ecdng l\u01b0\u1ee3ng ph\u00f4i t\u1ed1i \u0111a (kg)<\/td>\n<td colspan=\"2\" width=\"90\">300<\/td>\n<td colspan=\"2\" width=\"90\">450<\/td>\n<td colspan=\"2\" width=\"102\">450<\/td>\n<td colspan=\"2\" width=\"102\">700<\/td>\n<td width=\"96\">700<\/td>\n<td width=\"78\">1000<\/td>\n<\/tr>\n<tr>\n<td width=\"186\">\u4e3b\u673a\u91cd\u91cf(kg)<\/p>\n<p>Tr\u1ecdng l\u01b0\u1ee3ng m\u00e1y ch\u1ee7<\/td>\n<td colspan=\"2\" width=\"90\">1300<\/td>\n<td colspan=\"2\" width=\"90\">1500<\/td>\n<td colspan=\"2\" width=\"102\">1600<\/td>\n<td colspan=\"2\" width=\"102\">2000<\/td>\n<td width=\"96\">2200<\/td>\n<td width=\"78\">2800<\/td>\n<\/tr>\n<tr>\n<td width=\"186\">\u4e3b\u673a\u5916\u5f62\u5c3a\u5bf8(mm)<\/p>\n<p>K\u00edch th\u01b0\u1edbc ngo\u00e0i c\u1ee7a m\u00e1y ch\u1ee7 (mm)<\/td>\n<td colspan=\"2\" width=\"90\">1240 x 1170x 1400<\/td>\n<td colspan=\"2\" width=\"90\">1600 x 1240x 1400<\/td>\n<td colspan=\"2\" width=\"102\">1600 x 1240x 1400<\/td>\n<td colspan=\"2\" width=\"102\">1720 \u00d7 1680x 1700<\/td>\n<td width=\"96\">1720 \u00d7 1680x 1700<\/td>\n<td width=\"78\">2100 x 1940x 1780<\/td>\n<\/tr>\n<tr>\n<td width=\"186\"><\/td>\n<td width=\"68\"><\/td>\n<td width=\"22\"><\/td>\n<td width=\"72\"><\/td>\n<td width=\"18\"><\/td>\n<td width=\"78\"><\/td>\n<td width=\"24\"><\/td>\n<td width=\"72\"><\/td>\n<td width=\"30\"><\/td>\n<td width=\"96\"><\/td>\n<td width=\"78\"><\/td>\n<\/tr>\n<\/tbody>\n<\/table>\n<p>&nbsp;<\/p>\n<p>S\u1ea2N PH\u1ea8M C\u1ee6A M\u00c1Y C\u1eaeT T\u1ed0C \u0110\u1ed8 TRUNG<\/p>\n<p><img loading=\"lazy\" decoding=\"async\" class=\"alignnone size-medium wp-image-613\" src=\"https:\/\/rongsen.com.vn\/wp-content\/uploads\/2024\/06\/c1-1-682x400.png\" alt=\"\" width=\"682\" height=\"400\" srcset=\"https:\/\/rongsen.com.vn\/wp-content\/uploads\/2024\/06\/c1-1-682x400.png 682w, https:\/\/rongsen.com.vn\/wp-content\/uploads\/2024\/06\/c1-1-768x451.png 768w, https:\/\/rongsen.com.vn\/wp-content\/uploads\/2024\/06\/c1-1-600x352.png 600w, https:\/\/rongsen.com.vn\/wp-content\/uploads\/2024\/06\/c1-1.png 944w\" sizes=\"auto, (max-width: 682px) 100vw, 682px\" \/><\/p>","protected":false},"excerpt":{"rendered":"<p>M\u00e1y c\u1eaft d\u00e2y t\u1ed1c \u0111\u1ed9 trung lo\u1ea1i A \u5207\u5272\u901f\u5ea610000-18000\u5e73\u65b9\/\u5c0f\u65f6 T\u1ed1c \u0111\u1ed9 c\u1eaft 10000-18000 m2\/h TH\u00d4NG S\u1ed0 K\u1ef8 THU\u1eacT M\u00c1Y C\u1eaeT D\u00c2Y LO\u1ea0I A \u673a\u5e8a\u578b\u53f7Model m\u00e1y A-350 A-450 A-450F A-500 A-500F A-630 \u5de5\u4f5c\u53f0\u5c3a\u5bf8 K\u00edch th\u01b0\u1edbc b\u00e0n l\u00e0m vi\u1ec7c (mm) 740&#215;510 840 x 590 920 x 540 1000&#215;650 1150 x 650 1150 x 760 \u5de5\u4f5c\u53f0\u884c\u7a0b(mm) H\u00e0nh tr\u00ecnh [&#8230;]","protected":false},"featured_media":612,"comment_status":"open","ping_status":"closed","template":"","meta":[],"product_brand":[],"product_cat":[22],"product_tag":[],"class_list":{"0":"post-611","1":"product","2":"type-product","3":"status-publish","4":"has-post-thumbnail","6":"product_cat-hong-yao","8":"first","9":"instock","10":"shipping-taxable","11":"product-type-simple"},"_links":{"self":[{"href":"https:\/\/rongsen.com.vn\/zh\/wp-json\/wp\/v2\/product\/611","targetHints":{"allow":["GET"]}}],"collection":[{"href":"https:\/\/rongsen.com.vn\/zh\/wp-json\/wp\/v2\/product"}],"about":[{"href":"https:\/\/rongsen.com.vn\/zh\/wp-json\/wp\/v2\/types\/product"}],"replies":[{"embeddable":true,"href":"https:\/\/rongsen.com.vn\/zh\/wp-json\/wp\/v2\/comments?post=611"}],"wp:featuredmedia":[{"embeddable":true,"href":"https:\/\/rongsen.com.vn\/zh\/wp-json\/wp\/v2\/media\/612"}],"wp:attachment":[{"href":"https:\/\/rongsen.com.vn\/zh\/wp-json\/wp\/v2\/media?parent=611"}],"wp:term":[{"taxonomy":"product_brand","embeddable":true,"href":"https:\/\/rongsen.com.vn\/zh\/wp-json\/wp\/v2\/product_brand?post=611"},{"taxonomy":"product_cat","embeddable":true,"href":"https:\/\/rongsen.com.vn\/zh\/wp-json\/wp\/v2\/product_cat?post=611"},{"taxonomy":"product_tag","embeddable":true,"href":"https:\/\/rongsen.com.vn\/zh\/wp-json\/wp\/v2\/product_tag?post=611"}],"curies":[{"name":"wp","href":"https:\/\/api.w.org\/{rel}","templated":true}]}}