{"id":609,"date":"2024-06-03T05:42:10","date_gmt":"2024-06-03T05:42:10","guid":{"rendered":"https:\/\/rongsen.com.vn\/?post_type=product&#038;p=609"},"modified":"2025-12-04T07:40:43","modified_gmt":"2025-12-04T00:40:43","slug":"may-tien-c6132-c6232-c6136-c6236-c6140-c6240","status":"publish","type":"product","link":"https:\/\/rongsen.com.vn\/zh\/product\/may-tien-c6132-c6232-c6136-c6236-c6140-c6240\/","title":{"rendered":"\u8f66\u5e8aC6132-C6232-C6136-C6236-C6140-C6240"},"content":{"rendered":"<p>\u8f66\u5e8aC6132-C6232-C6136-C6236-C6140-C6240<\/p>\n<p>TH\u00d4NG S\u1ed0 K\u1ef8 THU\u1eacT M\u00c1Y TI\u1ec6N<\/p>\n<table width=\"750\">\n<tbody>\n<tr>\n<td colspan=\"2\" width=\"294\"><strong>Model<\/strong><\/td>\n<td width=\"180\"><strong>C6132<br \/>\nC6232<\/strong><\/td>\n<td width=\"126\"><strong>C6136<br \/>\nC6236<\/strong><\/td>\n<td width=\"150\"><strong>C6140<br \/>\nC6240<\/strong><\/td>\n<\/tr>\n<tr>\n<td width=\"204\">Ti\u1ec7n v\u01b0\u1ee3t b\u0103ng m\u00e1y<\/td>\n<td width=\"90\">mm<\/td>\n<td width=\"180\">\u03a6360(14&#8243;)<\/td>\n<td width=\"126\">\u03a6360(14&#8243;)<\/td>\n<td width=\"150\">\u03a6410(16&#8243;)<\/td>\n<\/tr>\n<tr>\n<td width=\"204\">Ti\u1ec7n qua b\u00e0n xe dao<\/td>\n<td width=\"90\">mm<\/td>\n<td width=\"180\">\u03a6195(7.6&#8243;)<\/td>\n<td width=\"126\">\u03a6195(7.6&#8243;)<\/td>\n<td width=\"150\">\u03a6255(10&#8243;)<\/td>\n<\/tr>\n<tr>\n<td width=\"204\">Ti\u1ec7n qua khe h\u1edf<\/td>\n<td width=\"90\">mm<\/td>\n<td width=\"180\">\u03a6530(20.8&#8243;)<\/td>\n<td width=\"126\">\u03a6530(20.8&#8243;)<\/td>\n<td width=\"150\">\u03a6570(22.4&#8243;)<\/td>\n<\/tr>\n<tr>\n<td width=\"204\">Chi\u1ec1u d\u00e0i v\u1eadt gia c\u00f4ng<\/td>\n<td width=\"90\">mm<\/td>\n<td colspan=\"2\" width=\"306\">500;750;1000(20&#8243;;30&#8243;;40&#8243;)<\/td>\n<td width=\"150\">750;1000;1500(30&#8243;;40&#8243;;60&#8243;)<\/td>\n<\/tr>\n<tr>\n<td width=\"204\">N\u00f2ng tr\u1ee5c ch\u00ednh<\/td>\n<td width=\"90\">mm<\/td>\n<td colspan=\"2\" width=\"306\">\u03a640(1.57&#8243;) or \u03a652(2&#8243;)<\/td>\n<td width=\"150\">\u03a652(2&#8243;)<\/td>\n<\/tr>\n<tr>\n<td width=\"204\">\u0110\u1ed9 c\u00f4n n\u00f2ng tr\u1ee5c ch\u00ednh<\/td>\n<td width=\"90\"><\/td>\n<td colspan=\"2\" width=\"306\">M.T.No.5 or M.T.No.6<\/td>\n<td width=\"150\">M.T.No.6<\/td>\n<\/tr>\n<tr>\n<td width=\"204\">S\u1ed1 c\u1ea5p t\u1ed1c \u0111\u1ed9<\/td>\n<td width=\"90\"><\/td>\n<td colspan=\"3\" width=\"456\">12<\/td>\n<\/tr>\n<tr>\n<td width=\"204\">T\u1ed1c \u0111\u1ed9 tr\u1ee5c ch\u00ednh<\/td>\n<td width=\"90\">rpm<\/td>\n<td colspan=\"2\" width=\"306\">42\uff5e1800<\/td>\n<td width=\"150\">40\uff5e1800;28\uff5e1600<\/td>\n<\/tr>\n<tr>\n<td width=\"204\">\u0102n dao theo h\u1ec7 m\u00e9t<\/td>\n<td width=\"90\">Range\/No.<\/td>\n<td colspan=\"3\" width=\"456\">0.75\uff5e9mm\/17<\/td>\n<\/tr>\n<tr>\n<td width=\"204\">\u0102n dao theo h\u1ec7 Inch<\/td>\n<td width=\"90\">Range\/No.<\/td>\n<td colspan=\"3\" width=\"456\">2-32t.p.i\/29<\/td>\n<\/tr>\n<tr>\n<td width=\"204\">\u0102n dao theo h\u1ec7 module<\/td>\n<td width=\"90\">Range\/No.<\/td>\n<td colspan=\"3\" width=\"456\">0.5-4.5mm\/13<\/td>\n<\/tr>\n<tr>\n<td width=\"204\">\u0102n dao theo chi\u1ec1u d\u1ecdc<\/td>\n<td width=\"90\">mm<\/td>\n<td colspan=\"3\" width=\"456\">0.07-1.67(0.00275&#8243;-0.0657&#8243;)<\/td>\n<\/tr>\n<tr>\n<td width=\"204\">\u0102n dao theo chi\u1ec1u ngang<\/td>\n<td width=\"90\">mm<\/td>\n<td colspan=\"3\" width=\"456\">0.04-0.98(0.00157&#8243;-0.0386&#8243;)<\/td>\n<\/tr>\n<tr>\n<td width=\"204\">\u0110\u01b0\u1eddng k\u00ednh \u00e1o c\u00f4n \u1ee5 \u0111\u1ed9ng<\/td>\n<td width=\"90\">mm<\/td>\n<td colspan=\"3\" width=\"456\">\u03a660(2.36&#8243;)<\/td>\n<\/tr>\n<tr>\n<td width=\"204\">\u0110\u01b0\u1eddng k\u00ednh n\u00f2ng \u1ee5 \u0111\u1ed9ng<\/td>\n<td width=\"90\">mm<\/td>\n<td colspan=\"3\" width=\"456\">M.T.No.4<\/td>\n<\/tr>\n<tr>\n<td width=\"204\">H\u00e0nh tr\u00ecnh b\u00e0n dao ch\u1eef th\u1eadp<\/td>\n<td width=\"90\">mm<\/td>\n<td colspan=\"3\" width=\"456\">120(4.7&#8243;)<\/td>\n<\/tr>\n<tr>\n<td width=\"204\">C\u00f4ng su\u1ea5t \u0111\u1ed9ng c\u01a1<\/td>\n<td width=\"90\">kw<\/td>\n<td colspan=\"2\" width=\"306\">3\/4<\/td>\n<td width=\"150\">4\/5.5<\/td>\n<\/tr>\n<tr>\n<td width=\"204\">K\u00edch th\u01b0\u1edbc<\/td>\n<td width=\"90\">mm<\/td>\n<td colspan=\"3\" width=\"456\">1800.2050.2300\u00d71100\u00d71200<br \/>\n70&#8243;.80&#8243;.90&#8243;\u00d743&#8243;\u00d747&#8243;<\/td>\n<\/tr>\n<tr>\n<td width=\"204\">Tr\u1ecdng l\u01b0\u1ee3ng<\/td>\n<td width=\"90\">kg<\/td>\n<td colspan=\"2\" width=\"306\">1600;1680;1840<br \/>\n*1680;1760;1920<\/td>\n<td width=\"150\">1650;1730;1890<br \/>\n*1730,1810,1970<\/td>\n<\/tr>\n<\/tbody>\n<\/table>\n<p>&nbsp;<\/p>","protected":false},"excerpt":{"rendered":"<p>M\u00e1y ti\u1ec7n C6132-C6232-C6136-C6236-C6140-C6240 TH\u00d4NG S\u1ed0 K\u1ef8 THU\u1eacT M\u00c1Y TI\u1ec6N Model C6132 C6232 C6136 C6236 C6140 C6240 Ti\u1ec7n v\u01b0\u1ee3t b\u0103ng m\u00e1y mm \u03a6360(14&#8243;) \u03a6360(14&#8243;) \u03a6410(16&#8243;) Ti\u1ec7n qua b\u00e0n xe dao mm \u03a6195(7.6&#8243;) \u03a6195(7.6&#8243;) \u03a6255(10&#8243;) Ti\u1ec7n qua khe h\u1edf mm \u03a6530(20.8&#8243;) \u03a6530(20.8&#8243;) \u03a6570(22.4&#8243;) Chi\u1ec1u d\u00e0i v\u1eadt gia c\u00f4ng mm 500;750;1000(20&#8243;;30&#8243;;40&#8243;) 750;1000;1500(30&#8243;;40&#8243;;60&#8243;) N\u00f2ng tr\u1ee5c ch\u00ednh mm \u03a640(1.57&#8243;) or [&#8230;]","protected":false},"featured_media":610,"comment_status":"open","ping_status":"closed","template":"","meta":[],"product_brand":[],"product_cat":[35],"product_tag":[],"class_list":{"0":"post-609","1":"product","2":"type-product","3":"status-publish","4":"has-post-thumbnail","6":"product_cat-ming-hong","8":"first","9":"instock","10":"shipping-taxable","11":"product-type-simple"},"_links":{"self":[{"href":"https:\/\/rongsen.com.vn\/zh\/wp-json\/wp\/v2\/product\/609","targetHints":{"allow":["GET"]}}],"collection":[{"href":"https:\/\/rongsen.com.vn\/zh\/wp-json\/wp\/v2\/product"}],"about":[{"href":"https:\/\/rongsen.com.vn\/zh\/wp-json\/wp\/v2\/types\/product"}],"replies":[{"embeddable":true,"href":"https:\/\/rongsen.com.vn\/zh\/wp-json\/wp\/v2\/comments?post=609"}],"wp:featuredmedia":[{"embeddable":true,"href":"https:\/\/rongsen.com.vn\/zh\/wp-json\/wp\/v2\/media\/610"}],"wp:attachment":[{"href":"https:\/\/rongsen.com.vn\/zh\/wp-json\/wp\/v2\/media?parent=609"}],"wp:term":[{"taxonomy":"product_brand","embeddable":true,"href":"https:\/\/rongsen.com.vn\/zh\/wp-json\/wp\/v2\/product_brand?post=609"},{"taxonomy":"product_cat","embeddable":true,"href":"https:\/\/rongsen.com.vn\/zh\/wp-json\/wp\/v2\/product_cat?post=609"},{"taxonomy":"product_tag","embeddable":true,"href":"https:\/\/rongsen.com.vn\/zh\/wp-json\/wp\/v2\/product_tag?post=609"}],"curies":[{"name":"wp","href":"https:\/\/api.w.org\/{rel}","templated":true}]}}