{"id":607,"date":"2024-06-03T05:40:56","date_gmt":"2024-06-03T05:40:56","guid":{"rendered":"https:\/\/rongsen.com.vn\/?post_type=product&#038;p=607"},"modified":"2025-12-08T14:48:25","modified_gmt":"2025-12-08T07:48:25","slug":"may-phay-chop-mh-3s-4s-5s","status":"publish","type":"product","link":"https:\/\/rongsen.com.vn\/zh\/product\/may-phay-chop-mh-3s-4s-5s\/","title":{"rendered":"\u94e3\u5c16\u673aMH-3S 4S 5S"},"content":{"rendered":"<p><strong>Milling Machine<\/strong><strong> Series\u00a0\u00a0\u00a0\u00a0 Number:\u00a0MH-3S\u00a0 4S\u00a0 5S\u00a0\u00a0 <\/strong><\/p>\n<table width=\"774\">\n<tbody>\n<tr>\n<td colspan=\"5\" width=\"774\"><strong>\u4e3b\u8981\u6280\u672f\u53c2\u6570<\/strong><strong>Technical\u00a0Parameters TH\u00d4NG S\u00d4 K<\/strong><strong>\u1ef8 THU\u1eacT<\/strong><\/td>\n<\/tr>\n<tr>\n<td width=\"360\"><strong>\u578b\u53f7<\/strong><strong>Modle<\/strong><\/td>\n<td width=\"72\"><strong>\u5355<\/strong><strong>\u4f4d<\/strong><strong>Unit<\/strong><\/td>\n<td width=\"102\"><strong>MH-3S\/3E<\/strong><\/td>\n<td width=\"126\"><strong>MH-4S\/4E<\/strong><\/td>\n<td width=\"114\"><strong>MH-5S\/5E<\/strong><\/td>\n<\/tr>\n<tr>\n<td width=\"360\">\u5de6\u53f3\u884c\u7a0b\uff08X\u8f74\uff09\u00a0\u00a0\u00a0 Longitude(X)<\/td>\n<td width=\"72\">mm<\/td>\n<td width=\"102\">890<\/td>\n<td width=\"126\">900<\/td>\n<td width=\"114\">910<\/td>\n<\/tr>\n<tr>\n<td width=\"360\">\u524d\u540e\u884c\u7a0b\uff08Y\u8f74\uff09\u00a0\u00a0\u00a0 Crossward(Y)<\/td>\n<td width=\"72\">mm<\/td>\n<td width=\"102\">395<\/td>\n<td width=\"126\">395<\/td>\n<td width=\"114\">420<\/td>\n<\/tr>\n<tr>\n<td width=\"360\">\u4e0a\u4e0b\u884c\u7a0b\uff08Z\u8f74\uff09\u00a0\u00a0\u00a0 Vertical(Z)<\/td>\n<td width=\"72\">mm<\/td>\n<td width=\"102\">400<\/td>\n<td width=\"126\">390<\/td>\n<td width=\"114\">420<\/td>\n<\/tr>\n<tr>\n<td width=\"360\">\u4e3b\u8f74\u884c\u7a0b\u00a0Spindle travel<\/td>\n<td width=\"72\">mm<\/td>\n<td width=\"102\">127<\/td>\n<td width=\"126\">127<\/td>\n<td width=\"114\">127<\/td>\n<\/tr>\n<tr>\n<td width=\"360\">\u4f38\u7f29\u81c2\u884c\u7a0b\u00a0Telescopic boom travel<\/td>\n<td width=\"72\">mm<\/td>\n<td width=\"102\">460<\/td>\n<td width=\"126\">460<\/td>\n<td width=\"114\">460<\/td>\n<\/tr>\n<tr>\n<td width=\"360\">\u5de5\u4f5c\u53f0\u5c3a\u5bf8\u00a0\u00a0 worktable size(LxW)<\/td>\n<td width=\"72\">mm<\/td>\n<td width=\"102\">1270\u00d7254<\/td>\n<td width=\"126\">1270\u00d7254<\/td>\n<td width=\"114\">1370\u00d7305<\/td>\n<\/tr>\n<tr>\n<td width=\"360\">\u4e3b\u8f74\u8f6c\u901f\u00a0\u00a0 Spindle speed<\/td>\n<td width=\"72\">rpm<\/td>\n<td width=\"102\">80~5440<\/td>\n<td width=\"126\">80~5440<\/td>\n<td width=\"114\">80~5440<\/td>\n<\/tr>\n<tr>\n<td width=\"360\">\u4e3b\u8f74\u9a6c\u8fbe\u529f\u7387 Spindle motor power<\/td>\n<td width=\"72\">HP<\/td>\n<td width=\"102\">3<\/td>\n<td width=\"126\">3<\/td>\n<td width=\"114\">3<\/td>\n<\/tr>\n<tr>\n<td width=\"360\">\u4e3b\u8f74\u9525\u5b54\u00a0 Spindle taper hole<\/td>\n<td width=\"72\">&nbsp;<\/td>\n<td width=\"102\">R8\uff08NT-30\uff09<\/td>\n<td width=\"126\">R8\uff08NT-30\uff09<\/td>\n<td width=\"114\">NT40<\/td>\n<\/tr>\n<tr>\n<td width=\"360\">\u4e3b\u8f74\u7aef\u9762\u81f3\u5de5\u4f5c\u53f0\u9762\u8ddd\u79bbDistance from spindle nose to table surface<\/td>\n<td width=\"72\">mm<\/td>\n<td width=\"102\">405<\/td>\n<td width=\"126\">400<\/td>\n<td width=\"114\">545<\/td>\n<\/tr>\n<tr>\n<td width=\"360\">\u524d\u540e\u65b9\u5411\u65cb\u8f6c\u89d2\u5ea6\u00a0Forward and backward direction<\/td>\n<td width=\"72\">\u00b0<\/td>\n<td width=\"102\">\u00b145\u00b0<\/td>\n<td width=\"126\">\u00b145\u00b0<\/td>\n<td width=\"114\">\u00b145\u00b0<\/td>\n<\/tr>\n<tr>\n<td width=\"360\">\u5de6\u53f3\u65b9\u5411\u65cb\u8f6c\u89d2\u5ea6\u00a0Left and right direction<\/td>\n<td width=\"72\">\u00b0<\/td>\n<td width=\"102\">\u00b190\u00b0<\/td>\n<td width=\"126\">\u00b190\u00b0<\/td>\n<td width=\"114\">\u00b190\u00b0<\/td>\n<\/tr>\n<tr>\n<td width=\"360\">\u673a\u5e8a\u5916\u5f62Machine dimension\uff08L\u00d7W\u00d7H)<\/td>\n<td width=\"72\">mm<\/td>\n<td width=\"102\">1500\u00d71700\u00d72100<\/td>\n<td width=\"126\">1500\u00d71700\u00d721001<\/td>\n<td width=\"114\">1600\u00d72000\u00d72370<\/td>\n<\/tr>\n<tr>\n<td width=\"360\">\u673a\u5e8a\u91cd\u91cf\u00a0 Machine weight<\/td>\n<td width=\"72\">Kg<\/td>\n<td width=\"102\">1280<\/td>\n<td width=\"126\">1400<\/td>\n<td width=\"114\">1900<\/td>\n<\/tr>\n<\/tbody>\n<\/table>\n<p><strong>\u00a0<\/strong><\/p>","protected":false},"excerpt":{"rendered":"<p>Milling Machine Series\u00a0\u00a0\u00a0\u00a0 Number:\u00a0MH-3S\u00a0 4S\u00a0 5S\u00a0\u00a0 \u4e3b\u8981\u6280\u672f\u53c2\u6570Technical\u00a0Parameters TH\u00d4NG S\u00d4 K\u1ef8 THU\u1eacT \u578b\u53f7Modle \u5355\u4f4dUnit MH-3S\/3E MH-4S\/4E MH-5S\/5E \u5de6\u53f3\u884c\u7a0b\uff08X\u8f74\uff09\u00a0\u00a0\u00a0 Longitude(X) mm 890 900 910 \u524d\u540e\u884c\u7a0b\uff08Y\u8f74\uff09\u00a0\u00a0\u00a0 Crossward(Y) mm 395 395 420 \u4e0a\u4e0b\u884c\u7a0b\uff08Z\u8f74\uff09\u00a0\u00a0\u00a0 Vertical(Z) mm 400 390 420 \u4e3b\u8f74\u884c\u7a0b\u00a0Spindle travel mm 127 127 127 \u4f38\u7f29\u81c2\u884c\u7a0b\u00a0Telescopic boom travel mm 460 460 460 \u5de5\u4f5c\u53f0\u5c3a\u5bf8\u00a0\u00a0 worktable size(LxW) mm 1270\u00d7254 1270\u00d7254 1370\u00d7305 \u4e3b\u8f74\u8f6c\u901f\u00a0\u00a0 [&#8230;]","protected":false},"featured_media":608,"comment_status":"open","ping_status":"closed","template":"","meta":[],"product_brand":[],"product_cat":[35],"product_tag":[],"class_list":{"0":"post-607","1":"product","2":"type-product","3":"status-publish","4":"has-post-thumbnail","6":"product_cat-ming-hong","8":"first","9":"instock","10":"shipping-taxable","11":"product-type-simple"},"_links":{"self":[{"href":"https:\/\/rongsen.com.vn\/zh\/wp-json\/wp\/v2\/product\/607","targetHints":{"allow":["GET"]}}],"collection":[{"href":"https:\/\/rongsen.com.vn\/zh\/wp-json\/wp\/v2\/product"}],"about":[{"href":"https:\/\/rongsen.com.vn\/zh\/wp-json\/wp\/v2\/types\/product"}],"replies":[{"embeddable":true,"href":"https:\/\/rongsen.com.vn\/zh\/wp-json\/wp\/v2\/comments?post=607"}],"wp:featuredmedia":[{"embeddable":true,"href":"https:\/\/rongsen.com.vn\/zh\/wp-json\/wp\/v2\/media\/608"}],"wp:attachment":[{"href":"https:\/\/rongsen.com.vn\/zh\/wp-json\/wp\/v2\/media?parent=607"}],"wp:term":[{"taxonomy":"product_brand","embeddable":true,"href":"https:\/\/rongsen.com.vn\/zh\/wp-json\/wp\/v2\/product_brand?post=607"},{"taxonomy":"product_cat","embeddable":true,"href":"https:\/\/rongsen.com.vn\/zh\/wp-json\/wp\/v2\/product_cat?post=607"},{"taxonomy":"product_tag","embeddable":true,"href":"https:\/\/rongsen.com.vn\/zh\/wp-json\/wp\/v2\/product_tag?post=607"}],"curies":[{"name":"wp","href":"https:\/\/api.w.org\/{rel}","templated":true}]}}