{"id":578,"date":"2024-05-29T08:15:59","date_gmt":"2024-05-29T08:15:59","guid":{"rendered":"https:\/\/rongsen.com.vn\/?post_type=product&#038;p=578"},"modified":"2025-12-07T11:28:36","modified_gmt":"2025-12-07T04:28:36","slug":"may-edm-cnc-mh40-mh45","status":"publish","type":"product","link":"https:\/\/rongsen.com.vn\/zh\/product\/may-edm-cnc-mh40-mh45\/","title":{"rendered":"\u6570\u63a7\u7535\u706b\u82b1\u673aMH40\u3001MH45"},"content":{"rendered":"<p><strong>M\u00e1y EDM <\/strong><strong>CNC ( Xung g\u01b0\u01a1ng) MH40.MH45<\/strong><\/p>\n<p>MH\u7cfb\u5217\u673a\u5e8a\u91c7\u7528\u5168\u65b0\u7684\u8bbe\u8ba1\u8bed\u8a00,\u673a\u5e8a\u7684\u7ed3\u6784\u5728\u4f20\u7edf\u53f0\u6e7e\u673a\u7cfb\u5217\u673a\u5e8a\u7684\u57fa\u7840\u4e0a\u8fdb \u884c\u4e86\u5927\u5e45\u5ea6\u7684\u4f18\u5316,\u63d0\u9ad8\u4e86\u673a\u5e8a\u94f8\u4ef6\u7684\u521a\u6027,\u589e\u52a0\u4e86\u7cbe\u5ea6\u7684\u7a33\u5b9a\u6027,\u53e6\u5916,\u673a\u5e8a\u7684 \u5916\u89c2\u53ca\u64cd\u4f5c\u9762\u677f\u9080\u8bf7\u4e13\u4e1a\u5de5\u4e1a\u8bbe\u8ba1\u4eba\u5458\u8fdb\u884c\u4e86\u5168\u65b0\u7684\u8bbe\u8ba1,\u64cd\u4f5c\u9762\u677f\u66f4\u7b26\u5408\u4eba\u4f53\u5de5\u7a0b\u5b66,\u6574\u4f53\u5916\u89c2\u66f4\u52a0\u65b0\u9896\u3002<\/p>\n<p>M\u00e1y CNC d\u00f2ng MH s\u1eed d\u1ee5ng ng\u00f4n ng\u1eef thi\u1ebft k\u1ebf ho\u00e0n to\u00e0n m\u1edbi, k\u1ebft c\u1ea5u m\u00e1y \u0111\u01b0\u1ee3c t\u1ed1i \u01b0u h\u00f3a r\u1ea5t nhi\u1ec1u d\u1ef1a tr\u00ean c\u01a1 s\u1edf c\u1ee7a m\u00e1y CNC \u0110\u00e0i Loan truy\u1ec1n th\u1ed1ng, n\u00e2ng cao \u0111\u1ed9 c\u1ee9ng c\u1ee7a ph\u00f4i \u0111\u00fac, t\u0103ng \u0111\u1ed9 \u1ed5n \u0111\u1ecbnh, \u0111\u1ed9 ch\u00ednh x\u00e1c. Ngo\u00e0i ra, ngo\u1ea1i quan v\u00e0 b\u1ea3ng \u0111i\u1ec1u khi\u1ec3n c\u1ee7a m\u00e1y \u0111\u00e3 \u0111\u01b0\u1ee3c thi\u1ebft k\u1ebf ho\u00e0n to\u00e0n m\u1edbi b\u1edfi c\u00e1c nh\u00e2n vi\u00ean thi\u1ebft k\u1ebf c\u00f4ng nghi\u1ec7p chuy\u00ean nghi\u1ec7p, \u0111\u1ec3 b\u1ea3ng \u0111i\u1ec1u khi\u1ec3n ti\u1ec7n d\u1ee5ng h\u01a1n v\u00e0 h\u00ecnh th\u1ee9c t\u1ed5ng th\u1ec3 m\u1edbi l\u1ea1 h\u01a1n<\/p>\n<p><strong>MH<\/strong><strong>\u6280\u672f\u53c2\u6570<\/strong><strong>\/MH technical parameters<\/strong><strong>\/ Th\u00f4ng s\u1ed1 k\u1ef9 thu\u1eadt c\u1ee7a d\u00f2ng m\u00e1y MH<\/strong><\/p>\n<p><strong>\u00a0<\/strong><\/p>\n<table width=\"751\">\n<tbody>\n<tr>\n<td width=\"379\"><strong>\u9879<\/strong><strong>\u76ee<\/strong><\/p>\n<p><strong>H<\/strong><strong>\u1ea1<\/strong><strong>ng<\/strong><strong> m\u1ee5c<\/strong><\/td>\n<td width=\"78\"><strong>\u5355<\/strong><strong>\u4f4d<\/strong><\/p>\n<p><strong>\u0110<\/strong><strong>VT<\/strong><\/td>\n<td colspan=\"3\" width=\"150\"><strong>MH40<\/strong><\/td>\n<td width=\"144\"><strong>MH45<\/strong><\/td>\n<\/tr>\n<tr>\n<td width=\"379\">\u5de5\u4f5c\u53f0\u5c3a\u5bf8(\u957f\u00d7\u5bbd)<\/p>\n<p>K\u00edch th\u01b0\u1edbc b\u00e0n l\u00e0m vi\u1ec7c ( d\u00e0i * r\u1ed9ng)<\/td>\n<td width=\"78\">mm<\/td>\n<td colspan=\"3\" width=\"150\">700\u00d7400<\/td>\n<td width=\"144\">700\u00d7400<\/td>\n<\/tr>\n<tr>\n<td width=\"379\">\u52a0\u5de5\u6db2\u69fd\u5185\u90e8\u5c3a\u5bf8(\u957f\u00d7\u5bbd\u00d7\u9ad8)<\/p>\n<p>K\u00edch th\u01b0\u1edbc b\u00ean trong c\u1ee7a th\u00f9ng ch\u1ee9a d\u1ea7u \u00a0(d\u00e0i \u00d7 r\u1ed9ng \u00d7 cao)<\/td>\n<td width=\"78\">mm<\/td>\n<td colspan=\"3\" width=\"150\">1000\u00d7600\u00d7400<\/td>\n<td width=\"144\">1050\u00d7660\u00d7450<\/td>\n<\/tr>\n<tr>\n<td width=\"379\">X\u3001Y\u3001Z\u8f74\u884c\u7a0b H\u00e0nh tr\u00ecnh tr\u1ee5c X,Y,X<\/td>\n<td width=\"78\">mm<\/td>\n<td colspan=\"3\" width=\"150\">400\u00d7300\u00d7300<\/td>\n<td width=\"144\">450\u00d7350\u00d7300<\/td>\n<\/tr>\n<tr>\n<td width=\"379\">\u6700\u5927\u7535\u6781\u91cd\u91cf Tr\u1ecdng l\u01b0\u1ee3ng \u0111i\u1ec7n c\u1ef1c t\u1ed1i \u0111a<\/td>\n<td width=\"78\">kg<\/td>\n<td colspan=\"3\" width=\"150\">50<\/td>\n<td width=\"144\">50<\/td>\n<\/tr>\n<tr>\n<td width=\"379\">\u6700\u5927\u5de5\u4ef6\u91cd\u91cfTr\u1ecdng l\u01b0\u1ee3ng ph\u00f4i t\u1ed1i \u0111a<\/td>\n<td width=\"78\">kg<\/td>\n<td colspan=\"3\" width=\"150\">700<\/td>\n<td width=\"144\">700<\/td>\n<\/tr>\n<tr>\n<td width=\"379\">\u5de5\u4f5c\u53f0\u9762\u5230\u7535\u6781\u677f\u7684\u6700\u5927\u6700\u5c0f\u8ddd\u79bb<\/p>\n<p>Kho\u00e0ng c\u00e1ch t\u1ed1i thi\u1ec3u t\u1ed1i \u0111a t\u1eeb m\u1eb7t b\u00e0n l\u00e0m vi\u1ec7c \u0111\u1ebfn t\u1ea5m \u0111i\u1ec7n c\u1ef1c<\/td>\n<td width=\"78\">mm<\/td>\n<td colspan=\"3\" width=\"150\">300-660<\/td>\n<td width=\"144\">300-660<\/td>\n<\/tr>\n<tr>\n<td width=\"379\">\u5b9a\u4f4d\u7cbe\u5ea6(JB\u6807\u51c6)<\/p>\n<p>\u0110\u1ed9 ch\u00ednh x\u00e1c \u0111\u1ecbnh v\u1ecb ( ti\u00eau chu\u1ea9n JB)<\/td>\n<td width=\"78\"><\/td>\n<td colspan=\"3\" width=\"150\">5\u00b5m\/\u4efb\u610f 300mm<\/td>\n<td width=\"144\"><\/td>\n<\/tr>\n<tr>\n<td width=\"379\">\u91cd\u590d\u5b9a\u4f4d\u7cbe\u5ea6(JB\u6807\u51c6)<\/p>\n<p>\u0110\u1ed9 ch\u00ednh x\u00e1c \u0111\u1ecbnh v\u1ecb l\u1eb7p l\u1ea1i ( ti\u00eau chu\u1ea9n JB)<\/td>\n<td width=\"78\"><\/td>\n<td colspan=\"3\" width=\"150\">2\u00b5m<\/td>\n<td width=\"144\">2\u00b5m<\/td>\n<\/tr>\n<tr>\n<td width=\"379\">\u5916\u5f62\u578b\u5c3a\u5bf8(\u957f\u00d7\u5bbd\u00d7\u9ad8)<\/p>\n<p>K\u00edch th\u01b0\u1edbc ngo\u00e0i ( D\u00e0i * r\u1ed9ng * cao)<\/td>\n<td width=\"78\">mm<\/td>\n<td colspan=\"3\" width=\"150\">2300\u00d72700\u00d72300<\/td>\n<td width=\"144\">2400\u00d72700\u00d72400<\/td>\n<\/tr>\n<tr>\n<td width=\"379\">\u673a\u5e8a\u91cd\u91cf(\u4e0d\u542b\u6570\u63a7\u7535\u6e90)<\/p>\n<p>Tr\u1ecdng l\u01b0\u1ee3ng m\u00e1y ( kh\u00f4ng bao g\u1ed3m ngu\u1ed3n\u00a0 cnc)<\/td>\n<td width=\"78\">kg<\/td>\n<td colspan=\"3\" width=\"150\">3500<\/td>\n<td width=\"144\">3600<\/td>\n<\/tr>\n<tr>\n<td width=\"379\">\u52a0\u5de5\u6db2\u8fc7\u6ee4\u65b9\u5f0f Ph\u01b0\u01a1ng th\u1ee9c l\u1ecdc dung d\u1ecbch gia c\u00f4ng<\/td>\n<td colspan=\"5\" width=\"372\">\u4ea4\u6362\u5f0f\u7eb8\u82af\u8fc7\u6ee4\u5668<\/p>\n<p>B\u1ed9 l\u1ecdc l\u00f5i gi\u1ea5y c\u00f3 th\u1ec3 thay m\u1edbi<\/td>\n<\/tr>\n<tr>\n<td width=\"379\">\u6570\u63a7\u8109\u51b2\u7535\u6e90\u4f4d\u7f6e V\u1ecb tr\u00ed ngu\u1ed3n xung cnc<\/td>\n<td colspan=\"2\" width=\"98\"><\/td>\n<td width=\"40\">A50<\/td>\n<td colspan=\"2\" width=\"235\">A50<\/td>\n<\/tr>\n<tr>\n<td width=\"379\">\u6700\u5927\u52a0\u5de5\u7535\u6d41D\u00f2ng \u0111i\u1ec7n gia c\u00f4ng t\u1ed1i \u0111a<\/td>\n<td colspan=\"2\" width=\"98\">A<\/td>\n<td width=\"40\">50<\/td>\n<td colspan=\"2\" width=\"235\">50<\/td>\n<\/tr>\n<tr>\n<td width=\"379\">\u603b\u8f93\u5165\u529f\u7387 T\u1ed5ng c\u00f4ng su\u1ea5t \u0111\u1ea7u v\u00e0o<\/td>\n<td colspan=\"2\" width=\"98\">kva<\/td>\n<td width=\"40\">9<\/td>\n<td colspan=\"2\" width=\"235\">9<\/td>\n<\/tr>\n<tr>\n<td width=\"379\">\u8f93\u5165\u7535\u6e90 Ngu\u1ed3n \u0111i\u1ec7n v\u00e0o<\/td>\n<td colspan=\"2\" width=\"98\">raum<\/td>\n<td colspan=\"3\" width=\"274\">380V(\u56fd\u5185-china)<\/p>\n<p>380V( Trung Qu\u1ed1c)<\/td>\n<\/tr>\n<tr>\n<td width=\"379\">\u6700\u4f73\u8868\u9762\u7c97\u7cd9\u5ea6\u0110\u1ed9 nh\u00e1m b\u1ec1 m\u1eb7t t\u1ed1t nh\u1ea5t<\/td>\n<td colspan=\"2\" width=\"98\">mm\/min<\/td>\n<td colspan=\"3\" width=\"274\">\u5c0f\u4e8era0.1\u00b5m<\/p>\n<p>Nh\u1ecf h\u01a1n ra0.1\u00b5m<\/td>\n<\/tr>\n<tr>\n<td width=\"379\">\u6700\u5c0f\u7535\u6781\u635f\u8017 Ti\u00eau hao \u0111i\u1ec7n c\u1ef1c t\u1ed1i thi\u1ec3u<\/td>\n<td colspan=\"5\" width=\"372\">0.1%<\/td>\n<\/tr>\n<tr>\n<td width=\"379\">\u6700\u9ad8\u751f\u4ea7\u7387 N\u0103ng su\u1ea5t cao nh\u1ea5t<\/td>\n<td colspan=\"5\" width=\"372\">\u94dc\u6253\u94a2500mm\u00b3\/min \u77f3\u58a8\u6253\u94a21030mm\u00b3\/min<\/p>\n<p>\u0110\u1ed3ng \u0111\u00e1nh th\u00e9p: 500 mm\u00b3\/ph\u00fat, Than ch\u00ec,\u00a0 Th\u00e9p 1030mm\u00b3\/ph\u00fat<\/td>\n<\/tr>\n<tr>\n<td width=\"379\">\u6807\u51c6\u5de5\u827a C\u00f4ng ngh\u1ec7 ti\u00eau chu\u1ea9n<\/td>\n<td colspan=\"5\" width=\"372\">\u94dc\/\u94a2\u3001\u5fae\u7ec6\u94dc\/\u94a2\u3001\u77f3\u58a8\/\u94a2\u3001\u94dc\u94a8\u94a2\u3001\u5fae\u7ec6\u94dc\u94a8\/\u94a2\u3001\u94dc\/\u94a2\u3001 \u94dc\u94a8\u786c\u8d28\u5408\u91d1\u3001\u94dc\/\u94dd\u3001\u77f3\u58a8\/\u8010\u70ed\u5408\u91d1\u3001\u77f3\u58a8\/\u949b\u3001\u94dc\/\u94a2<\/p>\n<p>\u0110\u1ed3ng\/ th\u00e9p, \u0111\u1ed3ng m\u1ecbn\/ th\u00e9p, than ch\u00ec\/ th\u00e9p, th\u00e9p vonfram \u0111\u1ed3ng, \u0111\u1ed3ng vonfram m\u1ecbn \/th\u00e9p, \u0111\u1ed3ng\/th\u00e9p, h\u1ee3p kim vonfram \u0111\u1ed3ng c\u1ee9ng, \u0111\u1ed3ng\/nh\u00f4m, than ch\u00ec\/ h\u1ee3p kim ch\u1ecbu nhi\u1ec7t, than ch\u00ec\/titan, \u0111\u1ed3ng\/th\u00e9p.<\/td>\n<\/tr>\n<tr>\n<td width=\"379\">\u63d2\u8865\u65b9\u5f0f<\/p>\n<p>Ph\u01b0\u01a1ng th\u1ee9c ch\u00e8n b\u00f9<\/td>\n<td colspan=\"5\" width=\"372\">\u76f4\u7ebf,\u5706\u5f27,\u87ba\u65cb\u7ebf<\/p>\n<p>\u0110\u01b0\u1eddng th\u1eb3ng, v\u00f2ng cung, \u00a0\u0111\u01b0\u1eddng xo\u1eafn \u1ed1c<\/td>\n<\/tr>\n<tr>\n<td width=\"379\">\u5404\u8f74\u8865\u507fB\u00f9 m\u1ed7i tr\u1ee5c<\/td>\n<td colspan=\"5\" width=\"372\">\u5404\u8f74\u5206\u522b\u8fdb\u884c\u6b65\u8ddd\u8bef\u5dee\u8865\u507f\u3001\u95f4\u9699\u8865\u507f\u00a0\u00a0\u00a0\u00a0\u00a0\u00a0\u00a0\u00a0\u00a0\u00a0\u00a0\u00a0\u00a0\u00a0\u00a0\u00a0 M\u1ed7i tr\u1ee5c l\u1ea7n l\u01b0\u1ee3t b\u00f9 l\u1ed7i kho\u1ea3ng c\u00e1ch b\u01b0\u1edbc, b\u00f9 ch\u1ed7 h\u1edf<\/td>\n<\/tr>\n<tr>\n<td width=\"379\">\u6700\u5927\u63a7\u5236\u8f74\u6570 S\u1ed1 tr\u1ee5c ki\u1ec3m so\u00e1t t\u1ed1i \u0111a<\/td>\n<td colspan=\"5\" width=\"372\">\u4e09\u8f74\u4e09\u8054\u52a8(\u6807\u914d)\u56db\u8f74\u56db\u8054\u52a8(\u9009\u914d)<\/p>\n<p>Li\u00ean k\u1ebft ba tr\u1ee5c (ti\u00eau chu\u1ea9n)<\/p>\n<p>Li\u00ean k\u1ebft b\u1ed1n tr\u1ee5c (t\u00f9y ch\u1ecdn)<\/td>\n<\/tr>\n<tr>\n<td width=\"379\">\u5404\u8f74\u5206\u8fa8\u7387\u0110\u1ed9 ph\u00e2n gi\u1ea3i m\u1ed7i tr\u1ee5c<\/td>\n<td colspan=\"2\" width=\"98\">\u03bc\u03b7<\/td>\n<td colspan=\"3\" width=\"274\">0.4<\/td>\n<\/tr>\n<tr>\n<td width=\"379\">\u6700\u5c0f\u9a71\u52a8\u5355\u4f4d \u0110\u01a1n v\u1ecb truy\u1ec1n \u0111\u1ed9ng t\u1ed1i thi\u1ec3u<\/td>\n<td colspan=\"2\" width=\"98\">\u03bc\u03b7<\/td>\n<td colspan=\"3\" width=\"274\">0.4<\/td>\n<\/tr>\n<tr>\n<td width=\"379\">\u8f93\u5165\u65b9\u5f0fPh\u01b0\u01a1ng th\u1ee9c nh\u1eadp<\/td>\n<td colspan=\"5\" width=\"372\">\u89e6\u6478\u5c4f\u3001U\u76d8\u3001RS-232 M\u00e0n h\u00ecnh c\u1ea3m \u1ee9ng, USB, RS-232<\/td>\n<\/tr>\n<tr>\n<td width=\"379\">\u663e\u793a\u65b9\u5f0fPh\u01b0\u01a1ng th\u1ee9c hi\u1ec3n th\u1ecb<\/td>\n<td colspan=\"5\" width=\"372\">15\u6db2\u6676\u5c4f(TFT-LCD) m\u00e0n h\u00ecnh tinh th\u1ec3 l\u1ecfng 15 inch (TFT-LCD)<\/td>\n<\/tr>\n<tr>\n<td width=\"379\">\u624b\u63a7\u76d2H\u1ed9p \u0111i\u1ec1u khi\u1ec3n b\u1eb1ng tay<\/td>\n<td colspan=\"5\" width=\"372\">\u6807\u51c6\u70b9\u52a8(\u591a\u7ea7\u5207\u6362)<\/p>\n<p>Chuy\u1ec3n \u0111\u1ed9ng ti\u00eau chu\u1ea9n ( chuy\u1ec3n \u0111\u1ed5i nhi\u1ec1u c\u1ea5p)<\/td>\n<\/tr>\n<tr>\n<td width=\"379\">\u4f4d\u7f6e\u6307\u4ee4\u65b9\u5f0fPh\u01b0\u01a1ng th\u1ee9c ch\u1ec9 l\u1ec7nh v\u1ecb tr\u00ed<\/td>\n<td colspan=\"5\" width=\"372\">\u7edd\u5bf9 \u589e\u91cf\u517c\u7528<\/p>\n<p>Tuy\u1ec7t \u0111\u1ed1i\u00a0 k\u1ebft h\u1ee3p t\u0103ng d\u1ea7n<\/td>\n<\/tr>\n<tr>\n<td width=\"379\"><\/td>\n<td width=\"78\"><\/td>\n<td width=\"20\"><\/td>\n<td width=\"40\"><\/td>\n<td width=\"91\"><\/td>\n<td width=\"144\"><\/td>\n<\/tr>\n<\/tbody>\n<\/table>\n<p><strong>\u00a0<\/strong><\/p>","protected":false},"excerpt":{"rendered":"<p>\u6570\u63a7\u7535\u706b\u82b1\u673aMH40\u3001MH45<\/p>","protected":false},"featured_media":1255,"comment_status":"open","ping_status":"closed","template":"","meta":[],"product_brand":[],"product_cat":[35],"product_tag":[],"class_list":{"0":"post-578","1":"product","2":"type-product","3":"status-publish","4":"has-post-thumbnail","6":"product_cat-ming-hong","8":"first","9":"instock","10":"shipping-taxable","11":"product-type-simple"},"_links":{"self":[{"href":"https:\/\/rongsen.com.vn\/zh\/wp-json\/wp\/v2\/product\/578","targetHints":{"allow":["GET"]}}],"collection":[{"href":"https:\/\/rongsen.com.vn\/zh\/wp-json\/wp\/v2\/product"}],"about":[{"href":"https:\/\/rongsen.com.vn\/zh\/wp-json\/wp\/v2\/types\/product"}],"replies":[{"embeddable":true,"href":"https:\/\/rongsen.com.vn\/zh\/wp-json\/wp\/v2\/comments?post=578"}],"wp:featuredmedia":[{"embeddable":true,"href":"https:\/\/rongsen.com.vn\/zh\/wp-json\/wp\/v2\/media\/1255"}],"wp:attachment":[{"href":"https:\/\/rongsen.com.vn\/zh\/wp-json\/wp\/v2\/media?parent=578"}],"wp:term":[{"taxonomy":"product_brand","embeddable":true,"href":"https:\/\/rongsen.com.vn\/zh\/wp-json\/wp\/v2\/product_brand?post=578"},{"taxonomy":"product_cat","embeddable":true,"href":"https:\/\/rongsen.com.vn\/zh\/wp-json\/wp\/v2\/product_cat?post=578"},{"taxonomy":"product_tag","embeddable":true,"href":"https:\/\/rongsen.com.vn\/zh\/wp-json\/wp\/v2\/product_tag?post=578"}],"curies":[{"name":"wp","href":"https:\/\/api.w.org\/{rel}","templated":true}]}}