{"id":551,"date":"2024-05-28T16:35:32","date_gmt":"2024-05-28T16:35:32","guid":{"rendered":"https:\/\/rongsen.com.vn\/?post_type=product&#038;p=551"},"modified":"2025-12-08T14:49:00","modified_gmt":"2025-12-08T07:49:00","slug":"trung-tam-gia-cong-dang-cong-dl-1310-dl-1613-2014","status":"publish","type":"product","link":"https:\/\/rongsen.com.vn\/zh\/product\/trung-tam-gia-cong-dang-cong-dl-1310-dl-1613-2014\/","title":{"rendered":"\u95f8\u95e8\u52a0\u5de5\u4e2d\u5fc3 DL-1310 DL-1613-2014"},"content":{"rendered":"<p><strong>DL-1310<\/strong> <strong>-1613-2014 <\/strong><strong>\u9f99\u95e8\u52a0\u5de5\u4e2d\u5fc3<\/strong><\/p>\n<p><strong>TRUNG T\u00c2M GIA C\u00d4NG D\u1ea0NG C\u1ed4NG <\/strong><strong>DL-1310 DL-1613-2014<\/strong><\/p>\n<p>&nbsp;<\/p>\n<p><strong>\u5e94\u7528\u884c\u4e1a<\/strong> <strong>Ng<\/strong><strong>\u00e0<\/strong><strong>nh<\/strong><strong> ngh\u1ec1 \u1ee9ng d\u1ee5ng<\/strong><\/p>\n<p><strong>\u901a\u7528\u4e8e\uff1a\u4e94\u91d1\u3001\u6a21\u5177\u3001\u6c7d\u8f66\u3001\u901a\u4fe1\u3001\u533b\u7597\u5668\u6750\u3001\u822a\u7a7a<\/strong><strong>&#8230;<\/strong><strong>\u7b49\u52a0\u5de5<\/strong><\/p>\n<p><strong>Th\u01b0\u1eddng \u0111\u01b0\u1ee3c s\u1eed d\u1ee5ng cho: gia c\u00f4ng ng\u0169 kim, khu\u00f4n m\u1eabu, \u00f4 t\u00f4, thi\u1ebft b\u1ecb th\u00f4ng tin, thi\u1ebft b\u1ecb y t\u1ebf, h\u00e0ng kh\u00f4ng, v.v.<\/strong><\/p>\n<p>&nbsp;<\/p>\n<p><strong>2 <\/strong><strong>. <\/strong><strong>\u6280\u672f\u53c2<\/strong><strong>\u6570<\/strong> <strong>Th\u00f4ng<\/strong><strong> s\u1ed1 k\u1ef9 thu\u1eadt<\/strong><\/p>\n<table width=\"780\">\n<tbody>\n<tr>\n<td width=\"72\">\u5e8f\u53f7<\/p>\n<p>STT<\/td>\n<td width=\"312\">\u9879\u76ee<\/p>\n<p>H\u1ea1ng m\u1ee5c<\/td>\n<td width=\"162\"><strong>-1310<\/strong>\u6807\u51c6\u53c2\u6570<\/p>\n<p>Th\u00f4ng s\u1ed1 ti\u00eau chu\u1ea9n <strong>-1310<\/strong><\/td>\n<td width=\"108\">1613\u6807\u51c6\u53c2\u6570<\/p>\n<p>Th\u00f4ng s\u1ed1 ti\u00eau chu\u1ea9n 1613<\/td>\n<td width=\"126\">2014\u6807\u51c6\u53c2\u6570<\/p>\n<p>Th\u00f4ng s\u1ed1 ti\u00eau chu\u1ea9n 2014<\/td>\n<\/tr>\n<tr>\n<td width=\"72\">1<\/td>\n<td width=\"312\"><strong>\u63a7\u5236\u5668<\/strong><strong>B\u1ed9 \u0111i\u1ec1u khi\u1ec3n<\/strong><\/td>\n<td width=\"162\">MITSUBISHI FANUC<\/td>\n<td width=\"108\">MITSUBISHI FANUC<\/td>\n<td width=\"126\">MITSUBISHI FANUC<\/td>\n<\/tr>\n<tr>\n<td width=\"72\">2<\/td>\n<td width=\"312\">XYZ\u8f74\u884c\u7a0bH\u00e0nh tr\u00ecnh tr\u1ee5c XYZ<\/td>\n<td width=\"162\">1300*1000*520<\/td>\n<td width=\"108\">700*1380*560<\/td>\n<td width=\"126\">2000*1400*600<\/td>\n<\/tr>\n<tr>\n<td width=\"72\">3<\/td>\n<td width=\"312\">\u4e3b\u8f74\u9f3b\u7aef\u81f3\u5de5\u4f5c\u53f0\u8ddd\u79bbKho\u1ea3ng c\u00e1ch t\u1eeb m\u0169i tr\u1ee5c ch\u00ednh \u0111\u1ebfn b\u00e0n thao t\u00e1c<\/td>\n<td width=\"162\">120-620mm<\/td>\n<td width=\"108\">120-700<\/td>\n<td width=\"126\">120-750<\/td>\n<\/tr>\n<tr>\n<td width=\"72\">4<\/td>\n<td width=\"312\">\u4e3b\u8f74\u6837\u5f0fKi\u1ec3u tr\u1ee5c ch\u00ednh<\/td>\n<td width=\"162\">BT40<\/td>\n<td width=\"108\">BT40<\/td>\n<td width=\"126\">BT40<\/td>\n<\/tr>\n<tr>\n<td width=\"72\">5<\/td>\n<td width=\"312\">\u4e3b\u8f74\u4f20\u52a8\u65b9\u5f0f Ph\u01b0\u01a1ng th\u1ee9c truy\u1ec1n \u0111\u1ed9ng tr\u1ee5c ch\u00ednh<\/td>\n<td width=\"162\">\u76ae\u5e26\u5f0f\/\u76f4\u8fde\u5f0fD\u00e2y \u0111ai\/ tr\u1ef1c ti\u1ebfp<\/td>\n<td width=\"108\">\u76ae\u5e26\u5f0f\/\u76f4\u8fde\u5f0fD\u00e2y \u0111ai\/ tr\u1ef1c ti\u1ebfp<\/td>\n<td width=\"126\">\u76ae\u5e26\u5f0f\/\u76f4\u8fde\u5f0fD\u00e2y \u0111ai\/ tr\u1ef1c ti\u1ebfp<\/td>\n<\/tr>\n<tr>\n<td width=\"72\">6<\/td>\n<td width=\"312\">\u4e3b\u8f74\u8f6c\u901f Chuy\u1ec3n t\u1ed1c tr\u1ee5c ch\u00ednh<\/td>\n<td width=\"162\">8000\/12000<\/td>\n<td width=\"108\">8000\/12000<\/td>\n<td width=\"126\">8000\/12000<\/td>\n<\/tr>\n<tr>\n<td width=\"72\">7<\/td>\n<td width=\"312\">\u4e3b\u8f74\u9a6c\u8fbe M\u00f4 t\u01a1 tr\u1ee5c ch\u00ednh<\/td>\n<td width=\"162\">7.5\/11<\/td>\n<td width=\"108\">7.5\/11<\/td>\n<td width=\"126\">11\/15<\/td>\n<\/tr>\n<tr>\n<td width=\"72\">8<\/td>\n<td width=\"312\">X\/Y\/Z\u8f74\u5feb\u901f\u8fdb\u7ed9T\u1ed1c \u0111\u1ed9 tr\u1ee5c X\/Y\/Z cung c\u1ea5p<\/td>\n<td width=\"162\">12\/12\/10M\/min<\/td>\n<td width=\"108\">12\/12\/10M\/min<\/td>\n<td width=\"126\">12\/12\/10M\/min<\/td>\n<\/tr>\n<tr>\n<td width=\"72\">9<\/td>\n<td width=\"312\">\u5207\u524a\u8fdb\u7ed9\u901f\u5ea6 T\u1ed1c \u0111\u1ed9 c\u1eaft cung c\u1ea5p<\/td>\n<td width=\"162\">1-10.00M\/min<\/td>\n<td width=\"108\">1-10.00M\/min<\/td>\n<td width=\"126\">1-10.00M\/min<\/td>\n<\/tr>\n<tr>\n<td width=\"72\">10<\/td>\n<td width=\"312\">xyz\u5b9a\u4f4d\u7cbe\u5ea6\u0110\u1ed9 ch\u00ednh x\u00e1c \u0111\u1ecbnh v\u1ecb xyz<\/td>\n<td width=\"162\">\u00b10.01mm<\/td>\n<td width=\"108\">\u00b10.01mm<\/td>\n<td width=\"126\">\u00b10.01mm<\/td>\n<\/tr>\n<tr>\n<td width=\"72\">11<\/td>\n<td width=\"312\">xyz\u91cd\u590d\u5b9a\u4f4d\u7cbe\u5ea6\u0110\u1ed9 ch\u00ednh x\u00e1c \u0111\u1ecbnh v\u1ecb l\u1eb7p l\u1ea1i xyz<\/td>\n<td width=\"162\">\u00b10.005\/300mm<\/td>\n<td width=\"108\">\u00b10.005\/300mm<\/td>\n<td width=\"126\">\u00b10.005\/300mm<\/td>\n<\/tr>\n<tr>\n<td width=\"72\">12<\/td>\n<td width=\"312\">\u4e09\u8f74\u4f20\u52a8\u65b9\u5f0f Ph\u01b0\u01a1ng th\u1ee9c chuy\u1ec3n \u0111\u1ed9ng ba tr\u1ee5c<\/td>\n<td width=\"162\">\u76f4\u9a71\u5f0fTruy\u1ec1n \u0111\u1ed9ng tr\u1ef1c ti\u1ebfp<\/td>\n<td width=\"108\">\u76f4\u9a71\u5f0fTruy\u1ec1n \u0111\u1ed9ng tr\u1ef1c ti\u1ebfp<\/td>\n<td width=\"126\">\u76f4\u9a71\u5f0fTruy\u1ec1n \u0111\u1ed9ng tr\u1ef1c ti\u1ebfp<\/td>\n<\/tr>\n<tr>\n<td width=\"72\">13<\/td>\n<td width=\"312\">\u5de5\u4f5c\u53f0\u5c3a\u5bf8K\u00edch th\u01b0\u1edbc b\u00e0n thao t\u00e1c (mm)<\/td>\n<td width=\"162\">1300*1000<\/td>\n<td width=\"108\">1700*1100<\/td>\n<td width=\"126\">1700*1100<\/td>\n<\/tr>\n<tr>\n<td width=\"72\">14<\/td>\n<td width=\"312\">T\u578b\u69fd(\u5bbd\u00d7\u69fd\u6570) Khe h\u00ecnh ch\u1eef T (chi\u1ec1u r\u1ed9ng \u00d7 s\u1ed1 khe)<\/td>\n<td width=\"162\">18*7<\/td>\n<td width=\"108\">18*7<\/td>\n<td width=\"126\">18*7<\/td>\n<\/tr>\n<tr>\n<td width=\"72\">15<\/td>\n<td width=\"312\">\u81ea\u52a8\u6362\u5200\u5f62\u5f0f Ph\u01b0\u01a1ng th\u1ee9c chuy\u1ec3n dao t\u1ef1 \u0111\u1ed9ng<\/td>\n<td width=\"162\">\u5939\u81c2\u5f0fTay k\u1eb9p<\/td>\n<td width=\"108\">\u5939\u81c2\u5f0fTay k\u1eb9p<\/td>\n<td width=\"126\">\u5939\u81c2\u5f0fTay k\u1eb9p<\/td>\n<\/tr>\n<tr>\n<td width=\"72\">16<\/td>\n<td width=\"312\">\u81ea\u52a8\u6362\u5200\u6570\u91cf S\u1ed1 l\u01b0\u1ee3ng chuy\u1ec3n dao t\u1ef1 \u0111\u1ed9ng (pcs)<\/td>\n<td width=\"162\">24<\/td>\n<td width=\"108\">24<\/td>\n<td width=\"126\">24<\/td>\n<\/tr>\n<tr>\n<td width=\"72\">17<\/td>\n<td width=\"312\">\u6c14\u538b\u9700\u6c42 Kh\u00ed \u00e1p y\u00eau c\u1ea7u (kg)<\/td>\n<td width=\"162\">6<\/td>\n<td width=\"108\">6<\/td>\n<td width=\"126\">6<\/td>\n<\/tr>\n<tr>\n<td width=\"72\">18<\/td>\n<td width=\"312\">\u7535\u529b\u9700\u6c42 \u0110i\u1ec7n \u00e1p y\u00eau c\u1ea7u (kva)<\/td>\n<td width=\"162\">25<\/td>\n<td width=\"108\">25<\/td>\n<td width=\"126\">25<\/td>\n<\/tr>\n<tr>\n<td width=\"72\">19<\/td>\n<td width=\"312\">\u673a\u5668\u6700\u5927\u91cd\u91cf Tr\u1ecdng l\u01b0\u1ee3ng m\u00e1y l\u1edbn nh\u1ea5t (kg)<\/td>\n<td width=\"162\">7500<\/td>\n<td width=\"108\">13000<\/td>\n<td width=\"126\">16000<\/td>\n<\/tr>\n<tr>\n<td width=\"72\">20<\/td>\n<td width=\"312\">\u673a\u68b0\u5c3a\u5bf8(\u957fx\u5bbdx\u9ad8) K\u00edch th\u01b0\u1edbc m\u00e1y ( d\u00e0i * r\u1ed9ng* cao) (mm)<\/td>\n<td width=\"162\">3300*2600*2800<\/td>\n<td width=\"108\">5000*3300*3300<\/td>\n<td width=\"126\">5500*3500*3400<\/td>\n<\/tr>\n<\/tbody>\n<\/table>\n<p>&nbsp;<\/p>","protected":false},"excerpt":{"rendered":"<p>DL-1310 -1613-2014 \u9f99\u95e8\u52a0\u5de5\u4e2d\u5fc3 TRUNG T\u00c2M GIA C\u00d4NG D\u1ea0NG C\u1ed4NG DL-1310 DL-1613-2014 &nbsp; \u5e94\u7528\u884c\u4e1a Ng\u00e0nh ngh\u1ec1 \u1ee9ng d\u1ee5ng \u901a\u7528\u4e8e\uff1a\u4e94\u91d1\u3001\u6a21\u5177\u3001\u6c7d\u8f66\u3001\u901a\u4fe1\u3001\u533b\u7597\u5668\u6750\u3001\u822a\u7a7a&#8230;\u7b49\u52a0\u5de5 Th\u01b0\u1eddng \u0111\u01b0\u1ee3c s\u1eed d\u1ee5ng cho: gia c\u00f4ng ng\u0169 kim, khu\u00f4n m\u1eabu, \u00f4 t\u00f4, thi\u1ebft b\u1ecb th\u00f4ng tin, thi\u1ebft b\u1ecb y t\u1ebf, h\u00e0ng kh\u00f4ng, v.v. &nbsp; 2 . \u6280\u672f\u53c2\u6570 Th\u00f4ng s\u1ed1 k\u1ef9 thu\u1eadt \u5e8f\u53f7 STT \u9879\u76ee H\u1ea1ng m\u1ee5c [&#8230;]","protected":false},"featured_media":552,"comment_status":"open","ping_status":"closed","template":"","meta":[],"product_brand":[],"product_cat":[45],"product_tag":[],"class_list":{"0":"post-551","1":"product","2":"type-product","3":"status-publish","4":"has-post-thumbnail","6":"product_cat-ding-ling","8":"first","9":"instock","10":"shipping-taxable","11":"product-type-simple"},"_links":{"self":[{"href":"https:\/\/rongsen.com.vn\/zh\/wp-json\/wp\/v2\/product\/551","targetHints":{"allow":["GET"]}}],"collection":[{"href":"https:\/\/rongsen.com.vn\/zh\/wp-json\/wp\/v2\/product"}],"about":[{"href":"https:\/\/rongsen.com.vn\/zh\/wp-json\/wp\/v2\/types\/product"}],"replies":[{"embeddable":true,"href":"https:\/\/rongsen.com.vn\/zh\/wp-json\/wp\/v2\/comments?post=551"}],"wp:featuredmedia":[{"embeddable":true,"href":"https:\/\/rongsen.com.vn\/zh\/wp-json\/wp\/v2\/media\/552"}],"wp:attachment":[{"href":"https:\/\/rongsen.com.vn\/zh\/wp-json\/wp\/v2\/media?parent=551"}],"wp:term":[{"taxonomy":"product_brand","embeddable":true,"href":"https:\/\/rongsen.com.vn\/zh\/wp-json\/wp\/v2\/product_brand?post=551"},{"taxonomy":"product_cat","embeddable":true,"href":"https:\/\/rongsen.com.vn\/zh\/wp-json\/wp\/v2\/product_cat?post=551"},{"taxonomy":"product_tag","embeddable":true,"href":"https:\/\/rongsen.com.vn\/zh\/wp-json\/wp\/v2\/product_tag?post=551"}],"curies":[{"name":"wp","href":"https:\/\/api.w.org\/{rel}","templated":true}]}}