{"id":835,"date":"2024-06-08T06:39:45","date_gmt":"2024-06-08T06:39:45","guid":{"rendered":"https:\/\/rongsen.com.vn\/?post_type=product&#038;p=835"},"modified":"2024-06-08T06:39:45","modified_gmt":"2024-06-08T06:39:45","slug":"may-mai-khuon-co-do-chinh-xac-cao-cnc-hpg","status":"publish","type":"product","link":"https:\/\/rongsen.com.vn\/vi\/product\/may-mai-khuon-co-do-chinh-xac-cao-cnc-hpg\/","title":{"rendered":"M\u00c1Y M\u00c0I KHU\u00d4N C\u00d3 \u0110\u1ed8 CH\u00cdNH X\u00c1C CAO CNC HPG"},"content":{"rendered":"<p>M\u00e1y m\u00e0i khu\u00f4n c\u00f3 \u0111\u1ed9 ch\u00ednh x\u00e1c cao CNC HPG500 NC<\/p>\n<p>&nbsp;<\/p>\n<p><img loading=\"lazy\" decoding=\"async\" width=\"1044\" height=\"749\" class=\"wp-image-836\" src=\"https:\/\/rongsen.com.vn\/wp-content\/uploads\/2024\/06\/word-image-835-1.png\" srcset=\"https:\/\/rongsen.com.vn\/wp-content\/uploads\/2024\/06\/word-image-835-1.png 1044w, https:\/\/rongsen.com.vn\/wp-content\/uploads\/2024\/06\/word-image-835-1-558x400.png 558w, https:\/\/rongsen.com.vn\/wp-content\/uploads\/2024\/06\/word-image-835-1-768x551.png 768w, https:\/\/rongsen.com.vn\/wp-content\/uploads\/2024\/06\/word-image-835-1-600x430.png 600w\" sizes=\"auto, (max-width: 1044px) 100vw, 1044px\" \/><\/p>\n<p>\u00dd T\u01af\u1edeNG<\/p>\n<p>\u0110\u1ecbnh v\u1ecb c\u00f3 \u0111\u1ed9 ch\u00ednh x\u00e1c cao v\u1edbi b\u01b0\u1edbc ti\u1ebfn d\u1ecdc v\u00e0 ch\u00e9o b\u1eb1ng \u0111i\u1ec1u khi\u1ec3n ph\u1ea3n h\u1ed3i t\u1ef7 l\u1ec7. M\u1ed9t m\u00e1y th\u00e2n thi\u1ec7n v\u1edbi m\u00f4i tr\u01b0\u1eddng kh\u00f4ng c\u00f3 \u00e1p su\u1ea5t th\u1ee7y l\u1ef1c.<\/p>\n<p>T\u00ednh n\u0103ng<\/p>\n<p>\u30fb B\u01b0\u1edbc ti\u1ebfn d\u1ecdc v\u00e0 ngang \u0111\u01b0\u1ee3c \u0111\u1eb7t \u1edf c\u00e0i \u0111\u1eb7t t\u1ed1i thi\u1ec3u 0,1 micron, \u0111\u1ed3ng th\u1eddi c\u00e1c thanh tr\u01b0\u1ee3t ph\u00eda tr\u01b0\u1edbc b\u00ean tr\u00e1i v\u00e0 b\u00ean ph\u1ea3i s\u1eed d\u1ee5ng b\u1ec1 m\u1eb7t tr\u01b0\u1ee3t V-V cho c\u00e1c th\u00f4ng s\u1ed1 k\u1ef9 thu\u1eadt c\u00f3 \u0111\u1ed9 ch\u00ednh x\u00e1c cao b\u1eb1ng c\u00e1ch ch\u00e0 x\u00e1t kiage truy\u1ec1n th\u1ed1ng.<\/p>\n<p>\u30fb\u00c1p d\u1ee5ng v\u1ecf SUS ti\u00eau chu\u1ea9n, tu\u1ed5i th\u1ecd c\u1ee7a v\u1ecf m\u00e1y t\u0103ng l\u00ean.<\/p>\n<p>\u30fb\u0110\u1ed9 c\u1ee9ng c\u1ee7a tr\u1ee5c ch\u00ednh g\u1ea5p 1,45 l\u1ea7n so v\u1edbi m\u00e1y m\u00e0i th\u00f4ng th\u01b0\u1eddng. Khung \u0111\u00e3 \u0111\u01b0\u1ee3c m\u1edf r\u1ed9ng \u0111\u1ec3 c\u1ea3i thi\u1ec7n \u0111\u1ed9 ch\u00ednh x\u00e1c c\u1ee7a ngu\u1ed3n c\u1ea5p d\u1eef li\u1ec7u ch\u00e9o.<\/p>\n<p>\u30fbNg\u0103n ch\u1eb7n s\u1ef1 d\u1ecbch chuy\u1ec3n nhi\u1ec7t m\u00e0 kh\u00f4ng c\u1ea7n \u00e1p su\u1ea5t th\u1ee7y l\u1ef1c. Vi\u1ec7c lo\u1ea1i b\u1ecf d\u1ea7u th\u1ee7y l\u1ef1c \u0111\u00e3 \u0111\u1ea1t \u0111\u01b0\u1ee3c hi\u1ec7u qu\u1ea3 gi\u1ea3m CO2 l\u00e0 199,2 kg.<\/p>\n<p>\u30fb\u0110\u01b0\u1ee3c trang b\u1ecb ph\u1ea7n m\u1ec1m \u0111\u00fac b\u00e1nh xe theo ti\u00eau chu\u1ea9n. Thi\u1ebft b\u1ecb m\u00e0i 3 chi\u1ec1u t\u1ef1 \u0111\u1ed9ng h\u00f3a qu\u00e1 tr\u00ecnh m\u00e0i t\u1ea1o h\u00ecnh.<\/p>\n<p>\u30fbPh\u1ea3n h\u1ed3i theo t\u1ef7 l\u1ec7 d\u1ecdc \u0111\u01b0\u1ee3c cung c\u1ea5p theo ti\u00eau chu\u1ea9n. \u0110\u1ed9ng c\u01a1 tr\u1ee5c ch\u00ednh 2,2kw v\u00e0 bi\u1ebfn t\u1ea7n c\u0169ng l\u00e0 th\u00f4ng s\u1ed1 k\u1ef9 thu\u1eadt ti\u00eau chu\u1ea9n v\u00e0 th\u00f4ng s\u1ed1 k\u1ef9 thu\u1eadt c\u00f3 \u0111\u1ed9 ch\u00ednh x\u00e1c cao.<\/p>\n<p>\u30fbTh\u00f4ng s\u1ed1 k\u1ef9 thu\u1eadt \u0111\u1ea3o ng\u01b0\u1ee3c b\u1ea3ng t\u1ed1c \u0111\u1ed9 cao HPG500NC c\u00f3 s\u1eb5n d\u01b0\u1edbi d\u1ea1ng t\u00f9y ch\u1ecdn. \u0110\u1ea1t \u0111\u01b0\u1ee3c t\u1ed1c \u0111\u1ed9 nghi\u1ec1n cao nh\u01b0 nghi\u1ec1n n\u1ea5m s\u00f2<\/p>\n<p>VIDEO <a href=\"https:\/\/www.okamotoen.com\/molding#ttl-HPG\" target=\"_blank\" rel=\"noopener\">https:\/\/www.okamotoen.com\/molding#ttl-HPG<\/a><\/p>\n","protected":false},"excerpt":{"rendered":"<p>M\u00e1y m\u00e0i khu\u00f4n c\u00f3 \u0111\u1ed9 ch\u00ednh x\u00e1c cao CNC HPG500 NC &nbsp; \u00dd T\u01af\u1edeNG \u0110\u1ecbnh v\u1ecb c\u00f3 \u0111\u1ed9 ch\u00ednh x\u00e1c cao v\u1edbi b\u01b0\u1edbc ti\u1ebfn d\u1ecdc v\u00e0 ch\u00e9o b\u1eb1ng \u0111i\u1ec1u khi\u1ec3n ph\u1ea3n h\u1ed3i t\u1ef7 l\u1ec7. M\u1ed9t m\u00e1y th\u00e2n thi\u1ec7n v\u1edbi m\u00f4i tr\u01b0\u1eddng kh\u00f4ng c\u00f3 \u00e1p su\u1ea5t th\u1ee7y l\u1ef1c. T\u00ednh n\u0103ng \u30fb B\u01b0\u1edbc ti\u1ebfn d\u1ecdc v\u00e0 ngang [&#8230;]\n","protected":false},"featured_media":836,"comment_status":"open","ping_status":"closed","template":"","meta":[],"product_brand":[],"product_cat":[88],"product_tag":[],"class_list":{"0":"post-835","1":"product","2":"type-product","3":"status-publish","4":"has-post-thumbnail","6":"product_cat-okamoto","8":"first","9":"instock","10":"shipping-taxable","11":"product-type-simple"},"_links":{"self":[{"href":"https:\/\/rongsen.com.vn\/vi\/wp-json\/wp\/v2\/product\/835","targetHints":{"allow":["GET"]}}],"collection":[{"href":"https:\/\/rongsen.com.vn\/vi\/wp-json\/wp\/v2\/product"}],"about":[{"href":"https:\/\/rongsen.com.vn\/vi\/wp-json\/wp\/v2\/types\/product"}],"replies":[{"embeddable":true,"href":"https:\/\/rongsen.com.vn\/vi\/wp-json\/wp\/v2\/comments?post=835"}],"wp:featuredmedia":[{"embeddable":true,"href":"https:\/\/rongsen.com.vn\/vi\/wp-json\/wp\/v2\/media\/836"}],"wp:attachment":[{"href":"https:\/\/rongsen.com.vn\/vi\/wp-json\/wp\/v2\/media?parent=835"}],"wp:term":[{"taxonomy":"product_brand","embeddable":true,"href":"https:\/\/rongsen.com.vn\/vi\/wp-json\/wp\/v2\/product_brand?post=835"},{"taxonomy":"product_cat","embeddable":true,"href":"https:\/\/rongsen.com.vn\/vi\/wp-json\/wp\/v2\/product_cat?post=835"},{"taxonomy":"product_tag","embeddable":true,"href":"https:\/\/rongsen.com.vn\/vi\/wp-json\/wp\/v2\/product_tag?post=835"}],"curies":[{"name":"wp","href":"https:\/\/api.w.org\/{rel}","templated":true}]}}