{"id":833,"date":"2024-06-08T06:38:58","date_gmt":"2024-06-08T06:38:58","guid":{"rendered":"https:\/\/rongsen.com.vn\/?post_type=product&#038;p=833"},"modified":"2024-06-08T06:38:58","modified_gmt":"2024-06-08T06:38:58","slug":"may-mai-be-mat-dong-kgs-306ah","status":"publish","type":"product","link":"https:\/\/rongsen.com.vn\/vi\/product\/may-mai-be-mat-dong-kgs-306ah\/","title":{"rendered":"M\u00c1Y M\u00c0I B\u1ec0 M\u1eb6T D\u00d2NG  KGS-306AH"},"content":{"rendered":"<p>M\u00e1y m\u00e0i b\u1ec1 m\u1eb7t KGS-306AH<\/p>\n<p><img loading=\"lazy\" decoding=\"async\" width=\"821\" height=\"554\" class=\"wp-image-834\" src=\"https:\/\/rongsen.com.vn\/wp-content\/uploads\/2024\/06\/word-image-833-1.png\" srcset=\"https:\/\/rongsen.com.vn\/wp-content\/uploads\/2024\/06\/word-image-833-1.png 821w, https:\/\/rongsen.com.vn\/wp-content\/uploads\/2024\/06\/word-image-833-1-593x400.png 593w, https:\/\/rongsen.com.vn\/wp-content\/uploads\/2024\/06\/word-image-833-1-768x518.png 768w, https:\/\/rongsen.com.vn\/wp-content\/uploads\/2024\/06\/word-image-833-1-600x405.png 600w\" sizes=\"auto, (max-width: 821px) 100vw, 821px\" \/><\/p>\n<p>I. L\u1ecbch s\u1eed v\u00e0 gi\u1edbi thi\u1ec7u c\u00f4ng ty<\/p>\n<p>Ng\u00e0y th\u00e0nh l\u1eadp: 03\/07\/1993<\/p>\n<p>\u0110\u1ecba ch\u1ec9 c\u00f4ng ty: S\u1ed1 685, \u0110\u01b0\u1eddng s\u1ed1 1 Thanh \u0110\u00f4ng, Qu\u1eadn Ti\u1ec1n \u0110\u01b0\u1eddng, Th\u00e0nh ph\u1ed1 H\u00e0ng Ch\u00e2u, T\u1ec9nh Chi\u1ebft Giang<\/p>\n<p>V\u1ed1n \u0111\u0103ng k\u00fd: 7,5 tri\u1ec7u USD<\/p>\n<p>Di\u1ec7n t\u00edch bao ph\u1ee7: 67.000 m\u00e9t vu\u00f4ng<\/p>\n<p>S\u1ed1 l\u01b0\u1ee3ng nh\u00e2n vi\u00ean: 255 (2015)<\/p>\n<p>Chi\u1ebft Giang Rongde Machinery Co., Ltd. l\u00e0 c\u00f4ng ty con 100% v\u1ed1n c\u1ee7a T\u1eadp \u0111o\u00e0n C\u00f4ng nghi\u1ec7p Jiande \u0110\u00e0i Loan, \u0111\u01b0\u1ee3c th\u00e0nh l\u1eadp t\u1ea1i Trung Qu\u1ed1c \u0111\u1ea1i l\u1ee5c v\u00e0o n\u0103m 1993 v\u1edbi h\u01a1n 50 n\u0103m kinh nghi\u1ec7m trong l\u0129nh v\u1ef1c s\u1ea3n xu\u1ea5t trung t\u00e2m gia c\u00f4ng \u0111\u1ee9ng CNC, m\u00e1y m\u00e0i b\u1ec1 m\u1eb7t ch\u00ednh x\u00e1c, m\u00e1y m\u00e0i tr\u1ee5 CNC v\u00e0 m\u00e1y phay Doanh s\u1ed1 b\u00e1n m\u00e1y c\u00f4ng c\u1ee5 trung b\u00ecnh h\u00e0ng th\u00e1ng v\u01b0\u1ee3t qu\u00e1 300 chi\u1ebfc. C\u00e1c m\u00e1y c\u00f4ng c\u1ee5 \u0111\u01b0\u1ee3c s\u1ea3n xu\u1ea5t \u0111\u00e3 tr\u1ea3i qua qu\u00e1 tr\u00ecnh ki\u1ec3m tra nghi\u00eam ng\u1eb7t v\u00e0 \u0111\u00e3 \u0111\u1ea1t ch\u1ee9ng nh\u1eadn ISO 9002: 2008, ch\u1ee9ng nh\u1eadn ISO14001: 2004 v\u00e0 nhi\u1ec1u ch\u1ee9ng nh\u1eadn ch\u1ec9 s\u1ed1 an to\u00e0n qu\u1ed1c gia kh\u00e1c nhau. S\u1ea3n ph\u1ea9m c\u1ee7a t\u1eadp \u0111o\u00e0n \u0111\u01b0\u1ee3c xu\u1ea5t kh\u1ea9u sang 35 qu\u1ed1c gia v\u00e0 khu v\u1ef1c bao g\u1ed3m Hoa K\u1ef3, \u0110\u1ee9c, Ph\u00e1p, Nh\u1eadt B\u1ea3n, T\u00e2y Ban Nha, Brazil v\u00e0 \u0110\u00f4ng Nam \u00c1 \u0111\u00e3 tr\u1edf th\u00e0nh th\u01b0\u01a1ng hi\u1ec7u m\u00e1y c\u00f4ng c\u1ee5 n\u1ed5i ti\u1ebfng th\u1ebf gi\u1edbi.<\/p>\n<p>Trong 20 n\u0103m qua k\u1ec3 t\u1eeb khi th\u00e0nh l\u1eadp t\u1ea1i Trung Qu\u1ed1c, c\u00f4ng ty \u0111\u00e3 t\u00edch c\u1ef1c \u0111\u1ea7u t\u01b0 v\u00e0o ph\u00e1t tri\u1ec3n ng\u00e0nh c\u00f4ng nghi\u1ec7p m\u00e1y c\u00f4ng c\u1ee5 c\u1ee7a Trung Qu\u1ed1c v\u00e0 li\u00ean t\u1ee5c gi\u1edbi thi\u1ec7u c\u00e1c thi\u1ebft b\u1ecb ph\u1ee9c t\u1ea1p nh\u01b0 trung t\u00e2m gia c\u00f4ng ngang nhi\u1ec1u b\u00e0n, trung t\u00e2m gia c\u00f4ng ng\u0169 di\u1ec7n gi\u00e0n, m\u00e1y phay c\u1ed5ng CNC v\u00e0 D\u1ee5ng c\u1ee5 \u0111o ba chi\u1ec1u TSEA c\u1ee7a Th\u1ee5y S\u0129, d\u1ee5ng c\u1ee5 laser HP c\u1ee7a M\u1ef9 v\u00e0 c\u00e1c thi\u1ebft b\u1ecb th\u1eed nghi\u1ec7m kh\u00e1c, sau \u0111\u00f3 s\u1eed d\u1ee5ng s\u1ee9c m\u1ea1nh k\u1ef9 thu\u1eadt c\u1ee7a ri\u00eang m\u00ecnh \u0111\u1ec3 s\u1ea3n xu\u1ea5t h\u01a1n 30.000 m\u00e1y c\u00f4ng c\u1ee5 thu\u1ed9c b\u1ed1n d\u00f2ng v\u00e0 h\u01a1n 20 lo\u1ea1i \u0111\u1ec3 ph\u1ee5c v\u1ee5 \u00f4 t\u00f4, h\u00e0ng kh\u00f4ng v\u0169 tr\u1ee5, thi\u1ebft b\u1ecb \u0111i\u1ec7n, s\u1ea3n xu\u1ea5t m\u00e1y m\u00f3c \u0111i\u1ec7n t\u1eed v\u00e0 c\u00e1c ng\u00e0nh c\u00f4ng nghi\u1ec7p kh\u00e1c.<\/p>\n<p>C\u00e1c c\u00f4ng ty ch\u1ec9 \u0111\u1ecbnh bao g\u1ed3m: Aerospace 23 Institute, BYD Auto, Sharp Mold, Ziyan Mold, Crowning Mold, Wuxi Guosheng, Hongzhun Precision Mold, Dalian Panqi, Tsannkun Electric, Sichuan Changhong, Midea Group, General Electric, Thi\u00ean T\u00e2n LG , Mitsubishi Electric, China Resources Sanyo, Huayi Compression, ASUS Computer, Qingdao Changlong Stationery, Wahaha, Eagle Ceramics, IUKI Heavy Machinery, Hexing Electronics, c\u0169ng nh\u01b0 c\u00e1c tr\u01b0\u1eddng cao \u0111\u1eb3ng v\u00e0 \u0111\u1ea1i h\u1ecdc qu\u1ed1c gia v\u00e0 c\u00e1c doanh nghi\u1ec7p v\u1eeba v\u00e0 nh\u1ecf nh\u01b0 \u0110\u1ea1i h\u1ecdc Giao th\u00f4ng Th\u01b0\u1ee3ng H\u1ea3i v\u00e0 Tr\u01b0\u1eddng Cao \u0111\u1eb3ng \u0110i\u1ec7n t\u1eed Th\u00e0nh \u0110\u00f4. s\u1eed d\u1ee5ng m\u00e1y c\u00f4ng c\u1ee5 &#8220;KENT&#8221;, t\u1eeb \u0111\u00f3 \u0111\u1ea1t \u0111\u01b0\u1ee3c hi\u1ec7u qu\u1ea3 v\u00e0 l\u1ee3i nhu\u1eadn.<\/p>\n<p>II. Ngu\u1ed3n \u0111i\u1ec7n c\u1ee7a m\u00e1y c\u00f4ng c\u1ee5 v\u00e0 \u0111i\u1ec1u ki\u1ec7n m\u00f4i tr\u01b0\u1eddng v\u1eadn h\u00e0nh<\/p>\n<p>2.1 Y\u00eau c\u1ea7u v\u1ec1 ngu\u1ed3n \u0111i\u1ec7n c\u1ee7a m\u00e1y c\u00f4ng c\u1ee5:<\/p>\n<p>\u0110i\u1ec7n \u00e1p m\u00e1y: 380V\u00b110%<\/p>\n<p>C\u00f4ng su\u1ea5t m\u00e1y: 6,5KW<\/p>\n<p>T\u1ea7n s\u1ed1 ngu\u1ed3n: 50\u221560 HZ\u00b12%<\/p>\n<p>D\u00f2ng \u0111i\u1ec7n \u0111\u1ea7y t\u1ea3i: 13A<\/p>\n<p>2.2 \u0110i\u1ec1u ki\u1ec7n m\u00f4i tr\u01b0\u1eddng ho\u1ea1t \u0111\u1ed9ng:<\/p>\n<p>\u0110\u1ed9 \u1ea9m t\u01b0\u01a1ng \u0111\u1ed1i: 35\uff5e90%R\/H (kh\u00f4ng ng\u01b0ng t\u1ee5)<\/p>\n<p>Nhi\u1ec7t \u0111\u1ed9 m\u00f4i tr\u01b0\u1eddng xung quanh: 0\u00b0C-40\u00b0C<\/p>\n<p>M\u00f4i tr\u01b0\u1eddng kh\u00f4ng kh\u00ed: m\u00f4i tr\u01b0\u1eddng kh\u00f4ng \u0103n m\u00f2n<\/p>\n<p>\u00c1nh s\u00e1ng: nhi\u1ec1u, th\u00f4ng gi\u00f3 t\u1ed1t<\/p>\n<p>M\u00e1y c\u00f4ng c\u1ee5 ph\u1ea3i ho\u1ea1t \u0111\u1ed9ng \u1ed5n \u0111\u1ecbnh trong th\u1eddi gian d\u00e0i trong m\u00f4i tr\u01b0\u1eddng l\u00e0m vi\u1ec7c tr\u00ean.<\/p>\n<p>2.3 Kh\u00f4ng gian v\u1eadn h\u00e0nh v\u00e0 b\u1ea3o tr\u00ec:<\/p>\n<p>K\u00edch th\u01b0\u1edbc c\u1ee7a m\u00e1y KGS-306AH l\u00e0 chi\u1ec1u d\u00e0i 3500mm, chi\u1ec1u r\u1ed9ng 2500mm v\u00e0 chi\u1ec1u cao 1830mm. V\u00ec l\u00fd do an to\u00e0n v\u00e0 thu\u1eadn ti\u1ec7n trong v\u1eadn h\u00e0nh v\u00e0 b\u1ea3o tr\u00ec n\u00ean kh\u00f4ng gian ph\u1ea3i l\u1edbn h\u01a1n k\u00edch th\u01b0\u1edbc c\u1ee7a m\u00e1y.<\/p>\n<p>III. M\u00f4 t\u1ea3 s\u1ea3n ph\u1ea9m<\/p>\n<p>3.1 M\u00e1y m\u00e0i b\u1ec1 m\u1eb7t s\u1eed d\u1ee5ng m\u1ed9t c\u1ed9t duy nh\u1ea5t c\u1ed1 \u0111\u1ecbnh tr\u00ean \u0111\u1ebf v\u00e0 khung tr\u01b0\u1ee3t di chuy\u1ec3n ti\u1ebfn v\u00e0 l\u00f9i. \u0110\u1ecbnh ngh\u0129a s\u01a1 \u0111\u1ed3 n\u00e0y: Th\u00e2n \u0111\u1ea7u m\u00e0i tr\u1ee5c ch\u00ednh \u0111\u01b0\u1ee3c c\u1ed1 \u0111\u1ecbnh tr\u00ean c\u1ed9t r\u1ed3i di chuy\u1ec3n l\u00ean xu\u1ed1ng (h\u01b0\u1edbng Y), c\u00f2n khung tr\u01b0\u1ee3t di chuy\u1ec3n tr\u01b0\u1edbc sau (h\u01b0\u1edbng Z) d\u1ecdc theo m\u00e1y ch\u00ednh. B\u00e0n l\u00e0m vi\u1ec7c di chuy\u1ec3n sang tr\u00e1i v\u00e0 ph\u1ea3i (h\u01b0\u1edbng X) tr\u00ean khung tr\u01b0\u1ee3t.<\/p>\n<p>3.2 C\u1ed9t m\u00e1y, m\u00e1y ch\u00ednh v\u00e0 \u0111\u1ea7u m\u00e1y \u0111\u1ec1u \u0111\u01b0\u1ee3c l\u00e0m b\u1eb1ng gang cao c\u1ea5p. Ph\u1ea7n m\u1ec1m m\u00e1y t\u00ednh ba chi\u1ec1u \u0111\u01b0\u1ee3c s\u1eed d\u1ee5ng \u0111\u1ec3 h\u1ed7 tr\u1ee3 thi\u1ebft k\u1ebf t\u1ed1i \u01b0u h\u00f3a vi\u1ec7c chu\u1ea9n b\u1ecb c\u00e1c ch\u1ea5t t\u0103ng c\u1ee9ng b\u00ean trong c\u1ee7a k\u1ebft c\u1ea5u \u0111\u01b0\u1ee3c ph\u00e2n t\u00edch v\u00e0 gi\u1ea3m \u1ee9ng su\u1ea5t. N\u00f3 \u0111\u01b0\u1ee3c t\u0103ng c\u01b0\u1eddng b\u1eb1ng c\u00e1c ch\u1ea5t t\u0103ng c\u1ee9ng d\u00e0y \u0111\u1ec3 c\u1ea3i thi\u1ec7n \u0111\u1ed9 d\u1ebbo dai v\u00e0 ng\u0103n ng\u1eeba bi\u1ebfn d\u1ea1ng.<\/p>\n<p>3.3 Tr\u1ee5c X s\u1eed d\u1ee5ng tr\u1ea1m th\u1ee7y l\u1ef1c \u0111\u1ed9c l\u1eadp v\u00e0 xi lanh th\u1ee7y l\u1ef1c \u0111\u1ec3 \u0111\u1ea9y b\u00e0n l\u00e0m vi\u1ec7c qua l\u1ea1i tr\u00ean khung tr\u01b0\u1ee3t \u0111\u1ec3 \u0111\u1ea1t \u0111\u01b0\u1ee3c chuy\u1ec3n \u0111\u1ed9ng tr\u1ee5c X \u00eam \u00e1i v\u00e0 tr\u01a1n tru. S\u1ef1 t\u0103ng nhi\u1ec7t \u0111\u1ed9 c\u1ee7a nhi\u1ec7t \u0111\u1ed9 d\u1ea7u s\u1ebd kh\u00f4ng c\u00f3 b\u1ea5t k\u1ef3 t\u00e1c \u0111\u1ed9ng n\u00e0o \u0111\u1ebfn s\u1ef1 bi\u1ebfn d\u1ea1ng c\u1ee7a \u0111\u1ed9ng c\u01a1 ch\u00ednh.<\/p>\n<p>3.4 Tr\u1ee5c Z s\u1eed d\u1ee5ng \u0111\u1ed9ng c\u01a1 xoay chi\u1ec1u n\u1ed1i v\u1edbi tr\u1ee5c v\u00edt me th\u00f4ng qua d\u00e2y \u0111ai \u0111\u1ec3 d\u1eabn \u0111\u1ed9ng khung tr\u01b0\u1ee3t di chuy\u1ec3n ti\u1ebfn l\u00f9i tr\u00ean m\u00e1y ch\u1ee7 nh\u1eb1m th\u1ef1c hi\u1ec7n chuy\u1ec3n \u0111\u1ed9ng c\u1ea5p li\u1ec7u theo tr\u1ee5c Z nh\u1eb1m \u1ed5n \u0111\u1ecbnh c\u1ea5p li\u1ec7u tr\u01b0\u1edbc v\u00e0 sau.<\/p>\n<p>3.5 Ray d\u1eabn h\u01b0\u1edbng tr\u1ee5c X, tr\u1ee5c Y, tr\u1ee5c Z v\u00e0 v\u00edt<\/p>\n<p>3.5.1 C\u1ea3 hai ray d\u1eabn h\u01b0\u1edbng tr\u1ee5c X v\u00e0 tr\u1ee5c Z \u0111\u1ec1u s\u1eed d\u1ee5ng t\u1ea5m ch\u1ecbu m\u00e0i m\u00f2n Turcite-B c\u1ee7a M\u1ef9. T\u1ea3i tr\u1ecdng cao v\u00e0 \u0111\u1ed9 m\u00e0i m\u00f2n th\u1ea5p c\u00f3 th\u1ec3 \u0111\u1ea3m b\u1ea3o chuy\u1ec3n \u0111\u1ed9ng t\u1ed1i thi\u1ec3u. \u0110\u1ed9 ch\u00ednh x\u00e1c gia c\u00f4ng kh\u00f4ng ch\u1ec9 d\u1ec5 ki\u1ec3m so\u00e1t m\u00e0 c\u00f2n th\u1ec3 hi\u1ec7n n\u00f3. d\u1ec5 s\u1eed d\u1ee5ng trong gia c\u00f4ng v\u1eadt \u0111\u00fac v\u1eeba v\u00e0 nh\u1ecf.<\/p>\n<p>3.5.2 Ray tr\u01b0\u1ee3t tr\u1ee5c Z \u0111\u01b0\u1ee3c d\u00e1n b\u1eb1ng Turcit-B v\u00e0 \u0111\u01b0\u1ee3c c\u1ea1o ch\u00ednh x\u00e1c b\u1eb1ng tay \u0111\u1ec3 \u0111\u1ea3m b\u1ea3o chuy\u1ec3n \u0111\u1ed9ng tr\u01a1n tru. \u0110\u1eb7c bi\u1ec7t khi \u0111\u1ea7u tr\u1ee5c ch\u00ednh ch\u1ecbu t\u1ea3i c\u1eaft l\u1edbn, \u0111\u1ed9 \u1ed5n \u0111\u1ecbnh c\u1ee7a \u0111\u1ea7u tr\u1ee5c ch\u00ednh c\u00f3 th\u1ec3 \u0111\u01b0\u1ee3c duy tr\u00ec.<\/p>\n<p>3.5.3 To\u00e0n b\u1ed9 b\u1ed9 ray tr\u01b0\u1ee3t tr\u1ee5c Y \u0111\u01b0\u1ee3c l\u00e0m c\u1ee9ng. \u0110\u1ed9 c\u1ee9ng c\u1ee7a ray tr\u01b0\u1ee3t l\u00e0 HRC50\u00b13\u00b0. \u0110\u1ebf \u0111\u1ea7u \u0111\u01b0\u1ee3c m\u00e0i ch\u00ednh x\u00e1c v\u00e0 c\u00f3 \u0111\u1eb7c t\u00ednh gi\u1ea3m ch\u1ea5n v\u1edbi h\u1ec7 s\u1ed1 ma s\u00e1t th\u1ea5p v\u00e0 chuy\u1ec3n \u0111\u1ed9ng \u00eam \u00e1i.<\/p>\n<p>3.5.4 Tr\u1ee5c Y s\u1eed d\u1ee5ng v\u00edt th\u00f4ng th\u01b0\u1eddng, tr\u1ee5c Z s\u1eed d\u1ee5ng v\u00edt th\u00f4ng th\u01b0\u1eddng v\u00e0 s\u1eed d\u1ee5ng ch\u1ea5t b\u00f4i tr\u01a1n t\u1ef1 \u0111\u1ed9ng ng\u1eaft qu\u00e3ng c\u1ee7a v\u00edt \u0111\u1ec3 v\u00edt chuy\u1ec3n \u0111\u1ed9ng tr\u01a1n tru v\u00e0 \u0111\u1ea1t \u0111\u01b0\u1ee3c \u0111\u1ed9 m\u00f2n c\u1ee7a v\u00edt th\u1ea5p nh\u1ea5t.<\/p>\n<p>3.6 Nh\u00f3m tr\u1ee5c ch\u00ednh<\/p>\n<p>Tr\u1ee5c ch\u00ednh \u0111\u01b0\u1ee3c s\u1ea3n xu\u1ea5t b\u1edfi m\u1ed9t nh\u00e0 s\u1ea3n xu\u1ea5t chuy\u00ean nghi\u1ec7p t\u1ea1i \u0110\u00e0i Loan v\u00e0 \u0111\u01b0\u1ee3c trang b\u1ecb v\u00f2ng bi NSK c\u00f3 \u0111\u1ed9 ch\u00ednh x\u00e1c cao nguy\u00ean b\u1ea3n c\u1ee7a Nh\u1eadt B\u1ea3n. \u0110\u1ed9 ch\u00ednh x\u00e1c c\u00f3 th\u1ec3 \u0111\u1ea1t t\u1edbi 0,003mm v\u00e0 kh\u00f4ng c\u1ea7n tra d\u1ea7u su\u1ed1t \u0111\u1eddi.<\/p>\n<p>3.7 B\u00f4i tr\u01a1n<\/p>\n<p>S\u1eed d\u1ee5ng h\u1ec7 th\u1ed1ng b\u00f4i tr\u01a1n tu\u1ea7n ho\u00e0n t\u1ef1 \u0111\u1ed9ng \u0111\u1ec3 cung c\u1ea5p d\u1ea7u cho t\u1eebng ray d\u1eabn h\u01b0\u1edbng v\u00e0 v\u00edt me. H\u1ec7 th\u1ed1ng n\u00e0y \u0111\u1ea3m b\u1ea3o r\u1eb1ng t\u1ea5t c\u1ea3 c\u00e1c khu v\u1ef1c quan tr\u1ecdng lu\u00f4n nh\u1eadn \u0111\u01b0\u1ee3c l\u01b0\u1ee3ng b\u00f4i tr\u01a1n ph\u00f9 h\u1ee3p.<\/p>\n<p>3.8 Lo\u1ea1i b\u1ecf v\u1ea3y<\/p>\n<p>B\u1ed9 t\u00e1ch t\u1eeb v\u00e0 b\u1ed9 l\u1ecdc b\u0103ng gi\u1ea5y c\u00f3 th\u1ec3 \u0111\u01b0\u1ee3c l\u1ef1a ch\u1ecdn theo y\u00eau c\u1ea7u x\u1eed l\u00fd c\u1ee7a kh\u00e1ch h\u00e0ng.<\/p>\n<p>3.9 B\u1ea3o v\u1ec7 m\u00e1y c\u00f4ng c\u1ee5<\/p>\n<p>H\u01b0\u1edbng X \u0111\u01b0\u1ee3c b\u1ea3o v\u1ec7 b\u1eb1ng t\u1ea5m kim lo\u1ea1i v\u00e0 \u0111\u01b0\u1eddng ray h\u01b0\u1edbng Y \u0111\u01b0\u1ee3c b\u1ea3o v\u1ec7 b\u1eb1ng v\u1ea3i ba l\u1edbp, b\u1ec1 ngo\u00e0i g\u1ecdn g\u00e0ng, hi\u1ec7u qu\u1ea3 b\u1ea3o v\u1ec7 t\u1ed1t, ch\u1eafc ch\u1eafn v\u00e0 b\u1ec1n<\/p>\n<p>IV. Ph\u1ee5 ki\u1ec7n ti\u00eau chu\u1ea9n v\u00e0 t\u00e0i li\u1ec7u k\u1ef9 thu\u1eadt<\/p>\n<p>4.1 <em>Ph\u1ee5 ki\u1ec7n ti\u00eau chu\u1ea9n:<\/em><\/p>\n<p>1. B\u1ed9 b\u00e0n c\u00e2n b\u1eb1ng b\u00e1nh m\u00e0i<\/p>\n<p>2. B\u1ed9 b\u00e1nh m\u00e0i v\u00e0 m\u1eb7t b\u00edch<\/p>\n<p>3. B\u1ed9 t\u1ee7 \u00e1o kim c\u01b0\u01a1ng<\/p>\n<p>4. B\u1ed9 thanh c\u00e2n b\u1eb1ng b\u00e1nh m\u00e0i<\/p>\n<p>5. M\u1ed9t b\u1ed9 mi\u1ebfng \u0111\u1ec7m ch\u00e2n v\u00e0 v\u00edt ch\u00e2n<\/p>\n<p>6. B\u1ed9 c\u1edd l\u00ea d\u1ee5ng c\u1ee5<\/p>\n<p>7. B\u1ed9 h\u1ed9p d\u1ee5ng c\u1ee5<\/p>\n<p>8. M\u1ed9t b\u1ed9 m\u00e2m c\u1eb7p \u0111i\u1ec7n t\u1eeb th\u00f4ng th\u01b0\u1eddng<\/p>\n<p>4.2 <em>T\u00e0i li\u1ec7u k\u1ef9 thu\u1eadt <\/em><\/p>\n<p>1. H\u01b0\u1edbng d\u1eabn v\u1eadn h\u00e0nh m\u00e1y c\u00f4ng c\u1ee5 1 b\u1ea3n<\/p>\n<p>2. S\u01a1 \u0111\u1ed3 n\u1ed1i d\u00e2y \u0111i\u1ec7n 1 b\u1ea3n<\/p>\n<p>3. Kho ph\u1ee5 ki\u1ec7n m\u00e1y c\u00f4ng c\u1ee5: 1 b\u1ea3n<\/p>\n<p>4. Gi\u1ea5y ch\u1ee9ng nh\u1eadn ki\u1ec3m tra \u0111\u1ed9 ch\u00ednh x\u00e1c c\u1ee7a m\u00e1y c\u00f4ng c\u1ee5 (bao g\u1ed3m gi\u1ea5y ch\u1ee9ng nh\u1eadn nghi\u1ec7m thu t\u1ea1i nh\u00e0 m\u00e1y) 1 b\u1ea3n sao<\/p>\n<p>V. C\u00f4ng d\u1ee5ng ch\u00ednh<\/p>\n<p>M\u00e1y c\u00f4ng c\u1ee5 n\u00e0y ch\u1ee7 y\u1ebfu s\u1eed d\u1ee5ng b\u00e1nh m\u00e0i \u0111\u1ec3 m\u00e0i c\u00e1c v\u1eadt li\u1ec7u kh\u00e1c nhau nh\u01b0 th\u00e9p, gang v\u00e0 kim lo\u1ea1i m\u00e0u. T\u00f9y thu\u1ed9c v\u00e0o v\u1eadt li\u1ec7u v\u00e0 h\u00ecnh d\u1ea1ng c\u1ee7a ph\u00f4i, c\u00f3 th\u1ec3 s\u1eed d\u1ee5ng c\u00e1c ph\u01b0\u01a1ng ph\u00e1p k\u1eb9p v\u00e0 \u0111\u1ecbnh v\u1ecb kh\u00e1c nhau. C\u00e1c b\u1ec1 m\u1eb7t ph\u1eb3ng th\u00f4ng th\u01b0\u1eddng c\u00f3 th\u1ec3 \u0111\u01b0\u1ee3c n\u1ed1i \u0111\u1ea5t b\u1eb1ng m\u00e2m c\u1eb7p \u0111i\u1ec7n t\u1eeb ho\u1eb7c g\u1eafn tr\u1ef1c ti\u1ebfp v\u00e0o b\u00e0n l\u00e0m vi\u1ec7c; c\u00e1c b\u1ec1 m\u1eb7t ph\u1eb3ng, c\u00e1c b\u1ec1 m\u1eb7t vu\u00f4ng g\u00f3c, c\u00e1c g\u00f3c t\u00f9y \u00fd, c\u00e1c b\u1ec1 m\u1eb7t \u0111\u1ea7u h\u00ecnh tr\u1ee5, v.v. c\u00f3 th\u1ec3 \u0111\u01b0\u1ee3c n\u1ed1i \u0111\u1ea5t tr\u00ean c\u00e1c \u0111\u1ed3 g\u00e1 (\u0111\u1ed3 g\u00e1 theo y\u00eau c\u1ea7u)<\/p>\n<p>VI. Th\u00f4ng s\u1ed1 k\u1ef9 thu\u1eadt<\/p>\n<table>\n<tbody>\n<tr>\n<td><\/td>\n<td colspan=\"2\">\u89c4\u683c\u7c7b\u522b<\/td>\n<td>\n<h1>KGS-306AH<\/h1>\n<\/td>\n<\/tr>\n<tr>\n<td rowspan=\"5\">\u80fd\u529b<\/td>\n<td colspan=\"2\">\u5de5\u4f5c\u53f0\u5de5\u4f5c\u9762\u79ef<\/p>\n<p>Di\u1ec7n t\u00edch l\u00e0m vi\u1ec7c c\u1ee7a b\u00e0n l\u00e0m vi\u1ec7c<\/td>\n<td>300\u00d7600mm<\/td>\n<\/tr>\n<tr>\n<td colspan=\"2\">\u5de6\u53f3\u6700\u5927\u79fb\u52a8\u91cf<\/p>\n<p>Chuy\u1ec3n \u0111\u1ed9ng tr\u00e1i v\u00e0 ph\u1ea3i t\u1ed1i \u0111a<\/td>\n<td>660mm<\/td>\n<\/tr>\n<tr>\n<td colspan=\"2\">\u524d\u540e\u6700\u5927\u79fb\u52a8\u91cf<\/p>\n<p>Chuy\u1ec3n \u0111\u1ed9ng t\u1ed1i \u0111a ph\u00eda tr\u01b0\u1edbc v\u00e0 ph\u00eda sau<\/td>\n<td>330mm<\/td>\n<\/tr>\n<tr>\n<td colspan=\"2\">\u5de5\u4f5c\u53f0\u9762\u81f3\u4e3b\u8f74\u4e2d\u5fc3\u6700\u5927\u8ddd\u79bb<\/p>\n<p>Kho\u1ea3ng c\u00e1ch t\u1ed1i \u0111a t\u1eeb b\u1ec1 m\u1eb7t l\u00e0m vi\u1ec7c \u0111\u1ebfn t\u00e2m tr\u1ee5c ch\u00ednh<\/td>\n<td>540mm<\/td>\n<\/tr>\n<tr>\n<td colspan=\"2\">\u5de5\u4f5c\u53f0\u6700\u5927\u627f\u53d7\u91cd\u91cf<\/p>\n<p>Tr\u1ecdng l\u01b0\u1ee3ng t\u1ed1i \u0111a c\u1ee7a b\u00e0n l\u00e0m vi\u1ec7c<\/td>\n<td>420kg<\/td>\n<\/tr>\n<tr>\n<td rowspan=\"7\">\u5de5\u4f5c\u53f0<\/td>\n<td colspan=\"2\">\u5de5\u4f5c\u53f0T\u578b\u69fd<\/p>\n<p>B\u00e0n l\u00e0m vi\u1ec7c Khe ch\u1eef T<\/td>\n<td>14mm\u00d71<\/td>\n<\/tr>\n<tr>\n<td colspan=\"2\">\u5de5\u4f5c\u53f0\u901f\u5ea6<\/p>\n<p>T\u1ed1c \u0111\u1ed9 b\u00e0n l\u00e0m vi\u1ec7c<\/td>\n<td>5-25m\/min<\/td>\n<\/tr>\n<tr>\n<td rowspan=\"2\">\u524d\u540e\u624b\u8f6e\u8fdb\u5200<\/p>\n<p>C\u1ea5p li\u1ec7u tay quay tr\u01b0\u1edbc v\u00e0 sau<\/td>\n<td>1\u683c<\/td>\n<td>0.02mm<\/td>\n<\/tr>\n<tr>\n<td>1\u5708<\/p>\n<p>1 v\u00f2ng tr\u00f2n<\/td>\n<td>4mm<\/td>\n<\/tr>\n<tr>\n<td colspan=\"2\">\u524d\u540e\u81ea\u52a8\u8fdb\u7ed9<\/p>\n<p>T\u1ef1 \u0111\u1ed9ng cho \u0103n tr\u01b0\u1edbc v\u00e0 sau<\/td>\n<td>0.1\uff5e10 mm<\/td>\n<\/tr>\n<tr>\n<td rowspan=\"2\">\u524d\u540e\u5feb\u901f\u79fb\u52a8<\/p>\n<p>Chuy\u1ec3n \u0111\u1ed9ng ti\u1ebfn v\u00e0 l\u00f9i nhanh<\/td>\n<td>50HZ<\/td>\n<td>790 mm<\/td>\n<\/tr>\n<tr>\n<td>60HZ<\/td>\n<td>950mm<\/td>\n<\/tr>\n<tr>\n<td rowspan=\"3\">\u7802\u8f6e<\/td>\n<td colspan=\"2\">\u7802\u8f6e\u5c3a\u5bf8<\/p>\n<p>K\u00edch th\u01b0\u1edbc \u0111\u00e1 m\u00e0i<\/td>\n<td>\u03c6355mm\u00d720\uff5e40\u00d7\u03c6127mm<\/td>\n<\/tr>\n<tr>\n<td rowspan=\"2\">\u4e3b\u8f74\u8f6c\u901f<\/p>\n<p>T\u1ed1c \u0111\u1ed9 tr\u1ee5c ch\u00ednh<\/td>\n<td>50HZ<\/td>\n<td>150rpm<\/td>\n<\/tr>\n<tr>\n<td>60HZ<\/td>\n<td>1740rpm<\/td>\n<\/tr>\n<tr>\n<td rowspan=\"3\">\u4e0a<\/p>\n<p>\u4e0b<\/p>\n<p>\u7ed3<\/p>\n<p>\u6784<\/td>\n<td colspan=\"2\">\u4e0a\u4e0b\u5feb\u901f\u79fb\u52a8\u91cf<\/p>\n<p>C\u01a1 c\u1ea5u L\u01b0\u1ee3ng chuy\u1ec3n \u0111\u1ed9ng l\u00ean xu\u1ed1ng nhanh<\/td>\n<td>\uff0f<\/td>\n<\/tr>\n<tr>\n<td rowspan=\"2\">\u4e0a\u4e0b\u624b\u8f6e\u8fdb\u5200<\/p>\n<p>C\u1ea5p li\u1ec7u tay quay l\u00ean xu\u1ed1ng<\/td>\n<td>1\u683c<\/td>\n<td>0.01mm<\/td>\n<\/tr>\n<tr>\n<td>1\u5708<\/td>\n<td>2mm<\/td>\n<\/tr>\n<tr>\n<td rowspan=\"5\">\u9a6c\u8fbe<\/td>\n<td colspan=\"2\">\u4e3b\u8f74\u9a6c\u8fbe<\/p>\n<p>\u0110\u1ed9ng c\u01a1 tr\u1ee5c ch\u00ednh<\/td>\n<td>5HP<\/td>\n<\/tr>\n<tr>\n<td colspan=\"2\">\u4e0a\u4e0b\u9a71\u52a8\u9a6c\u8fbe<\/p>\n<p>\u0110\u1ed9ng c\u01a1 d\u1eabn \u0111\u1ed9ng l\u00ean xu\u1ed1ng<\/td>\n<td>80W<\/td>\n<\/tr>\n<tr>\n<td colspan=\"2\">\u6cb9\u538b\u9a6c\u8fbe<\/p>\n<p>\u0110\u1ed9ng c\u01a1 th\u1ee7y l\u1ef1c<\/td>\n<td>2HP<\/td>\n<\/tr>\n<tr>\n<td colspan=\"2\">\u51b2\u6c34\u9a6c\u8fbe<\/p>\n<p>\u0110\u1ed9ng c\u01a1 x\u1ea3<\/td>\n<td>1\/4HP<\/td>\n<\/tr>\n<tr>\n<td colspan=\"2\">\u524d\u540e\u9a71\u52a8\u9a6c\u8fbe<\/p>\n<p>\u0110\u1ed9ng c\u01a1 d\u1eabn \u0111\u1ed9ng tr\u01b0\u1edbc sau<\/td>\n<td>40 W<\/td>\n<\/tr>\n<tr>\n<td rowspan=\"4\">\u5c3a\u5bf8<\/td>\n<td colspan=\"2\">\u673a\u5668\u9ad8\u5ea6<\/p>\n<p>K\u00edch th\u01b0\u1edbc Chi\u1ec1u cao m\u00e1y<\/td>\n<td>1830mm<\/td>\n<\/tr>\n<tr>\n<td colspan=\"2\">\u5360\u5730\u9762\u79ef<\/p>\n<p>Chi\u1ec1u d\u00e0i m\u00e1y<\/td>\n<td>3500mm\u00d72500 mm<\/td>\n<\/tr>\n<tr>\n<td colspan=\"2\">\u51c0\u91cd<\/p>\n<p>Tr\u1ecdng l\u01b0\u1ee3ng t\u1ecbnh<\/td>\n<td>1750kg<\/td>\n<\/tr>\n<tr>\n<td colspan=\"2\">\u6bdb\u91cd<\/p>\n<p>T\u1ed5ng tr\u1ecdng l\u01b0\u1ee3ng<\/td>\n<td>1950kg<\/td>\n<\/tr>\n<\/tbody>\n<\/table>\n<p>VII. Th\u01b0\u01a1ng hi\u1ec7u v\u00e0 xu\u1ea5t x\u1ee9 ph\u1ee5 ki\u1ec7n ch\u00ednh<\/p>\n<table>\n<tbody>\n<tr>\n<td>\u5e8f\u53f7<\/td>\n<td>\u96f6\u914d\u4ef6\u540d\u79f0<\/td>\n<td>\u54c1\u724c<\/td>\n<td>\u751f\u4ea7\u5730<\/td>\n<\/tr>\n<tr>\n<td>1<\/td>\n<td>\u4e3b\u8f74\u7535\u673a\u0110\u1ed9ng c\u01a1 tr\u1ee5c ch\u00ednh<\/td>\n<td>\u7231\u5f97\u5229Aideli<\/td>\n<td>\u53f0\u6e7e\u0110\u00e0i Loan<\/td>\n<\/tr>\n<tr>\n<td>2<\/td>\n<td>\u4e3b\u8f74tr\u1ee5c ch\u00ednh<\/td>\n<td>KENT<\/td>\n<td>\u53f0\u6e7e\u0110\u00e0i Loan<\/td>\n<\/tr>\n<tr>\n<td>3<\/td>\n<td>\u4e3b\u8f74\u8f74\u627fV\u00f2ng bi tr\u1ee5c<\/td>\n<td>NSK<\/td>\n<td>\u65e5\u672cNh\u1eadt B\u1ea3n<\/td>\n<\/tr>\n<tr>\n<td>4<\/td>\n<td>\u8010\u78e8\u80f6\u7247m\u00e0ng ch\u1ed1ng m\u00e0i m\u00f2n<\/td>\n<td>TRELLEBORG<\/td>\n<td>\u7f8e\u56fdUSA<\/td>\n<\/tr>\n<tr>\n<td>5<\/td>\n<td>\u6db2\u538b\u7cfb\u7edfH\u1ec7 Th\u1ed1ng Th\u1ee7y L\u1ef1c<\/td>\n<td>\u9a8f\u699cJunbang<\/td>\n<td>\u4e2d\u56fd<\/td>\n<\/tr>\n<tr>\n<td>6<\/td>\n<td>\u7535\u78c1\u5438\u76d8M\u00e2m c\u1eb7p \u0111i\u1ec7n t\u1eeb<\/td>\n<td>KENT<\/td>\n<td>\u4e2d\u56fdTrung Qu\u1ed1c<\/td>\n<\/tr>\n<tr>\n<td>7<\/td>\n<td>\u63a5\u89e6\u5668C\u00f4ng t\u1eafc<\/td>\n<td>\u65bd\u8010\u5fb7Schneider<\/td>\n<td>\u4e2d\u56fdTrung Qu\u1ed1c<\/td>\n<\/tr>\n<tr>\n<td>8<\/td>\n<td>\u884c\u7a0b\u5f00\u5173C\u00f4ng t\u1eafc gi\u1edbi h\u1ea1n<\/td>\n<td>\u5929\u5f97Tiande<\/td>\n<td>\u4e2d\u56fdTrung Qu\u1ed1c<\/td>\n<\/tr>\n<tr>\n<td>9<\/td>\n<td>\u94f8\u4ef6v\u1eadt \u0111\u00fac<\/td>\n<td>\n<h2>\u5efa\u5fb7Jiande<\/h2>\n<\/td>\n<td>\u4e2d\u56fdTrung Qu\u1ed1c<\/td>\n<\/tr>\n<tr>\n<td>10<\/td>\n<td>\u4e1d\u6746thanh v\u00edt<\/td>\n<td>\n<h2>\u65b0\u666eXinpu<\/h2>\n<\/td>\n<td>\u53f0\u6e7e\u0110\u00e0i Loan<\/td>\n<\/tr>\n<\/tbody>\n<\/table>\n<p>&nbsp;<\/p>\n","protected":false},"excerpt":{"rendered":"<p>M\u00e1y m\u00e0i b\u1ec1 m\u1eb7t KGS-306AH I. L\u1ecbch s\u1eed v\u00e0 gi\u1edbi thi\u1ec7u c\u00f4ng ty Ng\u00e0y th\u00e0nh l\u1eadp: 03\/07\/1993 \u0110\u1ecba ch\u1ec9 c\u00f4ng ty: S\u1ed1 685, \u0110\u01b0\u1eddng s\u1ed1 1 Thanh \u0110\u00f4ng, Qu\u1eadn Ti\u1ec1n \u0110\u01b0\u1eddng, Th\u00e0nh ph\u1ed1 H\u00e0ng Ch\u00e2u, T\u1ec9nh Chi\u1ebft Giang V\u1ed1n \u0111\u0103ng k\u00fd: 7,5 tri\u1ec7u USD Di\u1ec7n t\u00edch bao ph\u1ee7: 67.000 m\u00e9t vu\u00f4ng S\u1ed1 l\u01b0\u1ee3ng nh\u00e2n vi\u00ean: [&#8230;]\n","protected":false},"featured_media":834,"comment_status":"open","ping_status":"closed","template":"","meta":[],"product_brand":[],"product_cat":[88],"product_tag":[],"class_list":{"0":"post-833","1":"product","2":"type-product","3":"status-publish","4":"has-post-thumbnail","6":"product_cat-okamoto","8":"first","9":"instock","10":"shipping-taxable","11":"product-type-simple"},"_links":{"self":[{"href":"https:\/\/rongsen.com.vn\/vi\/wp-json\/wp\/v2\/product\/833","targetHints":{"allow":["GET"]}}],"collection":[{"href":"https:\/\/rongsen.com.vn\/vi\/wp-json\/wp\/v2\/product"}],"about":[{"href":"https:\/\/rongsen.com.vn\/vi\/wp-json\/wp\/v2\/types\/product"}],"replies":[{"embeddable":true,"href":"https:\/\/rongsen.com.vn\/vi\/wp-json\/wp\/v2\/comments?post=833"}],"wp:featuredmedia":[{"embeddable":true,"href":"https:\/\/rongsen.com.vn\/vi\/wp-json\/wp\/v2\/media\/834"}],"wp:attachment":[{"href":"https:\/\/rongsen.com.vn\/vi\/wp-json\/wp\/v2\/media?parent=833"}],"wp:term":[{"taxonomy":"product_brand","embeddable":true,"href":"https:\/\/rongsen.com.vn\/vi\/wp-json\/wp\/v2\/product_brand?post=833"},{"taxonomy":"product_cat","embeddable":true,"href":"https:\/\/rongsen.com.vn\/vi\/wp-json\/wp\/v2\/product_cat?post=833"},{"taxonomy":"product_tag","embeddable":true,"href":"https:\/\/rongsen.com.vn\/vi\/wp-json\/wp\/v2\/product_tag?post=833"}],"curies":[{"name":"wp","href":"https:\/\/api.w.org\/{rel}","templated":true}]}}