{"id":830,"date":"2024-06-08T06:38:32","date_gmt":"2024-06-08T06:38:32","guid":{"rendered":"https:\/\/rongsen.com.vn\/?post_type=product&#038;p=830"},"modified":"2024-06-08T06:38:32","modified_gmt":"2024-06-08T06:38:32","slug":"may-mai-be-mat-dong-kgs-510ahd","status":"publish","type":"product","link":"https:\/\/rongsen.com.vn\/vi\/product\/may-mai-be-mat-dong-kgs-510ahd\/","title":{"rendered":"M\u00c1Y M\u00c0I B\u1ec0 M\u1eb6T D\u00d2NG KGS-510AHD"},"content":{"rendered":"<p>&nbsp;<\/p>\n<p>M\u00e1y m\u00e0i b\u1ec1 m\u1eb7t KGS-510AHD<\/p>\n<p><img loading=\"lazy\" decoding=\"async\" width=\"973\" height=\"522\" class=\"wp-image-831\" src=\"https:\/\/rongsen.com.vn\/wp-content\/uploads\/2024\/06\/word-image-830-1.png\" srcset=\"https:\/\/rongsen.com.vn\/wp-content\/uploads\/2024\/06\/word-image-830-1.png 973w, https:\/\/rongsen.com.vn\/wp-content\/uploads\/2024\/06\/word-image-830-1-746x400.png 746w, https:\/\/rongsen.com.vn\/wp-content\/uploads\/2024\/06\/word-image-830-1-768x412.png 768w, https:\/\/rongsen.com.vn\/wp-content\/uploads\/2024\/06\/word-image-830-1-600x322.png 600w\" sizes=\"auto, (max-width: 973px) 100vw, 973px\" \/><\/p>\n<p>I. L\u1ecbch s\u1eed v\u00e0 gi\u1edbi thi\u1ec7u c\u00f4ng ty<\/p>\n<p>Ng\u00e0y th\u00e0nh l\u1eadp: 03\/07\/1993<\/p>\n<p>\u0110\u1ecba ch\u1ec9 c\u00f4ng ty: S\u1ed1 58, \u0111\u01b0\u1eddng Jianshe 2, Khu ph\u00e1t tri\u1ec3n kinh t\u1ebf v\u00e0 c\u00f4ng ngh\u1ec7 Ti\u00eau S\u01a1n, t\u1ec9nh Chi\u1ebft Giang<\/p>\n<p>V\u1ed1n \u0111\u0103ng k\u00fd: 7,5 tri\u1ec7u USD<\/p>\n<p>Di\u1ec7n t\u00edch bao ph\u1ee7: 67.000 m\u00e9t vu\u00f4ng<\/p>\n<p>S\u1ed1 l\u01b0\u1ee3ng nh\u00e2n vi\u00ean: 250 (2015)<\/p>\n<p>Chi\u1ebft Giang Rongde Machinery Co., Ltd. l\u00e0 c\u00f4ng ty con 100% v\u1ed1n c\u1ee7a T\u1eadp \u0111o\u00e0n C\u00f4ng nghi\u1ec7p Jiande \u0110\u00e0i Loan, \u0111\u01b0\u1ee3c th\u00e0nh l\u1eadp t\u1ea1i Trung Qu\u1ed1c \u0111\u1ea1i l\u1ee5c v\u00e0o n\u0103m 1993 v\u1edbi h\u01a1n 50 n\u0103m kinh nghi\u1ec7m trong l\u0129nh v\u1ef1c s\u1ea3n xu\u1ea5t trung t\u00e2m gia c\u00f4ng \u0111\u1ee9ng CNC, m\u00e1y m\u00e0i b\u1ec1 m\u1eb7t ch\u00ednh x\u00e1c, m\u00e1y m\u00e0i tr\u1ee5 CNC v\u00e0 m\u00e1y phay Doanh s\u1ed1 b\u00e1n m\u00e1y c\u00f4ng c\u1ee5 trung b\u00ecnh h\u00e0ng th\u00e1ng v\u01b0\u1ee3t qu\u00e1 300 chi\u1ebfc. C\u00e1c m\u00e1y c\u00f4ng c\u1ee5 \u0111\u01b0\u1ee3c s\u1ea3n xu\u1ea5t \u0111\u00e3 tr\u1ea3i qua qu\u00e1 tr\u00ecnh ki\u1ec3m tra nghi\u00eam ng\u1eb7t v\u00e0 \u0111\u00e3 v\u01b0\u1ee3t qua ch\u1ee9ng nh\u1eadn ISO 9001, ISO14001 v\u00e0 nhi\u1ec1u ch\u1ee9ng nh\u1eadn ch\u1ec9 s\u1ed1 an to\u00e0n qu\u1ed1c gia kh\u00e1c nhau. S\u1ea3n ph\u1ea9m c\u1ee7a t\u1eadp \u0111o\u00e0n \u0111\u01b0\u1ee3c xu\u1ea5t kh\u1ea9u sang 35 qu\u1ed1c gia v\u00e0 khu v\u1ef1c bao g\u1ed3m Hoa K\u1ef3, \u0110\u1ee9c, Ph\u00e1p, Nh\u1eadt B\u1ea3n, T\u00e2y Ban Nha, Brazil v\u00e0 \u0110\u00f4ng Nam \u00c1 \u0111\u00e3 tr\u1edf th\u00e0nh th\u01b0\u01a1ng hi\u1ec7u m\u00e1y c\u00f4ng c\u1ee5 n\u1ed5i ti\u1ebfng th\u1ebf gi\u1edbi.<\/p>\n<p>Trong 20 n\u0103m qua k\u1ec3 t\u1eeb khi th\u00e0nh l\u1eadp t\u1ea1i Trung Qu\u1ed1c, c\u00f4ng ty \u0111\u00e3 t\u00edch c\u1ef1c \u0111\u1ea7u t\u01b0 v\u00e0o ph\u00e1t tri\u1ec3n ng\u00e0nh c\u00f4ng nghi\u1ec7p m\u00e1y c\u00f4ng c\u1ee5 c\u1ee7a Trung Qu\u1ed1c v\u00e0 li\u00ean t\u1ee5c gi\u1edbi thi\u1ec7u c\u00e1c thi\u1ebft b\u1ecb ph\u1ee9c t\u1ea1p nh\u01b0 trung t\u00e2m gia c\u00f4ng ngang nhi\u1ec1u b\u00e0n, trung t\u00e2m gia c\u00f4ng ng\u0169 di\u1ec7n gi\u00e0n, m\u00e1y phay c\u1ed5ng CNC v\u00e0 D\u1ee5ng c\u1ee5 \u0111o ba chi\u1ec1u TSEA c\u1ee7a Th\u1ee5y S\u0129, d\u1ee5ng c\u1ee5 laser HP c\u1ee7a M\u1ef9 v\u00e0 c\u00e1c thi\u1ebft b\u1ecb th\u1eed nghi\u1ec7m kh\u00e1c, sau \u0111\u00f3 s\u1eed d\u1ee5ng s\u1ee9c m\u1ea1nh k\u1ef9 thu\u1eadt c\u1ee7a ri\u00eang m\u00ecnh \u0111\u1ec3 s\u1ea3n xu\u1ea5t h\u01a1n 30.000 m\u00e1y c\u00f4ng c\u1ee5 thu\u1ed9c b\u1ed1n d\u00f2ng v\u00e0 h\u01a1n 20 lo\u1ea1i \u0111\u1ec3 ph\u1ee5c v\u1ee5 \u00f4 t\u00f4, h\u00e0ng kh\u00f4ng v\u0169 tr\u1ee5, thi\u1ebft b\u1ecb \u0111i\u1ec7n, s\u1ea3n xu\u1ea5t m\u00e1y m\u00f3c \u0111i\u1ec7n t\u1eed v\u00e0 c\u00e1c ng\u00e0nh c\u00f4ng nghi\u1ec7p kh\u00e1c.<\/p>\n<p>C\u00e1c c\u00f4ng ty ch\u1ec9 \u0111\u1ecbnh bao g\u1ed3m: Aerospace 23 Institute, BYD Auto, Sharp Mold, Crowning Mold, Wuxi Guosheng, Hongzhun Precision Mold, Dalian Panqi, T\u1ee9 Xuy\u00ean Changhong, Midea Group, General Electric, Thi\u00ean T\u00e2n LG, Mitsubishi Electric, China Resources Sanyo, China Italian Compression, M\u00e1y t\u00ednh ASUS, V\u0103n ph\u00f2ng ph\u1ea9m Changlong Thanh \u0110\u1ea3o, Wahaha, Eagle Ceramics, IUKI Heavy Machinery, Hexing Electronics, c\u0169ng nh\u01b0 c\u00e1c tr\u01b0\u1eddng cao \u0111\u1eb3ng v\u00e0 \u0111\u1ea1i h\u1ecdc qu\u1ed1c gia v\u00e0 c\u00e1c doanh nghi\u1ec7p v\u1eeba v\u00e0 nh\u1ecf nh\u01b0 \u0110\u1ea1i h\u1ecdc Giao th\u00f4ng Th\u01b0\u1ee3ng H\u1ea3i v\u00e0 Cao \u0111\u1eb3ng \u0110i\u1ec7n t\u1eed Th\u00e0nh \u0110\u00f4, c\u0169ng nh\u01b0 gi\u1edbi tinh hoa c\u00e1 nh\u00e2n s\u1eed d\u1ee5ng &#8220;KENT&#8221; nh\u1edd \u0111\u00f3 \u0111\u1ea1t \u0111\u01b0\u1ee3c hi\u1ec7u qu\u1ea3 v\u00e0 l\u1ee3i nhu\u1eadn.<\/p>\n<p><img loading=\"lazy\" decoding=\"async\" width=\"973\" height=\"522\" class=\"wp-image-832\" src=\"https:\/\/rongsen.com.vn\/wp-content\/uploads\/2024\/06\/word-image-830-2.png\" srcset=\"https:\/\/rongsen.com.vn\/wp-content\/uploads\/2024\/06\/word-image-830-2.png 973w, https:\/\/rongsen.com.vn\/wp-content\/uploads\/2024\/06\/word-image-830-2-746x400.png 746w, https:\/\/rongsen.com.vn\/wp-content\/uploads\/2024\/06\/word-image-830-2-768x412.png 768w, https:\/\/rongsen.com.vn\/wp-content\/uploads\/2024\/06\/word-image-830-2-600x322.png 600w\" sizes=\"auto, (max-width: 973px) 100vw, 973px\" \/><\/p>\n<p>II. Ngu\u1ed3n \u0111i\u1ec7n c\u1ee7a m\u00e1y c\u00f4ng c\u1ee5 v\u00e0 \u0111i\u1ec1u ki\u1ec7n m\u00f4i tr\u01b0\u1eddng v\u1eadn h\u00e0nh<\/p>\n<p>2.1 Y\u00eau c\u1ea7u v\u1ec1 ngu\u1ed3n \u0111i\u1ec7n:<\/p>\n<p>\u0110i\u1ec7n \u00e1p ngu\u1ed3n: 380V\u00b110%<\/p>\n<p>Ngu\u1ed3n \u0111i\u1ec7n: 20KVA<\/p>\n<p>T\u1ea7n s\u1ed1 ngu\u1ed3n: 50\u221560 HZ\u00b12%<\/p>\n<p>Ng\u1eafn m\u1ea1ch ch\u00ednh: 10A<\/p>\n<p>2.2 \u0110i\u1ec1u ki\u1ec7n m\u00f4i tr\u01b0\u1eddng ho\u1ea1t \u0111\u1ed9ng:<\/p>\n<p>\u0110\u1ed9 \u1ea9m t\u01b0\u01a1ng \u0111\u1ed1i: 35\uff5e90%R\/H (kh\u00f4ng ng\u01b0ng t\u1ee5)<\/p>\n<p>Nhi\u1ec7t \u0111\u1ed9 m\u00f4i tr\u01b0\u1eddng xung quanh: 0\u00b0C-40\u00b0C<\/p>\n<p>M\u00f4i tr\u01b0\u1eddng kh\u00f4ng kh\u00ed: m\u00f4i tr\u01b0\u1eddng kh\u00f4ng \u0103n m\u00f2n<\/p>\n<p>\u00c1nh s\u00e1ng: nhi\u1ec1u, th\u00f4ng gi\u00f3 t\u1ed1t<\/p>\n<p>M\u00e1y c\u00f4ng c\u1ee5 ph\u1ea3i ho\u1ea1t \u0111\u1ed9ng \u1ed5n \u0111\u1ecbnh trong th\u1eddi gian d\u00e0i trong m\u00f4i tr\u01b0\u1eddng l\u00e0m vi\u1ec7c tr\u00ean.<\/p>\n<p>2. 3 Kh\u00f4ng gian v\u1eadn h\u00e0nh v\u00e0 b\u1ea3o tr\u00ec:<\/p>\n<p>K\u00edch th\u01b0\u1edbc c\u1ee7a m\u00e1y KGS-510AHD l\u00e0 chi\u1ec1u d\u00e0i 4445mm, chi\u1ec1u r\u1ed9ng 2200mm v\u00e0 chi\u1ec1u cao 2400mm. V\u00ec l\u00fd do an to\u00e0n v\u00e0 thu\u1eadn ti\u1ec7n trong v\u1eadn h\u00e0nh v\u00e0 b\u1ea3o tr\u00ec n\u00ean kh\u00f4ng gian ph\u1ea3i l\u1edbn h\u01a1n k\u00edch th\u01b0\u1edbc c\u1ee7a m\u00e1y.<\/p>\n<p>III. M\u00f4 t\u1ea3 s\u1ea3n ph\u1ea9m<\/p>\n<p>3.1. M\u00e1y m\u00e0i b\u1ec1 m\u1eb7t s\u1eed d\u1ee5ng c\u1ea5u tr\u00fac c\u00f3 th\u1ec3 di chuy\u1ec3n theo c\u1ed9t, ngh\u0129a l\u00e0 m\u1ed9t c\u1ed9t duy nh\u1ea5t c\u1ee7a \u0111\u1ea7u m\u00e0i \u0111\u01b0\u1ee3c c\u1ed1 \u0111\u1ecbnh tr\u00ean \u0111\u1ebf, c\u1ed9t di chuy\u1ec3n ti\u1ebfn v\u00e0 l\u00f9i v\u00e0 b\u00e0n l\u00e0m vi\u1ec7c di chuy\u1ec3n sang tr\u00e1i v\u00e0 ph\u1ea3i. B\u00e0n l\u00e0m vi\u1ec7c di chuy\u1ec3n sang tr\u00e1i v\u00e0 ph\u1ea3i (h\u01b0\u1edbng X) tr\u00ean \u0111\u1ebf m\u00e1y ch\u00ednh. Th\u00e2n \u0111\u1ea7u m\u00e0i tr\u1ee5c ch\u00ednh \u0111\u01b0\u1ee3c c\u1ed1 \u0111\u1ecbnh tr\u00ean c\u1ed9t v\u00e0 di chuy\u1ec3n l\u00ean xu\u1ed1ng (h\u01b0\u1edbng Y). C\u1ed9t di chuy\u1ec3n tr\u01b0\u1edbc v\u00e0 sau (h\u01b0\u1edbng Z) d\u1ecdc theo m\u00e1y ch\u00ednh. .<\/p>\n<p>3.2. C\u00e1c c\u1ed9t, b\u1ed9 ph\u1eadn ch\u00ednh v\u00e0 \u0111\u1ea7u m\u00e1y \u0111\u1ec1u \u0111\u01b0\u1ee3c l\u00e0m b\u1eb1ng gang cao c\u1ea5p. Ph\u1ea7n m\u1ec1m m\u00e1y t\u00ednh ba chi\u1ec1u \u0111\u01b0\u1ee3c s\u1eed d\u1ee5ng \u0111\u1ec3 h\u1ed7 tr\u1ee3 thi\u1ebft k\u1ebf t\u1ed1i \u01b0u h\u00f3a vi\u1ec7c chu\u1ea9n b\u1ecb c\u00e1c ch\u1ea5t t\u0103ng c\u1ee9ng b\u00ean trong c\u1ee7a k\u1ebft c\u1ea5u \u0111\u01b0\u1ee3c ph\u00e2n t\u00edch v\u00e0 gi\u1ea3m \u1ee9ng su\u1ea5t. N\u00f3 \u0111\u01b0\u1ee3c t\u0103ng c\u01b0\u1eddng b\u1eb1ng c\u00e1c ch\u1ea5t t\u0103ng c\u1ee9ng d\u00e0y \u0111\u1ec3 c\u1ea3i thi\u1ec7n \u0111\u1ed9 d\u1ebbo dai v\u00e0 ng\u0103n ng\u1eeba bi\u1ebfn d\u1ea1ng.<\/p>\n<p>3.3. Tr\u1ee5c X s\u1eed d\u1ee5ng m\u1ed9t tr\u1ea1m th\u1ee7y l\u1ef1c \u0111\u1ed9c l\u1eadp v\u00e0 xi lanh th\u1ee7y l\u1ef1c \u0111\u1ec3 \u0111\u1ea9y b\u00e0n l\u00e0m vi\u1ec7c qua l\u1ea1i tr\u00ean \u0111\u1ebf ch\u00ednh \u0111\u1ec3 \u0111\u1ea1t \u0111\u01b0\u1ee3c chuy\u1ec3n \u0111\u1ed9ng tr\u1ee5c X tr\u01a1n tru v\u00e0 tr\u01a1n tru. S\u1ef1 t\u0103ng nhi\u1ec7t \u0111\u1ed9 c\u1ee7a nhi\u1ec7t \u0111\u1ed9 d\u1ea7u s\u1ebd kh\u00f4ng c\u00f3 b\u1ea5t k\u1ef3 t\u00e1c \u0111\u1ed9ng n\u00e0o \u0111\u1ebfn s\u1ef1 bi\u1ebfn d\u1ea1ng c\u1ee7a \u0111\u1ed9ng c\u01a1 ch\u00ednh.<\/p>\n<p>3.4. Ray d\u1eabn h\u01b0\u1edbng tr\u1ee5c X, tr\u1ee5c Y, tr\u1ee5c Z v\u00e0 v\u00edt<\/p>\n<p>c\u1ea3 Control, vi\u1ec7c x\u1eed l\u00fd v\u1eadt \u0111\u00fac v\u1eeba v\u00e0 nh\u1ecf c\u00e0ng ch\u1ee9ng t\u1ecf t\u00ednh d\u1ec5 s\u1eed d\u1ee5ng c\u1ee7a n\u00f3.<\/p>\n<p>3.4.2 To\u00e0n b\u1ed9 b\u1ed9 ray tr\u01b0\u1ee3t tr\u1ee5c Y \u0111\u01b0\u1ee3c l\u00e0m c\u1ee9ng. \u0110\u1ed9 c\u1ee9ng c\u1ee7a ray tr\u01b0\u1ee3t l\u00e0 HRC50\u00b13\u00b0. \u0110\u1ebf \u0111\u1ea7u \u0111\u01b0\u1ee3c m\u00e0i ch\u00ednh x\u00e1c v\u00e0 \u0111\u01b0\u1ee3c trang b\u1ecb Turcit-B ch\u1ed1ng m\u00e0i m\u00f2n. N\u00f3 c\u00f3 \u0111\u1eb7c t\u00ednh h\u1ea5p th\u1ee5 s\u1ed1c h\u1ec7 s\u1ed1 ma s\u00e1t th\u1ea5p. chuy\u1ec3n \u0111\u1ed9ng tr\u01a1n tru.<\/p>\n<p>3.4.3 C\u1ea3 tr\u1ee5c Y v\u00e0 tr\u1ee5c Z \u0111\u1ec1u s\u1eed d\u1ee5ng v\u00edt h\u00ecnh thang ch\u00ednh x\u00e1c, d\u1ea7u tu\u1ea7n ho\u00e0n tu\u1ea7n ho\u00e0n b\u00f4i tr\u01a1n cho v\u00edt gi\u00fap v\u00edt chuy\u1ec3n \u0111\u1ed9ng \u00eam \u00e1i v\u00e0 \u0111\u1ea1t \u0111\u01b0\u1ee3c \u0111\u1ed9 m\u00e0i m\u00f2n c\u1ee7a v\u00edt th\u1ea5p nh\u1ea5t.<\/p>\n<p>3.5 Nh\u00f3m tr\u1ee5c ch\u00ednh<\/p>\n<p>Tr\u1ee5c ch\u00ednh \u0111\u01b0\u1ee3c s\u1ea3n xu\u1ea5t b\u1edfi T\u1eadp \u0111o\u00e0n Jiande c\u1ee7a \u0110\u00e0i Loan v\u00e0 \u0111\u01b0\u1ee3c trang b\u1ecb v\u00f2ng bi c\u00f3 \u0111\u1ed9 ch\u00ednh x\u00e1c cao NSK nguy\u00ean b\u1ea3n c\u1ee7a Nh\u1eadt B\u1ea3n. \u0110\u1ed9 ch\u00ednh x\u00e1c c\u00f3 th\u1ec3 \u0111\u1ea1t t\u1edbi 0,002mm v\u00e0 kh\u00f4ng c\u1ea7n tra d\u1ea7u su\u1ed1t \u0111\u1eddi.<\/p>\n<p>3.6 B\u00f4i tr\u01a1n<\/p>\n<p>S\u1eed d\u1ee5ng h\u1ec7 th\u1ed1ng b\u00f4i tr\u01a1n tu\u1ea7n ho\u00e0n t\u1ef1 \u0111\u1ed9ng \u0111\u1ec3 cung c\u1ea5p d\u1ea7u cho t\u1eebng ray d\u1eabn h\u01b0\u1edbng v\u00e0 v\u00edt me. H\u1ec7 th\u1ed1ng n\u00e0y \u0111\u1ea3m b\u1ea3o r\u1eb1ng t\u1ea5t c\u1ea3 c\u00e1c khu v\u1ef1c quan tr\u1ecdng lu\u00f4n nh\u1eadn \u0111\u01b0\u1ee3c l\u01b0\u1ee3ng b\u00f4i tr\u01a1n ph\u00f9 h\u1ee3p.<\/p>\n<p>3.7 Lo\u1ea1i b\u1ecf v\u1ea3y<\/p>\n<p>C\u00f3 th\u1ec3 l\u1ef1a ch\u1ecdn b\u1ed9 t\u00e1ch t\u1eeb ho\u1eb7c b\u1ed9 l\u1ecdc b\u0103ng gi\u1ea5y theo y\u00eau c\u1ea7u x\u1eed l\u00fd c\u1ee7a kh\u00e1ch h\u00e0ng.<\/p>\n<p>3.8 B\u1ea3o v\u1ec7 m\u00e1y c\u00f4ng c\u1ee5<\/p>\n<p>H\u01b0\u1edbng X \u0111\u01b0\u1ee3c b\u1ea3o v\u1ec7 b\u1eb1ng v\u1ea3i ba l\u1edbp, c\u00f2n c\u00e1c ray h\u01b0\u1edbng Y v\u00e0 h\u01b0\u1edbng Z \u0111\u01b0\u1ee3c b\u1ea3o v\u1ec7 b\u1eb1ng t\u1ea5m kim lo\u1ea1i. N\u00f3 c\u00f3 v\u1ebb ngo\u00e0i s\u1ea1ch s\u1ebd, hi\u1ec7u qu\u1ea3 b\u1ea3o v\u1ec7 t\u1ed1t, ch\u1eafc ch\u1eafn v\u00e0 b\u1ec1n b\u1ec9.<\/p>\n<p>IV. Ph\u1ee5 ki\u1ec7n ti\u00eau chu\u1ea9n v\u00e0 t\u00e0i li\u1ec7u k\u1ef9 thu\u1eadt ng\u1eabu nhi\u00ean<\/p>\n<p>4.1 Ph\u1ee5 ki\u1ec7n ti\u00eau chu\u1ea9n:<\/p>\n<p>1. B\u1ed9 b\u00e0n c\u00e2n b\u1eb1ng \u0111\u00e1 m\u00e0i<\/p>\n<p>2. B\u1ed9 b\u00e1nh m\u00e0i v\u00e0 m\u1eb7t b\u00edch<\/p>\n<p>3. B\u1ed9 t\u1ee7 \u00e1o kim c\u01b0\u01a1ng<\/p>\n<p>4. B\u1ed9 thanh c\u00e2n b\u1eb1ng b\u00e1nh m\u00e0i<\/p>\n<p>5. M\u1ed9t b\u1ed9 mi\u1ebfng \u0111\u1ec7m ch\u00e2n v\u00e0 v\u00edt ch\u00e2n<\/p>\n<p>6. B\u1ed9 c\u1edd l\u00ea d\u1ee5ng c\u1ee5<\/p>\n<p>7. B\u1ed9 h\u1ed9p d\u1ee5ng c\u1ee5<\/p>\n<p>8. M\u1ed9t b\u1ed9 m\u00e2m c\u1eb7p \u0111i\u1ec7n t\u1eeb th\u00f4ng th\u01b0\u1eddng<\/p>\n<p>4.2 B\u00e0i vi\u1ebft k\u1ef9 thu\u1eadt ng\u1eabu nhi\u00ean<\/p>\n<p>1. 1 s\u1ed5 tay h\u01b0\u1edbng d\u1eabn v\u1eadn h\u00e0nh m\u00e1y c\u00f4ng c\u1ee5<\/p>\n<p>2. 1 b\u1ea3n s\u01a1 \u0111\u1ed3 n\u1ed1i d\u00e2y \u0111i\u1ec7n<\/p>\n<p>3. Gi\u1ea5y ch\u1ee9ng nh\u1eadn ki\u1ec3m tra \u0111\u1ed9 ch\u00ednh x\u00e1c c\u1ee7a m\u00e1y c\u00f4ng c\u1ee5 (bao g\u1ed3m gi\u1ea5y ch\u1ee9ng nh\u1eadn nghi\u1ec7m thu t\u1ea1i nh\u00e0 m\u00e1y) 1 b\u1ea3n sao<\/p>\n<p>V. C\u00f4ng d\u1ee5ng ch\u00ednh<\/p>\n<p>M\u00e1y c\u00f4ng c\u1ee5 n\u00e0y ch\u1ee7 y\u1ebfu s\u1eed d\u1ee5ng b\u00e1nh m\u00e0i \u0111\u1ec3 m\u00e0i c\u00e1c v\u1eadt li\u1ec7u kh\u00e1c nhau nh\u01b0 th\u00e9p, gang v\u00e0 kim lo\u1ea1i m\u00e0u. T\u00f9y thu\u1ed9c v\u00e0o v\u1eadt li\u1ec7u v\u00e0 h\u00ecnh d\u1ea1ng c\u1ee7a ph\u00f4i, c\u00f3 th\u1ec3 s\u1eed d\u1ee5ng c\u00e1c ph\u01b0\u01a1ng ph\u00e1p k\u1eb9p v\u00e0 \u0111\u1ecbnh v\u1ecb kh\u00e1c nhau. C\u00e1c b\u1ec1 m\u1eb7t ph\u1eb3ng th\u00f4ng th\u01b0\u1eddng c\u00f3 th\u1ec3 \u0111\u01b0\u1ee3c n\u1ed1i \u0111\u1ea5t b\u1eb1ng m\u00e2m c\u1eb7p \u0111i\u1ec7n t\u1eeb ho\u1eb7c g\u1eafn tr\u1ef1c ti\u1ebfp v\u00e0o b\u00e0n l\u00e0m vi\u1ec7c; c\u00e1c b\u1ec1 m\u1eb7t ph\u1eb3ng, c\u00e1c b\u1ec1 m\u1eb7t vu\u00f4ng g\u00f3c, c\u00e1c g\u00f3c t\u00f9y \u00fd, c\u00e1c b\u1ec1 m\u1eb7t \u0111\u1ea7u h\u00ecnh tr\u1ee5, v.v. c\u00f3 th\u1ec3 \u0111\u01b0\u1ee3c n\u1ed1i \u0111\u1ea5t tr\u00ean c\u00e1c \u0111\u1ed3 g\u00e1 (\u0111\u1ed3 g\u00e1 theo y\u00eau c\u1ea7u).<\/p>\n<p>VI. Th\u00f4ng s\u1ed1 k\u1ef9 thu\u1eadt c\u01a1 kh\u00ed<\/p>\n<table>\n<tbody>\n<tr>\n<td><\/td>\n<td colspan=\"2\">\u89c4\u683c\u7c7b\u522b<\/p>\n<p>Th\u00f4ng s\u1ed1 k\u1ef9 thu\u1eadt<\/td>\n<td>\n<h1>KGS-510AHD<\/h1>\n<\/td>\n<\/tr>\n<tr>\n<td rowspan=\"5\">\u80fd\u529b<\/td>\n<td colspan=\"2\">\u5de5\u4f5c\u53f0\u5de5\u4f5c\u9762\u79ef<\/p>\n<p>C\u00f4ng su\u1ea5t b\u00e0n l\u00e0m vi\u1ec7c khu v\u1ef1c l\u00e0m vi\u1ec7c<\/td>\n<td>1000\u00d7500mm<\/td>\n<\/tr>\n<tr>\n<td colspan=\"2\">\u5de6\u53f3\u6700\u5927\u79fb\u52a8\u91cf<\/p>\n<p>Chuy\u1ec3n \u0111\u1ed9ng tr\u00e1i v\u00e0 ph\u1ea3i t\u1ed1i \u0111a<\/td>\n<td>1140mm<\/td>\n<\/tr>\n<tr>\n<td colspan=\"2\">\u524d\u540e\u6700\u5927\u79fb\u52a8\u91cf<\/p>\n<p>Chuy\u1ec3n \u0111\u1ed9ng ph\u00eda tr\u01b0\u1edbc v\u00e0 ph\u00eda sau t\u1ed1i \u0111a<\/td>\n<td>540mm<\/td>\n<\/tr>\n<tr>\n<td colspan=\"2\">\u5de5\u4f5c\u53f0\u9762\u81f3\u4e3b\u8f74\u4e2d\u5fc3\u6700\u5927\u8ddd\u79bb<\/p>\n<p>Kho\u1ea3ng c\u00e1ch t\u1ed1i \u0111a t\u1eeb b\u1ec1 m\u1eb7t l\u00e0m vi\u1ec7c \u0111\u1ebfn t\u00e2m tr\u1ee5c ch\u00ednh l\u00e0<\/td>\n<td>570(\u9009\u914d770mm\uff09<\/td>\n<\/tr>\n<tr>\n<td colspan=\"2\">\u5de5\u4f5c\u53f0\u6700\u5927\u627f\u53d7\u91cd\u91cf<\/p>\n<p>Tr\u1ecdng l\u01b0\u1ee3ng t\u1ed1i \u0111a c\u1ee7a b\u00e0n l\u00e0m vi\u1ec7c l\u00e0<\/td>\n<td>800kg<\/td>\n<\/tr>\n<tr>\n<td rowspan=\"6\">\u5de5\u4f5c\u53f0<\/td>\n<td colspan=\"2\">\u5de5\u4f5c\u53f0T\u578b\u69fd<\/p>\n<p>B\u00e0n l\u00e0m vi\u1ec7c Khe ch\u1eef T<\/td>\n<td>14mm\u00d73<\/td>\n<\/tr>\n<tr>\n<td colspan=\"2\">\u5de5\u4f5c\u53f0\u901f\u5ea6<\/p>\n<p>T\u1ed1c \u0111\u1ed9 b\u00e0n l\u00e0m vi\u1ec7c<\/td>\n<td>5-25m\/min<\/td>\n<\/tr>\n<tr>\n<td rowspan=\"2\">\u524d\u540e\u624b\u8f6e\u8fdb\u5200<\/p>\n<p>C\u1ea5p li\u1ec7u tay quay tr\u01b0\u1edbc v\u00e0 sau<\/td>\n<td>1\u683c<\/td>\n<td>0.02mm<\/td>\n<\/tr>\n<tr>\n<td>1\u5708<\/td>\n<td>5mm<\/td>\n<\/tr>\n<tr>\n<td colspan=\"2\">\u524d\u540e\u81ea\u52a8\u8fdb\u7ed9<\/p>\n<p>T\u1ef1 \u0111\u1ed9ng n\u1ea1p tr\u01b0\u1edbc v\u00e0 sau<\/td>\n<td>0.1-10 mm<\/td>\n<\/tr>\n<tr>\n<td>\u524d\u540e\u5feb\u901f\u79fb\u52a8<\/p>\n<p>Chuy\u1ec3n \u0111\u1ed9ng ti\u1ebfn v\u00e0 l\u00f9i nhanh<\/td>\n<td>50HZ<\/td>\n<td>1250 mm<\/td>\n<\/tr>\n<tr>\n<td rowspan=\"2\">\u7802\u8f6e<\/td>\n<td colspan=\"2\">\u7802\u8f6e\u5c3a\u5bf8<\/p>\n<p>\u0110\u00e1 m\u00e0i K\u00edch th\u01b0\u1edbc \u0111\u00e1 m\u00e0i<\/td>\n<td>\u03c6355mm\u00d720-40\u00d7\u03c6127mm<\/td>\n<\/tr>\n<tr>\n<td>\u4e3b\u8f74\u8f6c\u901f<\/p>\n<p>T\u1ed1c \u0111\u1ed9 tr\u1ee5c ch\u00ednh<\/td>\n<td>50HZ<\/td>\n<td>1450rpm<\/td>\n<\/tr>\n<tr>\n<td rowspan=\"4\">\u4e0a\u4e0b\u7ed3\u6784<\/td>\n<td rowspan=\"2\">\u4e0a\u4e0b\u624b\u8f6e\u8fdb\u5200<\/p>\n<p>C\u1ea5u tr\u00fac tr\u00ean v\u00e0 d\u01b0\u1edbi Ngu\u1ed3n c\u1ea5p d\u1eef li\u1ec7u b\u00e1nh xe tay tr\u00ean v\u00e0 d\u01b0\u1edbi 1 l\u01b0\u1edbi<\/td>\n<td>1\u683c<\/td>\n<td>0.002mm<\/td>\n<\/tr>\n<tr>\n<td>1\u56de\u8f6c<\/p>\n<p><em>1 v\u00f2ng quay<\/em><\/td>\n<td>0.5mm<\/td>\n<\/tr>\n<tr>\n<td colspan=\"2\">\u81ea\u52a8\u8fdb\u7ed9\u91cf<\/p>\n<p>L\u01b0\u1ee3ng n\u1ea1p t\u1ef1 \u0111\u1ed9ng<\/td>\n<td>0.005-0.04<\/td>\n<\/tr>\n<tr>\n<td colspan=\"2\">\u4e0a\u4e0b\u5feb\u901f\u79fb\u52a8\u91cf<\/p>\n<p>Chuy\u1ec3n \u0111\u1ed9ng l\u00ean xu\u1ed1ng nhanh ch\u00f3ng<\/td>\n<td>230m\/min<\/td>\n<\/tr>\n<tr>\n<td rowspan=\"5\">\u9a6c\u8fbe<\/td>\n<td colspan=\"2\">\u4e3b\u8f74\u9a6c\u8fbe<\/p>\n<p>\u0110\u1ed9ng c\u01a1 tr\u1ee5c ch\u00ednh<\/td>\n<td>7.5H\u00d74P<\/td>\n<\/tr>\n<tr>\n<td colspan=\"2\">\u4e0a\u4e0b\u9a71\u52a8\u9a6c\u8fbe<\/p>\n<p>\u0110\u1ed9ng c\u01a1 d\u1eabn \u0111\u1ed9ng l\u00ean xu\u1ed1ng<\/td>\n<td>1\uff0f2\u00d74<\/td>\n<\/tr>\n<tr>\n<td colspan=\"2\">\u6cb9\u538b\u9a6c\u8fbe<\/p>\n<p>\u0110\u1ed9ng c\u01a1 th\u1ee7y l\u1ef1c<\/td>\n<td>3H\u00d76P<\/td>\n<\/tr>\n<tr>\n<td colspan=\"2\">\u51b2\u6c34\u9a6c\u8fbe<\/p>\n<p>\u0110\u1ed9ng c\u01a1 x\u1ea3<\/td>\n<td>1\/4H\u00d72P<\/td>\n<\/tr>\n<tr>\n<td colspan=\"2\">\u524d\u540e\u9a71\u52a8\u9a6c\u8fbe<\/p>\n<p>\u0110\u1ed9ng c\u01a1 d\u1eabn \u0111\u1ed9ng tr\u01b0\u1edbc sau<\/td>\n<td>1\uff0f4\u00d76<\/td>\n<\/tr>\n<tr>\n<td rowspan=\"4\">\u5c3a\u5bf8<\/td>\n<td colspan=\"2\">\u673a\u5668\u9ad8\u5ea6<\/p>\n<p>K\u00edch th\u01b0\u1edbc Chi\u1ec1u cao m\u00e1y<\/td>\n<td>2400mm<\/td>\n<\/tr>\n<tr>\n<td colspan=\"2\">\u5360\u5730\u9762\u79ef<\/p>\n<p>Di\u1ec7n t\u00edch s\u00e0n<\/td>\n<td>4445mm\u00d72200 mm<\/td>\n<\/tr>\n<tr>\n<td colspan=\"2\">\u51c0\u91cd<\/p>\n<p>Tr\u1ecdng l\u01b0\u1ee3ng t\u1ecbnh<\/td>\n<td>5000kg<\/td>\n<\/tr>\n<tr>\n<td colspan=\"2\">\u6bdb\u91cd<\/p>\n<p>T\u1ed5ng tr\u1ecdng l\u01b0\u1ee3ng<\/td>\n<td>6000kg<\/td>\n<\/tr>\n<\/tbody>\n<\/table>\n<p>VII. Th\u01b0\u01a1ng hi\u1ec7u v\u00e0 xu\u1ea5t x\u1ee9 ph\u1ee5 ki\u1ec7n ch\u00ednh<\/p>\n<table>\n<tbody>\n<tr>\n<td><strong>\u5e8f\u53f7<\/strong><\/td>\n<td><strong>\u96f6\u914d\u4ef6\u540d\u79f0<\/strong><\/p>\n<p><strong>T\u00ean b\u1ed9 ph\u1eadn<\/strong><\/td>\n<td><strong>\u54c1\u724c<\/strong><\/p>\n<p><strong>th\u01b0\u01a1ng hi\u1ec7u<\/strong><\/td>\n<td><strong>\u5907\u6ce8<\/strong><\/p>\n<p><strong>N\u01a1i s\u1ea3n xu\u1ea5t<\/strong><\/td>\n<\/tr>\n<tr>\n<td><strong>1<\/strong><\/td>\n<td><strong>\u4e3b\u8f74\u7535\u673a<\/strong><\/p>\n<p>\u0110\u1ed9ng c\u01a1 tr\u1ee5c ch\u00ednh<\/td>\n<td><strong>\u7231\u5f97\u5229<\/strong><\/p>\n<p>Aideli<\/td>\n<td><strong>\u53f0\u6e7e<\/strong><\/p>\n<p>\u0110\u00e0i Loan<\/td>\n<\/tr>\n<tr>\n<td><strong>2<\/strong><\/td>\n<td><strong>\u4e3b\u8f74<\/strong><\/p>\n<p>tr\u1ee5c ch\u00ednh<\/td>\n<td><strong>\u5efa\u5fb7<\/strong><\/p>\n<p>Jiande<\/td>\n<td><strong>\u53f0\u6e7e<\/strong><\/p>\n<p>\u0110\u00e0i Loan<\/td>\n<\/tr>\n<tr>\n<td><strong>3<\/strong><\/td>\n<td><strong>\u4e3b\u8f74\u8f74\u627f<\/strong><\/p>\n<p>V\u00f2ng bi tr\u1ee5c<\/td>\n<td><strong>NSK<\/strong><\/p>\n<p><strong>NSK<\/strong><\/td>\n<td><strong>\u65e5\u672c<\/strong><\/p>\n<p>Nh\u1eadt B\u1ea3n<\/td>\n<\/tr>\n<tr>\n<td><strong>4<\/strong><\/td>\n<td><strong>\u8010\u78e8\u80f6\u7247<\/strong><\/p>\n<p>6 m\u00e0ng ch\u1ed1ng m\u00e0i m\u00f2n<\/td>\n<td>Turcite-B<\/p>\n<p>Turcite-B<\/td>\n<td><strong>\u7f8e\u56fd<\/strong><\/p>\n<p>USA<\/td>\n<\/tr>\n<tr>\n<td><strong>5<\/strong><\/td>\n<td><strong>\u6db2\u538b\u7cfb\u7edf<\/strong><\/p>\n<p>H\u1ec7 Th\u1ed1ng Th\u1ee7y L\u1ef1c<\/td>\n<td><strong>\u9a8f\u699c<\/strong><\/p>\n<p>Junbang<\/td>\n<td><strong>\u53f0\u6e7e<\/strong><\/p>\n<p>\u0110\u00e0i Loan<\/td>\n<\/tr>\n<tr>\n<td><strong>6<\/strong><\/td>\n<td><strong>\u7535\u78c1\u5438\u76d8<\/strong><\/p>\n<p>m\u00e2m c\u1eb7p \u0111i\u1ec7n t\u1eeb<\/td>\n<td><strong>KENT<\/strong><\/p>\n<p><strong>KENT<\/strong><\/td>\n<td><strong>\u6d59\u6c5f<\/strong><\/p>\n<p>Chi\u1ebft Giang<\/td>\n<\/tr>\n<tr>\n<td><strong>7<\/strong><\/td>\n<td><strong>\u63a5\u89e6\u5668<\/strong><\/p>\n<p>C\u00f4ng t\u1eafc t\u01a1<\/td>\n<td><strong>\u65bd\u8010\u5fb7<\/strong><\/p>\n<p>Schneider<\/td>\n<td><strong>\u4e0a\u6d77<\/strong><\/p>\n<p>Th\u01b0\u1ee3ng H\u1ea3i<\/td>\n<\/tr>\n<tr>\n<td><strong>8<\/strong><\/td>\n<td><strong>\u884c\u7a0b\u5f00\u5173<\/strong><\/p>\n<p>c\u00f4ng t\u1eafc h\u00e0nh tr\u00ecnh<\/td>\n<td><strong>\u5929\u5f97<\/strong><\/p>\n<p>Tiande<\/td>\n<td><strong>\u6d59\u6c5f<\/strong><\/p>\n<p>Chi\u1ebft Giang<\/td>\n<\/tr>\n<tr>\n<td><strong>9<\/strong><\/td>\n<td><strong>\u94f8\u4ef6<\/strong><\/p>\n<p>\u0111\u00fac<\/td>\n<td>\n<h2>\u5efa\u5fb7<\/h2>\n<p>Jiande<\/td>\n<td><strong>\u6d59\u6c5f<\/strong><\/p>\n<p>Chi\u1ebft Giang<\/td>\n<\/tr>\n<tr>\n<td><strong>10<\/strong><\/td>\n<td><strong>\u4e1d\u6746<\/strong><\/p>\n<p>thanh v\u00edt<\/td>\n<td>\n<h2>\u65b0\u666e<\/h2>\n<p>Xinpu<\/td>\n<td><strong>\u53f0\u6e7e<\/strong><\/p>\n<p>\u0110\u00e0i Loan<\/td>\n<\/tr>\n<\/tbody>\n<\/table>\n","protected":false},"excerpt":{"rendered":"<p>&nbsp; M\u00e1y m\u00e0i b\u1ec1 m\u1eb7t KGS-510AHD I. L\u1ecbch s\u1eed v\u00e0 gi\u1edbi thi\u1ec7u c\u00f4ng ty Ng\u00e0y th\u00e0nh l\u1eadp: 03\/07\/1993 \u0110\u1ecba ch\u1ec9 c\u00f4ng ty: S\u1ed1 58, \u0111\u01b0\u1eddng Jianshe 2, Khu ph\u00e1t tri\u1ec3n kinh t\u1ebf v\u00e0 c\u00f4ng ngh\u1ec7 Ti\u00eau S\u01a1n, t\u1ec9nh Chi\u1ebft Giang V\u1ed1n \u0111\u0103ng k\u00fd: 7,5 tri\u1ec7u USD Di\u1ec7n t\u00edch bao ph\u1ee7: 67.000 m\u00e9t vu\u00f4ng S\u1ed1 l\u01b0\u1ee3ng [&#8230;]\n","protected":false},"featured_media":831,"comment_status":"open","ping_status":"closed","template":"","meta":[],"product_brand":[],"product_cat":[88],"product_tag":[],"class_list":{"0":"post-830","1":"product","2":"type-product","3":"status-publish","4":"has-post-thumbnail","6":"product_cat-okamoto","8":"first","9":"instock","10":"shipping-taxable","11":"product-type-simple"},"_links":{"self":[{"href":"https:\/\/rongsen.com.vn\/vi\/wp-json\/wp\/v2\/product\/830","targetHints":{"allow":["GET"]}}],"collection":[{"href":"https:\/\/rongsen.com.vn\/vi\/wp-json\/wp\/v2\/product"}],"about":[{"href":"https:\/\/rongsen.com.vn\/vi\/wp-json\/wp\/v2\/types\/product"}],"replies":[{"embeddable":true,"href":"https:\/\/rongsen.com.vn\/vi\/wp-json\/wp\/v2\/comments?post=830"}],"wp:featuredmedia":[{"embeddable":true,"href":"https:\/\/rongsen.com.vn\/vi\/wp-json\/wp\/v2\/media\/831"}],"wp:attachment":[{"href":"https:\/\/rongsen.com.vn\/vi\/wp-json\/wp\/v2\/media?parent=830"}],"wp:term":[{"taxonomy":"product_brand","embeddable":true,"href":"https:\/\/rongsen.com.vn\/vi\/wp-json\/wp\/v2\/product_brand?post=830"},{"taxonomy":"product_cat","embeddable":true,"href":"https:\/\/rongsen.com.vn\/vi\/wp-json\/wp\/v2\/product_cat?post=830"},{"taxonomy":"product_tag","embeddable":true,"href":"https:\/\/rongsen.com.vn\/vi\/wp-json\/wp\/v2\/product_tag?post=830"}],"curies":[{"name":"wp","href":"https:\/\/api.w.org\/{rel}","templated":true}]}}