{"id":825,"date":"2024-06-08T06:35:48","date_gmt":"2024-06-08T06:35:48","guid":{"rendered":"https:\/\/rongsen.com.vn\/?post_type=product&#038;p=825"},"modified":"2024-06-08T06:35:48","modified_gmt":"2024-06-08T06:35:48","slug":"may-mai-be-mat-chinh-xac-dong-psg-dx","status":"publish","type":"product","link":"https:\/\/rongsen.com.vn\/vi\/product\/may-mai-be-mat-chinh-xac-dong-psg-dx\/","title":{"rendered":"M\u00c1Y M\u00c0I B\u1ec0 M\u1eb6T CHINH X\u00c1C D\u00d2NG PSG-DX"},"content":{"rendered":"<p>M\u00c1Y M\u00c0I B\u1ec0 M\u1eb6T CH\u00cdNH X\u00c1C D\u00d2NG PSG-DX<\/p>\n<p><img loading=\"lazy\" decoding=\"async\" width=\"1453\" height=\"598\" class=\"wp-image-826\" src=\"https:\/\/rongsen.com.vn\/wp-content\/uploads\/2024\/06\/word-image-825-1.png\" srcset=\"https:\/\/rongsen.com.vn\/wp-content\/uploads\/2024\/06\/word-image-825-1.png 1453w, https:\/\/rongsen.com.vn\/wp-content\/uploads\/2024\/06\/word-image-825-1-800x329.png 800w, https:\/\/rongsen.com.vn\/wp-content\/uploads\/2024\/06\/word-image-825-1-1400x576.png 1400w, https:\/\/rongsen.com.vn\/wp-content\/uploads\/2024\/06\/word-image-825-1-768x316.png 768w, https:\/\/rongsen.com.vn\/wp-content\/uploads\/2024\/06\/word-image-825-1-600x247.png 600w\" sizes=\"auto, (max-width: 1453px) 100vw, 1453px\" \/><\/p>\n<p>PSG125DX\u30fbPSG126DX\u30fbPSG138DX\u30fbPSG155DX\u30fbPSG156DX\u30fbPSG157DX\u30fbPSG158DX\u30fbPSG205DX\u30fbPSG206DX\u30fbPSG208DX\u30fbPSG305DX\u30fbPSG306DX\u30fbPSG308DX<\/p>\n<p>\u00dd T\u01af\u1edeNG<\/p>\n<p>V\u1eadn h\u00e0nh tuy\u1ec7t v\u1eddi, lo\u1ea1i m\u00e1y di chuy\u1ec3n \u00edt c\u1ed9t nh\u00f4 ra \u0111\u1ec3 t\u01b0\u01a1ng \u1ee9ng v\u1edbi ph\u00f4i gia c\u00f4ng c\u00f3 k\u00edch th\u01b0\u1edbc l\u1edbn v\u00e0 \u0111\u1ed9 ch\u00ednh x\u00e1c cao.. Ch\u00fang t\u00f4i \u0111\u1ec1 xu\u1ea5t \u1ee9ng d\u1ee5ng ph\u00f9 h\u1ee3p nh\u1ea5t t\u1eeb \u200b\u200bd\u00f2ng s\u1ea3n ph\u1ea9m v\u00e0 hi\u1ec7u su\u1ea5t \u0111a d\u1ea1ng.<\/p>\n<p>T\u00ednh n\u0103ng<\/p>\n<p>\u30fbLo\u1ea1i di chuy\u1ec3n c\u1ed9t l\u00e0 b\u1ea3ng \u0111\u1ed9c l\u1eadp Theo chi\u1ec1u d\u1ecdc v\u00e0 ti\u1ebfn dao ngang c\u1ed9t, ph\u00f4i kh\u00f4ng c\u1ea7n di chuy\u1ec3n ti\u1ebfn dao ch\u00e9o. M\u1ed1i quan h\u1ec7 v\u1ecb tr\u00ed gi\u1eefa ph\u00f4i v\u00e0 ng\u01b0\u1eddi v\u1eadn h\u00e0nh lu\u00f4n gi\u1ed1ng nhau, mang l\u1ea1i kh\u1ea3 n\u0103ng ho\u1ea1t \u0111\u1ed9ng tuy\u1ec7t v\u1eddi.<\/p>\n<p>\u30fbB\u1ed9 truy\u1ec1n \u0111\u1ed9ng theo chi\u1ec1u d\u1ecdc c\u1ee7a b\u00e0n \u0111\u01b0\u1ee3c thi\u1ebft k\u1ebf kh\u00f4ng c\u00f3 ph\u1ea7n nh\u00f4 ra. \u0110\u1ed9 ch\u00ednh x\u00e1c m\u00e0i \u1ed5n \u0111\u1ecbnh m\u00e0 kh\u00f4ng b\u1ecb cho\u00e1ng v\u00e1ng ngay c\u1ea3 khi \u0111\u1ea3o ng\u01b0\u1ee3c ph\u00f4i c\u00f3 tr\u1ecdng l\u01b0\u1ee3ng n\u1eb7ng.<\/p>\n<p>\u30fbT\u00edch h\u1ee3p thi\u1ebft k\u1ebf b\u1ea3ng \u0111i\u1ec1u khi\u1ec3n lo\u1ea1i d\u1ef1a tr\u00ean k\u1ef9 thu\u1eadt c\u1ee7a con ng\u01b0\u1eddi, d\u1ec5 d\u00e0ng v\u00e0 th\u00e2n thi\u1ec7n v\u1edbi ng\u01b0\u1eddi d\u00f9ng v\u1edbi vi\u1ec7c t\u00edch h\u1ee3p kh\u00f3a li\u00ean \u0111\u1ed9ng c\u1ea7n thi\u1ebft.<\/p>\n<p>\u30fbVi\u1ec7c k\u1ebft h\u1ee3p ph\u1ea7n m\u1ec1m \u0111\u01b0\u1ee3c ph\u00e1t tri\u1ec3n ri\u00eang \u0111\u1ec3 d\u1ec5 d\u00e0ng thi\u1ebft l\u1eadp chu tr\u00ecnh ho\u00e0n to\u00e0n t\u1ef1 \u0111\u1ed9ng nh\u01b0 t\u1ec7p . &#8220;M\u00e0i th\u00f4 \u21d2 M\u00e0i m\u1ecbn \u21d2 tia l\u1eeda \u21d2 d\u1eebng \u0111\u1ea7u b\u00ean ph\u1ea3i c\u1ee7a b\u00e0n&#8221;. C\u00e1c \u0111i\u1ec1u ki\u1ec7n m\u00e0i \u0111\u01b0\u1ee3c \u0111\u1eb7t b\u1eb1ng c\u00f4ng t\u1eafc k\u1ef9 thu\u1eadt s\u1ed1, c\u00f3 x\u00e1c nh\u1eadn, ng\u1eaft th\u1ee7 c\u00f4ng trong chu k\u1ef3 c\u0169ng c\u00f3 s\u1eb5n. Khi ng\u1eaft d\u00f2ng th\u1ee7 c\u00f4ng, \u0111\u1ecbnh v\u1ecb ti\u1ebfn v\u00e0o lu\u00f4n ph\u1ea3n h\u1ed3i v\u00e0 hi\u1ec3n th\u1ecb ch\u00ednh x\u00e1c, ngay khi gi\u1ea3i ph\u00f3ng gi\u00e1n \u0111o\u1ea1n th\u1ee7 c\u00f4ng, quay tr\u1edf l\u1ea1i ch\u1ebf \u0111\u1ed9 m\u00e0i T\u1ef1 \u0111\u1ed9ng v\u00e0 nghi\u1ec1n ph\u1ea7n nguy\u00ean li\u1ec7u c\u00f2n l\u1ea1i.<\/p>\n<p><img loading=\"lazy\" decoding=\"async\" width=\"1187\" height=\"784\" class=\"wp-image-827\" src=\"https:\/\/rongsen.com.vn\/wp-content\/uploads\/2024\/06\/word-image-825-2.png\" srcset=\"https:\/\/rongsen.com.vn\/wp-content\/uploads\/2024\/06\/word-image-825-2.png 1187w, https:\/\/rongsen.com.vn\/wp-content\/uploads\/2024\/06\/word-image-825-2-606x400.png 606w, https:\/\/rongsen.com.vn\/wp-content\/uploads\/2024\/06\/word-image-825-2-768x507.png 768w, https:\/\/rongsen.com.vn\/wp-content\/uploads\/2024\/06\/word-image-825-2-600x396.png 600w\" sizes=\"auto, (max-width: 1187px) 100vw, 1187px\" \/><\/p>\n<p>TH\u00d4NG S\u1ed0 K\u1ef8 THU\u1eacT M\u00c1Y M\u00c0I B\u1ec0 M\u1eb6T CH\u00cdNH X\u00c1C D\u00d2NG PSG-DX<\/p>\n<p><img loading=\"lazy\" decoding=\"async\" width=\"1346\" height=\"184\" class=\"wp-image-828\" src=\"https:\/\/rongsen.com.vn\/wp-content\/uploads\/2024\/06\/word-image-825-3.png\" srcset=\"https:\/\/rongsen.com.vn\/wp-content\/uploads\/2024\/06\/word-image-825-3.png 1346w, https:\/\/rongsen.com.vn\/wp-content\/uploads\/2024\/06\/word-image-825-3-800x109.png 800w, https:\/\/rongsen.com.vn\/wp-content\/uploads\/2024\/06\/word-image-825-3-768x105.png 768w, https:\/\/rongsen.com.vn\/wp-content\/uploads\/2024\/06\/word-image-825-3-600x82.png 600w\" sizes=\"auto, (max-width: 1346px) 100vw, 1346px\" \/><\/p>\n<p><img loading=\"lazy\" decoding=\"async\" width=\"1331\" height=\"206\" class=\"wp-image-829\" src=\"https:\/\/rongsen.com.vn\/wp-content\/uploads\/2024\/06\/word-image-825-4.png\" srcset=\"https:\/\/rongsen.com.vn\/wp-content\/uploads\/2024\/06\/word-image-825-4.png 1331w, https:\/\/rongsen.com.vn\/wp-content\/uploads\/2024\/06\/word-image-825-4-800x124.png 800w, https:\/\/rongsen.com.vn\/wp-content\/uploads\/2024\/06\/word-image-825-4-768x119.png 768w, https:\/\/rongsen.com.vn\/wp-content\/uploads\/2024\/06\/word-image-825-4-600x93.png 600w\" sizes=\"auto, (max-width: 1331px) 100vw, 1331px\" \/><\/p>\n","protected":false},"excerpt":{"rendered":"<p>M\u00c1Y M\u00c0I B\u1ec0 M\u1eb6T CH\u00cdNH X\u00c1C D\u00d2NG PSG-DX PSG125DX\u30fbPSG126DX\u30fbPSG138DX\u30fbPSG155DX\u30fbPSG156DX\u30fbPSG157DX\u30fbPSG158DX\u30fbPSG205DX\u30fbPSG206DX\u30fbPSG208DX\u30fbPSG305DX\u30fbPSG306DX\u30fbPSG308DX \u00dd T\u01af\u1edeNG V\u1eadn h\u00e0nh tuy\u1ec7t v\u1eddi, lo\u1ea1i m\u00e1y di chuy\u1ec3n \u00edt c\u1ed9t nh\u00f4 ra \u0111\u1ec3 t\u01b0\u01a1ng \u1ee9ng v\u1edbi ph\u00f4i gia c\u00f4ng c\u00f3 k\u00edch th\u01b0\u1edbc l\u1edbn v\u00e0 \u0111\u1ed9 ch\u00ednh x\u00e1c cao.. Ch\u00fang t\u00f4i \u0111\u1ec1 xu\u1ea5t \u1ee9ng d\u1ee5ng ph\u00f9 h\u1ee3p nh\u1ea5t t\u1eeb \u200b\u200bd\u00f2ng s\u1ea3n ph\u1ea9m v\u00e0 hi\u1ec7u su\u1ea5t [&#8230;]\n","protected":false},"featured_media":826,"comment_status":"open","ping_status":"closed","template":"","meta":[],"product_brand":[],"product_cat":[88],"product_tag":[],"class_list":{"0":"post-825","1":"product","2":"type-product","3":"status-publish","4":"has-post-thumbnail","6":"product_cat-okamoto","8":"first","9":"instock","10":"shipping-taxable","11":"product-type-simple"},"_links":{"self":[{"href":"https:\/\/rongsen.com.vn\/vi\/wp-json\/wp\/v2\/product\/825","targetHints":{"allow":["GET"]}}],"collection":[{"href":"https:\/\/rongsen.com.vn\/vi\/wp-json\/wp\/v2\/product"}],"about":[{"href":"https:\/\/rongsen.com.vn\/vi\/wp-json\/wp\/v2\/types\/product"}],"replies":[{"embeddable":true,"href":"https:\/\/rongsen.com.vn\/vi\/wp-json\/wp\/v2\/comments?post=825"}],"wp:featuredmedia":[{"embeddable":true,"href":"https:\/\/rongsen.com.vn\/vi\/wp-json\/wp\/v2\/media\/826"}],"wp:attachment":[{"href":"https:\/\/rongsen.com.vn\/vi\/wp-json\/wp\/v2\/media?parent=825"}],"wp:term":[{"taxonomy":"product_brand","embeddable":true,"href":"https:\/\/rongsen.com.vn\/vi\/wp-json\/wp\/v2\/product_brand?post=825"},{"taxonomy":"product_cat","embeddable":true,"href":"https:\/\/rongsen.com.vn\/vi\/wp-json\/wp\/v2\/product_cat?post=825"},{"taxonomy":"product_tag","embeddable":true,"href":"https:\/\/rongsen.com.vn\/vi\/wp-json\/wp\/v2\/product_tag?post=825"}],"curies":[{"name":"wp","href":"https:\/\/api.w.org\/{rel}","templated":true}]}}