{"id":823,"date":"2024-06-08T06:35:13","date_gmt":"2024-06-08T06:35:13","guid":{"rendered":"https:\/\/rongsen.com.vn\/?post_type=product&#038;p=823"},"modified":"2024-06-08T06:35:13","modified_gmt":"2024-06-08T06:35:13","slug":"may-mai-be-mat-chinh-xac-dong-psg-sa1","status":"publish","type":"product","link":"https:\/\/rongsen.com.vn\/vi\/product\/may-mai-be-mat-chinh-xac-dong-psg-sa1\/","title":{"rendered":"M\u00c1Y M\u00c0I B\u1ec0 M\u1eb6T CHINH X\u00c1C D\u00d2NG  PSG-SA1"},"content":{"rendered":"<p><strong>M\u00c1Y M\u00c0I B\u1ec0 M\u1eb6T CH\u00cdNH X\u00c1C D\u00d2NG PSG-SA1<\/strong><\/p>\n<p><img loading=\"lazy\" decoding=\"async\" width=\"957\" height=\"649\" class=\"wp-image-824\" src=\"https:\/\/rongsen.com.vn\/wp-content\/uploads\/2024\/06\/word-image-823-1.png\" srcset=\"https:\/\/rongsen.com.vn\/wp-content\/uploads\/2024\/06\/word-image-823-1.png 957w, https:\/\/rongsen.com.vn\/wp-content\/uploads\/2024\/06\/word-image-823-1-590x400.png 590w, https:\/\/rongsen.com.vn\/wp-content\/uploads\/2024\/06\/word-image-823-1-768x521.png 768w, https:\/\/rongsen.com.vn\/wp-content\/uploads\/2024\/06\/word-image-823-1-600x407.png 600w\" sizes=\"auto, (max-width: 957px) 100vw, 957px\" \/><\/p>\n<p>PSG52SA1\u30fbPSG63SA1\u30fbPSG64SA1\u30fbPSG65SA1\u30fbPSG84SA1\u30fbPSG85SA1\u30fbPSG105SA1<\/p>\n<p>H\u1ed7 tr\u1ee3 ng\u01b0\u1eddi d\u00f9ng v\u1edbi b\u1ea3ng \u0111i\u1ec1u khi\u1ec3n c\u1ea3m \u1ee9ng l\u1edbn, trang ph\u1ee5c t\u1ef1 \u0111\u1ed9ng v\u00e0 ch\u1ee9c n\u0103ng t\u1ef1 qu\u1ea3n l\u00fd!<\/p>\n<p>T\u00ednh n\u0103ng<\/p>\n<p>\u30fbN\u00f3 \u0111\u01b0\u1ee3c ph\u00e1t h\u00e0nh d\u01b0\u1edbi d\u1ea1ng k\u1ebf th\u1eeba cho d\u00f2ng PSG-DX tr\u01b0\u1edbc \u0111\u00f3. C\u1ea3i thi\u1ec7n kh\u1ea3 n\u0103ng ho\u1ea1t \u0111\u1ed9ng b\u1eb1ng c\u00e1ch thay \u0111\u1ed5i t\u1eeb thao t\u00e1c chuy\u1ec3n \u0111\u1ed5i ch\u1ecdn sang thao t\u00e1c tr\u00ean b\u1ea3ng c\u1ea3m \u1ee9ng.<\/p>\n<p>\u30fb\u0110\u01b0\u1ee3c trang b\u1ecb &#8220;X\u1eed l\u00fd th\u00f4 \u21d2 X\u1eed l\u00fd ch\u00ednh x\u00e1c \u21d2Sparkout&#8221; nh\u01b0 m\u1ed9t chu tr\u00ecnh m\u00e0i t\u1ef1 \u0111\u1ed9ng th\u00f4ng th\u01b0\u1eddng. N\u00f3 c\u0169ng c\u00f3 th\u1ec3 \u0111\u01b0\u1ee3c s\u1eed d\u1ee5ng \u0111\u1ec3 m\u1eb7c qu\u1ea7n \u00e1o trong chu k\u1ef3.<\/p>\n<p>\u30fbS\u1eed d\u1ee5ng \u0111\u1ea7u v\u00e0o b\u1ea3ng c\u1ea3m \u1ee9ng. Hi\u1ec3n th\u1ecb s\u1ed1 c\u1ea3nh b\u00e1o th\u00f4ng th\u01b0\u1eddng \u0111\u01b0\u1ee3c hi\u1ec3n th\u1ecb b\u1eb1ng ng\u00f4n ng\u1eef. Ch\u1ee9c n\u0103ng t\u1ef1 ch\u1ea9n \u0111o\u00e1n ki\u1ec3m tra tr\u1ea1ng th\u00e1i ho\u1ea1t \u0111\u1ed9ng c\u1ee7a c\u00e1c b\u1ed9 ph\u1eadn kh\u00e1c nhau, c\u1ea3i thi\u1ec7n vi\u1ec7c b\u1ea3o tr\u00ec.<\/p>\n<p>\u30fbV\u1ecf b\u1ecdc b\u1eb1ng th\u00e9p kh\u00f4ng g\u1ec9 l\u00e0 ti\u00eau chu\u1ea9n v\u00e0 gi\u00fap k\u00e9o d\u00e0i tu\u1ed5i th\u1ecd c\u1ee7a v\u1ecf m\u00e1y.<\/p>\n<p>\u30fbB\u01a1m b\u00f4i tr\u01a1n\/th\u1ee7y l\u1ef1c \u0111\u01b0\u1ee3c l\u1eafp \u0111\u1eb7t b\u00ean ngo\u00e0i m\u00e1y. B\u1ec3 ch\u1ee9a \u1edf b\u00ean ngo\u00e0i \u0111\u1ec3 ng\u0103n ch\u1eb7n s\u1ef1 d\u1ecbch chuy\u1ec3n nhi\u1ec7t v\u00e0 rung \u0111\u1ed9ng.<\/p>\n<p>\u30fb\u0110\u1ed9 ch\u00ednh x\u00e1c \u0111\u1ecbnh v\u1ecb ngu\u1ed3n c\u1ea5p d\u1eef li\u1ec7u ch\u00e9o \u0111\u01b0\u1ee3c c\u1ea3i thi\u1ec7n \u0111\u00e1ng k\u1ec3 nh\u1edd s\u1eed d\u1ee5ng b\u1ed9 truy\u1ec1n \u0111\u1ed9ng \u0111\u1ed9ng c\u01a1 servo.<\/p>\n<p>https:\/\/www.okamotoen.com\/psg-cas#ttl-SA1<\/p>\n<p>&nbsp;<\/p>\n","protected":false},"excerpt":{"rendered":"<p>M\u00c1Y M\u00c0I B\u1ec0 M\u1eb6T CH\u00cdNH X\u00c1C D\u00d2NG PSG-SA1 PSG52SA1\u30fbPSG63SA1\u30fbPSG64SA1\u30fbPSG65SA1\u30fbPSG84SA1\u30fbPSG85SA1\u30fbPSG105SA1 H\u1ed7 tr\u1ee3 ng\u01b0\u1eddi d\u00f9ng v\u1edbi b\u1ea3ng \u0111i\u1ec1u khi\u1ec3n c\u1ea3m \u1ee9ng l\u1edbn, trang ph\u1ee5c t\u1ef1 \u0111\u1ed9ng v\u00e0 ch\u1ee9c n\u0103ng t\u1ef1 qu\u1ea3n l\u00fd! T\u00ednh n\u0103ng \u30fbN\u00f3 \u0111\u01b0\u1ee3c ph\u00e1t h\u00e0nh d\u01b0\u1edbi d\u1ea1ng k\u1ebf th\u1eeba cho d\u00f2ng PSG-DX tr\u01b0\u1edbc \u0111\u00f3. C\u1ea3i thi\u1ec7n kh\u1ea3 n\u0103ng ho\u1ea1t \u0111\u1ed9ng b\u1eb1ng c\u00e1ch thay \u0111\u1ed5i [&#8230;]\n","protected":false},"featured_media":824,"comment_status":"open","ping_status":"closed","template":"","meta":[],"product_brand":[],"product_cat":[88],"product_tag":[],"class_list":{"0":"post-823","1":"product","2":"type-product","3":"status-publish","4":"has-post-thumbnail","6":"product_cat-okamoto","8":"first","9":"instock","10":"shipping-taxable","11":"product-type-simple"},"_links":{"self":[{"href":"https:\/\/rongsen.com.vn\/vi\/wp-json\/wp\/v2\/product\/823","targetHints":{"allow":["GET"]}}],"collection":[{"href":"https:\/\/rongsen.com.vn\/vi\/wp-json\/wp\/v2\/product"}],"about":[{"href":"https:\/\/rongsen.com.vn\/vi\/wp-json\/wp\/v2\/types\/product"}],"replies":[{"embeddable":true,"href":"https:\/\/rongsen.com.vn\/vi\/wp-json\/wp\/v2\/comments?post=823"}],"wp:featuredmedia":[{"embeddable":true,"href":"https:\/\/rongsen.com.vn\/vi\/wp-json\/wp\/v2\/media\/824"}],"wp:attachment":[{"href":"https:\/\/rongsen.com.vn\/vi\/wp-json\/wp\/v2\/media?parent=823"}],"wp:term":[{"taxonomy":"product_brand","embeddable":true,"href":"https:\/\/rongsen.com.vn\/vi\/wp-json\/wp\/v2\/product_brand?post=823"},{"taxonomy":"product_cat","embeddable":true,"href":"https:\/\/rongsen.com.vn\/vi\/wp-json\/wp\/v2\/product_cat?post=823"},{"taxonomy":"product_tag","embeddable":true,"href":"https:\/\/rongsen.com.vn\/vi\/wp-json\/wp\/v2\/product_tag?post=823"}],"curies":[{"name":"wp","href":"https:\/\/api.w.org\/{rel}","templated":true}]}}