{"id":819,"date":"2024-06-08T06:34:43","date_gmt":"2024-06-08T06:34:43","guid":{"rendered":"https:\/\/rongsen.com.vn\/?post_type=product&#038;p=819"},"modified":"2024-06-08T06:34:43","modified_gmt":"2024-06-08T06:34:43","slug":"may-mai-be-mat-chinh-xac-dong-psg-gx","status":"publish","type":"product","link":"https:\/\/rongsen.com.vn\/vi\/product\/may-mai-be-mat-chinh-xac-dong-psg-gx\/","title":{"rendered":"M\u00c1Y M\u00c0I B\u1ec0 M\u1eb6T CH\u00cdNH X\u00c1C D\u00d2NG  PSG-GX"},"content":{"rendered":"<p>M\u00c1Y M\u00c0I B\u1ec0 M\u1eb6T CH\u00cdNH X\u00c1C D\u00d2NG PSG-GX<\/p>\n<p><img loading=\"lazy\" decoding=\"async\" width=\"1342\" height=\"706\" class=\"wp-image-820\" src=\"https:\/\/rongsen.com.vn\/wp-content\/uploads\/2024\/06\/word-image-819-1.png\" srcset=\"https:\/\/rongsen.com.vn\/wp-content\/uploads\/2024\/06\/word-image-819-1.png 1342w, https:\/\/rongsen.com.vn\/wp-content\/uploads\/2024\/06\/word-image-819-1-760x400.png 760w, https:\/\/rongsen.com.vn\/wp-content\/uploads\/2024\/06\/word-image-819-1-768x404.png 768w, https:\/\/rongsen.com.vn\/wp-content\/uploads\/2024\/06\/word-image-819-1-600x316.png 600w\" sizes=\"auto, (max-width: 1342px) 100vw, 1342px\" \/><\/p>\n<p>PSG52GX\u30fbPSG63GX\u30fbPSG64GX\u30fbPSG65GX\u30fbPSG84GX\u30fbPSG105GX<\/p>\n<p><strong><em>\u00dd T\u01af\u1edeNG<\/em><\/strong><\/p>\n<p>M\u00e1y thay \u0111\u1ed5i nh\u1ecf d\u00e0nh cho m\u00e1y m\u00e0i b\u1ec1 m\u1eb7t ph\u1ed5 bi\u1ebfn tr\u00ean to\u00e0n c\u1ea7u.<\/p>\n<p><strong>T\u00ednh n\u0103ng<\/strong><\/p>\n<p>\u30fbV\u1ecf b\u1ecdc b\u1eb1ng th\u00e9p kh\u00f4ng g\u1ec9 l\u00e0 ti\u00eau chu\u1ea9n v\u00e0 gi\u00fap k\u00e9o d\u00e0i tu\u1ed5i th\u1ecd c\u1ee7a v\u1ecf m\u00e1y.<\/p>\n<p>\u30fb\u0110\u01b0\u1ee3c trang b\u1ecb &#8220;M\u00e0i th\u00f4 \u21d2 M\u00e0i ch\u00ednh x\u00e1c \u21d2 \u0110\u00e1nh l\u1eeda&#8221; nh\u01b0 m\u1ed9t chu tr\u00ecnh m\u00e0i t\u1ef1 \u0111\u1ed9ng th\u00f4ng th\u01b0\u1eddng.<\/p>\n<p>\u30fbB\u01a1m b\u00f4i tr\u01a1n\/th\u1ee7y l\u1ef1c \u0111\u01b0\u1ee3c l\u1eafp \u0111\u1eb7t b\u00ean ngo\u00e0i m\u00e1y. B\u1ec3 ch\u1ee9a \u1edf b\u00ean ngo\u00e0i \u0111\u1ec3 ng\u0103n ch\u1eb7n s\u1ef1 d\u1ecbch chuy\u1ec3n nhi\u1ec7t v\u00e0 rung \u0111\u1ed9ng.<\/p>\n<p>\u30fb\u00c1p d\u1ee5ng v\u1eadn h\u00e0nh c\u1ea5p li\u1ec7u d\u1ecdc b\u1eb1ng b\u1ed9 ph\u00e1t xung th\u1ee7 c\u00f4ng tr\u00ean b\u1ea3ng v\u1eadn h\u00e0nh.<\/p>\n<p>\u30fbM\u1ed9t \u0111\u1ed9ng c\u01a1 servo AC \u0111\u01b0\u1ee3c s\u1eed d\u1ee5ng cho b\u01b0\u1edbc ti\u1ebfn d\u1ecdc, cho ph\u00e9p l\u1ef1a ch\u1ecdn m\u1ee9c c\u1eaft t\u1ed1i thi\u1ec3u l\u00e0 0,1 \u03bcm.<\/p>\n<p>\u30fbHi\u1ec3n th\u1ecb v\u1ecb tr\u00ed n\u1ea1p d\u1ecdc v\u00e0 n\u1ea1p ch\u00e9o l\u00e0 m\u00e0n h\u00ecnh k\u1ef9 thu\u1eadt s\u1ed1 v\u1edbi \u0111\u00e8n LED l\u00e0 th\u00f4ng s\u1ed1 k\u1ef9 thu\u1eadt ti\u00eau chu\u1ea9n.<\/p>\n<p>\u30fb\u0110\u1ea9y d\u1ecdc b\u00e0n c\u00f3 h\u00ecnh ch\u1eef V-V. \u0110\u1ed9 th\u1eb3ng \u0111\u01b0\u1ee3c c\u1ea3i thi\u1ec7n b\u1eb1ng c\u00e1ch c\u00e2n b\u1eb1ng m\u00e0ng d\u1ea7u n\u1ed5i.<\/p>\n<p><img loading=\"lazy\" decoding=\"async\" width=\"478\" height=\"372\" class=\"wp-image-821\" src=\"https:\/\/rongsen.com.vn\/wp-content\/uploads\/2024\/06\/word-image-819-2.png\" \/><\/p>\n<p><img loading=\"lazy\" decoding=\"async\" width=\"753\" height=\"503\" class=\"wp-image-822\" src=\"https:\/\/rongsen.com.vn\/wp-content\/uploads\/2024\/06\/word-image-819-3.png\" srcset=\"https:\/\/rongsen.com.vn\/wp-content\/uploads\/2024\/06\/word-image-819-3.png 753w, https:\/\/rongsen.com.vn\/wp-content\/uploads\/2024\/06\/word-image-819-3-599x400.png 599w, https:\/\/rongsen.com.vn\/wp-content\/uploads\/2024\/06\/word-image-819-3-600x401.png 600w\" sizes=\"auto, (max-width: 753px) 100vw, 753px\" \/><\/p>\n<p>https:\/\/www.okamotoen.com\/psg-cas#ttl-GX<\/p>\n<p>&nbsp;<\/p>\n","protected":false},"excerpt":{"rendered":"<p>M\u00c1Y M\u00c0I B\u1ec0 M\u1eb6T CH\u00cdNH X\u00c1C D\u00d2NG PSG-GX PSG52GX\u30fbPSG63GX\u30fbPSG64GX\u30fbPSG65GX\u30fbPSG84GX\u30fbPSG105GX \u00dd T\u01af\u1edeNG M\u00e1y thay \u0111\u1ed5i nh\u1ecf d\u00e0nh cho m\u00e1y m\u00e0i b\u1ec1 m\u1eb7t ph\u1ed5 bi\u1ebfn tr\u00ean to\u00e0n c\u1ea7u. T\u00ednh n\u0103ng \u30fbV\u1ecf b\u1ecdc b\u1eb1ng th\u00e9p kh\u00f4ng g\u1ec9 l\u00e0 ti\u00eau chu\u1ea9n v\u00e0 gi\u00fap k\u00e9o d\u00e0i tu\u1ed5i th\u1ecd c\u1ee7a v\u1ecf m\u00e1y. \u30fb\u0110\u01b0\u1ee3c trang b\u1ecb &#8220;M\u00e0i th\u00f4 \u21d2 M\u00e0i ch\u00ednh x\u00e1c [&#8230;]\n","protected":false},"featured_media":820,"comment_status":"open","ping_status":"closed","template":"","meta":[],"product_brand":[],"product_cat":[88],"product_tag":[],"class_list":{"0":"post-819","1":"product","2":"type-product","3":"status-publish","4":"has-post-thumbnail","6":"product_cat-okamoto","8":"first","9":"instock","10":"shipping-taxable","11":"product-type-simple"},"_links":{"self":[{"href":"https:\/\/rongsen.com.vn\/vi\/wp-json\/wp\/v2\/product\/819","targetHints":{"allow":["GET"]}}],"collection":[{"href":"https:\/\/rongsen.com.vn\/vi\/wp-json\/wp\/v2\/product"}],"about":[{"href":"https:\/\/rongsen.com.vn\/vi\/wp-json\/wp\/v2\/types\/product"}],"replies":[{"embeddable":true,"href":"https:\/\/rongsen.com.vn\/vi\/wp-json\/wp\/v2\/comments?post=819"}],"wp:featuredmedia":[{"embeddable":true,"href":"https:\/\/rongsen.com.vn\/vi\/wp-json\/wp\/v2\/media\/820"}],"wp:attachment":[{"href":"https:\/\/rongsen.com.vn\/vi\/wp-json\/wp\/v2\/media?parent=819"}],"wp:term":[{"taxonomy":"product_brand","embeddable":true,"href":"https:\/\/rongsen.com.vn\/vi\/wp-json\/wp\/v2\/product_brand?post=819"},{"taxonomy":"product_cat","embeddable":true,"href":"https:\/\/rongsen.com.vn\/vi\/wp-json\/wp\/v2\/product_cat?post=819"},{"taxonomy":"product_tag","embeddable":true,"href":"https:\/\/rongsen.com.vn\/vi\/wp-json\/wp\/v2\/product_tag?post=819"}],"curies":[{"name":"wp","href":"https:\/\/api.w.org\/{rel}","templated":true}]}}