{"id":814,"date":"2024-06-08T06:34:14","date_gmt":"2024-06-08T06:34:14","guid":{"rendered":"https:\/\/rongsen.com.vn\/?post_type=product&#038;p=814"},"modified":"2024-06-08T06:34:14","modified_gmt":"2024-06-08T06:34:14","slug":"may-mai-be-mat-chinh-xac-dong-psg-ca1","status":"publish","type":"product","link":"https:\/\/rongsen.com.vn\/vi\/product\/may-mai-be-mat-chinh-xac-dong-psg-ca1\/","title":{"rendered":"M\u00c1Y M\u00c0I B\u1ec0 M\u1eb6T CH\u00cdNH X\u00c1C D\u00d2NG  PSG- CA1"},"content":{"rendered":"<p>M\u00c1Y M\u00c0I B\u1ec0 M\u1eb6T CH\u00cdNH X\u00c1C D\u00d2NG PSG-CA1<\/p>\n<p><img loading=\"lazy\" decoding=\"async\" width=\"1178\" height=\"574\" class=\"wp-image-815\" src=\"https:\/\/rongsen.com.vn\/wp-content\/uploads\/2024\/06\/word-image-814-1.png\" srcset=\"https:\/\/rongsen.com.vn\/wp-content\/uploads\/2024\/06\/word-image-814-1.png 1178w, https:\/\/rongsen.com.vn\/wp-content\/uploads\/2024\/06\/word-image-814-1-800x390.png 800w, https:\/\/rongsen.com.vn\/wp-content\/uploads\/2024\/06\/word-image-814-1-768x374.png 768w, https:\/\/rongsen.com.vn\/wp-content\/uploads\/2024\/06\/word-image-814-1-600x292.png 600w\" sizes=\"auto, (max-width: 1178px) 100vw, 1178px\" \/><\/p>\n<p>PSG63CA1\u30fbPSG64CA1\u30fbPSG66CA1\u30fbPSG84CA1\u30fbPSG104CA1\u30fbPSG106CA1<\/p>\n<p>\u00dd T\u01af\u1edeNG<\/p>\n<p>M\u00e1y c\u00f3 \u0111\u1ed9 c\u1ee9ng cao nh\u1ea5t trong l\u0129nh v\u1ef1c n\u00e0y \u0111\u01b0\u1ee3c \u00e1p d\u1ee5ng ti\u00eau chu\u1ea9n l\u00e0 chu tr\u00ecnh m\u00e0i t\u1ef1 \u0111\u1ed9ng.<\/p>\n<p>T\u00ednh n\u0103ng<\/p>\n<p>\u30fbKhung h\u00ecnh ch\u1eef T nh\u00f4 ra \u00edt h\u01a1n; n\u00f3 \u0111\u00e3 \u00e1p d\u1ee5ng \u0111\u1ed9 th\u1eb3ng v\u01b0\u1ee3t tr\u1ed9i c\u1ee7a chuy\u1ec3n \u0111\u1ed9ng d\u1ecdc b\u1eb1ng \u0111\u01b0\u1eddng tr\u01b0\u1ee3t V-V.<\/p>\n<p>Khu v\u1ef1c ch\u1ea5t t\u1ea3i b\u00e0n r\u1ed9ng m\u1edf nh\u1edd lo\u1ea1i m\u00e1y x\u1ebb c\u1ed9t d\u1ec5 d\u00e0ng ch\u1ee9a c\u00e1c ph\u00f4i l\u1edbn. H\u1ec7 th\u1ed1ng xi lanh hai l\u1edbp t\u0103ng kh\u1ea3 n\u0103ng ch\u1ecbu t\u1ea3i v\u00ec kh\u00f4ng c\u00f3 l\u1ef1c t\u00e1c \u0111\u1ed9ng qu\u00e1 tay trong khu v\u1ef1c l\u00e0m vi\u1ec7c, th\u1eadm ch\u00ed c\u1ea3 h\u00e0nh tr\u00ecnh to\u00e0n b\u00e0n, mang l\u1ea1i quy tr\u00ecnh \u1ed5n \u0111\u1ecbnh h\u01a1n.<\/p>\n<p>\u30fbB\u1ed9 \u0111i\u1ec1u khi\u1ec3n v\u00e0 b\u1ea3ng c\u1ea3m \u1ee9ng m\u1edbi v\u1edbi m\u00e0n h\u00ecnh LCD m\u00e0u gi\u00fap thao t\u00e1c \u0111\u01a1n gi\u1ea3n h\u01a1n. Qu\u00e1 tr\u00ecnh m\u00e0i \u0111\u01b0\u1ee3c ho\u00e0n th\u00e0nh theo chu tr\u00ecnh t\u1ef1 \u0111\u1ed9ng ngay c\u1ea3 tr\u00ean c\u00e1c v\u1eadt li\u1ec7u c\u1ee9ng b\u1eb1ng b\u00e0n m\u00e0i ti\u00eau chu\u1ea9n c\u00f3 ch\u1ee9c n\u0103ng b\u00f9 v\u1ebft c\u1eaft t\u1ef1 \u0111\u1ed9ng.<\/p>\n<p>\u30fbM\u00e1y c\u00f3 \u0111\u1ed9 c\u1ee9ng cao h\u01a1n v\u1edbi b\u00e1nh m\u00e0i s\u1eafc c\u00f3 th\u1ec3 t\u0103ng b\u01b0\u1edbc ti\u1ebfn.<\/p>\n<p><img loading=\"lazy\" decoding=\"async\" width=\"592\" height=\"544\" class=\"wp-image-816\" src=\"https:\/\/rongsen.com.vn\/wp-content\/uploads\/2024\/06\/word-image-814-2.png\" srcset=\"https:\/\/rongsen.com.vn\/wp-content\/uploads\/2024\/06\/word-image-814-2.png 592w, https:\/\/rongsen.com.vn\/wp-content\/uploads\/2024\/06\/word-image-814-2-435x400.png 435w\" sizes=\"auto, (max-width: 592px) 100vw, 592px\" \/><\/p>\n<p><img loading=\"lazy\" decoding=\"async\" width=\"855\" height=\"580\" class=\"wp-image-817\" src=\"https:\/\/rongsen.com.vn\/wp-content\/uploads\/2024\/06\/word-image-814-3.png\" srcset=\"https:\/\/rongsen.com.vn\/wp-content\/uploads\/2024\/06\/word-image-814-3.png 855w, https:\/\/rongsen.com.vn\/wp-content\/uploads\/2024\/06\/word-image-814-3-590x400.png 590w, https:\/\/rongsen.com.vn\/wp-content\/uploads\/2024\/06\/word-image-814-3-768x521.png 768w, https:\/\/rongsen.com.vn\/wp-content\/uploads\/2024\/06\/word-image-814-3-600x407.png 600w\" sizes=\"auto, (max-width: 855px) 100vw, 855px\" \/><\/p>\n<p>TH\u00d4NG S\u1ed0 K\u1ef8 THU\u1eacT<\/p>\n<p><img loading=\"lazy\" decoding=\"async\" width=\"1313\" height=\"240\" class=\"wp-image-818\" src=\"https:\/\/rongsen.com.vn\/wp-content\/uploads\/2024\/06\/word-image-814-4.png\" srcset=\"https:\/\/rongsen.com.vn\/wp-content\/uploads\/2024\/06\/word-image-814-4.png 1313w, https:\/\/rongsen.com.vn\/wp-content\/uploads\/2024\/06\/word-image-814-4-800x146.png 800w, https:\/\/rongsen.com.vn\/wp-content\/uploads\/2024\/06\/word-image-814-4-768x140.png 768w, https:\/\/rongsen.com.vn\/wp-content\/uploads\/2024\/06\/word-image-814-4-600x110.png 600w\" sizes=\"auto, (max-width: 1313px) 100vw, 1313px\" \/><\/p>\n<p>&nbsp;<\/p>\n","protected":false},"excerpt":{"rendered":"<p>M\u00c1Y M\u00c0I B\u1ec0 M\u1eb6T CH\u00cdNH X\u00c1C D\u00d2NG PSG-CA1 PSG63CA1\u30fbPSG64CA1\u30fbPSG66CA1\u30fbPSG84CA1\u30fbPSG104CA1\u30fbPSG106CA1 \u00dd T\u01af\u1edeNG M\u00e1y c\u00f3 \u0111\u1ed9 c\u1ee9ng cao nh\u1ea5t trong l\u0129nh v\u1ef1c n\u00e0y \u0111\u01b0\u1ee3c \u00e1p d\u1ee5ng ti\u00eau chu\u1ea9n l\u00e0 chu tr\u00ecnh m\u00e0i t\u1ef1 \u0111\u1ed9ng. T\u00ednh n\u0103ng \u30fbKhung h\u00ecnh ch\u1eef T nh\u00f4 ra \u00edt h\u01a1n; n\u00f3 \u0111\u00e3 \u00e1p d\u1ee5ng \u0111\u1ed9 th\u1eb3ng v\u01b0\u1ee3t tr\u1ed9i c\u1ee7a chuy\u1ec3n \u0111\u1ed9ng d\u1ecdc b\u1eb1ng [&#8230;]\n","protected":false},"featured_media":815,"comment_status":"open","ping_status":"closed","template":"","meta":[],"product_brand":[],"product_cat":[88],"product_tag":[],"class_list":{"0":"post-814","1":"product","2":"type-product","3":"status-publish","4":"has-post-thumbnail","6":"product_cat-okamoto","8":"first","9":"instock","10":"shipping-taxable","11":"product-type-simple"},"_links":{"self":[{"href":"https:\/\/rongsen.com.vn\/vi\/wp-json\/wp\/v2\/product\/814","targetHints":{"allow":["GET"]}}],"collection":[{"href":"https:\/\/rongsen.com.vn\/vi\/wp-json\/wp\/v2\/product"}],"about":[{"href":"https:\/\/rongsen.com.vn\/vi\/wp-json\/wp\/v2\/types\/product"}],"replies":[{"embeddable":true,"href":"https:\/\/rongsen.com.vn\/vi\/wp-json\/wp\/v2\/comments?post=814"}],"wp:featuredmedia":[{"embeddable":true,"href":"https:\/\/rongsen.com.vn\/vi\/wp-json\/wp\/v2\/media\/815"}],"wp:attachment":[{"href":"https:\/\/rongsen.com.vn\/vi\/wp-json\/wp\/v2\/media?parent=814"}],"wp:term":[{"taxonomy":"product_brand","embeddable":true,"href":"https:\/\/rongsen.com.vn\/vi\/wp-json\/wp\/v2\/product_brand?post=814"},{"taxonomy":"product_cat","embeddable":true,"href":"https:\/\/rongsen.com.vn\/vi\/wp-json\/wp\/v2\/product_cat?post=814"},{"taxonomy":"product_tag","embeddable":true,"href":"https:\/\/rongsen.com.vn\/vi\/wp-json\/wp\/v2\/product_tag?post=814"}],"curies":[{"name":"wp","href":"https:\/\/api.w.org\/{rel}","templated":true}]}}