{"id":805,"date":"2024-06-08T06:32:55","date_gmt":"2024-06-08T06:32:55","guid":{"rendered":"https:\/\/rongsen.com.vn\/?post_type=product&#038;p=805"},"modified":"2024-06-08T06:32:55","modified_gmt":"2024-06-08T06:32:55","slug":"may-mai-sieu-chinh-xac-cnc-dong-upg-nc","status":"publish","type":"product","link":"https:\/\/rongsen.com.vn\/vi\/product\/may-mai-sieu-chinh-xac-cnc-dong-upg-nc\/","title":{"rendered":"M\u00c1Y M\u00c0I SI\u00caU CH\u00cdNH X\u00c1C CNC D\u00d2NG UPG -NC"},"content":{"rendered":"<p>M\u00c1Y M\u00c0I SI\u00caU CH\u00cdNH X\u00c1C CNC D\u00d2NG UPG-NC<\/p>\n<p><img loading=\"lazy\" decoding=\"async\" width=\"1738\" height=\"836\" class=\"wp-image-806\" src=\"https:\/\/rongsen.com.vn\/wp-content\/uploads\/2024\/06\/word-image-805-1.png\" srcset=\"https:\/\/rongsen.com.vn\/wp-content\/uploads\/2024\/06\/word-image-805-1.png 1738w, https:\/\/rongsen.com.vn\/wp-content\/uploads\/2024\/06\/word-image-805-1-800x385.png 800w, https:\/\/rongsen.com.vn\/wp-content\/uploads\/2024\/06\/word-image-805-1-1400x673.png 1400w, https:\/\/rongsen.com.vn\/wp-content\/uploads\/2024\/06\/word-image-805-1-768x369.png 768w, https:\/\/rongsen.com.vn\/wp-content\/uploads\/2024\/06\/word-image-805-1-1536x739.png 1536w, https:\/\/rongsen.com.vn\/wp-content\/uploads\/2024\/06\/word-image-805-1-600x289.png 600w\" sizes=\"auto, (max-width: 1738px) 100vw, 1738px\" \/><\/p>\n<p>\u00dd T\u01af\u1edeNG<\/p>\n<p>H\u1ec7 th\u1ed1ng tr\u01b0\u1ee3t th\u1ee7y t\u0129nh lo\u1ea1i \u0111i\u1ec1u ch\u1ec9nh \u00e1p su\u1ea5t thay \u0111\u1ed5i \u0111\u01b0\u1ee3c ph\u00e1t tri\u1ec3n ri\u00eang v\u00e0 c\u00f4ng ngh\u1ec7 ki\u1ec3m so\u00e1t nhi\u1ec7t \u0111\u1ed9 c\u1ef1c k\u1ef3 ch\u00ednh x\u00e1c \u0111\u1ea1t \u0111\u01b0\u1ee3c \u0111\u1ed9 ch\u00ednh x\u00e1c t\u1eeb 0 \u0111\u1ebfn 0.<\/p>\n<p>T\u00ednh n\u0103ng<\/p>\n<p>\u30fb\u0110i\u1ec3m quan tr\u1ecdng nh\u1ea5t l\u00e0 Gi\u1ea3m thi\u1ec3u \u0111\u1ed9 n\u1ed5i c\u1ee7a B\u00e0n, \u0111\u1ed3ng th\u1eddi \u0111i\u1ec3m \u0111\u1ea3o ng\u01b0\u1ee3c c\u1ee7a b\u00e0n gi\u1eef nguy\u00ean \u0111\u1ed9 cao khi ti\u1ebfp x\u00fac v\u1edbi b\u1ec1 m\u1eb7t ph\u00f4i \u0111\u1ec3 c\u1ea3i thi\u1ec7n \u0111\u1ed9 b\u00f3ng b\u1ec1 m\u1eb7t. H\u1ec7 th\u1ed1ng tr\u01b0\u1ee3t th\u1ee7y t\u0129nh c\u00f3 th\u1ec3 thay \u0111\u1ed5i c\u00f3 th\u1ec3 gi\u1eef kho\u1ea3ng c\u00e1ch kh\u00f4ng \u0111\u1ed5i trong t\u1ea5t c\u1ea3 c\u00e1c khu v\u1ef1c l\u00e0m vi\u1ec7c v\u00e0 c\u00f3 \u0111\u1ed9 c\u1ee9ng ch\u1eafc.<\/p>\n<p>\u30fb\u0110\u1ed9 ch\u00ednh x\u00e1c v\u1ec1 \u0111\u1ed9 th\u1eb3ng t\u01b0\u01a1ng \u1ee9ng cho Tr\u1ee5c ch\u00e9o 0,4\u03bcm\/800mm, Tr\u1ee5c d\u1ecdc d\u01b0\u1edbi 0,5\u03bcm\/m (UPG408NC).<\/p>\n<p>\u30fbT\u1eeb k\u1ebft qu\u1ea3 \u0111\u00e1nh gi\u00e1 \u0111\u1ed9 ph\u1eb3ng b\u1eb1ng c\u00e1ch m\u00e0i ph\u00f4i \u0111\u1eb7t \u1edf b\u00ean tr\u00e1i, gi\u1eefa v\u00e0 b\u00ean ph\u1ea3i c\u1ee7a m\u00e2m c\u1eb7p v\u00e0 \u0111\u01b0\u1ee3c \u0111o t\u1ea1i 8 v\u1ecb tr\u00ed m\u1ed7i v\u1ecb tr\u00ed, t\u1ed5ng c\u1ed9ng 24 v\u1ecb tr\u00ed, \u0111\u1ed9 ph\u1eb3ng n\u1eb1m trong kho\u1ea3ng 0,5 \u00b5m cho t\u1ea5t c\u1ea3 c\u00e1c v\u1ecb tr\u00ed v\u00e0 \u0111\u1ed9 b\u1ec1n c\u1ee7a n\u00f3 \u0111\u1ed1i v\u1edbi t\u1ea3i tr\u1ecdng l\u1ec7ch t\u00e2m \u0111\u00e3 \u0111\u01b0\u1ee3c ch\u1ee9ng minh.<\/p>\n<p>TH\u00d4NG S\u1ed0 K\u1ef8 THU\u1eacT<\/p>\n<p><img loading=\"lazy\" decoding=\"async\" width=\"1164\" height=\"130\" class=\"wp-image-807\" src=\"https:\/\/rongsen.com.vn\/wp-content\/uploads\/2024\/06\/word-image-805-2.png\" srcset=\"https:\/\/rongsen.com.vn\/wp-content\/uploads\/2024\/06\/word-image-805-2.png 1164w, https:\/\/rongsen.com.vn\/wp-content\/uploads\/2024\/06\/word-image-805-2-800x89.png 800w, https:\/\/rongsen.com.vn\/wp-content\/uploads\/2024\/06\/word-image-805-2-768x86.png 768w, https:\/\/rongsen.com.vn\/wp-content\/uploads\/2024\/06\/word-image-805-2-600x67.png 600w\" sizes=\"auto, (max-width: 1164px) 100vw, 1164px\" \/><\/p>\n<p>&nbsp;<\/p>\n","protected":false},"excerpt":{"rendered":"<p>M\u00c1Y M\u00c0I SI\u00caU CH\u00cdNH X\u00c1C CNC D\u00d2NG UPG-NC \u00dd T\u01af\u1edeNG H\u1ec7 th\u1ed1ng tr\u01b0\u1ee3t th\u1ee7y t\u0129nh lo\u1ea1i \u0111i\u1ec1u ch\u1ec9nh \u00e1p su\u1ea5t thay \u0111\u1ed5i \u0111\u01b0\u1ee3c ph\u00e1t tri\u1ec3n ri\u00eang v\u00e0 c\u00f4ng ngh\u1ec7 ki\u1ec3m so\u00e1t nhi\u1ec7t \u0111\u1ed9 c\u1ef1c k\u1ef3 ch\u00ednh x\u00e1c \u0111\u1ea1t \u0111\u01b0\u1ee3c \u0111\u1ed9 ch\u00ednh x\u00e1c t\u1eeb 0 \u0111\u1ebfn 0. T\u00ednh n\u0103ng \u30fb\u0110i\u1ec3m quan tr\u1ecdng nh\u1ea5t l\u00e0 Gi\u1ea3m thi\u1ec3u [&#8230;]\n","protected":false},"featured_media":808,"comment_status":"open","ping_status":"closed","template":"","meta":[],"product_brand":[],"product_cat":[88],"product_tag":[],"class_list":{"0":"post-805","1":"product","2":"type-product","3":"status-publish","4":"has-post-thumbnail","6":"product_cat-okamoto","8":"first","9":"instock","10":"shipping-taxable","11":"product-type-simple"},"_links":{"self":[{"href":"https:\/\/rongsen.com.vn\/vi\/wp-json\/wp\/v2\/product\/805","targetHints":{"allow":["GET"]}}],"collection":[{"href":"https:\/\/rongsen.com.vn\/vi\/wp-json\/wp\/v2\/product"}],"about":[{"href":"https:\/\/rongsen.com.vn\/vi\/wp-json\/wp\/v2\/types\/product"}],"replies":[{"embeddable":true,"href":"https:\/\/rongsen.com.vn\/vi\/wp-json\/wp\/v2\/comments?post=805"}],"wp:featuredmedia":[{"embeddable":true,"href":"https:\/\/rongsen.com.vn\/vi\/wp-json\/wp\/v2\/media\/808"}],"wp:attachment":[{"href":"https:\/\/rongsen.com.vn\/vi\/wp-json\/wp\/v2\/media?parent=805"}],"wp:term":[{"taxonomy":"product_brand","embeddable":true,"href":"https:\/\/rongsen.com.vn\/vi\/wp-json\/wp\/v2\/product_brand?post=805"},{"taxonomy":"product_cat","embeddable":true,"href":"https:\/\/rongsen.com.vn\/vi\/wp-json\/wp\/v2\/product_cat?post=805"},{"taxonomy":"product_tag","embeddable":true,"href":"https:\/\/rongsen.com.vn\/vi\/wp-json\/wp\/v2\/product_tag?post=805"}],"curies":[{"name":"wp","href":"https:\/\/api.w.org\/{rel}","templated":true}]}}