{"id":792,"date":"2024-06-08T06:29:16","date_gmt":"2024-06-08T06:29:16","guid":{"rendered":"https:\/\/rongsen.com.vn\/?post_type=product&#038;p=792"},"modified":"2024-06-08T06:29:16","modified_gmt":"2024-06-08T06:29:16","slug":"may-mai-be-mat-chinh-xac-cnc-dong-psg-dxnc-loai-di-chuyen-cot","status":"publish","type":"product","link":"https:\/\/rongsen.com.vn\/vi\/product\/may-mai-be-mat-chinh-xac-cnc-dong-psg-dxnc-loai-di-chuyen-cot\/","title":{"rendered":"M\u00c1Y M\u00c0I B\u1ec0 M\u1eb6T CH\u00cdNH X\u00c1C CNC D\u00d2NG PSG-DXNC (LO\u1ea0I DI CHUY\u1ec2N C\u1ed8T)"},"content":{"rendered":"<p>M\u00c1Y M\u00c0I B\u1ec0 M\u1eb6T CH\u00cdNH X\u00c1C CNC D\u00d2NG PSG-DXNC ( LO\u1ea0I DI CHUY\u1ec2N C\u1ed8T)<\/p>\n<p><img loading=\"lazy\" decoding=\"async\" width=\"1212\" height=\"581\" class=\"wp-image-793\" src=\"https:\/\/rongsen.com.vn\/wp-content\/uploads\/2024\/06\/word-image-792-1.png\" srcset=\"https:\/\/rongsen.com.vn\/wp-content\/uploads\/2024\/06\/word-image-792-1.png 1212w, https:\/\/rongsen.com.vn\/wp-content\/uploads\/2024\/06\/word-image-792-1-800x383.png 800w, https:\/\/rongsen.com.vn\/wp-content\/uploads\/2024\/06\/word-image-792-1-768x368.png 768w, https:\/\/rongsen.com.vn\/wp-content\/uploads\/2024\/06\/word-image-792-1-600x288.png 600w\" sizes=\"auto, (max-width: 1212px) 100vw, 1212px\" \/><\/p>\n<p>PSG125DXNC\u30fbPSG155DXNC\u30fbPSG205DXNC\u30fbPSG305DXNC\u30fbPSG126DXNC\u30fbPSG156DXNC\u30fbPSG206DXNC\u30fbPSG306DXNC\u30fbPSG157DXNC\u30fbPSG207DXNC\u30fbPSG307DXNC\u30fbPSG138DXNC\u30fbPSG158DXNC\u30fbPSG208DXNC\u30fbPSG308DXNC<\/p>\n<p>\u00dd T\u01af\u1edeNG<\/p>\n<p>D\u00f2ng s\u1ea3n ph\u1ea9m c\u00f3 k\u00edch th\u01b0\u1edbc r\u1ed9ng r\u00e3i nh\u01b0 m\u00e1y c\u01a1 b\u1ea3n t\u1eeb m\u00e1y s\u1ea3n xu\u1ea5t h\u00e0ng lo\u1ea1t ho\u1eb7c m\u00e1y c\u00f3 th\u00f4ng s\u1ed1 k\u1ef9 thu\u1eadt \u0111\u1eb7t h\u00e0ng.<\/p>\n<p>\u0110\u1ec1 xu\u1ea5t \u1ee9ng d\u1ee5ng ph\u00f9 h\u1ee3p nh\u1ea5t t\u1eeb \u200b\u200bkinh nghi\u1ec7m phong ph\u00fa c\u1ee7a ch\u00fang t\u00f4i.<\/p>\n<p>T\u00ednh n\u0103ng<\/p>\n<p>\u30fbH\u1ec7 th\u1ed1ng \u0111i\u1ec1u khi\u1ec3n \u0111\u01b0\u1ee3c ph\u00e1t tri\u1ec3n ri\u00eang ho\u1ea1t \u0111\u1ed9ng t\u1eeb m\u00e0i th\u00f4 \u21d2 m\u00e0i m\u1ecbn \u21d2 \u0110\u00e1nh l\u1eeda \u21d2 D\u1eebng \u0111\u1ea7u b\u00ean ph\u1ea3i c\u1ee7a b\u00e0n theo chu tr\u00ecnh t\u1ef1 \u0111\u1ed9ng.<\/p>\n<p>\u30fbV\u1eadt li\u1ec7u m\u00e0i kh\u00f3 ho\u1eb7c V\u1eadt li\u1ec7u r\u1ea5t c\u1ee9ng th\u01b0\u1eddng xuy\u00ean b\u1ecb gi\u00e1n \u0111o\u1ea1n dao trong chu tr\u00ecnh t\u1ef1 \u0111\u1ed9ng, d\u1ec5 \u0111i\u1ec1u ch\u1ec9nh kho\u1ea3ng c\u00e1ch dao ho\u1eb7c l\u01b0\u1ee3ng c\u1eaft kh\u00ed.<\/p>\n<p>\u30fbD\u00f2ng DXNC, c\u00f3 th\u1ec3 th\u1ef1c hi\u1ec7n qu\u00e1 tr\u00ecnh m\u00e0i sau theo th\u00f4ng s\u1ed1 k\u1ef9 thu\u1eadt \u0111\u01b0\u1ee3c th\u1ef1c hi\u1ec7n theo th\u1ee9 t\u1ef1. [M\u00e0i hi\u1ec7u su\u1ea5t cao], [\u0110o tr\u00ean m\u00e1y], M\u00e0i nhi\u1ec1u l\u1ea7n], [\u0110\u1ea7u v\u00e0o bi\u1ebfn \u0111\u1ed5i theo ch\u01b0\u01a1ng tr\u00ecnh macro] nh\u1eefng k\u1ebft h\u1ee3p \u0111\u00f3 \u0111\u1ec3 t\u01b0\u01a1ng \u1ee9ng v\u1edbi nhi\u1ec1u \u1ee9ng d\u1ee5ng kh\u00e1c nhau.<\/p>\n<p>\u30fbT\u01b0\u01a1ng \u1ee9ng v\u1edbi vi\u1ec7c m\u00e0i khu\u00f4n b\u1eb1ng \u0111i\u1ec1u khi\u1ec3n \u0111\u1ed3ng th\u1eddi tr\u1ee5c d\u1ecdc v\u00e0 tr\u1ee5c d\u1ecdc. \u0110\u1ec1 xu\u1ea5t \u1ee9ng d\u1ee5ng ph\u00f9 h\u1ee3p nh\u1ea5t cho t\u1eebng ph\u00f4i.<\/p>\n<p><img loading=\"lazy\" decoding=\"async\" width=\"1531\" height=\"791\" class=\"wp-image-794\" src=\"https:\/\/rongsen.com.vn\/wp-content\/uploads\/2024\/06\/word-image-792-2.png\" srcset=\"https:\/\/rongsen.com.vn\/wp-content\/uploads\/2024\/06\/word-image-792-2.png 1531w, https:\/\/rongsen.com.vn\/wp-content\/uploads\/2024\/06\/word-image-792-2-774x400.png 774w, https:\/\/rongsen.com.vn\/wp-content\/uploads\/2024\/06\/word-image-792-2-1400x723.png 1400w, https:\/\/rongsen.com.vn\/wp-content\/uploads\/2024\/06\/word-image-792-2-768x397.png 768w, https:\/\/rongsen.com.vn\/wp-content\/uploads\/2024\/06\/word-image-792-2-600x310.png 600w\" sizes=\"auto, (max-width: 1531px) 100vw, 1531px\" \/><\/p>\n<p>TH\u00d4NG S\u1ed0 K\u1ef8 THU\u1eacT<\/p>\n<p><img loading=\"lazy\" decoding=\"async\" width=\"1096\" height=\"632\" class=\"wp-image-795\" src=\"https:\/\/rongsen.com.vn\/wp-content\/uploads\/2024\/06\/word-image-792-3.png\" srcset=\"https:\/\/rongsen.com.vn\/wp-content\/uploads\/2024\/06\/word-image-792-3.png 1096w, https:\/\/rongsen.com.vn\/wp-content\/uploads\/2024\/06\/word-image-792-3-694x400.png 694w, https:\/\/rongsen.com.vn\/wp-content\/uploads\/2024\/06\/word-image-792-3-768x443.png 768w, https:\/\/rongsen.com.vn\/wp-content\/uploads\/2024\/06\/word-image-792-3-600x346.png 600w\" sizes=\"auto, (max-width: 1096px) 100vw, 1096px\" \/><\/p>\n","protected":false},"excerpt":{"rendered":"<p>M\u00c1Y M\u00c0I B\u1ec0 M\u1eb6T CH\u00cdNH X\u00c1C CNC D\u00d2NG PSG-DXNC ( LO\u1ea0I DI CHUY\u1ec2N C\u1ed8T) PSG125DXNC\u30fbPSG155DXNC\u30fbPSG205DXNC\u30fbPSG305DXNC\u30fbPSG126DXNC\u30fbPSG156DXNC\u30fbPSG206DXNC\u30fbPSG306DXNC\u30fbPSG157DXNC\u30fbPSG207DXNC\u30fbPSG307DXNC\u30fbPSG138DXNC\u30fbPSG158DXNC\u30fbPSG208DXNC\u30fbPSG308DXNC \u00dd T\u01af\u1edeNG D\u00f2ng s\u1ea3n ph\u1ea9m c\u00f3 k\u00edch th\u01b0\u1edbc r\u1ed9ng r\u00e3i nh\u01b0 m\u00e1y c\u01a1 b\u1ea3n t\u1eeb m\u00e1y s\u1ea3n xu\u1ea5t h\u00e0ng lo\u1ea1t ho\u1eb7c m\u00e1y c\u00f3 th\u00f4ng s\u1ed1 k\u1ef9 thu\u1eadt \u0111\u1eb7t h\u00e0ng. \u0110\u1ec1 xu\u1ea5t \u1ee9ng d\u1ee5ng ph\u00f9 h\u1ee3p nh\u1ea5t t\u1eeb \u200b\u200bkinh nghi\u1ec7m phong [&#8230;]\n","protected":false},"featured_media":793,"comment_status":"open","ping_status":"closed","template":"","meta":[],"product_brand":[],"product_cat":[88],"product_tag":[],"class_list":{"0":"post-792","1":"product","2":"type-product","3":"status-publish","4":"has-post-thumbnail","6":"product_cat-okamoto","8":"first","9":"instock","10":"shipping-taxable","11":"product-type-simple"},"_links":{"self":[{"href":"https:\/\/rongsen.com.vn\/vi\/wp-json\/wp\/v2\/product\/792","targetHints":{"allow":["GET"]}}],"collection":[{"href":"https:\/\/rongsen.com.vn\/vi\/wp-json\/wp\/v2\/product"}],"about":[{"href":"https:\/\/rongsen.com.vn\/vi\/wp-json\/wp\/v2\/types\/product"}],"replies":[{"embeddable":true,"href":"https:\/\/rongsen.com.vn\/vi\/wp-json\/wp\/v2\/comments?post=792"}],"wp:featuredmedia":[{"embeddable":true,"href":"https:\/\/rongsen.com.vn\/vi\/wp-json\/wp\/v2\/media\/793"}],"wp:attachment":[{"href":"https:\/\/rongsen.com.vn\/vi\/wp-json\/wp\/v2\/media?parent=792"}],"wp:term":[{"taxonomy":"product_brand","embeddable":true,"href":"https:\/\/rongsen.com.vn\/vi\/wp-json\/wp\/v2\/product_brand?post=792"},{"taxonomy":"product_cat","embeddable":true,"href":"https:\/\/rongsen.com.vn\/vi\/wp-json\/wp\/v2\/product_cat?post=792"},{"taxonomy":"product_tag","embeddable":true,"href":"https:\/\/rongsen.com.vn\/vi\/wp-json\/wp\/v2\/product_tag?post=792"}],"curies":[{"name":"wp","href":"https:\/\/api.w.org\/{rel}","templated":true}]}}