{"id":772,"date":"2024-06-08T06:24:31","date_gmt":"2024-06-08T06:24:31","guid":{"rendered":"https:\/\/rongsen.com.vn\/?post_type=product&#038;p=772"},"modified":"2024-06-08T06:24:31","modified_gmt":"2024-06-08T06:24:31","slug":"may-mai-be-mat-chinh-xac-nc-precision-psg-ca-iq","status":"publish","type":"product","link":"https:\/\/rongsen.com.vn\/vi\/product\/may-mai-be-mat-chinh-xac-nc-precision-psg-ca-iq\/","title":{"rendered":"M\u00c1Y M\u00c0I B\u1ec0 M\u1eb6T CH\u00cdNH X\u00c1C  NC Precision PSG-CA-iQ"},"content":{"rendered":"<p><strong>NC Precision Surface Grinding\u00a0Machine<\/strong><\/p>\n<p><strong>PSG-CA-iQ<\/strong><\/p>\n<p><strong><img loading=\"lazy\" decoding=\"async\" width=\"1084\" height=\"505\" class=\"wp-image-773\" src=\"https:\/\/rongsen.com.vn\/wp-content\/uploads\/2024\/06\/word-image-772-1.png\" srcset=\"https:\/\/rongsen.com.vn\/wp-content\/uploads\/2024\/06\/word-image-772-1.png 1084w, https:\/\/rongsen.com.vn\/wp-content\/uploads\/2024\/06\/word-image-772-1-800x373.png 800w, https:\/\/rongsen.com.vn\/wp-content\/uploads\/2024\/06\/word-image-772-1-768x358.png 768w, https:\/\/rongsen.com.vn\/wp-content\/uploads\/2024\/06\/word-image-772-1-600x280.png 600w\" sizes=\"auto, (max-width: 1084px) 100vw, 1084px\" \/><\/strong><\/p>\n<p><strong>M\u00c1Y M\u00c0I D\u00d2NG PSG-CA-IQ BAO G\u1ed2M C\u00c1C M\u00c3 SAU <\/strong><\/p>\n<p>PSG63CA-iQ\u30fbPSG64CA-iQ\u30fbPSG66CA-iQ\u30fbPSG84CA-iQ\u30fbPSG104CA-iQ\u30fbPSG106CA-iQ<\/p>\n<p><strong>\u00dd T\u01af\u1edeNG<\/strong><\/p>\n<p><strong>N\u00f3 \u0111\u01b0\u1ee3c trang b\u1ecb ch\u1ee9c n\u0103ng c\u00e0i \u0111\u1eb7t t\u1ef1 \u0111\u1ed9ng v\u1ec1 t\u00ecnh tr\u1ea1ng m\u00e0i v\u00e0 m\u00e0i gi\u00fap r\u00fat ng\u1eafn d\u1eef li\u1ec7u \u0111\u1ea7u v\u00e0o b\u1eb1ng m\u00e0n h\u00ecnh hi\u1ec3n th\u1ecb \u0111\u1ed3 h\u1ecda.<\/strong><\/p>\n<p><strong>T\u00ednh n\u0103ng<\/strong><\/p>\n<p><strong>\u30fbKh\u00f4ng c\u00f3 k\u00fd t\u1ef1 tr\u00ean m\u00e0n h\u00ecnh thao t\u00e1c, ch\u1ea1m v\u00e0o i-con v\u00e0 nh\u1eadp li\u1ec7u d\u1ec5 d\u00e0ng.<\/strong><\/p>\n<p><strong>\u30fbD\u00f2ng CA-iQ l\u1ea7n \u0111\u1ea7u ti\u00ean \u0111\u01b0\u1ee3c trang b\u1ecb ch\u1ee9c n\u0103ng t\u1ea1o d\u1eef li\u1ec7u t\u1ef1 \u0111\u1ed9ng trong m\u00e1y m\u00e0i b\u1ec1 m\u1eb7t. \u0110\u1ea7u v\u00e0o T\u1ed5ng lo\u1ea1i b\u1ecf ph\u00f4i v\u00e0 Lo\u1ea1i b\u1ecf ph\u00f4i m\u1ecbn, v\u00e0 nh\u1eadp v\u00e0o k\u00edch th\u01b0\u1edbc l\u01b0\u1edbi b\u00e1nh xe, sau \u0111\u00f3 c\u00f3 th\u1ec3 \u0111\u01b0a ra \u0111i\u1ec1u ki\u1ec7n m\u00e0i v\u00e0 \u0111i\u1ec1u ki\u1ec7n m\u00e0i ph\u00f9 h\u1ee3p nh\u1ea5t.<\/strong><\/p>\n<p><strong>\u30fbS\u1eed d\u1ee5ng h\u1ec7 th\u1ed1ng tr\u01b0\u1ee3t V-V \u0111\u1ec3 c\u00f3 \u0111\u1ed9 th\u1eb3ng tuy\u1ec7t v\u1eddi v\u00e0 c\u1ea5u tr\u00fac t\u00edch h\u1ee3p khung h\u00ecnh ch\u1eef T kh\u00f4ng nh\u00f4 ra ngo\u00e0i, Khu v\u1ef1c ch\u1ea5t t\u1ea3i b\u00e0n r\u1ed9ng m\u1edf nh\u1edd lo\u1ea1i m\u00e1y di chuy\u1ec3n theo c\u1ed9t gi\u00fap ph\u00f4i c\u00f3 k\u00edch th\u01b0\u1edbc l\u1edbn d\u1ec5 d\u00e0ng. H\u1ec7 th\u1ed1ng xi lanh \u0111\u00f4i \u0111\u01b0\u1ee3c \u00e1p d\u1ee5ng gi\u00fap t\u0103ng kh\u1ea3 n\u0103ng ch\u1ecbu t\u1ea3i c\u1ee7a b\u00e0n V\u00ec kh\u00f4ng c\u00f3 khu v\u1ef1c b\u1ed1 tr\u00ed c\u00f4ng vi\u1ec7c nh\u00f4 ra so v\u1edbi to\u00e0n b\u1ed9 h\u00e0nh tr\u00ecnh c\u1ee7a b\u00e0n, \u0111i\u1ec1u n\u00e0y mang l\u1ea1i quy tr\u00ecnh \u1ed5n \u0111\u1ecbnh h\u01a1n.<\/strong><\/p>\n<p><strong>\u30fbC\u00f3 th\u1ec3 l\u1ef1a ch\u1ecdn cho nhi\u1ec1u ch\u1ebf \u0111\u1ed9 m\u00e0i kh\u00e1c nhau nh\u01b0 m\u00e0i b\u1ec1 m\u1eb7t, m\u00e0i b\u01b0\u1edbc, m\u00e0i \u0111\u01b0\u1eddng vi\u1ec1n v\u00e0 m\u00e0i \u0111\u1ecbnh h\u00ecnh.<\/strong><\/p>\n<p><strong>\u30fbGi\u1ea3m h\u01a1n n\u1eefa th\u1eddi gian chu tr\u00ecnh b\u1eb1ng m\u00e1y m\u00e0i tr\u00ean cao nh\u01b0 m\u1ed9t t\u00f9y ch\u1ecdn cho M\u00e0i th\u00f4 v\u00e0 m\u00e0i tinh v\u1edbi m\u00e1y m\u00e0i g\u1eafn tr\u00ean b\u00e0n.<\/strong><\/p>\n<p><strong>\u30fbH\u1ec7 th\u1ed1ng tr\u01b0\u1ee3t th\u1ee7y t\u0129nh l\u00e0 m\u1ed9t t\u00f9y ch\u1ecdn, c\u0169ng c\u00f3 s\u1eb5n v\u1edbi l\u1edbp ho\u00e0n thi\u1ec7n g\u01b0\u01a1ng c\u00f3 \u0111\u1ed9 ch\u00ednh x\u00e1c cao.<\/strong><\/p>\n<p><img loading=\"lazy\" decoding=\"async\" width=\"824\" height=\"560\" class=\"wp-image-774\" src=\"https:\/\/rongsen.com.vn\/wp-content\/uploads\/2024\/06\/word-image-772-2.png\" srcset=\"https:\/\/rongsen.com.vn\/wp-content\/uploads\/2024\/06\/word-image-772-2.png 824w, https:\/\/rongsen.com.vn\/wp-content\/uploads\/2024\/06\/word-image-772-2-589x400.png 589w, https:\/\/rongsen.com.vn\/wp-content\/uploads\/2024\/06\/word-image-772-2-768x522.png 768w, https:\/\/rongsen.com.vn\/wp-content\/uploads\/2024\/06\/word-image-772-2-600x408.png 600w\" sizes=\"auto, (max-width: 824px) 100vw, 824px\" \/><\/p>\n<p><img loading=\"lazy\" decoding=\"async\" width=\"824\" height=\"565\" class=\"wp-image-775\" src=\"https:\/\/rongsen.com.vn\/wp-content\/uploads\/2024\/06\/word-image-772-3.png\" srcset=\"https:\/\/rongsen.com.vn\/wp-content\/uploads\/2024\/06\/word-image-772-3.png 824w, https:\/\/rongsen.com.vn\/wp-content\/uploads\/2024\/06\/word-image-772-3-583x400.png 583w, https:\/\/rongsen.com.vn\/wp-content\/uploads\/2024\/06\/word-image-772-3-768x527.png 768w, https:\/\/rongsen.com.vn\/wp-content\/uploads\/2024\/06\/word-image-772-3-600x411.png 600w\" sizes=\"auto, (max-width: 824px) 100vw, 824px\" \/><\/p>\n<p><img loading=\"lazy\" decoding=\"async\" width=\"1709\" height=\"410\" class=\"wp-image-776\" src=\"https:\/\/rongsen.com.vn\/wp-content\/uploads\/2024\/06\/word-image-772-4.png\" srcset=\"https:\/\/rongsen.com.vn\/wp-content\/uploads\/2024\/06\/word-image-772-4.png 1709w, https:\/\/rongsen.com.vn\/wp-content\/uploads\/2024\/06\/word-image-772-4-800x192.png 800w, https:\/\/rongsen.com.vn\/wp-content\/uploads\/2024\/06\/word-image-772-4-1400x336.png 1400w, https:\/\/rongsen.com.vn\/wp-content\/uploads\/2024\/06\/word-image-772-4-768x184.png 768w, https:\/\/rongsen.com.vn\/wp-content\/uploads\/2024\/06\/word-image-772-4-1536x368.png 1536w, https:\/\/rongsen.com.vn\/wp-content\/uploads\/2024\/06\/word-image-772-4-600x144.png 600w\" sizes=\"auto, (max-width: 1709px) 100vw, 1709px\" \/><\/p>\n<p>TH\u00d4NG S\u1ed0 K\u1ef8 THU\u1eacT<\/p>\n<p><img loading=\"lazy\" decoding=\"async\" width=\"1312\" height=\"203\" class=\"wp-image-777\" src=\"https:\/\/rongsen.com.vn\/wp-content\/uploads\/2024\/06\/word-image-772-5.png\" srcset=\"https:\/\/rongsen.com.vn\/wp-content\/uploads\/2024\/06\/word-image-772-5.png 1312w, https:\/\/rongsen.com.vn\/wp-content\/uploads\/2024\/06\/word-image-772-5-800x124.png 800w, https:\/\/rongsen.com.vn\/wp-content\/uploads\/2024\/06\/word-image-772-5-768x119.png 768w, https:\/\/rongsen.com.vn\/wp-content\/uploads\/2024\/06\/word-image-772-5-600x93.png 600w\" sizes=\"auto, (max-width: 1312px) 100vw, 1312px\" \/><\/p>\n<p>&nbsp;<\/p>\n","protected":false},"excerpt":{"rendered":"<p>NC Precision Surface Grinding\u00a0Machine PSG-CA-iQ M\u00c1Y M\u00c0I D\u00d2NG PSG-CA-IQ BAO G\u1ed2M C\u00c1C M\u00c3 SAU PSG63CA-iQ\u30fbPSG64CA-iQ\u30fbPSG66CA-iQ\u30fbPSG84CA-iQ\u30fbPSG104CA-iQ\u30fbPSG106CA-iQ \u00dd T\u01af\u1edeNG N\u00f3 \u0111\u01b0\u1ee3c trang b\u1ecb ch\u1ee9c n\u0103ng c\u00e0i \u0111\u1eb7t t\u1ef1 \u0111\u1ed9ng v\u1ec1 t\u00ecnh tr\u1ea1ng m\u00e0i v\u00e0 m\u00e0i gi\u00fap r\u00fat ng\u1eafn d\u1eef li\u1ec7u \u0111\u1ea7u v\u00e0o b\u1eb1ng m\u00e0n h\u00ecnh hi\u1ec3n th\u1ecb \u0111\u1ed3 h\u1ecda. T\u00ednh n\u0103ng \u30fbKh\u00f4ng c\u00f3 k\u00fd t\u1ef1 tr\u00ean m\u00e0n [&#8230;]\n","protected":false},"featured_media":773,"comment_status":"open","ping_status":"closed","template":"","meta":[],"product_brand":[],"product_cat":[88],"product_tag":[],"class_list":{"0":"post-772","1":"product","2":"type-product","3":"status-publish","4":"has-post-thumbnail","6":"product_cat-okamoto","8":"first","9":"instock","10":"shipping-taxable","11":"product-type-simple"},"_links":{"self":[{"href":"https:\/\/rongsen.com.vn\/vi\/wp-json\/wp\/v2\/product\/772","targetHints":{"allow":["GET"]}}],"collection":[{"href":"https:\/\/rongsen.com.vn\/vi\/wp-json\/wp\/v2\/product"}],"about":[{"href":"https:\/\/rongsen.com.vn\/vi\/wp-json\/wp\/v2\/types\/product"}],"replies":[{"embeddable":true,"href":"https:\/\/rongsen.com.vn\/vi\/wp-json\/wp\/v2\/comments?post=772"}],"wp:featuredmedia":[{"embeddable":true,"href":"https:\/\/rongsen.com.vn\/vi\/wp-json\/wp\/v2\/media\/773"}],"wp:attachment":[{"href":"https:\/\/rongsen.com.vn\/vi\/wp-json\/wp\/v2\/media?parent=772"}],"wp:term":[{"taxonomy":"product_brand","embeddable":true,"href":"https:\/\/rongsen.com.vn\/vi\/wp-json\/wp\/v2\/product_brand?post=772"},{"taxonomy":"product_cat","embeddable":true,"href":"https:\/\/rongsen.com.vn\/vi\/wp-json\/wp\/v2\/product_cat?post=772"},{"taxonomy":"product_tag","embeddable":true,"href":"https:\/\/rongsen.com.vn\/vi\/wp-json\/wp\/v2\/product_tag?post=772"}],"curies":[{"name":"wp","href":"https:\/\/api.w.org\/{rel}","templated":true}]}}