{"id":678,"date":"2024-06-08T05:36:23","date_gmt":"2024-06-08T05:36:23","guid":{"rendered":"https:\/\/rongsen.com.vn\/?post_type=product&#038;p=678"},"modified":"2024-11-20T08:03:14","modified_gmt":"2024-11-20T01:03:14","slug":"may-cat-day-dong-grx","status":"publish","type":"product","link":"https:\/\/rongsen.com.vn\/vi\/product\/may-cat-day-dong-grx\/","title":{"rendered":"M\u00c1Y C\u1eaeT D\u00c2Y D\u00d2NG  G&#038;RX"},"content":{"rendered":"<p>M\u00c1Y C\u1eaeT D\u00c2Y D\u00d2NG G&amp;RX<\/p>\n<p><img loading=\"lazy\" decoding=\"async\" class=\"aligncenter size-full wp-image-1256\" src=\"https:\/\/rongsen.com.vn\/wp-content\/uploads\/2024\/06\/12-1.jpg\" alt=\"\" width=\"957\" height=\"700\" srcset=\"https:\/\/rongsen.com.vn\/wp-content\/uploads\/2024\/06\/12-1.jpg 957w, https:\/\/rongsen.com.vn\/wp-content\/uploads\/2024\/06\/12-1-547x400.jpg 547w, https:\/\/rongsen.com.vn\/wp-content\/uploads\/2024\/06\/12-1-768x562.jpg 768w, https:\/\/rongsen.com.vn\/wp-content\/uploads\/2024\/06\/12-1-16x12.jpg 16w, https:\/\/rongsen.com.vn\/wp-content\/uploads\/2024\/06\/12-1-600x439.jpg 600w\" sizes=\"auto, (max-width: 957px) 100vw, 957px\" \/><\/p>\n<p>&nbsp;<\/p>\n<p><img loading=\"lazy\" decoding=\"async\" width=\"955\" height=\"652\" class=\"wp-image-681\" src=\"https:\/\/rongsen.com.vn\/wp-content\/uploads\/2024\/06\/word-image-678-2.png\" srcset=\"https:\/\/rongsen.com.vn\/wp-content\/uploads\/2024\/06\/word-image-678-2.png 955w, https:\/\/rongsen.com.vn\/wp-content\/uploads\/2024\/06\/word-image-678-2-586x400.png 586w, https:\/\/rongsen.com.vn\/wp-content\/uploads\/2024\/06\/word-image-678-2-768x524.png 768w, https:\/\/rongsen.com.vn\/wp-content\/uploads\/2024\/06\/word-image-678-2-600x410.png 600w\" sizes=\"auto, (max-width: 955px) 100vw, 955px\" \/><\/p>\n<p>TH\u00d4NG S\u1ed0 K\u1ef8 THU\u1eacT M\u00c1Y C\u1eaeT D\u00c2Y D\u00d2NG G&amp;RX<\/p>\n<p><img loading=\"lazy\" decoding=\"async\" class=\"aligncenter size-large wp-image-1245\" src=\"https:\/\/rongsen.com.vn\/wp-content\/uploads\/2024\/06\/word-image-678-3-894x800.jpg\" alt=\"\" width=\"894\" height=\"800\" srcset=\"https:\/\/rongsen.com.vn\/wp-content\/uploads\/2024\/06\/word-image-678-3-894x800.jpg 894w, https:\/\/rongsen.com.vn\/wp-content\/uploads\/2024\/06\/word-image-678-3-447x400.jpg 447w, https:\/\/rongsen.com.vn\/wp-content\/uploads\/2024\/06\/word-image-678-3-768x688.jpg 768w, https:\/\/rongsen.com.vn\/wp-content\/uploads\/2024\/06\/word-image-678-3-13x12.jpg 13w, https:\/\/rongsen.com.vn\/wp-content\/uploads\/2024\/06\/word-image-678-3-600x537.jpg 600w, https:\/\/rongsen.com.vn\/wp-content\/uploads\/2024\/06\/word-image-678-3.jpg 1280w\" sizes=\"auto, (max-width: 894px) 100vw, 894px\" \/><\/p>\n<p><strong><em>Gi\u1edbi thi\u1ec7u c\u1ee5 th\u1ec3 v\u1ec1 M\u00e1y c\u1eaft d\u00e2y d\u00f2ng G&amp;RX<\/em><\/strong><\/p>\n<p><img loading=\"lazy\" decoding=\"async\" width=\"936\" height=\"620\" class=\"wp-image-683\" src=\"https:\/\/rongsen.com.vn\/wp-content\/uploads\/2024\/06\/word-image-678-4.png\" srcset=\"https:\/\/rongsen.com.vn\/wp-content\/uploads\/2024\/06\/word-image-678-4.png 936w, https:\/\/rongsen.com.vn\/wp-content\/uploads\/2024\/06\/word-image-678-4-604x400.png 604w, https:\/\/rongsen.com.vn\/wp-content\/uploads\/2024\/06\/word-image-678-4-768x509.png 768w, https:\/\/rongsen.com.vn\/wp-content\/uploads\/2024\/06\/word-image-678-4-600x397.png 600w\" sizes=\"auto, (max-width: 936px) 100vw, 936px\" \/><\/p>\n<p><img loading=\"lazy\" decoding=\"async\" width=\"948\" height=\"607\" class=\"wp-image-684\" src=\"https:\/\/rongsen.com.vn\/wp-content\/uploads\/2024\/06\/word-image-678-5.png\" srcset=\"https:\/\/rongsen.com.vn\/wp-content\/uploads\/2024\/06\/word-image-678-5.png 948w, https:\/\/rongsen.com.vn\/wp-content\/uploads\/2024\/06\/word-image-678-5-625x400.png 625w, https:\/\/rongsen.com.vn\/wp-content\/uploads\/2024\/06\/word-image-678-5-768x492.png 768w, https:\/\/rongsen.com.vn\/wp-content\/uploads\/2024\/06\/word-image-678-5-600x384.png 600w\" sizes=\"auto, (max-width: 948px) 100vw, 948px\" \/><\/p>\n<p><img loading=\"lazy\" decoding=\"async\" width=\"957\" height=\"653\" class=\"wp-image-685\" src=\"https:\/\/rongsen.com.vn\/wp-content\/uploads\/2024\/06\/word-image-678-6.png\" srcset=\"https:\/\/rongsen.com.vn\/wp-content\/uploads\/2024\/06\/word-image-678-6.png 957w, https:\/\/rongsen.com.vn\/wp-content\/uploads\/2024\/06\/word-image-678-6-586x400.png 586w, https:\/\/rongsen.com.vn\/wp-content\/uploads\/2024\/06\/word-image-678-6-768x524.png 768w, https:\/\/rongsen.com.vn\/wp-content\/uploads\/2024\/06\/word-image-678-6-600x409.png 600w\" sizes=\"auto, (max-width: 957px) 100vw, 957px\" \/><\/p>\n<p><img loading=\"lazy\" decoding=\"async\" width=\"953\" height=\"608\" class=\"wp-image-686\" src=\"https:\/\/rongsen.com.vn\/wp-content\/uploads\/2024\/06\/word-image-678-7.png\" srcset=\"https:\/\/rongsen.com.vn\/wp-content\/uploads\/2024\/06\/word-image-678-7.png 953w, https:\/\/rongsen.com.vn\/wp-content\/uploads\/2024\/06\/word-image-678-7-627x400.png 627w, https:\/\/rongsen.com.vn\/wp-content\/uploads\/2024\/06\/word-image-678-7-768x490.png 768w, https:\/\/rongsen.com.vn\/wp-content\/uploads\/2024\/06\/word-image-678-7-600x383.png 600w\" sizes=\"auto, (max-width: 953px) 100vw, 953px\" \/><\/p>\n<p><img decoding=\"async\" class=\"wp-image-687\" src=\"https:\/\/rongsen.com.vn\/wp-content\/uploads\/2024\/06\/word-image-678-8.png\" \/><\/p>\n<p>&nbsp;<\/p>\n","protected":false},"excerpt":{"rendered":"<p>M\u00c1Y C\u1eaeT D\u00c2Y D\u00d2NG G&amp;RX &nbsp; TH\u00d4NG S\u1ed0 K\u1ef8 THU\u1eacT M\u00c1Y C\u1eaeT D\u00c2Y D\u00d2NG G&amp;RX Gi\u1edbi thi\u1ec7u c\u1ee5 th\u1ec3 v\u1ec1 M\u00e1y c\u1eaft d\u00e2y d\u00f2ng G&amp;RX &nbsp;<\/p>\n","protected":false},"featured_media":1209,"comment_status":"open","ping_status":"closed","template":"","meta":[],"product_brand":[],"product_cat":[15],"product_tag":[],"class_list":{"0":"post-678","1":"product","2":"type-product","3":"status-publish","4":"has-post-thumbnail","6":"product_cat-chmer","8":"first","9":"instock","10":"shipping-taxable","11":"product-type-simple"},"_links":{"self":[{"href":"https:\/\/rongsen.com.vn\/vi\/wp-json\/wp\/v2\/product\/678","targetHints":{"allow":["GET"]}}],"collection":[{"href":"https:\/\/rongsen.com.vn\/vi\/wp-json\/wp\/v2\/product"}],"about":[{"href":"https:\/\/rongsen.com.vn\/vi\/wp-json\/wp\/v2\/types\/product"}],"replies":[{"embeddable":true,"href":"https:\/\/rongsen.com.vn\/vi\/wp-json\/wp\/v2\/comments?post=678"}],"wp:featuredmedia":[{"embeddable":true,"href":"https:\/\/rongsen.com.vn\/vi\/wp-json\/wp\/v2\/media\/1209"}],"wp:attachment":[{"href":"https:\/\/rongsen.com.vn\/vi\/wp-json\/wp\/v2\/media?parent=678"}],"wp:term":[{"taxonomy":"product_brand","embeddable":true,"href":"https:\/\/rongsen.com.vn\/vi\/wp-json\/wp\/v2\/product_brand?post=678"},{"taxonomy":"product_cat","embeddable":true,"href":"https:\/\/rongsen.com.vn\/vi\/wp-json\/wp\/v2\/product_cat?post=678"},{"taxonomy":"product_tag","embeddable":true,"href":"https:\/\/rongsen.com.vn\/vi\/wp-json\/wp\/v2\/product_tag?post=678"}],"curies":[{"name":"wp","href":"https:\/\/api.w.org\/{rel}","templated":true}]}}