{"id":630,"date":"2024-06-03T06:01:10","date_gmt":"2024-06-03T06:01:10","guid":{"rendered":"https:\/\/rongsen.com.vn\/?post_type=product&#038;p=630"},"modified":"2025-12-08T14:47:49","modified_gmt":"2025-12-08T07:47:49","slug":"may-duc-lo-pho-thong-db703","status":"publish","type":"product","link":"https:\/\/rongsen.com.vn\/vi\/product\/may-duc-lo-pho-thong-db703\/","title":{"rendered":"M\u00c1Y \u0110\u1ee4C L\u1ed6 PH\u1ed4 TH\u00d4NG DB703"},"content":{"rendered":"<p><strong>M\u00c1Y \u0110\u1ee4C L\u1ed6 PH\u1ece TH\u00d4NG DB703<\/strong><\/p>\n<p>TH\u00d4NG S\u1ed0 K\u1ef8 THU\u1eacT M\u00c1Y \u0110\u1ee4C L\u1ed6 PH\u1ed4 TH\u00d4NG<\/p>\n<p><img loading=\"lazy\" decoding=\"async\" class=\"alignnone size-medium wp-image-631\" src=\"https:\/\/rongsen.com.vn\/wp-content\/uploads\/2024\/06\/c9-438x400.png\" alt=\"\" width=\"438\" height=\"400\" srcset=\"https:\/\/rongsen.com.vn\/wp-content\/uploads\/2024\/06\/c9-438x400.png 438w, https:\/\/rongsen.com.vn\/wp-content\/uploads\/2024\/06\/c9-600x548.png 600w, https:\/\/rongsen.com.vn\/wp-content\/uploads\/2024\/06\/c9.png 618w\" sizes=\"auto, (max-width: 438px) 100vw, 438px\" \/><\/p>\n<p><img loading=\"lazy\" decoding=\"async\" class=\"alignnone size-medium wp-image-632\" src=\"https:\/\/rongsen.com.vn\/wp-content\/uploads\/2024\/06\/c9-1-800x394.png\" alt=\"\" width=\"800\" height=\"394\" srcset=\"https:\/\/rongsen.com.vn\/wp-content\/uploads\/2024\/06\/c9-1-800x394.png 800w, https:\/\/rongsen.com.vn\/wp-content\/uploads\/2024\/06\/c9-1-768x378.png 768w, https:\/\/rongsen.com.vn\/wp-content\/uploads\/2024\/06\/c9-1-600x295.png 600w, https:\/\/rongsen.com.vn\/wp-content\/uploads\/2024\/06\/c9-1.png 929w\" sizes=\"auto, (max-width: 800px) 100vw, 800px\" \/><\/p>\n","protected":false},"excerpt":{"rendered":"<p>M\u00c1Y \u0110\u1ee4C L\u1ed6 PH\u1ece TH\u00d4NG DB703 TH\u00d4NG S\u1ed0 K\u1ef8 THU\u1eacT M\u00c1Y \u0110\u1ee4C L\u1ed6 PH\u1ed4 TH\u00d4NG<\/p>\n","protected":false},"featured_media":631,"comment_status":"open","ping_status":"closed","template":"","meta":[],"product_brand":[],"product_cat":[22],"product_tag":[],"class_list":{"0":"post-630","1":"product","2":"type-product","3":"status-publish","4":"has-post-thumbnail","6":"product_cat-hong-yao","8":"first","9":"instock","10":"shipping-taxable","11":"product-type-simple"},"_links":{"self":[{"href":"https:\/\/rongsen.com.vn\/vi\/wp-json\/wp\/v2\/product\/630","targetHints":{"allow":["GET"]}}],"collection":[{"href":"https:\/\/rongsen.com.vn\/vi\/wp-json\/wp\/v2\/product"}],"about":[{"href":"https:\/\/rongsen.com.vn\/vi\/wp-json\/wp\/v2\/types\/product"}],"replies":[{"embeddable":true,"href":"https:\/\/rongsen.com.vn\/vi\/wp-json\/wp\/v2\/comments?post=630"}],"wp:featuredmedia":[{"embeddable":true,"href":"https:\/\/rongsen.com.vn\/vi\/wp-json\/wp\/v2\/media\/631"}],"wp:attachment":[{"href":"https:\/\/rongsen.com.vn\/vi\/wp-json\/wp\/v2\/media?parent=630"}],"wp:term":[{"taxonomy":"product_brand","embeddable":true,"href":"https:\/\/rongsen.com.vn\/vi\/wp-json\/wp\/v2\/product_brand?post=630"},{"taxonomy":"product_cat","embeddable":true,"href":"https:\/\/rongsen.com.vn\/vi\/wp-json\/wp\/v2\/product_cat?post=630"},{"taxonomy":"product_tag","embeddable":true,"href":"https:\/\/rongsen.com.vn\/vi\/wp-json\/wp\/v2\/product_tag?post=630"}],"curies":[{"name":"wp","href":"https:\/\/api.w.org\/{rel}","templated":true}]}}