{"id":628,"date":"2024-06-03T05:55:10","date_gmt":"2024-06-03T05:55:10","guid":{"rendered":"https:\/\/rongsen.com.vn\/?post_type=product&#038;p=628"},"modified":"2025-12-07T11:28:17","modified_gmt":"2025-12-07T04:28:17","slug":"may-duc-lo-cnc-tieu-chuan-tu-dong-cnc-3545-cnc4565","status":"publish","type":"product","link":"https:\/\/rongsen.com.vn\/vi\/product\/may-duc-lo-cnc-tieu-chuan-tu-dong-cnc-3545-cnc4565\/","title":{"rendered":"M\u00e1y \u0111\u1ee5c l\u1ed7 cnc ti\u00eau chu\u1ea9n, t\u1ef1 \u0111\u1ed9ng (CNC 3545 CNC4565)"},"content":{"rendered":"<p>M\u00e1y \u0111\u1ee5c l\u1ed7 cnc ti\u00eau chu\u1ea9n, t\u1ef1 \u0111\u1ed9ng (CNC 3545 CNC4565)<\/p>\n<p><strong>\u9ad8\u901f\u7535\u706b\u82b1\u5c0f\u5b54\u52a0\u5de5<\/strong><strong>\u673a<\/strong><\/p>\n<p>\u666e\u901a\u578b\u7a7f\u5b54\u673a M\u00e1y \u0111\u1ee5c l\u1ed7 lo\u1ea1i ti\u00eau chu\u1ea9n<\/p>\n<p>\u5168\u81ea\u52a8\u6570\u63a7\u7a7f\u5b54\u673a M\u00e1y \u0111\u1ee5c l\u1ed7 cnc ho\u00e0n to\u00e0n t\u1ef1 \u0111\u1ed9ng<\/p>\n<p>TH\u00d4NG S\u1ed0 K\u1ef8 THU\u1eacT M\u00c1Y<\/p>\n<table>\n<tbody>\n<tr>\n<td width=\"283\"><strong>\u673a\u5e8a\u578b<\/strong><strong>\u53f7<\/strong><strong>Model m\u00e1y<\/strong><\/td>\n<td width=\"96\"><strong>Quy c\u00e1ch<\/strong><\/td>\n<td width=\"126\"><strong>CNC 3545<\/strong><\/td>\n<td width=\"133\"><strong>CNC4565<\/strong><\/td>\n<\/tr>\n<tr>\n<td width=\"283\">\u5de5\u4f5c\u53f0\u5c3a\u5bf8K\u00edch th\u01b0\u1edbc b\u00e0n l\u00e0m vi\u1ec7c<\/td>\n<td width=\"96\">mm<\/td>\n<td width=\"126\">400X600<\/td>\n<td width=\"133\">540&#215;1000<\/td>\n<\/tr>\n<tr>\n<td width=\"283\">X-Y\u884c\u7a0b H\u00e0nh tr\u00ecnh X-Y<\/td>\n<td width=\"96\">mm<\/td>\n<td width=\"126\">350&#215;450<\/td>\n<td width=\"133\">450&#215;650<\/td>\n<\/tr>\n<tr>\n<td width=\"283\">\u4e3b\u8f74\u4f3a\u670d\u884c\u7a0b H\u00e0nh tr\u00ecnh servo tr\u1ee5c ch\u00ednh<\/td>\n<td width=\"96\">mm<\/td>\n<td width=\"126\">350<\/td>\n<td width=\"133\">360<\/td>\n<\/tr>\n<tr>\n<td width=\"283\">\u4e3b\u8f74\u5934\u884c\u7a0b H\u00e0nh tr\u00ecnh \u0111\u1ea7u tr\u1ee5c ch\u00ednh<\/td>\n<td width=\"96\">mm<\/td>\n<td width=\"126\">220<\/td>\n<td width=\"133\">220<\/td>\n<\/tr>\n<tr>\n<td width=\"283\">\u4e3b\u8f74\u5934\u8f6c\u901f T\u1ed1c \u0111\u1ed9 chuy\u1ec3n \u0111\u1ed9ng \u0111\u1ea7u tr\u1ee5c ch\u00ednh<\/td>\n<td width=\"96\">RPM<\/td>\n<td width=\"126\">0.2-3<\/td>\n<td width=\"133\">0.2-3<\/td>\n<\/tr>\n<tr>\n<td width=\"283\">\u5939\u6301\u7535\u6781\u76f4\u5f84 \u0110\u01b0\u1eddng k\u00ednh \u0111i\u1ec7n c\u1ef1c k\u1eb9p gi\u1eef<\/td>\n<td width=\"96\">mm<\/td>\n<td width=\"126\">&nbsp;<\/td>\n<td width=\"133\">&nbsp;<\/td>\n<\/tr>\n<tr>\n<td width=\"283\">\u5bfc\u5411\u5668\u4e0e\u5de5\u4f5c\u53f0\u6700\u5927\u8ddd\u79bb<\/p>\n<p>Kho\u1ea3ng c\u00e1ch t\u1eeb b\u1ed9 d\u1eabn h\u01b0\u1edbng \u0111\u1ebfn b\u00e0n l\u00e0m vi\u1ec7c<\/td>\n<td width=\"96\">mm<\/td>\n<td width=\"126\">&nbsp;<\/td>\n<td width=\"133\">&nbsp;<\/td>\n<\/tr>\n<tr>\n<td width=\"283\">\u8f93\u5165\u529f\u7387 C\u00f4ng su\u1ea5t \u0111\u1ea7u v\u00e0o<\/td>\n<td width=\"96\">A<\/td>\n<td width=\"126\">30<\/td>\n<td width=\"133\">30<\/td>\n<\/tr>\n<tr>\n<td width=\"283\">\u4e3b\u673a\u91cd\u91cfTr\u1ecdng l\u01b0\u1ee3ng m\u00e1y ch\u1ee7<\/td>\n<td width=\"96\">KW<\/td>\n<td width=\"126\">2,5<\/td>\n<td width=\"133\">2,5<\/td>\n<\/tr>\n<tr>\n<td width=\"283\">\u4e3b\u673a\u5916\u578b\u5c3a\u5bf8 K\u00edch th\u01b0\u1edbc ngo\u00e0i c\u1ee7a m\u00e1y ch\u1ee7<\/td>\n<td width=\"96\">L<\/td>\n<td width=\"126\">25<\/td>\n<td width=\"133\">25<\/td>\n<\/tr>\n<tr>\n<td width=\"283\">\u4e8c\u6b21\u5347\u964d N\u00e2ng hai l\u1ea7n<\/td>\n<td width=\"96\">Mpa<\/td>\n<td width=\"126\">10<\/td>\n<td width=\"133\">10<\/td>\n<\/tr>\n<tr>\n<td width=\"283\">\u65cb\u8f6c\u5934\u4f20\u52a8 Chuy\u1ec3n \u0111\u1ed9ng \u0111\u1ea7u xoay<\/td>\n<td width=\"96\">kg<\/td>\n<td width=\"126\">650<\/td>\n<td width=\"133\">900<\/td>\n<\/tr>\n<tr>\n<td width=\"283\">K\u00edch th\u01b0\u1edbc m\u00e1y<\/td>\n<td width=\"96\">mm<\/td>\n<td width=\"126\">1300x1400x2000<\/td>\n<td width=\"133\">1470x860x420<\/td>\n<\/tr>\n<\/tbody>\n<\/table>\n<p>&nbsp;<\/p>\n","protected":false},"excerpt":{"rendered":"<p>M\u00e1y \u0111\u1ee5c l\u1ed7 cnc ti\u00eau chu\u1ea9n, t\u1ef1 \u0111\u1ed9ng (CNC 3545 CNC4565) \u9ad8\u901f\u7535\u706b\u82b1\u5c0f\u5b54\u52a0\u5de5\u673a \u666e\u901a\u578b\u7a7f\u5b54\u673a M\u00e1y \u0111\u1ee5c l\u1ed7 lo\u1ea1i ti\u00eau chu\u1ea9n \u5168\u81ea\u52a8\u6570\u63a7\u7a7f\u5b54\u673a M\u00e1y \u0111\u1ee5c l\u1ed7 cnc ho\u00e0n to\u00e0n t\u1ef1 \u0111\u1ed9ng TH\u00d4NG S\u1ed0 K\u1ef8 THU\u1eacT M\u00c1Y \u673a\u5e8a\u578b\u53f7Model m\u00e1y Quy c\u00e1ch CNC 3545 CNC4565 \u5de5\u4f5c\u53f0\u5c3a\u5bf8K\u00edch th\u01b0\u1edbc b\u00e0n l\u00e0m vi\u1ec7c mm 400X600 540&#215;1000 X-Y\u884c\u7a0b H\u00e0nh tr\u00ecnh X-Y mm 350&#215;450 450&#215;650 [&#8230;]\n","protected":false},"featured_media":629,"comment_status":"open","ping_status":"closed","template":"","meta":[],"product_brand":[],"product_cat":[22],"product_tag":[],"class_list":{"0":"post-628","1":"product","2":"type-product","3":"status-publish","4":"has-post-thumbnail","6":"product_cat-hong-yao","8":"first","9":"instock","10":"shipping-taxable","11":"product-type-simple"},"_links":{"self":[{"href":"https:\/\/rongsen.com.vn\/vi\/wp-json\/wp\/v2\/product\/628","targetHints":{"allow":["GET"]}}],"collection":[{"href":"https:\/\/rongsen.com.vn\/vi\/wp-json\/wp\/v2\/product"}],"about":[{"href":"https:\/\/rongsen.com.vn\/vi\/wp-json\/wp\/v2\/types\/product"}],"replies":[{"embeddable":true,"href":"https:\/\/rongsen.com.vn\/vi\/wp-json\/wp\/v2\/comments?post=628"}],"wp:featuredmedia":[{"embeddable":true,"href":"https:\/\/rongsen.com.vn\/vi\/wp-json\/wp\/v2\/media\/629"}],"wp:attachment":[{"href":"https:\/\/rongsen.com.vn\/vi\/wp-json\/wp\/v2\/media?parent=628"}],"wp:term":[{"taxonomy":"product_brand","embeddable":true,"href":"https:\/\/rongsen.com.vn\/vi\/wp-json\/wp\/v2\/product_brand?post=628"},{"taxonomy":"product_cat","embeddable":true,"href":"https:\/\/rongsen.com.vn\/vi\/wp-json\/wp\/v2\/product_cat?post=628"},{"taxonomy":"product_tag","embeddable":true,"href":"https:\/\/rongsen.com.vn\/vi\/wp-json\/wp\/v2\/product_tag?post=628"}],"curies":[{"name":"wp","href":"https:\/\/api.w.org\/{rel}","templated":true}]}}