{"id":626,"date":"2024-06-03T05:54:08","date_gmt":"2024-06-03T05:54:08","guid":{"rendered":"https:\/\/rongsen.com.vn\/?post_type=product&#038;p=626"},"modified":"2026-04-12T08:16:04","modified_gmt":"2026-04-12T01:16:04","slug":"may-cat-day-toc-do-trung-servo-xoay-30-do-co-lon","status":"publish","type":"product","link":"https:\/\/rongsen.com.vn\/vi\/product\/may-cat-day-toc-do-trung-servo-xoay-30-do-co-lon\/","title":{"rendered":"M\u00e1y c\u1eaft d\u00e2y t\u1ed1c \u0111\u1ed9 trung servo xoay 30 \u0111\u1ed9 c\u1ee1 l\u1edbn"},"content":{"rendered":"<p><strong><em>T\u1ea5t c\u1ea3 nh\u1eefng g\u00ec b\u1ea1n c\u1ea7n, l\u00e0 d\u00e2y c\u1eaft t\u1ed1c \u0111\u1ed9 v\u1eeba <\/em><\/strong><strong><em>nhanh v\u1eeba b\u1ec1n.<\/em><\/strong><\/p>\n<p><strong><em>Trong th\u1ecb tr\u01b0\u1eddng hi\u1ec7n nay, chi ph\u00ed gia c\u00f4ng \u0111ang t\u0103ng nhanh! <\/em><\/strong><\/p>\n<p><strong><em>L\u00e0m cho m\u00e1y c\u1eaft d\u00e2y t\u1ea1o ra l\u1ee3i nhu\u1eadn g\u1ea5p \u0111\u00f4i lu\u00f4n l\u00e0 m\u1ee5c ti\u00eau ch\u00fang t\u00f4i \u0111ang theo \u0111u\u1ed5i<\/em><\/strong>.<\/p>\n<p><strong>\u5927\u6447\u6446<\/strong><strong>30<\/strong><strong>\u5ea6\u4f3a\u670d\u4e2d\u8d70\u4e1d\u7ebf\u5207\u5272\u673a\u5e8a<\/strong><\/p>\n<p><strong>M\u00e1y c\u1eaft d\u00e2y t\u1ed1c \u0111\u1ed9 trung servo xoay 30 \u0111\u1ed9 c\u1ee1 l\u1edbn<\/strong><\/p>\n<p><strong>\u5207\u5272\u901f\u5ea6<\/strong><strong>9000-16000<\/strong><strong>\u5e73\u65b9<\/strong><strong>\/<\/strong><strong>\u5c0f\u65f6<\/strong><\/p>\n<p>T\u1ed1c \u0111\u1ed9 c\u1eaft 9000-16000 m\u00b2 \/h<\/p>\n<p>\u5927\u6447\u644630\u5ea6\u4f3a\u670d\u4e2d\u8d70\u4e1d\u7ebf\u5207\u5272\u673a\u5e8a\u4e3b\u8981\u6280\u672f\u53c2\u6570<\/p>\n<p><strong>Th\u00f4ng s\u1ed1 k\u1ef9 thu\u1eadt ch\u00ednh c\u1ee7a m\u00e1y c\u1eaft d\u00e2y t\u1ed1c \u0111\u1ed9 trung servo xoay 30 \u0111\u1ed9 c\u1ee1 l\u1edbn<\/strong><\/p>\n<table width=\"738\">\n<tbody>\n<tr>\n<td width=\"297\"><strong>\u673a\u5e8a\u578b\u53f7<\/strong> <strong>Model m\u00e1y<\/strong><\/td>\n<td width=\"130\"><strong>SF-320<\/strong><\/td>\n<td width=\"103\"><strong>SF-400<\/strong><\/td>\n<td width=\"103\"><strong>SF-500<\/strong><\/td>\n<td width=\"104\"><strong>SF-630<\/strong><\/td>\n<\/tr>\n<tr>\n<td width=\"297\">\u5de5\u4f5c\u53f0\u5c3a\u5bf8 K\u00edch th\u01b0\u1edbc b\u00e0n l\u00e0m vi\u1ec7c<\/td>\n<td width=\"130\">760 x 520mm<\/td>\n<td width=\"103\">850 x 600mm<\/td>\n<td width=\"103\">1000x750mm<\/td>\n<td width=\"104\">1170x830mm<\/td>\n<\/tr>\n<tr>\n<td width=\"297\">\u5de5\u4f5c\u53f0X\u3001Y\u8f74\u6700\u5927\u884c\u7a0b<\/p>\n<p>H\u00e0nh tr\u00ecnh\u00a0 t\u1ed1i \u0111a c\u1ee7a tr\u1ee5c X, Y b\u00e0n l\u00e0m vi\u1ec7c<\/td>\n<td width=\"130\">400x320mm<\/td>\n<td width=\"103\">500x400mm<\/td>\n<td width=\"103\">630x500mm<\/td>\n<td width=\"104\">800x630mm<\/td>\n<\/tr>\n<tr>\n<td width=\"297\">\u6700\u5927\u5207\u5236\u539a\u5ea6 \u0110\u1ed9 d\u00e0y c\u1eaft t\u1ed1i \u0111a<\/td>\n<td width=\"130\">300mm<\/td>\n<td width=\"103\">300mm<\/td>\n<td width=\"103\">350mm<\/td>\n<td width=\"104\">350mm<\/td>\n<\/tr>\n<tr>\n<td width=\"297\">\u6700\u5927\u627f\u8f7d\u91cd\u91cfTr\u1ecdng l\u01b0\u1ee3ng ch\u1ecbu t\u1ea3i t\u1ed1i \u0111a<\/td>\n<td width=\"130\">300kg<\/td>\n<td width=\"103\">500kg<\/td>\n<td width=\"103\">800kg<\/td>\n<td width=\"104\">1000kg<\/td>\n<\/tr>\n<tr>\n<td width=\"297\">\u6700\u5927\u5207\u5272\u6548\u7387Hi\u1ec7u su\u1ea5t c\u1eaft t\u1ed1i \u0111a<\/td>\n<td colspan=\"4\" width=\"441\">250mm\u00b2\/min<\/td>\n<\/tr>\n<tr>\n<td width=\"297\">\u6700\u5927\u52a0\u5de5\u7535\u6d41D\u00f2ng \u0111i\u1ec7n gia c\u00f4ng t\u1ed1i \u0111a<\/td>\n<td colspan=\"4\" width=\"441\">12A<\/td>\n<\/tr>\n<tr>\n<td width=\"297\">\u6700\u4f73\u8868\u9762\u7c97\u7cd9\u5ea6<\/p>\n<p>\u0110\u1ed9 nh\u00e1m b\u1ec1 m\u1eb7t t\u1ed1t nh\u1ea5t<\/td>\n<td colspan=\"4\" width=\"441\">\u4e00\u6b21\u5207\u5236Ra\u22641.5um\u3001\u4e8c\u6b21\u5207\u5272Ra\u22640.8um\u3001\u4e09\u6b21\u5207\u5272Ra\u22640.7um<\/p>\n<p>L\u1ea7n c\u1eaft \u0111\u1ea7u ti\u00ean Ra\u2264 1.5um, l\u1ea7n c\u1eaft th\u1ee9 hai Ra \u2264 0.8um, l\u1ea7n c\u1eaft th\u1ee9 ba Ra\u22640.7um.<\/td>\n<\/tr>\n<tr>\n<td width=\"297\">\u5207\u5272\u7cbe\u5ea6\u0110\u1ed9 ch\u00ednh x\u00e1c c\u1eaft<\/td>\n<td colspan=\"4\" width=\"441\">\u76f4\u7ebf \u0111\u01b0\u1eddng th\u1eb1ng \u2264\u00b10.0025mm\u3001\u9525\u5ea6 \u0111\u1ed9 c\u00f4n \u00b10.01mm<\/td>\n<\/tr>\n<tr>\n<td width=\"297\">\u8df3\u6b65\u7cbe\u5ea6 \u0110\u1ed9 ch\u00ednh x\u00e1c b\u01b0\u1edbc nh\u1ea3y<\/td>\n<td colspan=\"4\" width=\"441\">0.01mm\/0-200mm, 0.015mm\/0-350mm\u30010.02mm\/0-500mm<\/td>\n<\/tr>\n<tr>\n<td width=\"297\">\u6700\u5927\u5207\u5272\u9525\u5ea6\u0110\u1ed9 c\u00f4n c\u1eaft t\u1ed1i \u0111a<\/td>\n<td colspan=\"4\" width=\"441\">30\u00b0<\/td>\n<\/tr>\n<tr>\n<td width=\"297\">\u7535\u6781\u4e1d\u76f4\u5f84\u8303\u56f4(\u94dd\u4e1d)<\/p>\n<p>Ph\u1ea1m vi \u0111\u01b0\u1eddng k\u00ednh d\u00e2y \u0111i\u1ec7n c\u1ef1c (d\u00e2y nh\u00f4m)<\/td>\n<td colspan=\"4\" width=\"441\">0.12-0.25mm(\u6807\u914d0.18mm)<\/p>\n<p>0.12-0.25mm(ti\u00eau chu\u1ea9n 0.18mm)<\/td>\n<\/tr>\n<tr>\n<td width=\"297\">\u9a71\u52a8\u65b9\u5f0f<\/p>\n<p>Ph\u01b0\u01a1ng th\u1ee9c v\u1eadn h\u00e0nh<\/td>\n<td colspan=\"4\" width=\"441\">\u6b65\u8fdb(\u4e94\u76f8\u5341\u62cd), Z\u8f74\u7535\u52a8\u9759\u97f3\u5347\u964d\/X\u3001Y\u3001U\u3001V\u8f74\u4f3a\u670d(\u677e\u4e0b\u4f3a\u670d), Z\u8f74\u7535\u52a8\u9759\u97f3\u5347\u964dB\u01b0\u1edbc (n\u0103m pha v\u00e0 10 nh\u1ecbp), n\u00e2ng t\u0129nh \u00e2m \u0111i\u1ec7n \u0111\u1ed9ng tr\u1ee5c Z \/ servo tr\u1ee5c X, Y, U, V (servo Panasonic) , n\u00e2ng t\u0129nh \u00e2m \u0111i\u1ec7n \u0111\u1ed9ng tr\u1ee5c Z.<\/td>\n<\/tr>\n<tr>\n<td width=\"297\">\u5207\u524a\u6db2\u7bb1\u914d\u7f6e<\/p>\n<p>C\u1ea5u h\u00ecnh b\u1ec3 ch\u1ee9a ch\u1ea5t l\u1ecfng c\u1eaft<\/td>\n<td colspan=\"4\" width=\"441\">\u9ad8\u538b\u6162\u4e1d\u5f0f\u8fc7\u6ee4,\u5bb9\u79ef100L<\/p>\n<p>B\u1ed9 l\u1ecdc d\u00e2y ch\u1eadm \u00e1p su\u1ea5t cao, dung t\u00edch 100L<\/td>\n<\/tr>\n<tr>\n<td width=\"297\">\u5207\u524a\u6db2\u914d\u6bd4<\/p>\n<p>T\u1ef7 l\u1ec7 ch\u1ea5t l\u1ecfng c\u1eaft<\/td>\n<td colspan=\"4\" width=\"441\">\u72c4\u514b\u6db2\u914d\u7eaf\u51c0\u6c34,\u6d53\u5ea6\u503c8-12<\/p>\n<p>Pha lo\u00e3ng dung d\u1ecbch Dic b\u1eb1ng n\u01b0\u1edbc tinh khi\u1ebft, n\u1ed3ng \u0111\u1ed9 8 -12.<\/td>\n<\/tr>\n<tr>\n<td width=\"297\">\u6574\u673a\u6d88\u8017\u529f\u7387<\/p>\n<p>C\u00f4ng su\u1ea5t ti\u00eau th\u1ee5 to\u00e0n b\u1ed9 m\u00e1y<\/td>\n<td colspan=\"4\" width=\"441\">&lt;2kw<\/td>\n<\/tr>\n<tr>\n<td width=\"297\">\u4f9b\u7535\u7535\u6e90 Ngu\u1ed3n \u0111i\u1ec7n cung c\u1ea5p<\/td>\n<td colspan=\"4\" width=\"441\">\u4e09\u76f8\u56db\u7ebf380VAC\/50HZ \u00a0\u00a0\u00a0 Ba pha b\u1ed1n d\u00e2y 380VAC\/50HZ<\/td>\n<\/tr>\n<tr>\n<td width=\"297\">\u4e3b\u673a\u91cd\u91cf Tr\u1ecdng l\u01b0\u1ee3ng m\u00e1y ch\u1ee7<\/td>\n<td width=\"130\">1860kg<\/td>\n<td width=\"103\">2160kg<\/td>\n<td width=\"103\">2750kg<\/td>\n<td width=\"104\">3450kg<\/td>\n<\/tr>\n<tr>\n<td width=\"297\">\u4e3b\u673a\u5916\u5f62\u5c3a\u5bf8(\u957f*\u5bbd*\u9ad8)<\/p>\n<p>K\u00edch th\u01b0\u1edbc ngo\u00e0i c\u1ee7a m\u00e1y ch\u1ee7 ( D*R*C)<\/td>\n<td width=\"130\">1570\u00d71100\u00d71700mm<\/td>\n<td width=\"103\">1600&#215;1220 x 1700mm<\/td>\n<td width=\"103\">1850 x 1400x1800mm<\/td>\n<td width=\"104\">2070 x 1655x2060mm<\/td>\n<\/tr>\n<tr>\n<td width=\"297\">\u5305\u88c5\u5916\u5f62\u5c3a\u5bf8(\u957f*\u5bbd*\u9ad8)<\/p>\n<p>K\u00edch th\u01b0\u1edbc \u0111\u00f3ng g\u00f3i ( D*R*C)<\/td>\n<td width=\"130\">1720\u00d71300\u00d71800mm<\/td>\n<td width=\"103\">1850 x 1420 x 1800mm<\/td>\n<td width=\"103\">2050 x 1600 x 1900mm<\/td>\n<td width=\"104\">2340 x 2100\u00d72160mm<\/td>\n<\/tr>\n<\/tbody>\n<\/table>\n<p>&nbsp;<\/p>\n","protected":false},"excerpt":{"rendered":"<p>T\u1ea5t c\u1ea3 nh\u1eefng g\u00ec b\u1ea1n c\u1ea7n, l\u00e0 d\u00e2y c\u1eaft t\u1ed1c \u0111\u1ed9 v\u1eeba nhanh v\u1eeba b\u1ec1n. Trong th\u1ecb tr\u01b0\u1eddng hi\u1ec7n nay, chi ph\u00ed gia c\u00f4ng \u0111ang t\u0103ng nhanh! L\u00e0m cho m\u00e1y c\u1eaft d\u00e2y t\u1ea1o ra l\u1ee3i nhu\u1eadn g\u1ea5p \u0111\u00f4i lu\u00f4n l\u00e0 m\u1ee5c ti\u00eau ch\u00fang t\u00f4i \u0111ang theo \u0111u\u1ed5i. \u5927\u6447\u644630\u5ea6\u4f3a\u670d\u4e2d\u8d70\u4e1d\u7ebf\u5207\u5272\u673a\u5e8a M\u00e1y c\u1eaft d\u00e2y t\u1ed1c \u0111\u1ed9 trung servo [&#8230;]\n","protected":false},"featured_media":1267,"comment_status":"open","ping_status":"closed","template":"","meta":[],"product_brand":[],"product_cat":[22],"product_tag":[],"class_list":{"0":"post-626","1":"product","2":"type-product","3":"status-publish","4":"has-post-thumbnail","6":"product_cat-hong-yao","8":"first","9":"instock","10":"shipping-taxable","11":"product-type-simple"},"_links":{"self":[{"href":"https:\/\/rongsen.com.vn\/vi\/wp-json\/wp\/v2\/product\/626","targetHints":{"allow":["GET"]}}],"collection":[{"href":"https:\/\/rongsen.com.vn\/vi\/wp-json\/wp\/v2\/product"}],"about":[{"href":"https:\/\/rongsen.com.vn\/vi\/wp-json\/wp\/v2\/types\/product"}],"replies":[{"embeddable":true,"href":"https:\/\/rongsen.com.vn\/vi\/wp-json\/wp\/v2\/comments?post=626"}],"wp:featuredmedia":[{"embeddable":true,"href":"https:\/\/rongsen.com.vn\/vi\/wp-json\/wp\/v2\/media\/1267"}],"wp:attachment":[{"href":"https:\/\/rongsen.com.vn\/vi\/wp-json\/wp\/v2\/media?parent=626"}],"wp:term":[{"taxonomy":"product_brand","embeddable":true,"href":"https:\/\/rongsen.com.vn\/vi\/wp-json\/wp\/v2\/product_brand?post=626"},{"taxonomy":"product_cat","embeddable":true,"href":"https:\/\/rongsen.com.vn\/vi\/wp-json\/wp\/v2\/product_cat?post=626"},{"taxonomy":"product_tag","embeddable":true,"href":"https:\/\/rongsen.com.vn\/vi\/wp-json\/wp\/v2\/product_tag?post=626"}],"curies":[{"name":"wp","href":"https:\/\/api.w.org\/{rel}","templated":true}]}}