{"id":621,"date":"2024-06-03T05:50:23","date_gmt":"2024-06-03T05:50:23","guid":{"rendered":"https:\/\/rongsen.com.vn\/?post_type=product&#038;p=621"},"modified":"2026-04-23T03:49:05","modified_gmt":"2026-04-22T20:49:05","slug":"may-cat-day-loai-t-tf-320-tf-400-tf-500-tf-630","status":"publish","type":"product","link":"https:\/\/rongsen.com.vn\/vi\/product\/may-cat-day-loai-t-tf-320-tf-400-tf-500-tf-630\/","title":{"rendered":"M\u00c1Y C\u1eaeT D\u00c2Y LO\u1ea0I T TF-320 TF-400 TF-500 TF-630"},"content":{"rendered":"<p>M\u00c1Y C\u1eaeT D\u00c2Y LO\u1ea0I T<\/p>\n<p><strong>TH\u00d4NG S\u1ed0 K\u1ef8 THU\u1eacT M\u00c1Y C<\/strong><strong>\u1eaeT<\/strong><strong> D\u00c2Y LO\u1ea0I T <\/strong><\/p>\n<table width=\"679\">\n<tbody>\n<tr>\n<td width=\"163\"><strong>\u673a\u5e8a\u578b<\/strong><strong>\u53f7<\/strong> <strong>Model m\u00e1y<\/strong><\/td>\n<td width=\"114\"><strong>TF-320<\/strong><\/td>\n<td width=\"132\"><strong>TF-400<\/strong><\/td>\n<td width=\"150\"><strong>TF-500<\/strong><\/td>\n<td width=\"120\"><strong>TF-630<\/strong><\/td>\n<\/tr>\n<tr>\n<td width=\"163\">\u5de5\u4f5c\u53f0\u5c3a\u5bf8K\u00edch th\u01b0\u1edbc b\u00e0n l\u00e0m vi\u1ec7c<\/td>\n<td width=\"114\">760 x 520mm<\/td>\n<td width=\"132\">850 x 600mm<\/td>\n<td width=\"150\">1000 x 750mm<\/td>\n<td width=\"120\">1170 x 830mm<\/td>\n<\/tr>\n<tr>\n<td width=\"163\">\u5de5\u4f5c\u53f0X\u3001Y\u8f74\u6700\u5927\u884c\u7a0b<\/td>\n<td width=\"114\">400x320mm<\/td>\n<td width=\"132\">500x400mm<\/td>\n<td width=\"150\">630 x 500mm<\/td>\n<td width=\"120\">800 x 630mm<\/td>\n<\/tr>\n<tr>\n<td width=\"163\">\u6700\u5927\u5207\u5272\u539a\u5ea6<\/p>\n<p>\u0110\u1ed9 d\u00e0y c\u1eaft t\u1ed1i \u0111a<\/td>\n<td width=\"114\">250mm<\/td>\n<td width=\"132\">250mm<\/td>\n<td width=\"150\">300mm<\/td>\n<td width=\"120\">300mm<\/td>\n<\/tr>\n<tr>\n<td width=\"163\">\u6700\u5927\u627f\u8f7d\u91cd\u91cf<\/p>\n<p>Tr\u1ecdng l\u01b0\u1ee3ng ch\u1ecbu t\u1ea3i t\u1ed1i \u0111a<\/td>\n<td width=\"114\">300kg<\/td>\n<td width=\"132\">500kg<\/td>\n<td width=\"150\">800kg<\/td>\n<td width=\"120\">1000kg<\/td>\n<\/tr>\n<tr>\n<td width=\"163\">\u6700\u5927\u5207\u5272\u6548\u7387<\/p>\n<p>Hi\u1ec7u su\u1ea5t c\u1eaft t\u1ed1i \u0111a<\/td>\n<td colspan=\"4\" width=\"516\">250mm2\/min<\/td>\n<\/tr>\n<tr>\n<td width=\"163\">\u6700\u5927\u52a0\u5de5\u7535\u6d41<\/p>\n<p>D\u00f2ng \u0111i\u1ec7n gia c\u00f4ng t\u1ed1i \u0111a<\/td>\n<td colspan=\"4\" width=\"516\">12A<\/td>\n<\/tr>\n<tr>\n<td width=\"163\">\u6700\u4f73\u8868\u9762\u7c97\u7cd9\u5ea6<\/p>\n<p>\u0110\u1ed9 nh\u00e1m b\u1ec1 m\u1eb7t t\u1ed1t nh\u1ea5t<\/td>\n<td colspan=\"4\" width=\"516\">\u4e00\u6b21\u5207\u5272Ra\u22641.5um\u3001\u4e8c\u6b21\u5207\u5272Ra\u22640.8um\u3001\u4e09\u6b21\u5207\u5272Ra\u22640.7um<\/p>\n<p>C\u1eaft m\u1ed9t l\u1ea7n Ra\u22641.5um\u3001c\u1eaft hai l\u1ea7n Ra\u22640.8um\u3001c\u1eaft ba l\u1ea7n Ra\u22640.7um<\/td>\n<\/tr>\n<tr>\n<td width=\"163\">\u5207\u5272\u7cbe\u5ea6<\/p>\n<p>\u0110\u1ed9 ch\u00ednh x\u00e1c c\u1eaft<\/td>\n<td colspan=\"4\" width=\"516\">\u76f4\u7ebf\u2264\u00b10.0025mm\u3001\u9525\u5ea6\u2264\u00b10.01mm<\/p>\n<p>\u0110\u01b0\u1eddng th\u1eb3ng \u2264\u00b10.0025mm, \u0111\u1ed9 c\u00f4n \u2264\u00b10.01mm<\/td>\n<\/tr>\n<tr>\n<td width=\"163\"><strong>\u8df3\u6b65<\/strong>\u7cbe\u5ea6<\/p>\n<p>\u0110\u1ed9 ch\u00ednh x\u00e1c b\u01b0\u1edbc nh\u1ea3y<\/td>\n<td colspan=\"4\" width=\"516\">0.01mm\/0-200mm\u30010.015mm\/0-350mm, 0.02mm\/0-500mm<\/td>\n<\/tr>\n<tr>\n<td width=\"163\">\u6700\u5927\u5207\u5272\u9525\u5ea6<\/p>\n<p>\u0110\u1ed9 c\u00f4n c\u1eaft t\u1ed1i \u0111a<\/td>\n<td colspan=\"4\" width=\"516\">\u00b13\u00b0<\/td>\n<\/tr>\n<tr>\n<td width=\"163\">\u7535\u6781\u4e1d\u76f4\u5f84\u8303\u56f4(\u94f6\u4e1d)<\/p>\n<p>Ph\u1ea1m vi \u0111\u01b0\u1eddng k\u00ednh d\u00e2y \u0111i\u1ec7n c\u1ef1c<\/p>\n<p>(d\u00e2y b\u1ea1c)<\/td>\n<td colspan=\"4\" width=\"516\">0.12-0.25mm(\u6807\u914d0.18mm)<\/p>\n<p>0.12-0.25mm(ti\u00eau chu\u1ea9n 0.18mm)<\/td>\n<\/tr>\n<tr>\n<td width=\"163\">\u9a71\u52a8\u65b9\u5f0f<\/p>\n<p>Ph\u01b0\u01a1ng th\u1ee9c v\u1eadn h\u00e0nh<\/td>\n<td colspan=\"4\" width=\"516\">\u6b65\u8fdb(\u4e94\u76f8\u5341\u62cd), Z\u8f74\u7535\u52a8\u9759\u97f3\u5347\u964d\/X\u3001Y\u3001U\u3001V\u8f74\u4f3a\u670d(\u677e\u4e0b\u4f3a\u670d), Z\u8f74\u7535\u52a8\u9759\u97f3\u5347\u964d<\/p>\n<p>B\u01b0\u1edbc (n\u0103m pha v\u00e0 10 nh\u1ecbp), n\u00e2ng t\u0129nh \u00e2m \u0111i\u1ec7n \u0111\u1ed9ng tr\u1ee5c Z \/ servo tr\u1ee5c X, Y, U, V (servo Panasonic) , n\u00e2ng t\u0129nh \u00e2m \u0111i\u1ec7n \u0111\u1ed9ng tr\u1ee5c Z.<\/td>\n<\/tr>\n<tr>\n<td width=\"163\">\u5207\u524a\u6db2\u7bb1\u914d\u7f6e<\/p>\n<p>C\u1ea5u h\u00ecnh b\u1ec3 ch\u1ee9a ch\u1ea5t l\u1ecfng c\u1eaft<\/td>\n<td colspan=\"4\" width=\"516\">\u9ad8\u538b\u6162\u4e1d\u5f0f\u8fc7\u6ee4,\u5bb9\u79ef100L<\/p>\n<p>B\u1ed9 l\u1ecdc d\u00e2y ch\u1eadm \u00e1p su\u1ea5t cao, dung t\u00edch 100L<\/td>\n<\/tr>\n<tr>\n<td width=\"163\">\u5207\u524a\u6db2\u914d\u6bd4<\/p>\n<p>T\u1ef7 l\u1ec7 ch\u1ea5t l\u1ecfng c\u1eaft<\/td>\n<td colspan=\"4\" width=\"516\">\u72c4\u514b\u6db2\u914d\u7eaf\u51c0\u6c34,\u6d53\u5ea6\u503c8-12<\/p>\n<p>Pha lo\u00e3ng dung d\u1ecbch Dic b\u1eb1ng n\u01b0\u1edbc tinh khi\u1ebft, n\u1ed3ng \u0111\u1ed9 8-12<\/td>\n<\/tr>\n<tr>\n<td width=\"163\">\u6574\u673a\u6d88\u8017\u529f\u7387<\/p>\n<p>C\u00f4ng su\u1ea5t ti\u00eau th\u1ee5 to\u00e0n b\u1ed9 m\u00e1y<\/td>\n<td colspan=\"4\" width=\"516\">&lt;2kw<\/td>\n<\/tr>\n<tr>\n<td width=\"163\">\u4f9b\u7535\u7535\u6e90<\/p>\n<p>Ngu\u1ed3n \u0111i\u1ec7n cung c\u1ea5p<\/td>\n<td colspan=\"4\" width=\"516\">\u4e09\u76f8\u56db\u7ebf380VAC\/50HZ<\/p>\n<p>Ba pha b\u1ed1n d\u00e2y 380VAC\/50HZ<\/td>\n<\/tr>\n<tr>\n<td width=\"163\">\u4e3b\u673a\u91cd\u91cf<\/p>\n<p>Tr\u1ecdng l\u01b0\u1ee3ng m\u00e1y ch\u1ee7<\/td>\n<td width=\"114\">1860kg<\/td>\n<td width=\"132\">2160kg<\/td>\n<td width=\"150\">2160kg<\/td>\n<td width=\"120\">3450kg<\/td>\n<\/tr>\n<tr>\n<td width=\"163\">\u4e3b\u673a\u5916\u5f62\u5c3a\u5bf8(\u957f*\u5bbd*\u9ad8)<\/p>\n<p>K\u00edch th\u01b0\u1edbc ngo\u00e0i c\u1ee7a m\u00e1y ch\u1ee7 ( D*R*C)<\/td>\n<td width=\"114\">1570 x 1100 x 1700mm<\/td>\n<td width=\"132\">1600 x 1220 x 1700mm<\/td>\n<td width=\"150\">1850 x 1400 x 1800mm<\/td>\n<td width=\"120\">1850 x 1400 x 1800mm<\/td>\n<\/tr>\n<tr>\n<td width=\"163\">\u5305\u88c5\u5916\u5f62\u5c3a\u5bf8(\u957f*\u5bbd*\u9ad8)<\/p>\n<p>K\u00edch th\u01b0\u1edbc \u0111\u00f3ng g\u00f3i ( D*R*C)<\/td>\n<td width=\"114\">1720 x 1300x1800mm<\/td>\n<td width=\"132\">1850 x 1420 x 1800mm<\/td>\n<td width=\"150\">2050 x 1600 x 1900mm<\/td>\n<td width=\"120\">2340\u00d72100\u00d72160mm<\/td>\n<\/tr>\n<\/tbody>\n<\/table>\n<p>&nbsp;<\/p>\n","protected":false},"excerpt":{"rendered":"<p>M\u00c1Y C\u1eaeT D\u00c2Y LO\u1ea0I T TH\u00d4NG S\u1ed0 K\u1ef8 THU\u1eacT M\u00c1Y C\u1eaeT D\u00c2Y LO\u1ea0I T \u673a\u5e8a\u578b\u53f7 Model m\u00e1y TF-320 TF-400 TF-500 TF-630 \u5de5\u4f5c\u53f0\u5c3a\u5bf8K\u00edch th\u01b0\u1edbc b\u00e0n l\u00e0m vi\u1ec7c 760 x 520mm 850 x 600mm 1000 x 750mm 1170 x 830mm \u5de5\u4f5c\u53f0X\u3001Y\u8f74\u6700\u5927\u884c\u7a0b 400x320mm 500x400mm 630 x 500mm 800 x 630mm \u6700\u5927\u5207\u5272\u539a\u5ea6 \u0110\u1ed9 d\u00e0y c\u1eaft t\u1ed1i \u0111a 250mm 250mm [&#8230;]\n","protected":false},"featured_media":622,"comment_status":"open","ping_status":"closed","template":"","meta":[],"product_brand":[],"product_cat":[22],"product_tag":[],"class_list":{"0":"post-621","1":"product","2":"type-product","3":"status-publish","4":"has-post-thumbnail","6":"product_cat-hong-yao","8":"first","9":"instock","10":"shipping-taxable","11":"product-type-simple"},"_links":{"self":[{"href":"https:\/\/rongsen.com.vn\/vi\/wp-json\/wp\/v2\/product\/621","targetHints":{"allow":["GET"]}}],"collection":[{"href":"https:\/\/rongsen.com.vn\/vi\/wp-json\/wp\/v2\/product"}],"about":[{"href":"https:\/\/rongsen.com.vn\/vi\/wp-json\/wp\/v2\/types\/product"}],"replies":[{"embeddable":true,"href":"https:\/\/rongsen.com.vn\/vi\/wp-json\/wp\/v2\/comments?post=621"}],"wp:featuredmedia":[{"embeddable":true,"href":"https:\/\/rongsen.com.vn\/vi\/wp-json\/wp\/v2\/media\/622"}],"wp:attachment":[{"href":"https:\/\/rongsen.com.vn\/vi\/wp-json\/wp\/v2\/media?parent=621"}],"wp:term":[{"taxonomy":"product_brand","embeddable":true,"href":"https:\/\/rongsen.com.vn\/vi\/wp-json\/wp\/v2\/product_brand?post=621"},{"taxonomy":"product_cat","embeddable":true,"href":"https:\/\/rongsen.com.vn\/vi\/wp-json\/wp\/v2\/product_cat?post=621"},{"taxonomy":"product_tag","embeddable":true,"href":"https:\/\/rongsen.com.vn\/vi\/wp-json\/wp\/v2\/product_tag?post=621"}],"curies":[{"name":"wp","href":"https:\/\/api.w.org\/{rel}","templated":true}]}}