{"id":619,"date":"2024-06-03T05:49:19","date_gmt":"2024-06-03T05:49:19","guid":{"rendered":"https:\/\/rongsen.com.vn\/?post_type=product&#038;p=619"},"modified":"2025-12-07T11:27:18","modified_gmt":"2025-12-07T04:27:18","slug":"may-cat-day-chay-nhanh-dong-dk77","status":"publish","type":"product","link":"https:\/\/rongsen.com.vn\/vi\/product\/may-cat-day-chay-nhanh-dong-dk77\/","title":{"rendered":"M\u00e1y c\u1eaft d\u00e2y ch\u1ea1y nhanh d\u00f2ng DK77"},"content":{"rendered":"<p>DK77\u7cfb\u5217 \u5feb\u8d70\u4e1d\u7ebf\u5207\u5272\u673a\u5e8a<\/p>\n<p>M\u00e1y c\u1eaft d\u00e2y ch\u1ea1y nhanh d\u00f2ng DK77<\/p>\n<p><strong>Th\u00f4ng s\u1ed1 k\u1ef9 thu\u1eadt c\u1ee7a m\u00e1y c\u1eaft d\u00e2y ch\u1ea1y nhanh d\u00f2ng DK77<\/strong><\/p>\n<table width=\"774\">\n<tbody>\n<tr>\n<td width=\"180\"><strong>\u673a\u5e8a\u578b<\/strong><strong>\u53f7<\/strong><strong>Model m\u00e1y<\/strong><\/td>\n<td colspan=\"2\" width=\"96\"><strong>DK7735<\/strong><\/td>\n<td colspan=\"2\" width=\"98\"><strong>DK7745<\/strong><\/td>\n<td colspan=\"2\" width=\"94\"><strong>DK7745F<\/strong><\/td>\n<td colspan=\"2\" width=\"97\"><strong>DK7750<\/strong><\/td>\n<td colspan=\"2\" width=\"107\"><strong>DK7750F<\/strong><\/td>\n<td width=\"102\"><strong>DK7763<\/strong><\/td>\n<\/tr>\n<tr>\n<td width=\"180\">\u5de5\u4f5c\u53f0\u5c3a\u5bf8<\/p>\n<p>K\u00edch th\u01b0\u1edbc b\u00e0n l\u00e0m vi\u1ec7c (mm)<\/td>\n<td colspan=\"2\" width=\"96\">740 x 510<\/td>\n<td colspan=\"2\" width=\"98\">840 x 590<\/td>\n<td colspan=\"2\" width=\"94\">840 x 590<\/td>\n<td colspan=\"2\" width=\"97\">1000 x 650<\/td>\n<td colspan=\"2\" width=\"107\">1150 x 650<\/td>\n<td width=\"102\">1150 x 760<\/td>\n<\/tr>\n<tr>\n<td width=\"180\">\u5de5\u4f5c\u53f0\u884c\u7a0b(mm)<\/p>\n<p>H\u00e0nh tr\u00ecnh b\u00e0n l\u00e0m vi\u1ec7c (mm)<\/td>\n<td colspan=\"2\" width=\"96\">350 x 450<\/td>\n<td colspan=\"2\" width=\"98\">450 x 550<\/td>\n<td colspan=\"2\" width=\"94\">450 x 650<\/td>\n<td colspan=\"2\" width=\"97\">500 x 630<\/td>\n<td colspan=\"2\" width=\"107\">500 x 800<\/td>\n<td width=\"102\">630&#215;800<\/td>\n<\/tr>\n<tr>\n<td width=\"180\">\u6700\u5927\u52a0\u5de5\u539a\u5ea6(mm)<\/p>\n<p>\u0110\u1ed9 d\u00e0y gia c\u00f4ng t\u1ed1i \u0111a (mm)<\/td>\n<td colspan=\"2\" width=\"96\"><strong>500<\/strong><\/td>\n<td colspan=\"2\" width=\"98\"><strong>500<\/strong><\/td>\n<td colspan=\"2\" width=\"94\"><strong>500<\/strong><\/td>\n<td colspan=\"2\" width=\"97\"><strong>600<\/strong><\/td>\n<td colspan=\"2\" width=\"107\"><strong>600<\/strong><\/td>\n<td width=\"102\"><strong>600<\/strong><\/td>\n<\/tr>\n<tr>\n<td width=\"180\">\u52a0\u5de5\u9525\u5ea6(mm)<\/p>\n<p>\u0110\u1ed9 c\u00f4n gia c\u00f4ng (mm)<\/td>\n<td colspan=\"11\" width=\"594\">+6\u00b0<\/td>\n<\/tr>\n<tr>\n<td width=\"180\">\u6700\u5927\u5207\u5272\u901f\u5ea6(mm\u00b2\/min)<\/p>\n<p>T\u1ed1c \u0111\u1ed9 c\u1eaft t\u1ed1i \u0111a (mm\u00b2\/min)<\/td>\n<td colspan=\"11\" width=\"594\">\u2265100<\/td>\n<\/tr>\n<tr>\n<td width=\"180\">\u6700\u4f73\u52a0\u5de5\u9762\u7c97\u7cd9\u5ea6(\u00b5m)<\/p>\n<p>\u0110\u1ed9 nh\u00e1m b\u1ec1 m\u1eb7t gia c\u00f4ng t\u1ed1t nh\u1ea5t (\u00b5m)<\/td>\n<td colspan=\"11\" width=\"594\">\u22642.5<\/td>\n<\/tr>\n<tr>\n<td width=\"180\">\u7535\u6781\u4e1d\u76f4\u5f84(mm)<\/p>\n<p>\u0110\u01b0\u1eddng k\u00ednh d\u00e2y \u0111i\u1ec7n c\u1ef1c (mm)<\/td>\n<td colspan=\"11\" width=\"594\">0.10-0.20<\/td>\n<\/tr>\n<tr>\n<td width=\"180\">\u7535\u6781\u4e1d\u5b9a\u884c\u901f\u5ea6(m\/s)<\/p>\n<p>T\u1ed1c \u0111\u1ed9 di chuy\u1ec3n c\u1ed1 \u0111\u1ecbnh c\u1ee7a d\u00e2y \u0111i\u1ec7n c\u1ef1c (m\/s)<\/td>\n<td colspan=\"11\" width=\"594\">11.5<\/td>\n<\/tr>\n<tr>\n<td width=\"180\">\u52a0\u5de5\u7cbe\u5ea6<\/p>\n<p>\u0110\u1ed9 ch\u00ednh x\u00e1c gia c\u00f4ng<\/td>\n<td colspan=\"11\" width=\"594\">\u6309GB7926-2005\u6807\u51c6<\/p>\n<p>Theo ti\u00eau chu\u1ea9n GB7926-2005<\/td>\n<\/tr>\n<tr>\n<td width=\"180\">\u4f9b\u7535\u7535\u6e90<\/p>\n<p>Ngu\u1ed3n \u0111i\u1ec7n cung c\u1ea5p<\/td>\n<td colspan=\"11\" width=\"594\">50Hz.380V<\/td>\n<\/tr>\n<tr>\n<td width=\"180\">\u6700\u5927\u5de5\u4ef6\u91cd\u91cf(kg)<\/p>\n<p>Tr\u1ecdng l\u01b0\u1ee3ng ph\u00f4i t\u1ed1i \u0111a (kg)<\/td>\n<td width=\"77\">300<\/td>\n<td colspan=\"2\" width=\"89\">450<\/td>\n<td colspan=\"2\" width=\"93\">450<\/td>\n<td colspan=\"2\" width=\"89\">700<\/td>\n<td colspan=\"2\" width=\"92\">700<\/td>\n<td colspan=\"2\" width=\"153\">1000<\/td>\n<\/tr>\n<tr>\n<td width=\"180\">\u4e3b\u673a\u91cd\u91cf(kg)<\/p>\n<p>Tr\u1ecdng l\u01b0\u1ee3ng m\u00e1y ch\u1ee7 (kg)<\/td>\n<td width=\"77\">1300<\/td>\n<td colspan=\"2\" width=\"89\">1500<\/td>\n<td colspan=\"2\" width=\"93\">1600<\/td>\n<td colspan=\"2\" width=\"89\">2000<\/td>\n<td colspan=\"2\" width=\"92\">2200<\/td>\n<td colspan=\"2\" width=\"153\">2800<\/td>\n<\/tr>\n<tr>\n<td width=\"180\">\u4e3b\u673a\u5916\u5f62\u5c3a\u5bf8(mm)<\/p>\n<p>K\u00edch th\u01b0\u1edbc ngo\u00e0i c\u1ee7a m\u00e1y ch\u1ee7 (mm)<\/td>\n<td width=\"77\">1240 x 1170\u00d7 1400<\/td>\n<td colspan=\"2\" width=\"89\">1600 x 1240x 1400<\/td>\n<td colspan=\"2\" width=\"93\">1600 x 1240x 1400<\/td>\n<td colspan=\"2\" width=\"89\">1720 \u00d7 1680x 1700<\/td>\n<td colspan=\"2\" width=\"92\">1720 \u00d7 1680x 1700<\/td>\n<td colspan=\"2\" width=\"153\">2100 x 1940<\/p>\n<p>x 1780<\/td>\n<\/tr>\n<tr>\n<td width=\"172\"><\/td>\n<td width=\"77\"><\/td>\n<td width=\"18\"><\/td>\n<td width=\"70\"><\/td>\n<td width=\"27\"><\/td>\n<td width=\"72\"><\/td>\n<td width=\"32\"><\/td>\n<td width=\"61\"><\/td>\n<td width=\"36\"><\/td>\n<td width=\"55\"><\/td>\n<td width=\"51\"><\/td>\n<td width=\"101\"><\/td>\n<\/tr>\n<\/tbody>\n<\/table>\n<p>&nbsp;<\/p>\n<p>&nbsp;<\/p>\n<table width=\"768\">\n<tbody>\n<tr>\n<td width=\"174\"><strong>\u673a\u5e8a\u578b<\/strong><strong>\u53f7<\/strong><\/p>\n<p><strong>Model m\u00e1y<\/strong><\/td>\n<td width=\"102\"><strong>DK7763F<\/strong><\/td>\n<td colspan=\"3\" width=\"102\"><strong>DK7780<\/strong><\/td>\n<td colspan=\"2\" width=\"96\"><strong>DK7780F<\/strong><\/td>\n<td colspan=\"2\" width=\"108\"><strong>DK77100<\/strong><\/td>\n<td width=\"90\"><strong>DK77100F<\/strong><\/td>\n<td width=\"96\"><strong>DK77120<\/strong><\/td>\n<\/tr>\n<tr>\n<td width=\"174\">\u5de5\u4f5c\u53f0\u5c3a\u5bf8<\/p>\n<p>K\u00edch th\u01b0\u1edbc b\u00e0n l\u00e0m vi\u1ec7c (mm)<\/td>\n<td width=\"102\">1350 x 760<\/td>\n<td colspan=\"3\" width=\"102\">1350 x 985<\/td>\n<td colspan=\"2\" width=\"96\">1600 x 985<\/td>\n<td colspan=\"2\" width=\"108\">1640 x 1150<\/td>\n<td width=\"90\">1900 x 1150<\/td>\n<td width=\"96\">2000 x 1300<\/td>\n<\/tr>\n<tr>\n<td width=\"174\">\u5de5\u4f5c\u53f0\u884c\u7a0b(mm)<\/p>\n<p>H\u00e0nh tr\u00ecnh b\u00e0n l\u00e0m vi\u1ec7c (mm)<\/td>\n<td width=\"102\">630 x 1000<\/td>\n<td colspan=\"3\" width=\"102\">800 x 1000<\/td>\n<td colspan=\"2\" width=\"96\">800 x 1200<\/td>\n<td colspan=\"2\" width=\"108\">1000 x 1200<\/td>\n<td width=\"90\">1000 x 1400<\/td>\n<td width=\"96\">1200 x 1600<\/td>\n<\/tr>\n<tr>\n<td width=\"174\">\u6700\u5927\u52a0\u5de5\u539a\u5ea6(mm)<\/p>\n<p>\u0110\u1ed9 d\u00e0y gia c\u00f4ng t\u1ed1i \u0111a (mm)<\/td>\n<td width=\"102\">600<\/td>\n<td colspan=\"3\" width=\"102\">800<\/td>\n<td colspan=\"2\" width=\"96\">800<\/td>\n<td colspan=\"2\" width=\"108\">800<\/td>\n<td width=\"90\">800<\/td>\n<td width=\"96\">1000<\/td>\n<\/tr>\n<tr>\n<td width=\"174\">\u52a0\u5de5\u9525\u5ea6(mm)<\/p>\n<p>\u0110\u1ed9 c\u00f4n gia c\u00f4ng (mm)<\/td>\n<td colspan=\"10\" width=\"594\">+6\u00b0<\/td>\n<\/tr>\n<tr>\n<td width=\"174\">\u6700\u5927\u5207\u5272\u901f\u5ea6(mm\u00b2\/min)<\/p>\n<p>T\u1ed1c \u0111\u1ed9 c\u1eaft t\u1ed1i \u0111a (mm\u00b2\/min)<\/td>\n<td colspan=\"10\" width=\"594\">\u2265100<\/td>\n<\/tr>\n<tr>\n<td width=\"174\">\u6700\u4f73\u52a0\u5de5\u9762\u7c97\u7cd9\u5ea6(\u00b5m)<\/p>\n<p>\u0110\u1ed9 nh\u00e1m b\u1ec1 m\u1eb7t gia c\u00f4ng t\u1ed1t nh\u1ea5t (\u00b5m)<\/td>\n<td colspan=\"10\" width=\"594\">\u22642.5<\/td>\n<\/tr>\n<tr>\n<td width=\"174\">\u7535\u6781\u4e1d\u76f4\u5f84(mm)<\/p>\n<p>\u0110\u01b0\u1eddng k\u00ednh d\u00e2y \u0111i\u1ec7n c\u1ef1c (mm)<\/td>\n<td colspan=\"10\" width=\"594\">0.10-0.20<\/td>\n<\/tr>\n<tr>\n<td width=\"174\">\u7535\u6781\u4e1d\u5b9a\u884c\u901f\u5ea6(m\/s)<\/p>\n<p>T\u1ed1c \u0111\u1ed9 di chuy\u1ec3n c\u1ed1 \u0111\u1ecbnh c\u1ee7a d\u00e2y \u0111i\u1ec7n c\u1ef1c (m\/s)<\/td>\n<td colspan=\"10\" width=\"594\">11.5<\/td>\n<\/tr>\n<tr>\n<td width=\"174\">\u52a0\u5de5\u7cbe\u5ea6<\/p>\n<p>\u0110\u1ed9 ch\u00ednh x\u00e1c gia c\u00f4ng<\/td>\n<td colspan=\"10\" width=\"594\">\u6309GB7926-2005\u6807\u51c6<\/td>\n<\/tr>\n<tr>\n<td width=\"174\">\u4f9b\u7535\u7535\u6e90<\/p>\n<p>Ngu\u1ed3n \u0111i\u1ec7n cung c\u1ea5p<\/td>\n<td colspan=\"10\" width=\"594\">50Hz.380V<\/td>\n<\/tr>\n<tr>\n<td width=\"174\">\u6700\u5927\u5de5\u4ef6\u91cd\u91cf(kg)<\/p>\n<p>Tr\u1ecdng l\u01b0\u1ee3ng ph\u00f4i t\u1ed1i \u0111a (kg)<\/td>\n<td colspan=\"2\" width=\"108\">1000<\/td>\n<td width=\"90\">1500<\/td>\n<td colspan=\"2\" width=\"90\">1500<\/td>\n<td colspan=\"2\" width=\"108\">2500<\/td>\n<td colspan=\"2\" width=\"102\">2500<\/td>\n<td width=\"96\">4000<\/td>\n<\/tr>\n<tr>\n<td width=\"174\">\u4e3b\u673a\u91cd\u91cf(kg)<\/p>\n<p>Tr\u1ecdng l\u01b0\u1ee3ng m\u00e1y ch\u1ee7 (kg)<\/td>\n<td colspan=\"2\" width=\"108\">3000<\/td>\n<td width=\"90\">4000<\/td>\n<td colspan=\"2\" width=\"90\">4500<\/td>\n<td colspan=\"2\" width=\"108\">5200<\/td>\n<td colspan=\"2\" width=\"102\">5800<\/td>\n<td width=\"96\">8000<\/td>\n<\/tr>\n<tr>\n<td width=\"174\">\u4e3b\u673a\u5916\u5f62\u5c3a\u5bf8(mm)<\/p>\n<p>K\u00edch th\u01b0\u1edbc ngo\u00e0i c\u1ee7a m\u00e1y ch\u1ee7 (mm)<\/td>\n<td colspan=\"2\" width=\"108\">2100 x 2000x 1780<\/td>\n<td width=\"90\">2600 x 2400\u00d7 2000<\/td>\n<td colspan=\"2\" width=\"90\">2600 x 2500\u00d7 2000<\/td>\n<td colspan=\"2\" width=\"108\">3000 x 2800\u00d7 2500<\/td>\n<td colspan=\"2\" width=\"102\">3000 x 2800\u00d7 2500<\/td>\n<td width=\"96\">3200 x 3000&lt;2600<\/td>\n<\/tr>\n<tr>\n<td width=\"174\"><\/td>\n<td width=\"102\"><\/td>\n<td width=\"6\"><\/td>\n<td width=\"90\"><\/td>\n<td width=\"6\"><\/td>\n<td width=\"84\"><\/td>\n<td width=\"12\"><\/td>\n<td width=\"96\"><\/td>\n<td width=\"12\"><\/td>\n<td width=\"90\"><\/td>\n<td width=\"96\"><\/td>\n<\/tr>\n<\/tbody>\n<\/table>\n<p>&nbsp;<\/p>\n","protected":false},"excerpt":{"rendered":"<p>DK77\u7cfb\u5217 \u5feb\u8d70\u4e1d\u7ebf\u5207\u5272\u673a\u5e8a M\u00e1y c\u1eaft d\u00e2y ch\u1ea1y nhanh d\u00f2ng DK77 Th\u00f4ng s\u1ed1 k\u1ef9 thu\u1eadt c\u1ee7a m\u00e1y c\u1eaft d\u00e2y ch\u1ea1y nhanh d\u00f2ng DK77 \u673a\u5e8a\u578b\u53f7Model m\u00e1y DK7735 DK7745 DK7745F DK7750 DK7750F DK7763 \u5de5\u4f5c\u53f0\u5c3a\u5bf8 K\u00edch th\u01b0\u1edbc b\u00e0n l\u00e0m vi\u1ec7c (mm) 740 x 510 840 x 590 840 x 590 1000 x 650 1150 x 650 1150 x 760 \u5de5\u4f5c\u53f0\u884c\u7a0b(mm) [&#8230;]\n","protected":false},"featured_media":620,"comment_status":"open","ping_status":"closed","template":"","meta":[],"product_brand":[],"product_cat":[22],"product_tag":[],"class_list":{"0":"post-619","1":"product","2":"type-product","3":"status-publish","4":"has-post-thumbnail","6":"product_cat-hong-yao","8":"first","9":"instock","10":"shipping-taxable","11":"product-type-simple"},"_links":{"self":[{"href":"https:\/\/rongsen.com.vn\/vi\/wp-json\/wp\/v2\/product\/619","targetHints":{"allow":["GET"]}}],"collection":[{"href":"https:\/\/rongsen.com.vn\/vi\/wp-json\/wp\/v2\/product"}],"about":[{"href":"https:\/\/rongsen.com.vn\/vi\/wp-json\/wp\/v2\/types\/product"}],"replies":[{"embeddable":true,"href":"https:\/\/rongsen.com.vn\/vi\/wp-json\/wp\/v2\/comments?post=619"}],"wp:featuredmedia":[{"embeddable":true,"href":"https:\/\/rongsen.com.vn\/vi\/wp-json\/wp\/v2\/media\/620"}],"wp:attachment":[{"href":"https:\/\/rongsen.com.vn\/vi\/wp-json\/wp\/v2\/media?parent=619"}],"wp:term":[{"taxonomy":"product_brand","embeddable":true,"href":"https:\/\/rongsen.com.vn\/vi\/wp-json\/wp\/v2\/product_brand?post=619"},{"taxonomy":"product_cat","embeddable":true,"href":"https:\/\/rongsen.com.vn\/vi\/wp-json\/wp\/v2\/product_cat?post=619"},{"taxonomy":"product_tag","embeddable":true,"href":"https:\/\/rongsen.com.vn\/vi\/wp-json\/wp\/v2\/product_tag?post=619"}],"curies":[{"name":"wp","href":"https:\/\/api.w.org\/{rel}","templated":true}]}}