{"id":605,"date":"2024-06-03T05:39:40","date_gmt":"2024-06-03T05:39:40","guid":{"rendered":"https:\/\/rongsen.com.vn\/?post_type=product&#038;p=605"},"modified":"2025-10-16T11:34:52","modified_gmt":"2025-10-16T04:34:52","slug":"may-mai-mh-618s","status":"publish","type":"product","link":"https:\/\/rongsen.com.vn\/vi\/product\/may-mai-mh-618s\/","title":{"rendered":"M\u00c1Y M\u00c0I MH-618S"},"content":{"rendered":"<p>M\u00c1Y M\u00c0I MH- MH-618, \u00a0MH-618S, MH-614<\/p>\n<table width=\"744\">\n<tbody>\n<tr>\n<td width=\"247\"><strong>\u6280\u672f\u53c2\u6570\uff1a<\/strong><\/td>\n<td colspan=\"5\" width=\"497\">TH\u00d4NG S\u1ed0 K\u1ef8 THU\u1eacT<\/td>\n<\/tr>\n<tr>\n<td colspan=\"2\" width=\"342\">\u9879\u76ee\u00a0Items\u00a0\u00a0\u00a0\u00a0\u00a0\u00a0\u00a0\u00a0\u00a0\u00a0\u00a0\u00a0\u00a0\u00a0\u00a0\u00a0\u00a0\u00a0\u00a0\u00a0\u00a0\u00a0 \u00a0\u00a0\u00a0\u578b\u53f7Model<\/td>\n<td width=\"72\">\u5355\u4f4d<\/td>\n<td width=\"114\">MH-618<\/td>\n<td width=\"108\">MH-618S\u9ad8\u7cbe<\/td>\n<td width=\"108\">MH-614<\/td>\n<\/tr>\n<tr>\n<td colspan=\"2\" width=\"342\">\u6700\u5927\u7814\u78e8\u957f\u5ea6\u00a0Max grinding length<\/td>\n<td width=\"72\">mm<\/td>\n<td width=\"114\">475<\/td>\n<td width=\"108\">460<\/td>\n<td width=\"108\">375<\/td>\n<\/tr>\n<tr>\n<td colspan=\"2\" width=\"342\">\u6700\u5927\u7814\u78e8\u5bbd\u5ea6Max grinding width<\/td>\n<td width=\"72\">mm<\/td>\n<td width=\"114\">160<\/td>\n<td width=\"108\">150<\/td>\n<td width=\"108\">160<\/td>\n<\/tr>\n<tr>\n<td colspan=\"2\" width=\"342\">\u4e3b\u8f74\u81f3\u5de5\u4f5c\u53f0\u9762\u8ddd\u79bb\u00a0Distance from table surface to spindle center<\/td>\n<td width=\"72\">mm<\/td>\n<td width=\"114\">350-400<\/td>\n<td width=\"108\">350-400<\/td>\n<td width=\"108\">350-400<\/td>\n<\/tr>\n<tr>\n<td colspan=\"2\" width=\"342\">\u6807\u51c6\u78c1\u76d8\u5c3a\u5bf8\u00a0Standard magnetic chuck size<\/td>\n<td width=\"72\">mm<\/td>\n<td width=\"114\">150*350<\/td>\n<td width=\"108\">150*400<\/td>\n<td width=\"108\">150*300<\/td>\n<\/tr>\n<tr>\n<td colspan=\"2\" width=\"342\">\u5de5\u4f5c\u53f0\u5c3a\u5bf8\u00a0Table size<\/td>\n<td width=\"72\">mm<\/td>\n<td width=\"114\">150*450<\/td>\n<td width=\"108\">150*450<\/td>\n<td width=\"108\">150*355<\/td>\n<\/tr>\n<tr>\n<td colspan=\"2\" width=\"342\">\u5de6\u53f3\u6700\u5927\u884c\u7a0b\u00a0About travel<\/td>\n<td width=\"72\">mm<\/td>\n<td width=\"114\">485<\/td>\n<td width=\"108\">480<\/td>\n<td width=\"108\">380<\/td>\n<\/tr>\n<tr>\n<td colspan=\"2\" width=\"342\">\u524d\u540e\u6700\u5927\u884c\u7a0bBefore and after stroke<\/td>\n<td width=\"72\">mm<\/td>\n<td width=\"114\">180<\/td>\n<td width=\"108\">200<\/td>\n<td width=\"108\">180<\/td>\n<\/tr>\n<tr>\n<td colspan=\"2\" width=\"342\">\u5de5\u4f5c\u53f0T\u578b\u69fdTable\u00a0T groove<\/td>\n<td width=\"72\">mm*N<\/td>\n<td width=\"114\">14*1<\/td>\n<td width=\"108\">17*1<\/td>\n<td width=\"108\">14*1<\/td>\n<\/tr>\n<tr>\n<td rowspan=\"2\" width=\"247\">\u524d\u540e\u624b\u8f6e\u8fdb\u7ed9Front and rdarwheel feed<\/td>\n<td width=\"95\">1\u523b\u5ea6<\/td>\n<td width=\"72\">mm<\/td>\n<td width=\"114\">0.02<\/td>\n<td width=\"108\">0.02<\/td>\n<td width=\"108\">0.02<\/td>\n<\/tr>\n<tr>\n<td width=\"95\">1\u5708<\/td>\n<td width=\"72\">mm<\/td>\n<td width=\"114\">5<\/td>\n<td width=\"108\">5<\/td>\n<td width=\"108\">5<\/td>\n<\/tr>\n<tr>\n<td rowspan=\"2\" width=\"247\">\u4e0a\u4e0b\u624b\u8f6e\u8fdb\u7ed9Starting with the roller feed<\/td>\n<td width=\"95\">1\u523b\u5ea6<\/td>\n<td width=\"72\">mm<\/td>\n<td width=\"114\">0.005<\/td>\n<td width=\"108\">0.001\/0.004<\/td>\n<td width=\"108\">0.005<\/td>\n<\/tr>\n<tr>\n<td width=\"95\">1\u5708<\/td>\n<td width=\"72\">mm<\/td>\n<td width=\"114\">1<\/td>\n<td width=\"108\">0.33\/1.32<\/td>\n<td width=\"108\">1<\/td>\n<\/tr>\n<tr>\n<td colspan=\"2\" width=\"342\">\u4e3b\u8f74\u6700\u9ad8\u8f6c\u901fSpindle speeds<\/td>\n<td width=\"72\">rpm<\/td>\n<td width=\"114\">3600<\/td>\n<td width=\"108\">2900<\/td>\n<td width=\"108\">3600<\/td>\n<\/tr>\n<tr>\n<td colspan=\"2\" width=\"342\">\u4e3b\u8f74\u9a6c\u8fbeSpindle motor<\/td>\n<td width=\"72\">HP<\/td>\n<td width=\"114\">1.5<\/td>\n<td width=\"108\">1.5<\/td>\n<td width=\"108\">1.5<\/td>\n<\/tr>\n<tr>\n<td colspan=\"2\" width=\"342\">\u7802\u8f6e\u5c3a\u5bf8\uff08\u76f4\u5f84*\u5bbd\u5ea6*\u5b54\u5f84\uff09Wheel size<\/td>\n<td width=\"72\">mm<\/td>\n<td width=\"114\">180*13*31.75<\/td>\n<td width=\"108\">205*6-25*31.75<\/td>\n<td width=\"108\">180*13*31.75<\/td>\n<\/tr>\n<tr>\n<td colspan=\"2\" width=\"342\">\u51b2\u6c34\u9a6c\u8fbe\u00a0Flush motor<\/td>\n<td width=\"72\">HP<\/td>\n<td width=\"114\">1\/8<\/td>\n<td width=\"108\">1\/8<\/td>\n<td width=\"108\">1\/8<\/td>\n<\/tr>\n<tr>\n<td colspan=\"2\" width=\"342\">\u5438\u5c18\u9a6c\u8fbeVacuum cleaner motor<\/td>\n<td width=\"72\">HP<\/td>\n<td width=\"114\">3\/4<\/td>\n<td width=\"108\">3\/4<\/td>\n<td width=\"108\">3\/4<\/td>\n<\/tr>\n<tr>\n<td colspan=\"2\" width=\"342\">\u673a\u5668\u5c3a\u5bf8\uff08\u957f*\u5bbd*\u9ad8\uff09Machine size<\/td>\n<td width=\"72\">mm<\/td>\n<td width=\"114\">1400*1150*1980<\/td>\n<td width=\"108\">1550*1380*1920<\/td>\n<td width=\"108\">1300*1150*1980<\/td>\n<\/tr>\n<tr>\n<td colspan=\"2\" width=\"342\">\u673a\u68b0\u91cd\u91cf\u00a0Machine weight<\/td>\n<td width=\"72\">Kg<\/td>\n<td width=\"114\">850<\/td>\n<td width=\"108\">900<\/td>\n<td width=\"108\">780<\/td>\n<\/tr>\n<\/tbody>\n<\/table>\n<p>&nbsp;<\/p>\n","protected":false},"excerpt":{"rendered":"<p>M\u00c1Y M\u00c0I MH- MH-618, \u00a0MH-618S, MH-614 \u6280\u672f\u53c2\u6570\uff1a TH\u00d4NG S\u1ed0 K\u1ef8 THU\u1eacT \u9879\u76ee\u00a0Items\u00a0\u00a0\u00a0\u00a0\u00a0\u00a0\u00a0\u00a0\u00a0\u00a0\u00a0\u00a0\u00a0\u00a0\u00a0\u00a0\u00a0\u00a0\u00a0\u00a0\u00a0\u00a0 \u00a0\u00a0\u00a0\u578b\u53f7Model \u5355\u4f4d MH-618 MH-618S\u9ad8\u7cbe MH-614 \u6700\u5927\u7814\u78e8\u957f\u5ea6\u00a0Max grinding length mm 475 460 375 \u6700\u5927\u7814\u78e8\u5bbd\u5ea6Max grinding width mm 160 150 160 \u4e3b\u8f74\u81f3\u5de5\u4f5c\u53f0\u9762\u8ddd\u79bb\u00a0Distance from table surface to spindle center mm 350-400 350-400 350-400 \u6807\u51c6\u78c1\u76d8\u5c3a\u5bf8\u00a0Standard magnetic chuck size mm 150*350 150*400 150*300 \u5de5\u4f5c\u53f0\u5c3a\u5bf8\u00a0Table size mm 150*450 150*450 [&#8230;]\n","protected":false},"featured_media":606,"comment_status":"open","ping_status":"closed","template":"","meta":[],"product_brand":[],"product_cat":[35],"product_tag":[],"class_list":{"0":"post-605","1":"product","2":"type-product","3":"status-publish","4":"has-post-thumbnail","6":"product_cat-ming-hong","8":"first","9":"instock","10":"shipping-taxable","11":"product-type-simple"},"_links":{"self":[{"href":"https:\/\/rongsen.com.vn\/vi\/wp-json\/wp\/v2\/product\/605","targetHints":{"allow":["GET"]}}],"collection":[{"href":"https:\/\/rongsen.com.vn\/vi\/wp-json\/wp\/v2\/product"}],"about":[{"href":"https:\/\/rongsen.com.vn\/vi\/wp-json\/wp\/v2\/types\/product"}],"replies":[{"embeddable":true,"href":"https:\/\/rongsen.com.vn\/vi\/wp-json\/wp\/v2\/comments?post=605"}],"wp:featuredmedia":[{"embeddable":true,"href":"https:\/\/rongsen.com.vn\/vi\/wp-json\/wp\/v2\/media\/606"}],"wp:attachment":[{"href":"https:\/\/rongsen.com.vn\/vi\/wp-json\/wp\/v2\/media?parent=605"}],"wp:term":[{"taxonomy":"product_brand","embeddable":true,"href":"https:\/\/rongsen.com.vn\/vi\/wp-json\/wp\/v2\/product_brand?post=605"},{"taxonomy":"product_cat","embeddable":true,"href":"https:\/\/rongsen.com.vn\/vi\/wp-json\/wp\/v2\/product_cat?post=605"},{"taxonomy":"product_tag","embeddable":true,"href":"https:\/\/rongsen.com.vn\/vi\/wp-json\/wp\/v2\/product_tag?post=605"}],"curies":[{"name":"wp","href":"https:\/\/api.w.org\/{rel}","templated":true}]}}