{"id":603,"date":"2024-06-03T05:38:53","date_gmt":"2024-06-03T05:38:53","guid":{"rendered":"https:\/\/rongsen.com.vn\/?post_type=product&#038;p=603"},"modified":"2025-12-04T07:40:25","modified_gmt":"2025-12-04T00:40:25","slug":"may-mai-mh-250-mh-3060","status":"publish","type":"product","link":"https:\/\/rongsen.com.vn\/vi\/product\/may-mai-mh-250-mh-3060\/","title":{"rendered":"M\u00c1Y M\u00c0I  MH-250  MH-3060"},"content":{"rendered":"<p>M\u00c1Y M\u00c0I \u00a0\u00a0MH-250\u00a0 MH-3060<\/p>\n<table width=\"708\">\n<tbody>\n<tr>\n<td colspan=\"2\" width=\"223\"><strong>\u00a0\u00a0\u00a0\u00a0\u00a0\u00a0\u00a0\u00a0\u00a0\u00a0\u00a0\u00a0\u00a0\u00a0\u00a0\u00a0 <\/strong><strong>\u6280\u672f\u53c2\u6570\uff1a<\/strong><\/td>\n<td colspan=\"4\" width=\"485\"><strong>TH\u00d4NG S\u1ed0 K\u1ef8 THU\u1ea4T M\u00c1Y M\u00c0I MH-250, MH-3060<\/strong><\/td>\n<\/tr>\n<tr>\n<td colspan=\"3\" width=\"285\">\u578b\u53f7\u00a0Model\u00a0\u00a0 \u9879\u76ee\u00a0Items<\/td>\n<td width=\"81\">\u5355\u4f4d<\/td>\n<td width=\"168\">MH-3060<\/td>\n<td width=\"174\">MH-250<\/td>\n<\/tr>\n<tr>\n<td colspan=\"3\" width=\"285\">\u5de6\u53f3\u6700\u5927\u79fb\u52a8\u91cfX axis travel<\/td>\n<td width=\"81\">mm<\/td>\n<td width=\"168\">660<\/td>\n<td width=\"174\">540<\/td>\n<\/tr>\n<tr>\n<td colspan=\"3\" width=\"285\">\u524d\u540e\u6700\u5927\u79fb\u52a8\u91cfY axis travel<\/td>\n<td width=\"81\">mm<\/td>\n<td width=\"168\">340<\/td>\n<td width=\"174\">240<\/td>\n<\/tr>\n<tr>\n<td colspan=\"3\" width=\"285\">\u4e3b\u8f74\u4e2d\u5fc3\u81f3\u5de5\u4f5c\u53f0\u9762\u8ddd\u79bbMax center of wheel to table<\/td>\n<td width=\"81\">mm<\/td>\n<td width=\"168\">540<\/td>\n<td width=\"174\">475<\/td>\n<\/tr>\n<tr>\n<td colspan=\"3\" width=\"285\">\u5de5\u4f5c\u53f0\u6700\u5927\u627f\u53d7\u91cd\u91cf(\u542b\u78c1\u76d8) Maximum load<\/td>\n<td width=\"81\">Kg<\/td>\n<td width=\"168\">420<\/td>\n<td width=\"174\">150<\/td>\n<\/tr>\n<tr>\n<td colspan=\"3\" width=\"285\">\u5de5\u4f5c\u53f0\u9762\u79efTable size(X*Y)<\/td>\n<td width=\"81\">mm<\/td>\n<td width=\"168\">600*300<\/td>\n<td width=\"174\">460*200<\/td>\n<\/tr>\n<tr>\n<td colspan=\"3\" width=\"285\">\u5de5\u4f5c\u53f0T\u578b\u69fdTable T groove<\/td>\n<td width=\"81\">mm *N<\/td>\n<td width=\"168\">14*1<\/td>\n<td width=\"174\">14*1<\/td>\n<\/tr>\n<tr>\n<td colspan=\"3\" width=\"285\">\u5de5\u4f5c\u53f0\u901f\u5ea6Table Speed<\/td>\n<td width=\"81\">m\/min<\/td>\n<td width=\"168\">5\/23<\/td>\n<td width=\"174\">5\/23<\/td>\n<\/tr>\n<tr>\n<td rowspan=\"2\" width=\"204\">\u524d\u540e\u624b\u8f6e\u8fdb\u7ed9Hand wheel feed degree scale<\/td>\n<td colspan=\"2\" width=\"81\">1\u523b\u5ea6<\/td>\n<td width=\"81\">mm<\/td>\n<td width=\"168\">0.02<\/td>\n<td width=\"174\">0.02<\/td>\n<\/tr>\n<tr>\n<td colspan=\"2\" width=\"81\">1\u5708<\/td>\n<td width=\"81\">mm<\/td>\n<td width=\"168\">5<\/td>\n<td width=\"174\">4<\/td>\n<\/tr>\n<tr>\n<td colspan=\"3\" width=\"285\">\u524d\u540e\u81ea\u52a8\u8fdb\u7ed9Automatic feed<\/td>\n<td width=\"81\">mm<\/td>\n<td width=\"168\">0.5-10<\/td>\n<td width=\"174\">0.1-8\/0.5-8<\/td>\n<\/tr>\n<tr>\n<td colspan=\"3\" width=\"285\">\u524d\u540e\u5feb\u901f\u79fb\u52a8Fast moving speed<\/td>\n<td width=\"81\">mm<\/td>\n<td width=\"168\">790<\/td>\n<td width=\"174\">820<\/td>\n<\/tr>\n<tr>\n<td colspan=\"2\" rowspan=\"2\" width=\"223\">\u4e0a\u4e0b\u624b\u8f6e\u8fdb\u7ed9Hand wheel feed degree scale<\/td>\n<td width=\"62\">1\u523b\u5ea6<\/td>\n<td width=\"81\">mm<\/td>\n<td width=\"168\">0.002<\/td>\n<td width=\"174\">0.01\/0.002<\/td>\n<\/tr>\n<tr>\n<td width=\"62\">1\u5708<\/td>\n<td width=\"81\">mm<\/td>\n<td width=\"168\">0.5\/0.2<\/td>\n<td width=\"174\">2\/0.2<\/td>\n<\/tr>\n<tr>\n<td colspan=\"3\" width=\"285\">\u4e0a\u4e0b\u81ea\u52a8\u8fdb\u7ed9\u91cfOn the\u00a0automatic feed<\/td>\n<td width=\"81\">mm<\/td>\n<td width=\"168\">\/ 0.002-0.04<\/td>\n<td width=\"174\">\/\/\/ 0.002-0.04<\/td>\n<\/tr>\n<tr>\n<td colspan=\"3\" width=\"285\">\u4e0a\u4e0b\u5feb\u901f\u79fb\u52a8\u901f\u5ea6Fast moving speed<\/td>\n<td width=\"81\">mm \/min<\/td>\n<td width=\"168\">230\/180<\/td>\n<td width=\"174\">230\/180<\/td>\n<\/tr>\n<tr>\n<td colspan=\"3\" width=\"285\">\u4e3b\u8f74\u8f6c\u901f\uff0850HZ\uff09Spindle wheel speed<\/td>\n<td width=\"81\">rpm<\/td>\n<td width=\"168\">2850\/1450<\/td>\n<td width=\"174\">2850<\/td>\n<\/tr>\n<tr>\n<td colspan=\"3\" width=\"285\">\u4e3b\u8f74\u9a6c\u8fbeSpindle motor<\/td>\n<td width=\"81\">Hp*P<\/td>\n<td width=\"168\">3*2\/5*4<\/td>\n<td width=\"174\">3*2<\/td>\n<\/tr>\n<tr>\n<td colspan=\"3\" width=\"285\">\u4e0a\u4e0b\u9a71\u52a8\u9a6c\u8fbeThe Z axis motor<\/td>\n<td width=\"81\">Hp*P<\/td>\n<td width=\"168\">90W\/\u4f3a\u670d400W<\/td>\n<td width=\"174\">\/\/ 90W\/\u4f3a\u670d400W<\/td>\n<\/tr>\n<tr>\n<td colspan=\"3\" width=\"285\">\u51b2\u6c34\u9a6c\u8fbeCooling motor<\/td>\n<td width=\"81\">Hp*P<\/td>\n<td width=\"168\">1\/8*2<\/td>\n<td width=\"174\">1\/8*2<\/td>\n<\/tr>\n<tr>\n<td colspan=\"3\" width=\"285\">\u6cb9\u538b\u9a6c\u8fbeHydraulic motor<\/td>\n<td width=\"81\">Hp*P<\/td>\n<td width=\"168\">2*4<\/td>\n<td width=\"174\">1*4<\/td>\n<\/tr>\n<tr>\n<td colspan=\"3\" width=\"285\">\u524d\u540e\u9a71\u52a8\u9a6c\u8fbeThe Y axis motor<\/td>\n<td width=\"81\">H*P<\/td>\n<td width=\"168\">40W\/\u6b65\u8fdb8N.M<\/td>\n<td width=\"174\">\/ 60W\/60W\/\u6b65\u8fdb6N.M<\/td>\n<\/tr>\n<tr>\n<td colspan=\"3\" width=\"285\">\u673a\u5668\u5c3a\u5bf8\uff08\u957f*\u5bbd*\u9ad8\uff09<\/td>\n<td width=\"81\">mm<\/td>\n<td width=\"168\">3100*2250*1880<\/td>\n<td width=\"174\">1820*1400*1780<\/td>\n<\/tr>\n<tr>\n<td colspan=\"3\" width=\"285\">\u673a\u68b0\u91cd\u91cfWeight<\/td>\n<td width=\"81\">Kg<\/td>\n<td width=\"168\">2200<\/td>\n<td width=\"174\">1420<\/td>\n<\/tr>\n<tr>\n<td width=\"204\"><\/td>\n<td width=\"19\"><\/td>\n<td width=\"62\"><\/td>\n<td width=\"81\"><\/td>\n<td width=\"168\"><\/td>\n<td width=\"174\"><\/td>\n<\/tr>\n<\/tbody>\n<\/table>\n<p>&nbsp;<\/p>\n","protected":false},"excerpt":{"rendered":"<p>M\u00c1Y M\u00c0I \u00a0\u00a0MH-250\u00a0 MH-3060 \u00a0\u00a0\u00a0\u00a0\u00a0\u00a0\u00a0\u00a0\u00a0\u00a0\u00a0\u00a0\u00a0\u00a0\u00a0\u00a0 \u6280\u672f\u53c2\u6570\uff1a TH\u00d4NG S\u1ed0 K\u1ef8 THU\u1ea4T M\u00c1Y M\u00c0I MH-250, MH-3060 \u578b\u53f7\u00a0Model\u00a0\u00a0 \u9879\u76ee\u00a0Items \u5355\u4f4d MH-3060 MH-250 \u5de6\u53f3\u6700\u5927\u79fb\u52a8\u91cfX axis travel mm 660 540 \u524d\u540e\u6700\u5927\u79fb\u52a8\u91cfY axis travel mm 340 240 \u4e3b\u8f74\u4e2d\u5fc3\u81f3\u5de5\u4f5c\u53f0\u9762\u8ddd\u79bbMax center of wheel to table mm 540 475 \u5de5\u4f5c\u53f0\u6700\u5927\u627f\u53d7\u91cd\u91cf(\u542b\u78c1\u76d8) Maximum load Kg 420 150 \u5de5\u4f5c\u53f0\u9762\u79efTable size(X*Y) mm 600*300 460*200 \u5de5\u4f5c\u53f0T\u578b\u69fdTable T groove mm [&#8230;]\n","protected":false},"featured_media":604,"comment_status":"open","ping_status":"closed","template":"","meta":[],"product_brand":[],"product_cat":[35],"product_tag":[],"class_list":{"0":"post-603","1":"product","2":"type-product","3":"status-publish","4":"has-post-thumbnail","6":"product_cat-ming-hong","8":"first","9":"instock","10":"shipping-taxable","11":"product-type-simple"},"_links":{"self":[{"href":"https:\/\/rongsen.com.vn\/vi\/wp-json\/wp\/v2\/product\/603","targetHints":{"allow":["GET"]}}],"collection":[{"href":"https:\/\/rongsen.com.vn\/vi\/wp-json\/wp\/v2\/product"}],"about":[{"href":"https:\/\/rongsen.com.vn\/vi\/wp-json\/wp\/v2\/types\/product"}],"replies":[{"embeddable":true,"href":"https:\/\/rongsen.com.vn\/vi\/wp-json\/wp\/v2\/comments?post=603"}],"wp:featuredmedia":[{"embeddable":true,"href":"https:\/\/rongsen.com.vn\/vi\/wp-json\/wp\/v2\/media\/604"}],"wp:attachment":[{"href":"https:\/\/rongsen.com.vn\/vi\/wp-json\/wp\/v2\/media?parent=603"}],"wp:term":[{"taxonomy":"product_brand","embeddable":true,"href":"https:\/\/rongsen.com.vn\/vi\/wp-json\/wp\/v2\/product_brand?post=603"},{"taxonomy":"product_cat","embeddable":true,"href":"https:\/\/rongsen.com.vn\/vi\/wp-json\/wp\/v2\/product_cat?post=603"},{"taxonomy":"product_tag","embeddable":true,"href":"https:\/\/rongsen.com.vn\/vi\/wp-json\/wp\/v2\/product_tag?post=603"}],"curies":[{"name":"wp","href":"https:\/\/api.w.org\/{rel}","templated":true}]}}