{"id":584,"date":"2024-05-29T08:38:25","date_gmt":"2024-05-29T08:38:25","guid":{"rendered":"https:\/\/rongsen.com.vn\/?post_type=product&#038;p=584"},"modified":"2025-12-07T11:29:14","modified_gmt":"2025-12-07T04:29:14","slug":"mha35-mha40-mha45","status":"publish","type":"product","link":"https:\/\/rongsen.com.vn\/vi\/product\/mha35-mha40-mha45\/","title":{"rendered":"MHA35, MHA40, MHA45"},"content":{"rendered":"<p><strong>MHA35, MHA40, MHA45 <\/strong><\/p>\n<p><strong>MHA<\/strong><strong>\u7cfb\u5217\u673a\u5e8a<\/strong><strong>\/MHA series machine tools \/ M\u00e1y cnc d\u00f2ng MHA<\/strong><\/p>\n<p>\u4e3b\u673a\u6eda\u73e0\u4e1d\u6746\u3001\u5bfc\u8f68\u3001\u8f74\u627f\u7b49\u5173\u952e\u90e8\u4ef6\u9009\u7528\u56fd\u9645\u4e00\u6d41\u54c1\u724c\u7684\u4f18\u8d28\u4ea7\u54c1,\u4fdd\u8bc1\u673a\u5e8a\u957f\u671f\u4f7f\u7528\u7684\u7cbe\u5ea6\u548c\u7a33\u5b9a\u6027\u3002\u6570\u63a7\u8f74\u91c7\u7528\u677e\u4e0b\u4ea4\u6d41\u4f3a\u670d\u7cfb\u7edf\u548c\u9ad8\u7cbe\u5ea6\u6eda\u73e0\u4e1d\u6746\u521a\u6027\u8fde\u63a5,\u51cf\u5c11\u4f20\u52a8\u8bef\u5dee,\u7535\u5668\u8fdb\u884c\u6b65\u8ddd\u8865\u507f\u548c\u95f4\u9699\u8865\u507f,\u4fdd\u8bc1\u8fd0\u52a8\u8f74\u7684\u4f4d\u7f6e\u7cbe\u5ea6\u3002<\/p>\n<p>C\u00e1c b\u1ed9 ph\u1eadn ch\u00ednh nh\u01b0 v\u00edt bi, ray d\u1eabn h\u01b0\u1edbng, v\u00f2ng bi c\u1ee7a m\u00e1y ch\u00ednh \u0111\u01b0\u1ee3c l\u00e0m b\u1eb1ng s\u1ea3n ph\u1ea9m ch\u1ea5t l\u01b0\u1ee3ng cao \u0111\u1ebfn t\u1eeb c\u00e1c th\u01b0\u01a1ng hi\u1ec7u h\u00e0ng \u0111\u1ea7u th\u1ebf gi\u1edbi nh\u1eb1m \u0111\u1ea3m b\u1ea3o \u0111\u1ed9 ch\u00ednh x\u00e1c v\u00e0 \u1ed5n \u0111\u1ecbnh l\u00e2u d\u00e0i c\u1ee7a m\u00e1y. Tr\u1ee5c \u0111i\u1ec1u khi\u1ec3n s\u1ed1 \u0111\u01b0\u1ee3c trang b\u1ecb h\u1ec7 th\u1ed1ng servo AC c\u1ee7a Panasonic v\u00e0 k\u1ebft n\u1ed1i v\u00edt bi ch\u00ednh x\u00e1c cao \u0111\u1ec3 gi\u1ea3m thi\u1ec3u sai s\u1ed1 truy\u1ec1n \u0111\u1ed9ng. B\u1ed9 \u0111i\u1ec1u khi\u1ec3n \u0111i\u1ec7n t\u1eed th\u1ef1c hi\u1ec7n b\u00f9 b\u01b0\u1edbc v\u00e0 b\u00f9 h\u1edf \u0111\u1ec3 \u0111\u1ea3m b\u1ea3o \u0111\u1ed9 ch\u00ednh x\u00e1c v\u1ecb tr\u00ed c\u1ee7a tr\u1ee5c chuy\u1ec3n \u0111\u1ed9ng.<\/p>\n<p>\u653e\u7535\u7cfb\u7edf\u914d\u5907\u4e86\u4e30\u5bcc\u7684\u5de5\u827a\u6570\u636e\u5e93,\u591a\u79cd\u7535\u6781\u548c\u5de5\u4ef6\u7684\u7ec4\u5408\u65b9\u5f0f,\u7279\u522b\u9488\u5bf9\u4e00\u4e9b\u7279\u6b8a\u6750\u6599\u7684\u52a0\u5de5,\u4e3a\u7528\u6237\u63d0\u4f9b\u66f4\u5927\u7684\u9009\u62e9\u7a7a\u95f4,\u5e7f\u6cdb\u5e94\u7528\u4e8e\u63a5\u63d2\u4ef6\u3001\u786c\u8d28\u5408\u91d1\u3001\u949b\u5408\u91d1\u3001\u5851\u80f6\u6a21\u5177\u3001\u538b\u94f8\u6a21\u5177\u3001\u7845\u6a61\u80f6\u6a21\u5177\u7b49\u884c\u4e1a\u3002<\/p>\n<p>H\u1ec7 th\u1ed1ng ph\u00f3ng \u0111i\u1ec7n \u0111\u01b0\u1ee3c trang b\u1ecb kho d\u1eef li\u1ec7u c\u00f4ng ngh\u1ec7 phong ph\u00fa, c\u00f3 nhi\u1ec1u ph\u01b0\u01a1ng th\u1ee9c k\u1ebft h\u1ee3p gi\u1eefa \u0111i\u1ec7n c\u1ef1c v\u00e0 ph\u00f4i, \u0111\u1eb7c bi\u1ec7t l\u00e0 \u0111\u1ec3 gia c\u00f4ng m\u1ed9t s\u1ed1 lo\u1ea1i v\u1eadt li\u1ec7u \u0111\u1eb7c bi\u1ec7t, mang \u0111\u1ebfn cho ng\u01b0\u1eddi d\u00f9ng nhi\u1ec1u s\u1ef1 l\u1ef1a ch\u1ecdn h\u01a1n, \u0111\u01b0\u1ee3c s\u1eed d\u1ee5ng r\u1ed9ng r\u00e3i trong c\u00e1c \u0111\u1ea7u n\u1ed1i, h\u1ee3p kim c\u1ee9ng, h\u1ee3p kim titan, khu\u00f4n nh\u1ef1a, khu\u00f4n \u0111\u00fac, khu\u00f4n cao su silicon v\u00e0 c\u00e1c ng\u00e0nh c\u00f4ng nghi\u1ec7p kh\u00e1c.<\/p>\n<p><strong>MHA<\/strong><strong>\u6280\u672f\u53c2\u6570<\/strong><strong>\/MHA technical parameters\/ Th\u00f4ng s\u1ed1 k\u1ef9 thu\u1eadt c\u1ee7a MHA<\/strong><\/p>\n<table width=\"756\">\n<tbody>\n<tr>\n<td width=\"312\">\u9879\u76ee<\/p>\n<p>H\u1ea1ng m\u1ee5c<\/td>\n<td colspan=\"2\" width=\"72\">\u5355\u4f4d<\/p>\n<p>\u0110vt<\/td>\n<td colspan=\"2\" width=\"126\">MHA35<\/td>\n<td colspan=\"2\" width=\"120\">MHA40<\/td>\n<td width=\"126\">MHA45<\/td>\n<\/tr>\n<tr>\n<td width=\"312\">\u5de5\u4f5c\u53f0\u5c3a\u5bf8(\u957f\u00d7\u5bbd)<\/p>\n<p>K\u00edch th\u01b0\u1edbc b\u00e0n l\u00e0m vi\u1ec7c ( d\u00e0i * r\u1ed9ng)<\/td>\n<td colspan=\"2\" width=\"72\">mm<\/td>\n<td colspan=\"2\" width=\"126\">600\u00d7400<\/td>\n<td colspan=\"2\" width=\"120\">700\u00d7400<\/td>\n<td width=\"126\">700&#215;400<\/td>\n<\/tr>\n<tr>\n<td width=\"312\">\u52a0\u5de5\u6db2\u69fd\u5185\u90e8\u5c3a\u5bf8(\u957f\u00d7\u5bbd\u00d7\u9ad8)<\/p>\n<p>K\u00edch th\u01b0\u1edbc b\u00ean trong c\u1ee7a th\u00f9ng d\u1ea7u gia c\u00f4ng (d\u00e0i \u00d7 r\u1ed9ng \u00d7 cao)<\/td>\n<td colspan=\"2\" width=\"72\">mm<\/td>\n<td colspan=\"2\" width=\"126\">1000\u00d7600\u00d7400<\/td>\n<td colspan=\"2\" width=\"120\">1050\u00d7660\u00d7400<\/td>\n<td width=\"126\">1050\u00d7660\u00d7450<\/td>\n<\/tr>\n<tr>\n<td width=\"312\">X\u3001Y\u3001Z\u8f74\u884c\u7a0bH\u00e0nh tr\u00ecnh tr\u1ee5c X,Y,Z<\/td>\n<td colspan=\"2\" width=\"72\">mm<\/td>\n<td colspan=\"2\" width=\"126\">350\u00d7250\u00d7270<\/td>\n<td colspan=\"2\" width=\"120\">400\u00d7300\u00d7300<\/td>\n<td width=\"126\">450\u00d7350\u00d7300<\/td>\n<\/tr>\n<tr>\n<td width=\"312\">\u6700\u5927\u7535\u6781\u91cd\u91cf<\/p>\n<p>Tr\u1ecdng l\u01b0\u1ee3ng \u0111i\u1ec7n c\u1ef1c t\u1ed1i \u0111a<\/td>\n<td colspan=\"2\" width=\"72\">kg<\/td>\n<td colspan=\"2\" width=\"126\">50<\/td>\n<td colspan=\"2\" width=\"120\">50<\/td>\n<td width=\"126\">50<\/td>\n<\/tr>\n<tr>\n<td width=\"312\">\u6700\u5927\u5de5\u4ef6\u91cd\u91cf<\/p>\n<p>Tr\u1ecdng l\u01b0\u1ee3ng ph\u00f4i t\u1ed1i \u0111a<\/td>\n<td colspan=\"2\" width=\"72\">kg<\/td>\n<td colspan=\"2\" width=\"126\">600<\/td>\n<td colspan=\"2\" width=\"120\">700<\/td>\n<td width=\"126\">700<\/td>\n<\/tr>\n<tr>\n<td width=\"312\">\u5de5\u4f5c\u53f0\u9762\u5230\u7535\u6781\u677f\u7684\u6700\u5927\u6700\u5c0f\u8ddd\u79bbKho\u1ea3ng c\u00e1ch t\u1ed1i thi\u1ec3u t\u1ed1i \u0111a t\u1eeb m\u1eb7t b\u00e0n l\u00e0m vi\u1ec7c \u0111\u1ebfn t\u1ea5m \u0111i\u1ec7n c\u1ef1c<\/td>\n<td colspan=\"2\" width=\"72\">mm<\/td>\n<td colspan=\"2\" width=\"126\">330-660<\/td>\n<td colspan=\"2\" width=\"120\">300-660<\/td>\n<td width=\"126\">300-660<\/td>\n<\/tr>\n<tr>\n<td width=\"312\">\u5b9a\u4f4d\u7cbe\u5ea6(JB\u6807\u51c6)<\/p>\n<p>\u0110\u1ed9 ch\u00ednh x\u00e1c \u0111\u1ecbnh v\u1ecb ( ti\u00eau chu\u1ea9n JB)<\/td>\n<td colspan=\"2\" width=\"72\"><strong>\u00a0<\/strong><\/td>\n<td colspan=\"2\" width=\"126\">5\u00b5m\/\u4efb\u610f 300mm<\/p>\n<p>5\u00b5m\/t\u00f9y \u00fd 300mm<\/td>\n<td colspan=\"2\" width=\"120\">5\u00b5m\/\u4efb\u610f 300mm<\/p>\n<p>5\u00b5m\/t\u00f9y \u00fd 300mm<\/td>\n<td width=\"126\">5\u00b5m\/\u4efb\u610f 300mm<\/p>\n<p>5\u00b5m\/t\u00f9y \u00fd 300mm<\/td>\n<\/tr>\n<tr>\n<td width=\"312\">\u91cd\u590d\u5b9a\u4f4d\u7cbe\u5ea6(JB\u6807\u51c6) \u0110\u1ed9 ch\u00ednh x\u00e1c \u0111\u1ecbnh v\u1ecb l\u1eb7p l\u1ea1i ( ti\u00eau chu\u1ea9n JB)<\/td>\n<td colspan=\"2\" width=\"72\"><strong>\u00a0<\/strong><\/td>\n<td colspan=\"2\" width=\"126\">2\u00b5m<\/td>\n<td colspan=\"2\" width=\"120\">2\u00b5m<\/td>\n<td width=\"126\">2\u00b5m<\/td>\n<\/tr>\n<tr>\n<td width=\"312\">\u5916\u5f62\u578b\u5c3a\u5bf8(\u957f\u00d7\u5bbd\u00d7\u9ad8) K\u00edch th\u01b0\u1edbc ngo\u00e0i ( D\u00e0i * r\u1ed9ng * cao)<\/td>\n<td colspan=\"2\" width=\"72\">mm<\/td>\n<td colspan=\"2\" width=\"126\">2150\u00d72650\u00d72300<\/td>\n<td colspan=\"2\" width=\"120\">2300\u00d72700\u00d72300<\/td>\n<td width=\"126\">2400\u00d72700\u00d72400<\/td>\n<\/tr>\n<tr>\n<td width=\"312\">\u673a\u5e8a\u91cd\u91cf(\u4e0d\u542b\u6570\u63a7\u7535\u6e90) Tr\u1ecdng l\u01b0\u1ee3ng m\u00e1y ( kh\u00f4ng bao g\u1ed3m ngu\u1ed3n\u00a0 cnc)<\/td>\n<td colspan=\"2\" width=\"72\">kg<\/td>\n<td colspan=\"2\" width=\"126\">3200<\/td>\n<td colspan=\"2\" width=\"120\">3500<\/td>\n<td width=\"126\">3600<\/td>\n<\/tr>\n<tr>\n<td width=\"312\">\u50a8\u6db2\u7bb1\u5bb9\u79ef Dung t\u00edch th\u00f9ng ch\u1ee9a dung d\u1ecbch<\/td>\n<td colspan=\"2\" width=\"72\">L<\/td>\n<td colspan=\"2\" width=\"126\">600<\/td>\n<td colspan=\"2\" width=\"120\">600<\/td>\n<td width=\"126\">700<\/td>\n<\/tr>\n<tr>\n<td width=\"312\">\u52a0\u5de5\u6db2\u8fc7\u6ee4\u65b9\u5f0f<\/p>\n<p>Ph\u01b0\u01a1ng th\u1ee9c l\u1ecdc dung d\u1ecbch gia c\u00f4ng<\/td>\n<td colspan=\"7\" width=\"444\">\u4ea4\u6362\u5f0f\u7eb8\u82af\u8fc7\u6ee4\u5668<\/p>\n<p>B\u1ed9 l\u1ecdc l\u00f5i gi\u1ea5y c\u00f3 th\u1ec3 thay m\u1edbi<\/td>\n<\/tr>\n<tr>\n<td width=\"312\">\u6570\u63a7\u8109\u51b2\u7535\u6e90\u4f4d\u7f6eV\u1ecb tr\u00ed ngu\u1ed3n xung cnc<\/td>\n<td colspan=\"2\" width=\"72\"><strong>\u00a0<\/strong><\/td>\n<td width=\"100\">A50<\/td>\n<td colspan=\"2\" width=\"120\">A50<\/td>\n<td colspan=\"2\" width=\"152\">A50<\/td>\n<\/tr>\n<tr>\n<td width=\"312\">\u6700\u5927\u52a0\u5de5\u7535\u6d41D\u00f2ng \u0111i\u1ec7n gia c\u00f4ng t\u1ed1i \u0111a<\/td>\n<td colspan=\"2\" width=\"72\">A<\/td>\n<td width=\"100\">50<\/td>\n<td colspan=\"2\" width=\"120\">50<\/td>\n<td colspan=\"2\" width=\"152\">50<\/td>\n<\/tr>\n<tr>\n<td width=\"312\">\u603b\u8f93\u5165\u529f\u7387<\/p>\n<p>T\u1ed5ng c\u00f4ng su\u1ea5t \u0111\u1ea7u v\u00e0o<\/td>\n<td colspan=\"2\" width=\"72\">kva<\/td>\n<td width=\"100\">9<\/td>\n<td colspan=\"2\" width=\"120\">9<\/td>\n<td colspan=\"2\" width=\"152\">9<\/td>\n<\/tr>\n<tr>\n<td width=\"312\">\u8f93\u5165\u7535\u6e90Ngu\u1ed3n \u0111i\u1ec7n v\u00e0o<\/td>\n<td colspan=\"2\" width=\"72\">raum<\/td>\n<td colspan=\"5\" width=\"372\">380V(\u56fd\u5185-china)<\/p>\n<p>380V( Trung Qu\u1ed1c)<\/td>\n<\/tr>\n<tr>\n<td width=\"312\">\u6700\u4f73\u8868\u9762\u7c97\u7cd9\u5ea6\u0110\u1ed9 nh\u00e1m b\u1ec1 m\u1eb7t t\u1ed1t nh\u1ea5t<\/td>\n<td colspan=\"2\" width=\"72\">mm\/min<\/td>\n<td colspan=\"5\" width=\"372\">\u5c0f\u4e8era0.1\u00b5m<\/p>\n<p>Nh\u1ecf h\u01a1n ra0.1\u00b5m<\/td>\n<\/tr>\n<tr>\n<td width=\"312\">\u6700\u5c0f\u7535\u6781\u635f\u8017Ti\u00eau hao \u0111i\u1ec7n c\u1ef1c t\u1ed1i thi\u1ec3u<\/td>\n<td colspan=\"7\" width=\"444\">0.1%<\/td>\n<\/tr>\n<tr>\n<td width=\"312\">\u6700\u9ad8\u751f\u4ea7\u7387N\u0103ng su\u1ea5t cao nh\u1ea5t<\/td>\n<td colspan=\"7\" width=\"444\">\u94dc\u6253\u94a2500mm\u00b3\/min \u77f3\u58a8\u6253\u94a21030mm\u00b3\/min<\/p>\n<p>\u0110\u1ed3ng,th\u00e9p:\u00a0 500 mm\u00b3\/ph\u00fat\/\u00a0\u00a0\u00a0\u00a0 Than ch\u00ec: \u00a01030mm\u00b3\/ph\u00fat<\/td>\n<\/tr>\n<tr>\n<td width=\"312\">\u6807\u51c6\u5de5\u827a<\/p>\n<p>C\u00f4ng ngh\u1ec7 ti\u00eau chu\u1ea9n<\/td>\n<td colspan=\"7\" width=\"444\">\u94dc\/\u94a2\u3001\u5fae\u7ec6\u94dc\/\u94a2\u3001\u77f3\u58a8\/\u94a2\u3001\u94dc\u94a8\u94a2\u3001\u5fae\u7ec6\u94dc\u94a8\/\u94a2\u3001\u94dc\/\u94a2\u3001 \u94dc\u94a8\u786c\u8d28\u5408\u91d1\u3001\u94dc\/\u94dd\u3001\u77f3\u58a8\/\u8010\u70ed\u5408\u91d1\u3001\u77f3\u58a8\/\u949b\u3001\u94dc\/\u94a2<\/p>\n<p>\u0110\u1ed3ng\/ th\u00e9p, \u0111\u1ed3ng m\u1ecbn\/ th\u00e9p, than ch\u00ec\/ th\u00e9p, th\u00e9p vonfram \u0111\u1ed3ng, \u0111\u1ed3ng vonfram m\u1ecbn \/th\u00e9p, \u0111\u1ed3ng\/th\u00e9p, h\u1ee3p kim vonfram \u0111\u1ed3ng c\u1ee9ng, \u0111\u1ed3ng\/nh\u00f4m, than ch\u00ec\/ h\u1ee3p kim ch\u1ecbu nhi\u1ec7t, than ch\u00ec\/titan, \u0111\u1ed3ng\/th\u00e9p.<\/td>\n<\/tr>\n<tr>\n<td width=\"312\">\u63d2\u8865\u65b9\u5f0f<\/p>\n<p>Ph\u01b0\u01a1ng th\u1ee9c ch\u00e8n b\u00f9<\/td>\n<td colspan=\"7\" width=\"444\">\u76f4\u7ebf,\u5706\u5f27,\u87ba\u65cb\u7ebf<\/p>\n<p>\u0110\u01b0\u1eddng th\u1eb3ng, v\u00f2ng cung, \u00a0\u0111\u01b0\u1eddng xo\u1eafn \u1ed1c<\/td>\n<\/tr>\n<tr>\n<td width=\"312\">\u5404\u8f74\u8865\u507f<\/p>\n<p>B\u00f9 m\u1ed7i tr\u1ee5c<\/td>\n<td colspan=\"7\" width=\"444\">\u5404\u8f74\u5206\u522b\u8fdb\u884c\u6b65\u8ddd\u8bef\u5dee\u8865\u507f\u3001\u95f4\u9699\u8865\u507f<\/p>\n<p>M\u1ed7i tr\u1ee5c l\u1ea7n l\u01b0\u1ee3t b\u00f9 l\u1ed7i kho\u1ea3ng c\u00e1ch b\u01b0\u1edbc, b\u00f9 ch\u1ed7 h\u1edf<\/td>\n<\/tr>\n<tr>\n<td width=\"312\">\u6700\u5927\u63a7\u5236\u8f74\u6570<\/p>\n<p>S\u1ed1 tr\u1ee5c ki\u1ec3m so\u00e1t t\u1ed1i \u0111a<\/td>\n<td colspan=\"7\" width=\"444\">\u4e09\u8f74\u4e09\u8054\u52a8(\u6807\u914d)\u56db\u8f74\u56db\u8054\u52a8(\u9009\u914d)<\/p>\n<p>Li\u00ean k\u1ebft ba tr\u1ee5c (ti\u00eau chu\u1ea9n)<\/p>\n<p>Li\u00ean k\u1ebft b\u1ed1n tr\u1ee5c (t\u00f9y ch\u1ecdn)<\/td>\n<\/tr>\n<tr>\n<td width=\"312\">\u5404\u8f74\u5206\u8fa8\u7387\u0110\u1ed9 ph\u00e2n gi\u1ea3i m\u1ed7i tr\u1ee5c<\/td>\n<td width=\"58\">\u03bcm<\/td>\n<td colspan=\"6\" width=\"386\">0.4<\/td>\n<\/tr>\n<tr>\n<td width=\"312\">\u6700\u5c0f\u9a71\u52a8\u5355\u4f4d<\/p>\n<p>\u0110\u01a1n v\u1ecb truy\u1ec1n \u0111\u1ed9ng t\u1ed1i thi\u1ec3u<\/td>\n<td width=\"58\">\u03bcm<\/td>\n<td colspan=\"6\" width=\"386\">0.1<\/td>\n<\/tr>\n<tr>\n<td width=\"312\">\u8f93\u5165\u65b9\u5f0fPh\u01b0\u01a1ng th\u1ee9c nh\u1eadp<\/td>\n<td colspan=\"7\" width=\"444\">\u89e6\u6478\u5c4f\u3001U\u76d8\u3001RS-232 M\u00e0n h\u00ecnh c\u1ea3m \u1ee9ng, USB, RS-232<\/td>\n<\/tr>\n<tr>\n<td width=\"312\">\u663e\u793a\u65b9\u5f0fPh\u01b0\u01a1ng th\u1ee9c hi\u1ec3n th\u1ecb<\/td>\n<td colspan=\"7\" width=\"444\">15\u6db2\u6676\u5c4f(TFT-LCD)<\/p>\n<p>M\u00e0n h\u00ecnh tinh th\u1ec3 l\u1ecfng 15 inch (TFT-LCD)<\/td>\n<\/tr>\n<tr>\n<td width=\"312\">\u624b\u63a7\u76d2<\/p>\n<p>H\u1ed9p \u0111i\u1ec1u khi\u1ec3n b\u1eb1ng tay<\/td>\n<td colspan=\"7\" width=\"444\">\u6807\u51c6\u70b9\u52a8(\u591a\u7ea7\u5207\u6362)<\/p>\n<p>Chuy\u1ec3n \u0111\u1ed9ng ti\u00eau chu\u1ea9n ( chuy\u1ec3n \u0111\u1ed5i nhi\u1ec1u c\u1ea5p)<\/td>\n<\/tr>\n<tr>\n<td width=\"312\">\u4f4d\u7f6e\u6307\u4ee4\u65b9\u5f0f<\/p>\n<p>Ph\u01b0\u01a1ng th\u1ee9c ch\u1ec9 l\u1ec7nh v\u1ecb tr\u00ed<\/td>\n<td colspan=\"7\" width=\"444\">\u7edd\u5bf9\u589e\u91cf\u517c\u7528<\/p>\n<p>Tuy\u1ec7t \u0111\u1ed1i\u00a0 k\u1ebft h\u1ee3p t\u0103ng d\u1ea7n<\/td>\n<\/tr>\n<tr>\n<td width=\"269\"><\/td>\n<td width=\"58\"><\/td>\n<td width=\"14\"><\/td>\n<td width=\"111\"><\/td>\n<td width=\"28\"><\/td>\n<td width=\"112\"><\/td>\n<td width=\"26\"><\/td>\n<td width=\"138\"><\/td>\n<\/tr>\n<\/tbody>\n<\/table>\n<p>&nbsp;<\/p>\n","protected":false},"excerpt":{"rendered":"<p>MHA35, MHA40, MHA45 MHA\u7cfb\u5217\u673a\u5e8a\/MHA series machine tools \/ M\u00e1y cnc d\u00f2ng MHA \u4e3b\u673a\u6eda\u73e0\u4e1d\u6746\u3001\u5bfc\u8f68\u3001\u8f74\u627f\u7b49\u5173\u952e\u90e8\u4ef6\u9009\u7528\u56fd\u9645\u4e00\u6d41\u54c1\u724c\u7684\u4f18\u8d28\u4ea7\u54c1,\u4fdd\u8bc1\u673a\u5e8a\u957f\u671f\u4f7f\u7528\u7684\u7cbe\u5ea6\u548c\u7a33\u5b9a\u6027\u3002\u6570\u63a7\u8f74\u91c7\u7528\u677e\u4e0b\u4ea4\u6d41\u4f3a\u670d\u7cfb\u7edf\u548c\u9ad8\u7cbe\u5ea6\u6eda\u73e0\u4e1d\u6746\u521a\u6027\u8fde\u63a5,\u51cf\u5c11\u4f20\u52a8\u8bef\u5dee,\u7535\u5668\u8fdb\u884c\u6b65\u8ddd\u8865\u507f\u548c\u95f4\u9699\u8865\u507f,\u4fdd\u8bc1\u8fd0\u52a8\u8f74\u7684\u4f4d\u7f6e\u7cbe\u5ea6\u3002 C\u00e1c b\u1ed9 ph\u1eadn ch\u00ednh nh\u01b0 v\u00edt bi, ray d\u1eabn h\u01b0\u1edbng, v\u00f2ng bi c\u1ee7a m\u00e1y ch\u00ednh \u0111\u01b0\u1ee3c l\u00e0m b\u1eb1ng s\u1ea3n ph\u1ea9m ch\u1ea5t l\u01b0\u1ee3ng cao \u0111\u1ebfn t\u1eeb c\u00e1c th\u01b0\u01a1ng hi\u1ec7u h\u00e0ng \u0111\u1ea7u th\u1ebf gi\u1edbi nh\u1eb1m \u0111\u1ea3m b\u1ea3o \u0111\u1ed9 ch\u00ednh x\u00e1c v\u00e0 \u1ed5n \u0111\u1ecbnh l\u00e2u [&#8230;]\n","protected":false},"featured_media":1254,"comment_status":"open","ping_status":"closed","template":"","meta":[],"product_brand":[],"product_cat":[35],"product_tag":[],"class_list":{"0":"post-584","1":"product","2":"type-product","3":"status-publish","4":"has-post-thumbnail","6":"product_cat-ming-hong","8":"first","9":"instock","10":"shipping-taxable","11":"product-type-simple"},"_links":{"self":[{"href":"https:\/\/rongsen.com.vn\/vi\/wp-json\/wp\/v2\/product\/584","targetHints":{"allow":["GET"]}}],"collection":[{"href":"https:\/\/rongsen.com.vn\/vi\/wp-json\/wp\/v2\/product"}],"about":[{"href":"https:\/\/rongsen.com.vn\/vi\/wp-json\/wp\/v2\/types\/product"}],"replies":[{"embeddable":true,"href":"https:\/\/rongsen.com.vn\/vi\/wp-json\/wp\/v2\/comments?post=584"}],"wp:featuredmedia":[{"embeddable":true,"href":"https:\/\/rongsen.com.vn\/vi\/wp-json\/wp\/v2\/media\/1254"}],"wp:attachment":[{"href":"https:\/\/rongsen.com.vn\/vi\/wp-json\/wp\/v2\/media?parent=584"}],"wp:term":[{"taxonomy":"product_brand","embeddable":true,"href":"https:\/\/rongsen.com.vn\/vi\/wp-json\/wp\/v2\/product_brand?post=584"},{"taxonomy":"product_cat","embeddable":true,"href":"https:\/\/rongsen.com.vn\/vi\/wp-json\/wp\/v2\/product_cat?post=584"},{"taxonomy":"product_tag","embeddable":true,"href":"https:\/\/rongsen.com.vn\/vi\/wp-json\/wp\/v2\/product_tag?post=584"}],"curies":[{"name":"wp","href":"https:\/\/api.w.org\/{rel}","templated":true}]}}