{"id":582,"date":"2024-05-29T08:37:24","date_gmt":"2024-05-29T08:37:24","guid":{"rendered":"https:\/\/rongsen.com.vn\/?post_type=product&#038;p=582"},"modified":"2025-10-16T11:35:29","modified_gmt":"2025-10-16T04:35:29","slug":"may-xung-dien-2-dau","status":"publish","type":"product","link":"https:\/\/rongsen.com.vn\/vi\/product\/may-xung-dien-2-dau\/","title":{"rendered":"M\u00c1Y XUNG \u0110I\u1ec6N 2 \u0110\u1ea6U"},"content":{"rendered":"<p>M\u00c1Y XUNG \u0110I\u1ec6N 2 \u0110\u1ea6U ( M\u00c1Y \u0110\u1ea6U TR\u00c2U)<\/p>\n<p>CNC EDM MHN120\/140\/180<\/p>\n<p>\u673a\u5e8a\u91cd\u8981\u914d\u4ef6\/Important accessories of machine tool\/ Ph\u1ee5 ki\u1ec7n ch\u00ednh c\u1ee7a m\u00e1y<\/p>\n<p>\u65e5\u672cNSK\u8f74\u627fV\u00f2ng bi NSK Nh\u1eadt B\u1ea3n<\/p>\n<p>\u5fb7\u56fdR+W\u8054\u8f74\u5668Kh\u1edbp n\u1ed1i R+W c\u1ee7a \u0110\u1ee9c<\/p>\n<p>\u53f0\u6e7ePMI\u548cHIWIN\u4e1d\u6746 Thanh v\u00edt PMI v\u00e0 HIWIN \u0110\u00e0i Loan<\/p>\n<p>\u5fb7\u56fd\u529b\u58eb\u4e50\u5bfc\u8f68Ray d\u1eabn h\u01b0\u1edbng Rexroth c\u1ee7a \u0110\u1ee9c<\/p>\n<p>\u677e\u4e0b\u9a6c\u8fbe M\u00f4 t\u01a1 Panasonic<\/p>\n<p><strong>\u53cc\u5934<\/strong><strong>MHN<\/strong><strong>\u7cfb\u5217\u673a\u5e8a<\/strong><strong>\/Double head MHN series machine tools \/ M\u00e1y cnc d\u00f2ng MHN hai \u0111\u1ea7u<\/strong><\/p>\n<p>\u5e94\u7528\u4e8e\u4e2d\u5927\u578b\u6a21\u5177\u3001X\u3001Y\u3001Z\u6570\u63a7\u8f74\u91c7\u7528\u745e\u58ebSCheeberger(\u601d\u8010\u535a\u683c)\u5bbd\u578b\u7ebf\u6027\u5bfc\u8f68,\u53f0\u6e7e\u8fdb\u53e3\u4e0a\u94f6(HIWIN)\u6216\u94f6\u6cf0(PMI)\u7684\u7cbe\u5bc6\u4e1d\u6746\u3001\u65e5\u672cNSK\u8f74\u627f\u3001\u5fb7\u5236\u9ad8\u7cbe\u5bc6\u8054\u8f74\u5668\u3001\u5411\u6807\u51c6\u5173\u952e\u90e8\u4ef6\u4fdd\u8bc1\u4e86\u673a\u5e8a\u7684\u9ad8\u7cbe\u5bc6\u3002<\/p>\n<p>\u0110\u01b0\u1ee3c s\u1eed d\u1ee5ng trong c\u00e1c khu\u00f4n v\u1eeba v\u00e0 l\u1edbn, tr\u1ee5c cnc X, Y, Z s\u1eed d\u1ee5ng d\u1eabn h\u01b0\u1edbng tuy\u1ebfn t\u00ednh r\u1ed9ng SCheeberger c\u1ee7a Th\u1ee5y S\u0129, v\u00edt ch\u00ednh x\u00e1c \u0111\u01b0\u1ee3c nh\u1eadp kh\u1ea9u t\u1eeb HIWIN ho\u1eb7c PMI \u0110\u00e0i Loan, v\u00f2ng bi NSK c\u1ee7a Nh\u1eadt B\u1ea3n v\u00e0 kh\u1edbp n\u1ed1i c\u00f3 \u0111\u1ed9 ch\u00ednh x\u00e1c cao do \u0110\u1ee9c s\u1ea3n xu\u1ea5t, c\u00e1c b\u1ed9 ph\u1eadn ch\u00ednh ti\u00eau chu\u1ea9n \u0111\u1ea3m b\u1ea3o \u0111\u1ed9 ch\u00ednh x\u00e1c cao c\u1ee7a m\u00e1y cnc.<\/p>\n<p>\u9009\u7528\u65e5\u672c\u677e\u4e0b\u516c\u53f8(\u6216\u540c\u7ea7\u522b)\u7684\u6570\u5b57\u5f0f\u4ea4\u6eda\u4f3a\u670d\u9a71\u52a8\u7cfb\u7edf,\u5177\u6709\u9ad8\u52a8\u6001\u7cbe\u5ea6\u63a7\u5236 \u548c\u514d\u7ef4\u62a4\u6027\u80fd\u3002<\/p>\n<p>L\u1ef1a ch\u1ecdn h\u1ec7 th\u1ed1ng truy\u1ec1n \u0111\u1ed9ng servo cu\u1ed9n ch\u00e9o k\u1ef9 thu\u1eadt s\u1ed1 c\u1ee7a C\u00f4ng ty Panasonic c\u1ee7a Nh\u1eadt B\u1ea3n (ho\u1eb7c t\u01b0\u01a1ng \u0111\u01b0\u01a1ng) c\u00f3 kh\u1ea3 n\u0103ng \u0111i\u1ec1u khi\u1ec3n ch\u00ednh x\u00e1c chuy\u1ec3n \u0111\u1ed9ng t\u1ed1c \u0111\u1ed9 cao v\u00e0 t\u00ednh n\u0103ng kh\u00f4ng c\u1ea7n b\u1ea3o tr\u00ec.<\/p>\n<p>&nbsp;<\/p>\n<p><strong>\u53cc\u5934<\/strong><strong>MHN<\/strong><strong>\u6280\u672f\u53c2\u6570<\/strong><strong>\/Technical parameters of double M\u0397\u039d\/ Th\u00f4ng s\u1ed1 k\u1ef9 thu\u1eadt xung \u0111i\u1ec7n 2 \u0111\u1ea7u tr\u1ee5c .<\/strong><\/p>\n<p><strong>\u00a0<\/strong><\/p>\n<table width=\"744\">\n<tbody>\n<tr>\n<td width=\"276\">\u9879\u76ee<\/p>\n<p>H\u1ea1ng m\u1ee5c<\/td>\n<td width=\"66\">\u5355\u4f4d<\/p>\n<p>\u0110vt<\/td>\n<td width=\"132\">MHN1260 \u5355\/\u53cc<\/p>\n<p>MHN1260 \u0111\u01a1n\/ \u0111\u00f4i<\/td>\n<td width=\"143\">MHN1470 \u5355\/\u53cc<\/p>\n<p>MHN1470 \u0111\u01a1n\/\u0111\u00f4i<\/td>\n<td width=\"127\">MHN1880 \u5355\/\u53cc<\/p>\n<p>MHN1880 \u0111\u01a1n\/\u0111\u00f4i<\/td>\n<\/tr>\n<tr>\n<td width=\"276\">\u5de5\u4f5c\u53f0\u5c3a\u5bf8(\u957f\u00d7\u5bbd)<\/p>\n<p>K\u00edch th\u01b0\u1edbc b\u00e0n l\u00e0m vi\u1ec7c ( d\u00e0i * r\u1ed9ng)<\/td>\n<td width=\"66\">mm<\/td>\n<td width=\"132\">1250\u00d7800<\/td>\n<td width=\"143\">1500\u00d7900<\/td>\n<td width=\"127\">2000&#215;1000<\/td>\n<\/tr>\n<tr>\n<td width=\"276\">\u52a0\u5de5\u6db2\u69fd\u5185\u90e8\u5c3a\u5bf8(\u957f\u00d7\u5bbd\u00d7\u9ad8)<\/p>\n<p>K\u00edch th\u01b0\u1edbc b\u00ean trong c\u1ee7a th\u00f9ng ch\u1ee9a ch\u1ea5t l\u1ecfng gia c\u00f4ng (d\u00e0i \u00d7 r\u1ed9ng \u00d7 cao)<\/td>\n<td width=\"66\">mm<\/td>\n<td width=\"132\">2000\u00d71300\u00d7700<\/td>\n<td width=\"143\">2250\u00d71300\u00d7700<\/td>\n<td width=\"127\">3500\u00d71800\u00d7650<\/td>\n<\/tr>\n<tr>\n<td width=\"276\">X\u3001Y\u3001Z\u8f74\u884c\u7a0b (\u5355\u5934)<\/p>\n<p>H\u00e0nh tr\u00ecnh tr\u1ee5c X,Y,X ( m\u1ed9t \u0111\u1ea7u)<\/td>\n<td width=\"66\">mm<\/td>\n<td width=\"132\">1200*600*450<\/td>\n<td width=\"143\">1400*700*500<\/td>\n<td width=\"127\">1800*800*600<\/td>\n<\/tr>\n<tr>\n<td width=\"276\">X\u3001Y\u3001Z\u8f74\u884c\u7a0b \uff08\u53cc\u5934\uff09<\/p>\n<p>H\u00e0nh tr\u00ecnh tr\u1ee5c X,Y,X (hai \u0111\u1ea7u)<\/td>\n<td width=\"66\">mm<\/td>\n<td width=\"132\">600*600*450<\/td>\n<td width=\"143\">850*700*500<\/td>\n<td width=\"127\">1200*800*600<\/td>\n<\/tr>\n<tr>\n<td width=\"276\">\u6700\u5927\u7535\u6781\u91cd\u91cf<\/p>\n<p>Tr\u1ecdng l\u01b0\u1ee3ng \u0111i\u1ec7n c\u1ef1c t\u1ed1i \u0111a<\/td>\n<td width=\"66\">kg<\/td>\n<td width=\"132\"><strong>400<\/strong><\/td>\n<td width=\"143\"><strong>400<\/strong><\/td>\n<td width=\"127\"><strong>6500<\/strong><\/td>\n<\/tr>\n<tr>\n<td width=\"276\">\u6700\u5927\u5de5\u4ef6\u91cd\u91cf Tr\u1ecdng l\u01b0\u1ee3ng ph\u00f4i t\u1ed1i \u0111a<\/td>\n<td width=\"66\">kg<\/td>\n<td width=\"132\">3500<\/td>\n<td width=\"143\">5000<\/td>\n<td width=\"127\">3000<\/td>\n<\/tr>\n<tr>\n<td width=\"276\">\u5de5\u4f5c\u53f0\u9762\u5230\u7535\u6781\u677f\u7684\u6700\u5927\u6700\u5c0f\u8ddd\u79bbKho\u1ea3ng c\u00e1ch t\u1ed1i thi\u1ec3u t\u1ed1i \u0111a t\u1eeb m\u1eb7t b\u00e0n l\u00e0m vi\u1ec7c \u0111\u1ebfn t\u1ea5m \u0111i\u1ec7n c\u1ef1c<\/td>\n<td width=\"66\">mm<\/td>\n<td width=\"132\">650-1100<\/td>\n<td width=\"143\">690-1190<\/td>\n<td width=\"127\">630-1230<\/td>\n<\/tr>\n<tr>\n<td width=\"276\">\u5b9a\u4f4d\u7cbe\u5ea6(JB\u6807\u51c6) \u0110\u1ed9 ch\u00ednh x\u00e1c \u0111\u1ecbnh v\u1ecb ( ti\u00eau chu\u1ea9n JB)<\/td>\n<td colspan=\"4\" rowspan=\"2\" width=\"468\"><strong>GB\/T5291.1-2001<\/strong><\/td>\n<\/tr>\n<tr>\n<td width=\"276\">\u91cd\u590d\u5b9a\u4f4d\u7cbe\u5ea6(JB\u6807\u51c6) \u0110\u1ed9 ch\u00ednh x\u00e1c \u0111\u1ecbnh v\u1ecb l\u1eb7p l\u1ea1i ( ti\u00eau chu\u1ea9n JB)<\/td>\n<\/tr>\n<tr>\n<td width=\"276\">\u5916\u5f62\u578b\u5c3a\u5bf8(\u957f\u00d7\u5bbd\u00d7\u9ad8)<\/p>\n<p>K\u00edch th\u01b0\u1edbc ngo\u00e0i ( D\u00e0i * r\u1ed9ng * cao)<\/td>\n<td width=\"66\">mm<\/td>\n<td width=\"132\">3530*3400*3370<\/td>\n<td width=\"143\">3800*3650*3430<\/td>\n<td width=\"127\">3890*4400*3590<\/td>\n<\/tr>\n<tr>\n<td width=\"276\">\u673a\u5e8a\u91cd\u91cf(\u4e0d\u542b\u6570\u63a7\u7535\u6e90)<\/p>\n<p>Tr\u1ecdng l\u01b0\u1ee3ng m\u00e1y ( kh\u00f4ng bao g\u1ed3m ngu\u1ed3n\u00a0 cnc)<\/td>\n<td width=\"66\">kg<\/td>\n<td width=\"132\">\u53555500\/\u53cc7000<\/p>\n<p>\u0110\u01a1n 5500\/ \u0111\u00f4i 7000<\/td>\n<td width=\"143\">\u53558000\/\u53cc8700<\/p>\n<p>\u0110\u01a1n 8000\/ \u0111\u00f4i 8700<\/td>\n<td width=\"127\">\u535513000\/\u53cc15000<\/p>\n<p>\u0110\u01a1n 13000\/ \u0111\u00f4i 15000<\/td>\n<\/tr>\n<tr>\n<td width=\"276\">\u52a0\u5de5\u6db2\u8fc7\u6ee4\u65b9\u5f0f<\/p>\n<p>Ph\u01b0\u01a1ng th\u1ee9c l\u1ecdc dung d\u1ecbch gia c\u00f4ng<\/td>\n<td colspan=\"4\" width=\"468\">\u4ea4\u6362\u5f0f\u7eb8\u82af\u8fc7\u6ee4\u5668<\/p>\n<p>B\u1ed9 l\u1ecdc l\u00f5i gi\u1ea5y c\u00f3 th\u1ec3 thay m\u1edbi<\/td>\n<\/tr>\n<tr>\n<td width=\"276\">\u6570\u63a7\u8109\u51b2\u7535\u6e90\u4f4d\u7f6e<\/p>\n<p>V\u1ecb tr\u00ed ngu\u1ed3n xung cnc<\/td>\n<td width=\"66\"><strong>\u00a0<\/strong><\/td>\n<td width=\"132\">A50<\/td>\n<td width=\"143\">A50<\/td>\n<td width=\"127\">A50<\/td>\n<\/tr>\n<tr>\n<td width=\"276\">\u6700\u5927\u52a0\u5de5\u7535\u6d41<\/p>\n<p>D\u00f2ng \u0111i\u1ec7n gia c\u00f4ng t\u1ed1i \u0111a<\/td>\n<td width=\"66\">A<\/td>\n<td width=\"132\">50<\/td>\n<td width=\"143\">50<\/td>\n<td width=\"127\">50<\/td>\n<\/tr>\n<tr>\n<td width=\"276\">\u603b\u8f93\u5165\u529f\u7387<\/p>\n<p>T\u1ed5ng c\u00f4ng su\u1ea5t \u0111\u1ea7u v\u00e0o<\/td>\n<td width=\"66\">kva<\/td>\n<td width=\"132\">9<\/td>\n<td width=\"143\">9<\/td>\n<td width=\"127\">9<\/td>\n<\/tr>\n<tr>\n<td width=\"276\">\u8f93\u5165\u7535\u6e90Ngu\u1ed3n \u0111i\u1ec7n v\u00e0o<\/td>\n<td width=\"66\">raum<\/td>\n<td colspan=\"3\" width=\"402\">380V(\u56fd\u5185-china)\u00a0\u00a0\u00a0\u00a0 380V( Trung Qu\u1ed1c)<\/td>\n<\/tr>\n<tr>\n<td width=\"276\">\u6700\u4f73\u8868\u9762\u7c97\u7cd9\u5ea6<\/p>\n<p>\u0110\u1ed9 nh\u00e1m b\u1ec1 m\u1eb7t t\u1ed1t nh\u1ea5t<\/td>\n<td width=\"66\">mm\/min<\/td>\n<td colspan=\"3\" width=\"402\">\u5c0f\u4e8era0.1\u00b5m<\/p>\n<p>Nh\u1ecf h\u01a1n ra0.1\u00b5m<\/td>\n<\/tr>\n<tr>\n<td width=\"276\">\u6700\u5c0f\u7535\u6781\u635f\u8017<\/p>\n<p>Ti\u00eau hao \u0111i\u1ec7n c\u1ef1c t\u1ed1i thi\u1ec3u<\/td>\n<td colspan=\"4\" width=\"468\">0.1%<\/td>\n<\/tr>\n<tr>\n<td width=\"276\">\u6700\u9ad8\u751f\u4ea7\u7387<\/p>\n<p>N\u0103ng su\u1ea5t cao nh\u1ea5t<\/td>\n<td colspan=\"4\" width=\"468\">\u94dc\u6253\u94a2500mm\u00b3\/min \u77f3\u58a8\u6253\u94a21030mm\u00b3\/min<\/p>\n<p>\u0110\u1ed3ng \u0111\u00e1nh th\u00e9p: 500 mm\u00b3\/ph\u00fat, than ch\u00ec \u0111\u00e1nh th\u00e9p 1030mm\u00b3\/ph\u00fat<\/td>\n<\/tr>\n<tr>\n<td width=\"276\">\u6807\u51c6\u5de5\u827a<\/p>\n<p>C\u00f4ng ngh\u1ec7 ti\u00eau chu\u1ea9n<\/td>\n<td colspan=\"4\" width=\"468\">\u94dc\/\u94a2\u3001\u5fae\u7ec6\u94dc\/\u94a2\u3001\u77f3\u58a8\/\u94a2\u3001\u94dc\u7f16\/\u94a2\u3001\u5fae\u7ec6\u94dc\u9505\/\u94a2\u3001\u94dc\/\u94a2\u3001\u94dc\u94a8\u786c\u8d28\u5408\u91d1\u3001\u94dc\/\u94dd\u3001\u77f3\u58a8\/\u8010\u70ed\u5408\u91d1\u3001\u77f3\u58a8\/\u949b\u3001\u94dc\/\u94a2<\/p>\n<p>\u0110\u1ed3ng\/ th\u00e9p, \u0111\u1ed3ng nh\u1ecf\/ th\u00e9p, than ch\u00ec\/ th\u00e9p, \u0111\u1ed3ng b\u1ec7n\/th\u00e9p, n\u1ed3i \u0111\u1ed3ng nh\u1ecf\/th\u00e9p, \u0111\u1ed3ng\/th\u00e9p, h\u1ee3p kim vonfram \u0111\u1ed3ng c\u1ee9ng, \u0111\u1ed3ng\/nh\u00f4m, than ch\u00ec\/ h\u1ee3p kim ch\u1ecbu nhi\u1ec7t, than ch\u00ec\/titan, \u0111\u1ed3ng\/th\u00e9p.<\/td>\n<\/tr>\n<tr>\n<td width=\"276\">\u63d2\u8865\u65b9\u5f0f<\/p>\n<p>Ph\u01b0\u01a1ng th\u1ee9c ch\u00e8n b\u00f9<\/td>\n<td colspan=\"4\" width=\"468\">\u76f4\u7ebf,\u5706\u5f27,\u87ba\u65cb\u7ebf<\/p>\n<p>\u0110\u01b0\u1eddng th\u1eb3ng, v\u00f2ng cung, \u00a0\u0111\u01b0\u1eddng xo\u1eafn \u1ed1c<\/td>\n<\/tr>\n<tr>\n<td width=\"276\">\u5404\u8f74\u8865\u507f<\/p>\n<p>B\u00f9 m\u1ed7i tr\u1ee5c<\/td>\n<td colspan=\"4\" width=\"468\">\u5404\u8f74\u5206\u522b\u8fdb\u884c\u6b65\u8ddd\u8bef\u5dee\u8865\u507f\u3001\u95f4\u9699\u8865\u507f<\/p>\n<p>M\u1ed7i tr\u1ee5c l\u1ea7n l\u01b0\u1ee3t b\u00f9 l\u1ed7i kho\u1ea3ng c\u00e1ch b\u01b0\u1edbc, b\u00f9 ch\u1ed7 h\u1edf<\/td>\n<\/tr>\n<tr>\n<td width=\"276\">\u6700\u5927\u63a7\u5236\u8f74\u6570<\/p>\n<p>S\u1ed1 tr\u1ee5c ki\u1ec3m so\u00e1t t\u1ed1i \u0111a<\/td>\n<td colspan=\"4\" width=\"468\">\u4e09\u8f74\u4e09\u8054\u52a8(\u6807\u914d)\u56db\u8f74\u56db\u8054\u52a8(\u9009\u914d)<\/p>\n<p>Li\u00ean k\u1ebft ba tr\u1ee5c (ti\u00eau chu\u1ea9n)<\/p>\n<p>Li\u00ean k\u1ebft b\u1ed1n tr\u1ee5c (t\u00f9y ch\u1ecdn)<\/td>\n<\/tr>\n<tr>\n<td width=\"276\">\u5404\u8f74\u5206\u8fa8\u7387<\/p>\n<p>\u0110\u1ed9 ph\u00e2n gi\u1ea3i m\u1ed7i tr\u1ee5c<\/td>\n<td width=\"66\">\u03bcm<\/td>\n<td colspan=\"3\" width=\"402\">0.4<\/td>\n<\/tr>\n<tr>\n<td width=\"276\">\u6700\u5c0f\u9a71\u52a8\u5355\u4f4d<\/p>\n<p>\u0110\u01a1n v\u1ecb truy\u1ec1n \u0111\u1ed9ng t\u1ed1i thi\u1ec3u<\/td>\n<td width=\"66\">\u03bcm<\/td>\n<td colspan=\"3\" width=\"402\">0.1<\/td>\n<\/tr>\n<tr>\n<td width=\"276\">\u8f93\u5165\u65b9\u5f0fPh\u01b0\u01a1ng th\u1ee9c nh\u1eadp<\/td>\n<td colspan=\"4\" width=\"468\">\u89e6\u6478\u5c4f\u3001U\u76d8\u3001RS-232 M\u00e0n h\u00ecnh c\u1ea3m \u1ee9ng, USB, RS-232<\/td>\n<\/tr>\n<tr>\n<td width=\"276\">\u663e\u793a\u65b9\u5f0f<\/p>\n<p>Ph\u01b0\u01a1ng th\u1ee9c hi\u1ec3n th\u1ecb<\/td>\n<td width=\"66\"><strong>\u00a0<\/strong><\/td>\n<td colspan=\"3\" width=\"402\">15\u6db2\u6676\u5c4f(TFT-LCD) M\u00e0n h\u00ecnh tinh th\u1ec3 l\u1ecfng 15 inch (TFT-LCD)<\/td>\n<\/tr>\n<tr>\n<td width=\"276\">\u624b\u63a7\u76d2H\u1ed9p \u0111i\u1ec1u khi\u1ec3n b\u1eb1ng tay<\/td>\n<td width=\"66\"><strong>\u00a0<\/strong><\/td>\n<td colspan=\"3\" width=\"402\">\u6807\u51c6\u70b9\u52a8(\u591a\u7ea7\u5207\u6362)<\/p>\n<p>Chuy\u1ec3n \u0111\u1ed9ng ti\u00eau chu\u1ea9n ( chuy\u1ec3n \u0111\u1ed5i nhi\u1ec1u c\u1ea5p)<\/td>\n<\/tr>\n<tr>\n<td width=\"276\">\u4f4d\u7f6e\u6307\u4ee4\u65b9\u5f0f<\/p>\n<p>Ph\u01b0\u01a1ng th\u1ee9c ch\u1ec9 l\u1ec7nh v\u1ecb tr\u00ed<\/td>\n<td width=\"66\"><strong>\u00a0<\/strong><\/td>\n<td colspan=\"3\" width=\"402\">\u7edd\u5bf9\u589e\u91cf\u517c\u7528Tuy\u1ec7t \u0111\u1ed1i\u00a0 k\u1ebft h\u1ee3p t\u0103ng d\u1ea7n<\/td>\n<\/tr>\n<\/tbody>\n<\/table>\n<p>&nbsp;<\/p>\n<p>&nbsp;<\/p>\n<p>&nbsp;<\/p>\n","protected":false},"excerpt":{"rendered":"<p>M\u00c1Y XUNG \u0110I\u1ec6N 2 \u0110\u1ea6U ( M\u00c1Y \u0110\u1ea6U TR\u00c2U) CNC EDM MHN120\/140\/180 \u673a\u5e8a\u91cd\u8981\u914d\u4ef6\/Important accessories of machine tool\/ Ph\u1ee5 ki\u1ec7n ch\u00ednh c\u1ee7a m\u00e1y \u65e5\u672cNSK\u8f74\u627fV\u00f2ng bi NSK Nh\u1eadt B\u1ea3n \u5fb7\u56fdR+W\u8054\u8f74\u5668Kh\u1edbp n\u1ed1i R+W c\u1ee7a \u0110\u1ee9c \u53f0\u6e7ePMI\u548cHIWIN\u4e1d\u6746 Thanh v\u00edt PMI v\u00e0 HIWIN \u0110\u00e0i Loan \u5fb7\u56fd\u529b\u58eb\u4e50\u5bfc\u8f68Ray d\u1eabn h\u01b0\u1edbng Rexroth c\u1ee7a \u0110\u1ee9c \u677e\u4e0b\u9a6c\u8fbe M\u00f4 t\u01a1 Panasonic \u53cc\u5934MHN\u7cfb\u5217\u673a\u5e8a\/Double head MHN series machine [&#8230;]\n","protected":false},"featured_media":583,"comment_status":"open","ping_status":"closed","template":"","meta":[],"product_brand":[],"product_cat":[35],"product_tag":[],"class_list":{"0":"post-582","1":"product","2":"type-product","3":"status-publish","4":"has-post-thumbnail","6":"product_cat-ming-hong","8":"first","9":"instock","10":"shipping-taxable","11":"product-type-simple"},"_links":{"self":[{"href":"https:\/\/rongsen.com.vn\/vi\/wp-json\/wp\/v2\/product\/582","targetHints":{"allow":["GET"]}}],"collection":[{"href":"https:\/\/rongsen.com.vn\/vi\/wp-json\/wp\/v2\/product"}],"about":[{"href":"https:\/\/rongsen.com.vn\/vi\/wp-json\/wp\/v2\/types\/product"}],"replies":[{"embeddable":true,"href":"https:\/\/rongsen.com.vn\/vi\/wp-json\/wp\/v2\/comments?post=582"}],"wp:featuredmedia":[{"embeddable":true,"href":"https:\/\/rongsen.com.vn\/vi\/wp-json\/wp\/v2\/media\/583"}],"wp:attachment":[{"href":"https:\/\/rongsen.com.vn\/vi\/wp-json\/wp\/v2\/media?parent=582"}],"wp:term":[{"taxonomy":"product_brand","embeddable":true,"href":"https:\/\/rongsen.com.vn\/vi\/wp-json\/wp\/v2\/product_brand?post=582"},{"taxonomy":"product_cat","embeddable":true,"href":"https:\/\/rongsen.com.vn\/vi\/wp-json\/wp\/v2\/product_cat?post=582"},{"taxonomy":"product_tag","embeddable":true,"href":"https:\/\/rongsen.com.vn\/vi\/wp-json\/wp\/v2\/product_tag?post=582"}],"curies":[{"name":"wp","href":"https:\/\/api.w.org\/{rel}","templated":true}]}}