{"id":580,"date":"2024-05-29T08:36:24","date_gmt":"2024-05-29T08:36:24","guid":{"rendered":"https:\/\/rongsen.com.vn\/?post_type=product&#038;p=580"},"modified":"2026-04-13T08:19:06","modified_gmt":"2026-04-13T01:19:06","slug":"may-xung-co-dong-znc-450540-650","status":"publish","type":"product","link":"https:\/\/rongsen.com.vn\/vi\/product\/may-xung-co-dong-znc-450540-650\/","title":{"rendered":"M\u00e1y xung c\u01a1  d\u00f2ng ZNC 450,540.650"},"content":{"rendered":"<p>M\u00e1y xung c\u01a1\u00a0 d\u00f2ng ZNC 450,540.650<\/p>\n<p><strong>\u6280\u672f\u53c2\u6570<\/strong><strong>\/technical parameter<\/strong><strong>\/ Th\u00f4ng s\u1ed1 k\u1ef9 thu\u1eadt<\/strong><\/p>\n<table width=\"732\">\n<tbody>\n<tr>\n<td width=\"270\"><strong>\u9879<\/strong><strong>\u76ee<\/strong><\/p>\n<p><strong>H\u1ea1ng<\/strong><strong> m\u1ee5c<\/strong><\/td>\n<td width=\"75\"><strong>\u5355<\/strong><strong>\u4f4d<\/strong><\/p>\n<p><strong>\u0110vt<\/strong><\/td>\n<td width=\"129\"><strong>ZNC450<\/strong><\/td>\n<td width=\"129\"><strong>ZNC540<\/strong><\/td>\n<td width=\"129\"><strong>ZNC650<\/strong><\/td>\n<\/tr>\n<tr>\n<td width=\"270\">X\u8f74\u884c\u7a0b H\u00e0nh tr\u00ecnh tr\u1ee5c X<\/td>\n<td width=\"75\">mm<\/td>\n<td width=\"129\">450<\/td>\n<td width=\"129\">500<\/td>\n<td width=\"129\">600<\/td>\n<\/tr>\n<tr>\n<td width=\"270\">Y\u8f74\u884c\u7a0b H\u00e0nh tr\u00ecnh tr\u1ee5c Y<\/td>\n<td width=\"75\">mm<\/td>\n<td width=\"129\">350<\/td>\n<td width=\"129\">400<\/td>\n<td width=\"129\">500<\/td>\n<\/tr>\n<tr>\n<td width=\"270\">Z\u8f74\u884c\u7a0b H\u00e0nh tr\u00ecnh tr\u1ee5c Z<\/td>\n<td width=\"75\">mm<\/td>\n<td width=\"129\">200<\/td>\n<td width=\"129\">200<\/td>\n<td width=\"129\">250<\/td>\n<\/tr>\n<tr>\n<td width=\"270\">\u673a\u5934\u884c\u7a0bH\u00e0nh tr\u00ecnh \u0111\u1ea7u m\u00e1y<\/td>\n<td width=\"75\">mm<\/td>\n<td width=\"129\">280<\/td>\n<td width=\"129\">380<\/td>\n<td width=\"129\">400<\/td>\n<\/tr>\n<tr>\n<td width=\"270\">\u7535\u6781\u5934\u81f3\u5de5\u4f5c\u53f0\u9762\u8ddd\u79bb<\/p>\n<p>Kho\u1ea3ng c\u00e1ch t\u1eeb \u0111\u1ea7u \u0111i\u1ec7n c\u1ef1c \u0111\u1ebfn m\u1eb7t b\u00e0n l\u00e0m vi\u1ec7c<\/td>\n<td width=\"75\">mm<\/td>\n<td width=\"129\">480<\/td>\n<td width=\"129\">580<\/td>\n<td width=\"129\">850<\/td>\n<\/tr>\n<tr>\n<td width=\"270\">\u5de5\u4f5c\u6cb9\u69fd\u5c3a\u5bf8<\/p>\n<p>K\u00edch th\u01b0\u1edbc th\u00f9ng d\u1ea7u l\u00e0m vi\u1ec7c<\/td>\n<td width=\"75\">mm<\/td>\n<td width=\"129\">1130\u00d7710\u00d7450<\/td>\n<td width=\"129\">1300\u00d7720\u00d7475<\/td>\n<td width=\"129\">1650\u00d71100\u00d7630<\/td>\n<\/tr>\n<tr>\n<td width=\"270\">\u5de5\u4f5c\u53f0\u89c4\u683c<\/p>\n<p>Quy c\u00e1ch b\u00e0n l\u00e0m vi\u1ec7c<\/td>\n<td width=\"75\">mm<\/td>\n<td width=\"129\">750\u00d7420<\/td>\n<td width=\"129\">850\u00d7450<\/td>\n<td width=\"129\">1050*600<\/td>\n<\/tr>\n<tr>\n<td width=\"270\">\u6700\u5927\u7535\u6781\u91cd\u91cf<\/p>\n<p>Tr\u1ecdng l\u01b0\u1ee3ng \u0111i\u1ec7n c\u1ef1c t\u1ed1i \u0111a<\/td>\n<td width=\"75\">kg<\/td>\n<td width=\"129\">120<\/td>\n<td width=\"129\">150<\/td>\n<td width=\"129\">200<\/td>\n<\/tr>\n<tr>\n<td width=\"270\">\u6700\u5927\u5de5\u4f5c\u91cd\u91cf<\/p>\n<p>Tr\u1ecdng l\u01b0\u1ee3ng l\u00e0m vi\u1ec7c t\u1ed1i \u0111a<\/td>\n<td width=\"75\">kg<\/td>\n<td width=\"129\">1100<\/td>\n<td width=\"129\">1500<\/td>\n<td width=\"129\">2000<\/td>\n<\/tr>\n<tr>\n<td width=\"270\">\u673a\u68b0\u91cd\u91cf<\/p>\n<p>Tr\u1ecdng l\u01b0\u1ee3ng m\u00e1y<\/td>\n<td width=\"75\">kg<\/td>\n<td width=\"129\">1600<\/td>\n<td width=\"129\">1740<\/td>\n<td width=\"129\">2950<\/td>\n<\/tr>\n<tr>\n<td width=\"270\">\u5916\u89c2\u5c3a\u5bf8<\/p>\n<p>K\u00edch th\u01b0\u1edbc m\u00e1y<\/td>\n<td width=\"75\">mm<\/td>\n<td width=\"129\">1500\u00d71520\u00d72250<\/td>\n<td width=\"129\">1750\u00d71700\u00d72350<\/td>\n<td width=\"129\">2000\u00d71710\u00d72460<\/td>\n<\/tr>\n<tr>\n<td width=\"270\">\u8fc7\u6ee4\u7bb1\u5bb9\u79ef Dung t\u00edch th\u00f9ng l\u1ecdc<\/td>\n<td width=\"75\">liter<\/td>\n<td width=\"129\">400<\/td>\n<td width=\"129\">460<\/td>\n<td width=\"129\">980<\/td>\n<\/tr>\n<tr>\n<td width=\"270\">\u8fc7\u6ee4\u7bb1\u51c0\u91cd<\/p>\n<p>Tr\u1ecdng l\u01b0\u01a1ng t\u1ecbnh c\u1ee7a th\u00f9ng l\u1ecdc (kg)<\/td>\n<td width=\"75\">kg<\/td>\n<td width=\"129\">150<\/td>\n<td width=\"129\">180<\/td>\n<td width=\"129\">300<\/td>\n<\/tr>\n<\/tbody>\n<\/table>\n<p>&nbsp;<\/p>\n","protected":false},"excerpt":{"rendered":"<p>M\u00e1y xung c\u01a1\u00a0 d\u00f2ng ZNC 450,540.650 \u6280\u672f\u53c2\u6570\/technical parameter\/ Th\u00f4ng s\u1ed1 k\u1ef9 thu\u1eadt \u9879\u76ee H\u1ea1ng m\u1ee5c \u5355\u4f4d \u0110vt ZNC450 ZNC540 ZNC650 X\u8f74\u884c\u7a0b H\u00e0nh tr\u00ecnh tr\u1ee5c X mm 450 500 600 Y\u8f74\u884c\u7a0b H\u00e0nh tr\u00ecnh tr\u1ee5c Y mm 350 400 500 Z\u8f74\u884c\u7a0b H\u00e0nh tr\u00ecnh tr\u1ee5c Z mm 200 200 250 \u673a\u5934\u884c\u7a0bH\u00e0nh tr\u00ecnh \u0111\u1ea7u m\u00e1y mm 280 380 400 [&#8230;]\n","protected":false},"featured_media":1249,"comment_status":"open","ping_status":"closed","template":"","meta":[],"product_brand":[],"product_cat":[35],"product_tag":[],"class_list":{"0":"post-580","1":"product","2":"type-product","3":"status-publish","4":"has-post-thumbnail","6":"product_cat-ming-hong","8":"first","9":"instock","10":"shipping-taxable","11":"product-type-simple"},"_links":{"self":[{"href":"https:\/\/rongsen.com.vn\/vi\/wp-json\/wp\/v2\/product\/580","targetHints":{"allow":["GET"]}}],"collection":[{"href":"https:\/\/rongsen.com.vn\/vi\/wp-json\/wp\/v2\/product"}],"about":[{"href":"https:\/\/rongsen.com.vn\/vi\/wp-json\/wp\/v2\/types\/product"}],"replies":[{"embeddable":true,"href":"https:\/\/rongsen.com.vn\/vi\/wp-json\/wp\/v2\/comments?post=580"}],"wp:featuredmedia":[{"embeddable":true,"href":"https:\/\/rongsen.com.vn\/vi\/wp-json\/wp\/v2\/media\/1249"}],"wp:attachment":[{"href":"https:\/\/rongsen.com.vn\/vi\/wp-json\/wp\/v2\/media?parent=580"}],"wp:term":[{"taxonomy":"product_brand","embeddable":true,"href":"https:\/\/rongsen.com.vn\/vi\/wp-json\/wp\/v2\/product_brand?post=580"},{"taxonomy":"product_cat","embeddable":true,"href":"https:\/\/rongsen.com.vn\/vi\/wp-json\/wp\/v2\/product_cat?post=580"},{"taxonomy":"product_tag","embeddable":true,"href":"https:\/\/rongsen.com.vn\/vi\/wp-json\/wp\/v2\/product_tag?post=580"}],"curies":[{"name":"wp","href":"https:\/\/api.w.org\/{rel}","templated":true}]}}