{"id":549,"date":"2024-05-28T16:33:42","date_gmt":"2024-05-28T16:33:42","guid":{"rendered":"https:\/\/rongsen.com.vn\/?post_type=product&#038;p=549"},"modified":"2025-11-01T21:04:14","modified_gmt":"2025-11-01T14:04:14","slug":"may-phay-cnc-dl-1010","status":"publish","type":"product","link":"https:\/\/rongsen.com.vn\/vi\/product\/may-phay-cnc-dl-1010\/","title":{"rendered":"M\u00c1Y PHAY CNC DL-1010"},"content":{"rendered":"<p><strong>DL-1010<\/strong><strong>\u6570\u63a7\u96d5\u94e3<\/strong><strong>\u673a &#8211;<\/strong><strong>\u00a0M\u00e1y<\/strong><strong> phay cnc <\/strong><strong>DL-1010<\/strong><\/p>\n<ol>\n<li><strong>\u7cfb\u5217\u4ecb<\/strong><strong>\u7ecd<\/strong> <strong>Gi\u1edbi<\/strong><strong> thi\u1ec7u s\u1ea3n ph\u1ea9m<\/strong><\/li>\n<\/ol>\n<p>1\u3001\u53f0\u6e7e\u5b9d\u5143\u9ad8\u901f\u6570\u63a7\u7cfb\u7edf(\u6c34\u6676\u9762\u677f)\u3002<\/p>\n<p>H\u1ec7 th\u1ed1ng CNC t\u1ed1c \u0111\u1ed9 cao Baoyuan \u0110\u00e0i Loan (b\u1ea3ng \u0111i\u1ec1u khi\u1ec3n pha l\u00ea).<\/p>\n<p>2\u3001\u65e5\u672c\u5b89\u5ddd\u4ea4\u6d41\u4f3a\u670d\u7535\u673a\u3002<\/p>\n<p>\u0110\u1ed9ng c\u01a1 servo Yaskawa AC c\u1ee7a Nh\u1eadt B\u1ea3n.<\/p>\n<p>3\u3001\u53f0\u6e7e\u4e0a\u94f6\u9ad8\u7cbe\u5bc6\u5ea6\u76f4\u7ebf\u5bfc\u8f68\u6eda\u73e0\u4e1d\u6746\u3002<\/p>\n<p>V\u00edt bi d\u1eabn h\u01b0\u1edbng tuy\u1ebfn t\u00ednh c\u00f3 \u0111\u1ed9 ch\u00ednh x\u00e1c cao Hiwin \u0110\u00e0i Loan<\/p>\n<p>4\u3001\u53ef\u9009\u914d\u7b2c\u56db\u8f74,\u5200\u5e93,\u4e09\u83f1\u7cfb\u7edf\u3002<\/p>\n<p>T\u00f9y ch\u1ecdn tr\u1ee5c th\u1ee9 t\u01b0,\u1ed5 ch\u1ee9a dao, h\u1ec7 th\u1ed1ng Mitsubishi.<\/p>\n<p>&nbsp;<\/p>\n<p><strong>2 <\/strong><strong>.<\/strong><strong>\u6280\u672f\u53c2<\/strong><strong>\u6570<\/strong> <strong>Th\u00f4ng<\/strong><strong> s\u1ed1 k\u1ef9 thu\u1eadt<\/strong><\/p>\n<table width=\"619\">\n<tbody>\n<tr>\n<td width=\"104\">\u5e8f\u53f7 STT<\/td>\n<td width=\"339\">\u6027\u80fd\u6307\u6807 Ch\u1ec9 ti\u00eau t\u00ednh n\u0103ng<\/td>\n<td width=\"176\">\u6807\u51c6\u53c2\u6570 Th\u00f4ng s\u1ed1 ti\u00eau chu\u1ea9n<\/td>\n<\/tr>\n<tr>\n<td width=\"104\">1<\/td>\n<td width=\"339\">xyz\u5b9a\u4f4d\u7cbe\u5ea6\u0110\u1ed9 ch\u00ednh x\u00e1c \u0111\u1ecbnh v\u1ecb xyz<\/td>\n<td width=\"176\">\u00b10.005mm<\/td>\n<\/tr>\n<tr>\n<td width=\"104\">2<\/td>\n<td width=\"339\">xyz\u91cd\u590d\u5b9a\u4f4d\u7cbe\u5ea6\u0110\u1ed9 ch\u00ednh x\u00e1c \u0111\u1ecbnh v\u1ecb l\u1eb7p l\u1ea1i xyz<\/td>\n<td width=\"176\">\u00b10.005mm\/300mm<\/td>\n<\/tr>\n<tr>\n<td width=\"104\">3<\/td>\n<td width=\"339\">xyz\u5de5\u4f5c\u884c\u7a0b H\u00e0nh tr\u00ecnh l\u00e0m vi\u1ec7c tr\u1ee5c xyz<\/td>\n<td width=\"176\">1000*1000*360mm<\/td>\n<\/tr>\n<tr>\n<td width=\"104\">4<\/td>\n<td width=\"339\">\u5de5\u4f5c\u53f0\u5c3a\u5bf8K\u00edch th\u01b0\u1edbc b\u00e0n thao t\u00e1c<\/td>\n<td width=\"176\">1000*1000mm<\/td>\n<\/tr>\n<tr>\n<td width=\"104\">5<\/td>\n<td width=\"339\">Z\u8f74\u7a7a\u95f4\u6700\u9ad8Kh\u00f4ng gian tr\u1ee5c Z cao nh\u1ea5t<\/td>\n<td width=\"176\">460mm<\/td>\n<\/tr>\n<tr>\n<td width=\"104\">6<\/td>\n<td width=\"339\">\u6700\u5927\u5de5\u4f5c\u8d1f\u91cd T\u1ea3i tr\u1ecdng l\u00e0m vi\u1ec7c t\u1ed1i \u0111a<\/td>\n<td width=\"176\">800kg<\/td>\n<\/tr>\n<tr>\n<td width=\"104\">7<\/td>\n<td width=\"339\">\u4e3b\u8f74\u6700\u5927\u529f\u7387C\u00f4ng su\u1ea5t t\u1ed1i \u0111a c\u1ee7a tr\u1ee5c ch\u00ednh<\/td>\n<td width=\"176\">8kw<\/td>\n<\/tr>\n<tr>\n<td width=\"104\">8<\/td>\n<td width=\"339\">\u4e3b\u8f74\u6700\u9ad8\u8f6c\u901fT\u1ed1c \u0111\u1ed9 t\u1ed1i \u0111a c\u1ee7a tr\u1ee5c ch\u00ednh<\/td>\n<td width=\"176\">18000rpm<\/td>\n<\/tr>\n<tr>\n<td width=\"104\">9<\/td>\n<td width=\"339\">\u8fd0\u884c\u548c\u96d5\u523b\u6700\u5927\u901f\u5ea6 T\u1ed1c \u0111\u1ed9 v\u1eadn h\u00e0nh v\u00e0 kh\u1eafc t\u1ed1i \u0111a<\/td>\n<td width=\"176\">15000mm\/min<\/td>\n<\/tr>\n<tr>\n<td width=\"104\">10<\/td>\n<td width=\"339\">\u5200\u5177\u5939\u5934\u0110\u1ea7u k\u1eb9p dao<\/td>\n<td width=\"176\">Er32 (03.17-\u03a620)<\/td>\n<\/tr>\n<tr>\n<td width=\"104\">11<\/td>\n<td width=\"339\">\u6700\u5927\u529f\u8017\u0110i\u1ec7n n\u0103ng ti\u00eau th\u1ee5 t\u1ed1i \u0111a<\/td>\n<td width=\"176\">13kw<\/td>\n<\/tr>\n<tr>\n<td width=\"104\">12<\/td>\n<td width=\"339\">\u673a\u5e8a\u91cd\u91cfTr\u1ecdng l\u01b0\u1ee3ng m\u00e1y<\/td>\n<td width=\"176\">4600kg<\/td>\n<\/tr>\n<tr>\n<td width=\"104\">13<\/td>\n<td width=\"339\">\u5de5\u4f5c\u7535\u538b\u0110i\u1ec7n \u00e1p v\u1eadn h\u00e0nh<\/td>\n<td width=\"176\">380v<\/td>\n<\/tr>\n<tr>\n<td width=\"104\">14<\/td>\n<td width=\"339\">\u5916\u578b\u5c3a\u5bf8 K\u00edch th\u01b0\u1edbc ngo\u00e0i<\/td>\n<td width=\"176\">2050*2800*2600<\/td>\n<\/tr>\n<\/tbody>\n<\/table>\n","protected":false},"excerpt":{"rendered":"<p>DL-1010\u6570\u63a7\u96d5\u94e3\u673a &#8211;\u00a0M\u00e1y phay cnc DL-1010 \u7cfb\u5217\u4ecb\u7ecd Gi\u1edbi thi\u1ec7u s\u1ea3n ph\u1ea9m 1\u3001\u53f0\u6e7e\u5b9d\u5143\u9ad8\u901f\u6570\u63a7\u7cfb\u7edf(\u6c34\u6676\u9762\u677f)\u3002 H\u1ec7 th\u1ed1ng CNC t\u1ed1c \u0111\u1ed9 cao Baoyuan \u0110\u00e0i Loan (b\u1ea3ng \u0111i\u1ec1u khi\u1ec3n pha l\u00ea). 2\u3001\u65e5\u672c\u5b89\u5ddd\u4ea4\u6d41\u4f3a\u670d\u7535\u673a\u3002 \u0110\u1ed9ng c\u01a1 servo Yaskawa AC c\u1ee7a Nh\u1eadt B\u1ea3n. 3\u3001\u53f0\u6e7e\u4e0a\u94f6\u9ad8\u7cbe\u5bc6\u5ea6\u76f4\u7ebf\u5bfc\u8f68\u6eda\u73e0\u4e1d\u6746\u3002 V\u00edt bi d\u1eabn h\u01b0\u1edbng tuy\u1ebfn t\u00ednh c\u00f3 \u0111\u1ed9 ch\u00ednh x\u00e1c cao Hiwin \u0110\u00e0i Loan 4\u3001\u53ef\u9009\u914d\u7b2c\u56db\u8f74,\u5200\u5e93,\u4e09\u83f1\u7cfb\u7edf\u3002 T\u00f9y ch\u1ecdn tr\u1ee5c th\u1ee9 t\u01b0,\u1ed5 [&#8230;]\n","protected":false},"featured_media":550,"comment_status":"open","ping_status":"closed","template":"","meta":[],"product_brand":[],"product_cat":[45],"product_tag":[],"class_list":{"0":"post-549","1":"product","2":"type-product","3":"status-publish","4":"has-post-thumbnail","6":"product_cat-ding-ling","8":"first","9":"instock","10":"shipping-taxable","11":"product-type-simple"},"_links":{"self":[{"href":"https:\/\/rongsen.com.vn\/vi\/wp-json\/wp\/v2\/product\/549","targetHints":{"allow":["GET"]}}],"collection":[{"href":"https:\/\/rongsen.com.vn\/vi\/wp-json\/wp\/v2\/product"}],"about":[{"href":"https:\/\/rongsen.com.vn\/vi\/wp-json\/wp\/v2\/types\/product"}],"replies":[{"embeddable":true,"href":"https:\/\/rongsen.com.vn\/vi\/wp-json\/wp\/v2\/comments?post=549"}],"wp:featuredmedia":[{"embeddable":true,"href":"https:\/\/rongsen.com.vn\/vi\/wp-json\/wp\/v2\/media\/550"}],"wp:attachment":[{"href":"https:\/\/rongsen.com.vn\/vi\/wp-json\/wp\/v2\/media?parent=549"}],"wp:term":[{"taxonomy":"product_brand","embeddable":true,"href":"https:\/\/rongsen.com.vn\/vi\/wp-json\/wp\/v2\/product_brand?post=549"},{"taxonomy":"product_cat","embeddable":true,"href":"https:\/\/rongsen.com.vn\/vi\/wp-json\/wp\/v2\/product_cat?post=549"},{"taxonomy":"product_tag","embeddable":true,"href":"https:\/\/rongsen.com.vn\/vi\/wp-json\/wp\/v2\/product_tag?post=549"}],"curies":[{"name":"wp","href":"https:\/\/api.w.org\/{rel}","templated":true}]}}