{"id":526,"date":"2024-05-28T08:46:41","date_gmt":"2024-05-28T08:46:41","guid":{"rendered":"https:\/\/rongsen.com.vn\/?post_type=product&#038;p=526"},"modified":"2025-12-04T07:40:05","modified_gmt":"2025-12-04T00:40:05","slug":"may-khac-cnc-dl-540-650-760","status":"publish","type":"product","link":"https:\/\/rongsen.com.vn\/vi\/product\/may-khac-cnc-dl-540-650-760\/","title":{"rendered":"M\u00c1Y KH\u1eaeC CNC DL-540-650-760"},"content":{"rendered":"<p>M\u00c1Y KH\u1eaeC CNC DL-540-650-760<\/p>\n<p><strong>DL-540-650-760<\/strong><strong>\u6570\u63a7\u96d5\u94e3<\/strong><strong>\u673a<\/strong><strong>\u00a0 <\/strong><\/p>\n<p>M\u00c1Y KH\u1eaeC CNC DL- model 650-760<\/p>\n<p><strong>DL<\/strong><strong>\u65b0\u6b3e<\/strong><strong>-650-760<\/strong><strong>\u6570\u63a7\u96d5\u94e3<\/strong><strong>\u673a<\/strong><\/p>\n<p><strong>1<\/strong><strong>. <\/strong><strong>\u7cfb\u5217\u4ecb\u7ecd<\/strong> <strong>Gi\u1edbi<\/strong><strong> thi\u1ec7u s\u1ea3n ph\u1ea9m<\/strong><\/p>\n<p>1\u3001\u53f0\u6e7e\u5b9d\u5143\u9ad8\u901f\u6570\u63a7\u7cfb\u7edf(\u6c34\u6676\u9762\u677f)\u3002<\/p>\n<p>H\u1ec7 th\u1ed1ng CNC t\u1ed1c \u0111\u1ed9 cao Baoyuan \u0110\u00e0i Loan (b\u1ea3ng \u0111i\u1ec1u khi\u1ec3n pha l\u00ea).<\/p>\n<p>2\u3001\u65e5\u672c\u5b89\u5ddd\u4ea4\u6d41\u4f3a\u670d\u7535\u673a\u3002<\/p>\n<p>\u0110\u1ed9ng c\u01a1 servo Yaskawa AC c\u1ee7a Nh\u1eadt B\u1ea3n.<\/p>\n<p>3\u3001\u53f0\u6e7e\u4e0a\u94f6\u9ad8\u7cbe\u5bc6\u5ea6\u76f4\u7ebf\u5bfc\u8f68\u6eda\u73e0\u4e1d\u6746\u3002<\/p>\n<p>V\u00edt bi d\u1eabn h\u01b0\u1edbng tuy\u1ebfn t\u00ednh c\u00f3 \u0111\u1ed9 ch\u00ednh x\u00e1c cao Hiwin \u0110\u00e0i Loan.<\/p>\n<p>4\u3001\u53ef\u9009\u914d\u7b2c\u56db\u8f74,\u5200\u5e93\u3002<\/p>\n<p>T\u00f9y ch\u1ecdn tr\u1ee5c th\u1ee9 t\u01b0 v\u00e0 \u1ed5 ch\u1ee9a dao.<\/p>\n<ol start=\"2\">\n<li><strong>2<\/strong><strong>. <\/strong><strong>\u6280\u672f\u53c2<\/strong><strong>\u6570<\/strong><strong> Th\u00f4ng<\/strong><strong> s\u1ed1 k\u1ef9 thu\u1eadt<\/strong><\/li>\n<\/ol>\n<table width=\"725\">\n<tbody>\n<tr>\n<td width=\"57\">\u5e8f\u53f7 STT<\/td>\n<td width=\"286\">\u6027\u80fd\u6307\u6807<\/p>\n<p>Ch\u1ec9 ti\u00eau t\u00ednh n\u0103ng<\/td>\n<td width=\"110\">540\u6807\u51c6\u53c2\u6570<\/p>\n<p>Th\u00f4ng s\u1ed1 ti\u00eau chu\u1ea9n c\u1ee7a 540<\/td>\n<td width=\"136\">650\u6807\u51c6\u53c2\u6570<\/p>\n<p>Th\u00f4ng s\u1ed1 ti\u00eau chu\u1ea9n c\u1ee7a 650<\/td>\n<td width=\"136\">760\u6807\u51c6\u53c2\u6570<\/p>\n<p>Th\u00f4ng s\u1ed1 ti\u00eau chu\u1ea9n c\u1ee7a 760<\/td>\n<\/tr>\n<tr>\n<td width=\"57\">1<\/td>\n<td width=\"286\">xyz\u5b9a\u4f4d\u7cbe\u5ea6\u0110\u1ed9 ch\u00ednh x\u00e1c \u0111\u1ecbnh v\u1ecb xyz<\/td>\n<td width=\"110\">\u00b10.005mm<\/td>\n<td width=\"136\">\u00b10.005mm<\/td>\n<td width=\"136\">\u00b10.005mm<\/td>\n<\/tr>\n<tr>\n<td width=\"57\">2<\/td>\n<td width=\"286\">xyz\u91cd\u590d\u5b9a\u4f4d\u7cbe\u5ea6\u0110\u1ed9 ch\u00ednh x\u00e1c \u0111\u1ecbnh v\u1ecb l\u1eb7p l\u1ea1i xyz<\/td>\n<td width=\"110\">\u00b10.005mm\/300mm<\/td>\n<td width=\"136\">\u00b10.005mm\/300mm<\/td>\n<td width=\"136\">\u00b10.005mm\/300mm<\/td>\n<\/tr>\n<tr>\n<td width=\"57\">3<\/td>\n<td width=\"286\">xyz\u5de5\u4f5c\u884c\u7a0b H\u00e0nh tr\u00ecnh l\u00e0m vi\u1ec7c xyz<\/td>\n<td width=\"110\">500*400*200mm<\/td>\n<td width=\"136\">600*500*280mm<\/td>\n<td width=\"136\">700*600*280mm<\/td>\n<\/tr>\n<tr>\n<td width=\"57\">4<\/td>\n<td width=\"286\">\u5de5\u4f5c\u53f0\u5c3a\u5bf8K\u00edch th\u01b0\u1edbc b\u00e0n thao t\u00e1c<\/td>\n<td width=\"110\">500*400mm<\/td>\n<td width=\"136\">600*500mm<\/td>\n<td width=\"136\">700*600mm<\/td>\n<\/tr>\n<tr>\n<td width=\"57\">5<\/td>\n<td width=\"286\">Z\u8f74\u7a7a\u95f4\u6700\u9ad8Kh\u00f4ng gian tr\u1ee5c Z cao nh\u1ea5t<\/td>\n<td width=\"110\">350mm<\/td>\n<td width=\"136\">380mm<\/td>\n<td width=\"136\">380mm<\/td>\n<\/tr>\n<tr>\n<td width=\"57\">6<\/td>\n<td width=\"286\">\u6700\u5927\u5de5\u4f5c\u8d1f\u91cd T\u1ea3i tr\u1ecdng l\u00e0m vi\u1ec7c t\u1ed1i \u0111a<\/td>\n<td width=\"110\">250kg<\/td>\n<td width=\"136\">400kg<\/td>\n<td width=\"136\">400kg<\/td>\n<\/tr>\n<tr>\n<td width=\"57\">7<\/td>\n<td width=\"286\">\u4e3b\u8f74\u6700\u5927\u529f\u7387C\u00f4ng su\u1ea5t t\u1ed1i \u0111a c\u1ee7a tr\u1ee5c ch\u00ednh<\/td>\n<td width=\"110\">3kw<\/td>\n<td width=\"136\">5.5kw<\/td>\n<td width=\"136\">5.5kw<\/td>\n<\/tr>\n<tr>\n<td width=\"57\">8<\/td>\n<td width=\"286\">\u4e3b\u8f74\u6700\u9ad8\u8f6c\u901fT\u1ed1c \u0111\u1ed9 t\u1ed1i \u0111a c\u1ee7a tr\u1ee5c ch\u00ednh<\/td>\n<td width=\"110\">24000rpm<\/td>\n<td width=\"136\">24000rpm<\/td>\n<td width=\"136\">24000rpm<\/td>\n<\/tr>\n<tr>\n<td width=\"57\">9<\/td>\n<td width=\"286\">\u8fd0\u884c\u548c\u96d5\u523b\u6700\u5927\u901f\u5ea6 T\u1ed1c \u0111\u1ed9 v\u1eadn h\u00e0nh v\u00e0 kh\u1eafc t\u1ed1i \u0111a<\/td>\n<td width=\"110\">7500mm\/min<\/td>\n<td width=\"136\">7500mm\/min<\/td>\n<td width=\"136\">7500mm\/min<\/td>\n<\/tr>\n<tr>\n<td width=\"57\">10<\/td>\n<td width=\"286\">\u5200\u5177\u5939\u5934\u0110\u1ea7u k\u1eb9p dao<\/td>\n<td width=\"110\">Er20 (\u04243.17-\u03a612)<\/td>\n<td width=\"136\">Er32 (03.17-\u03a620)<\/td>\n<td width=\"136\">Er32 (03.17-\u03a620)<\/td>\n<\/tr>\n<tr>\n<td width=\"57\">11<\/td>\n<td width=\"286\">\u6700\u5927\u529f\u8017\u0110i\u1ec7n n\u0103ng ti\u00eau th\u1ee5 t\u1ed1i \u0111a<\/td>\n<td width=\"110\">7kw<\/td>\n<td width=\"136\">8kw<\/td>\n<td width=\"136\">8kw<\/td>\n<\/tr>\n<tr>\n<td width=\"57\">12<\/td>\n<td width=\"286\">\u673a\u5e8a\u91cd\u91cfTr\u1ecdng l\u01b0\u1ee3ng m\u00e1y<\/td>\n<td width=\"110\">2000kg<\/td>\n<td width=\"136\">3000kg<\/td>\n<td width=\"136\">3500kg<\/td>\n<\/tr>\n<tr>\n<td width=\"57\">13<\/td>\n<td width=\"286\">\u5de5\u4f5c\u7535\u538b\u0110i\u1ec7n \u00e1p v\u1eadn h\u00e0nh<\/td>\n<td width=\"110\">380v<\/td>\n<td width=\"136\">380v<\/td>\n<td width=\"136\">380v<\/td>\n<\/tr>\n<tr>\n<td width=\"57\">14<\/td>\n<td width=\"286\">\u5916\u578b\u5c3a\u5bf8 K\u00edch th\u01b0\u1edbc ngo\u00e0i<\/td>\n<td width=\"110\">1720*1500*2100<\/td>\n<td width=\"136\">1800*2100*2300<\/td>\n<td width=\"136\">1800*2100*2300<\/td>\n<\/tr>\n<\/tbody>\n<\/table>\n<p>&nbsp;<\/p>\n<p><strong>\u88c5\u914d\u5de5\u827a<\/strong><\/p>\n<p><strong>C\u00f4ng ngh\u1ec7 l\u1eafp r\u00e1p<\/strong><\/p>\n<p><strong>\u673a\u68b0\u7279\u70b9<\/strong><strong> \u0110\u1eb7c t\u00ednh c\u01a1 kh\u00ed<\/strong><\/p>\n<p>\u25cb\u673a\u5e8a\u91c7\u7528\u72ec\u7279\u7684\u6a2a\u6881\u3001\u5e8a\u8eab\u4e00\u4f53\u6280\u672f\u3002\u9f99\u95e8\u5f0f\u9ad8\u521a\u6027\u7ed3\u6784\u3002\u786e\u4fdd\u673a\u68b0\u957f\u671f\u9ad8\u7cbe\u5ea6\u4e0e\u4f7f\u7528\u5bff\u547d,\u6297\u9707\u6027\u5f3a\u3002<\/p>\n<p>M\u00e1y \u0111\u01b0\u1ee3c \u00e1p d\u1ee5ng c\u00f4ng ngh\u1ec7 t\u00edch h\u1ee3p d\u1ea7m v\u00e0 b\u1ec7 \u0111\u1ed9c \u0111\u00e1o. K\u1ebft c\u1ea5u d\u1ea1ng c\u1ed5ng c\u00f3 \u0111\u1ed9 c\u1ee9ng cao. \u0110\u1ea3m b\u1ea3o \u0111\u1ed9 ch\u00ednh x\u00e1c cao v\u00e0 tu\u1ed5i th\u1ecd l\u00e2u d\u00e0i c\u1ee7a m\u00e1y c\u0169ng nh\u01b0 kh\u1ea3 n\u0103ng ch\u1ed1ng s\u1ed1c m\u1ea1nh.<\/p>\n<p>\u25cb\u4e09\u8f74\u91c7\u7528\u8fdb\u53e3\u9ad8\u7cbe\u5ea6\u76f4\u7ebf\u5bfc\u8f68\u548c\u6eda\u73e0\u4e1d\u6746,\u8010\u78e8\u3001\u6469\u64e6\u7cfb\u6570\u5c0f,\u5177\u6709\u8f83\u9ad8\u7684\u5b9a\u4f4d\u7cbe\u5ea6\u548c\u7075\u6d3b\u6027,\u8fd0\u52a8\u5e73\u7a33\u7684\u7279\u70b9\u3002<\/p>\n<p>Ba tr\u1ee5c s\u1eed d\u1ee5ng c\u00e1c thanh d\u1eabn h\u01b0\u1edbng tuy\u1ebfn t\u00ednh c\u00f3 \u0111\u1ed9 ch\u00ednh x\u00e1c cao v\u00e0 v\u00edt bi nh\u1eadp kh\u1ea9u, c\u00f3 kh\u1ea3 n\u0103ng ch\u1ed1ng m\u00e0i m\u00f2n, h\u1ec7 s\u1ed1 ma s\u00e1t nh\u1ecf, \u0111\u1ed9 ch\u00ednh x\u00e1c \u0111\u1ecbnh v\u1ecb v\u00e0 \u0111\u1ed9 linh ho\u1ea1t cao, chuy\u1ec3n \u0111\u1ed9ng tr\u01a1n tru.<\/p>\n<p>\u25cb\u91c7\u7528\u65e5\u672cNSK\u8f74\u627f\u53ca\u8fdb\u53e3\u8054\u8f74\u5668\u3002S\u1eed d\u1ee5ng v\u00f2ng bi NSK c\u1ee7a Nh\u1eadt B\u1ea3n v\u00e0 kh\u1edbp n\u1ed1i nh\u1eadp kh\u1ea9u.<\/p>\n<p>\u25cb\u9ad8\u901f\u3001\u9ad8\u626d\u529b\u3001\u9ad8\u7cbe\u5ea6\u7535\u4e3b\u8f74,\u53ef\u6ee1\u8db3\u9ad8\u901f\u52a0\u5de5\u9700\u6c42\u53ca\u7cbe\u5ea6\u4fdd\u8bc1;\u53ef\u5b9e\u73b0\u5c0f\u578b\u7cbe\u5bc6\u6a21\u5177\u53ca\u96f6\u4ef6\u9ad8\u901f\u94e3\u524a\u3001\u52a0\u5de5\u7cbe\u5ea6\u9ad8\u3001\u9707\u52a8\u5c0f\u3001\u566a\u97f3\u4f4e\u3002<\/p>\n<p>Tr\u1ee5c ch\u00ednh \u0111i\u1ec7n t\u1ed1c \u0111\u1ed9 cao, l\u1ef1c xo\u1eafn cao v\u00e0 \u0111\u1ed9 ch\u00ednh x\u00e1c cao c\u00f3 th\u1ec3 \u0111\u00e1p \u1ee9ng nhu c\u1ea7u gia c\u00f4ng t\u1ed1c \u0111\u1ed9 cao v\u00e0 \u0111\u1ea3m b\u1ea3o \u0111\u1ed9 ch\u00ednh x\u00e1c; c\u00f3 th\u1ec3 th\u1ef1c hi\u1ec7n phay t\u1ed1c \u0111\u1ed9 cao c\u00e1c khu\u00f4n v\u00e0 linh ki\u1ec7n ch\u00ednh x\u00e1c c\u1ee1 nh\u1ecf, v\u1edbi \u0111\u1ed9 ch\u00ednh x\u00e1c x\u1eed l\u00fd cao, \u0111\u1ed9 rung th\u1ea5p v\u00e0 \u0111\u1ed9 \u1ed3n th\u1ea5p. .<\/p>\n<p>\u25cb \u63a7\u5236\u7cfb\u7edf\u91c7\u7528\u53f0\u6e7e\u65b0\u4ee3\u3001\u5b9d\u5143\u9ad8\u901f\u6570\u63a7\u7cfb\u7edf,\u6613\u5b66\u6613\u7528,\u6613\u4e8e\u638c\u63e1\u3002<\/p>\n<p>H\u1ec7 th\u1ed1ng \u0111i\u1ec1u khi\u1ec3n s\u1eed d\u1ee5ng h\u1ec7 th\u1ed1ng CNC t\u1ed1c \u0111\u1ed9 cao Baoyuan \u0111\u1eddi m\u1edbi c\u1ee7a \u0110\u00e0i Loan, d\u1ec5 h\u1ecdc d\u1ec5 d\u00f9ng v\u00e0 th\u00e0nh thao.<\/p>\n<p>\u25cb \u9a71\u52a8\u7cfb\u7edf\u91c7\u7528\u65e5\u672c\u5b89\u5ddd\u3001\u65e5\u672c\u5c71\u6d0b\u4ea4\u6d41\u9a71\u52a8\u4f3a\u670d\u7cfb\u7edf,\u8fd0\u884c\u5e73\u7a33,\u52a0\u901f\u6027\u80fd\u4f18\u8d8a,\u566a\u97f3\u5c0f,\u63a7\u5236\u7cbe\u5ea6\u9ad8\u3002<br \/>\nH\u1ec7 th\u1ed1ng truy\u1ec1n \u0111\u1ed9ng s\u1eed d\u1ee5ng h\u1ec7 th\u1ed1ng servo truy\u1ec1n \u0111\u1ed9ng Yaskawa v\u00e0 Sanyo AC c\u1ee7a Nh\u1eadt B\u1ea3n, ch\u1ea1y tr\u01a1n tru, c\u00f3 hi\u1ec7u su\u1ea5t t\u0103ng t\u1ed1c t\u1ed1t, \u0111\u1ed9 \u1ed3n th\u1ea5p v\u00e0 \u0111\u1ed9 ch\u00ednh x\u00e1c \u0111i\u1ec1u khi\u1ec3n cao.<\/p>\n<p><strong>\u673a\u68b0\u7ed3<\/strong><strong>\u6784<\/strong><strong>K\u1ebft c\u1ea5u c\u01a1 kh\u00ed<\/strong><\/p>\n<p>\u81fa\u7063\u201cPMI\u201d\u6eda\u73e0\u7d72\u6746C3\u7d1aV\u00edt bi &#8220;PMI&#8221; \u0110\u00e0i Loan lo\u1ea1i C3<\/p>\n<p>\u81fa\u7063\u201cHIWIN\u201d\u6eda\u73e0\u7d72\u8eccP\u7d1a\u0110\u01b0\u1eddng s\u1eaft b\u00f3ng &#8220;HIWIN&#8221; \u0110\u00e0i Loan lo\u1ea1i P<\/p>\n<p>\u65e5\u672c\u201cNSK\u201d\u8ef8\u627fV\u00f2ng bi &#8220;NSK&#8221; c\u1ee7a Nh\u1eadt B\u1ea3n<\/p>\n<p>\u6574\u6a5f\u9444\u4ef6\u91c7\u7528FC250\u6a39\u8102\u7802\u201c\u4e95\u201d\u578b\u7d50\u69cb<\/p>\n<p>To\u00e0n b\u1ed9 ph\u1ee5 ki\u1ec7n m\u00e1y \u0111\u00fac s\u1eed d\u1ee5ng c\u1ea5u tr\u00fac &#8220;gi\u1ebfng&#8221; c\u00e1t nh\u1ef1a FC250<\/p>\n<p>&nbsp;<\/p>\n","protected":false},"excerpt":{"rendered":"<p>M\u00c1Y KH\u1eaeC CNC DL-540-650-760<\/p>\n","protected":false},"featured_media":562,"comment_status":"open","ping_status":"closed","template":"","meta":[],"product_brand":[],"product_cat":[45],"product_tag":[],"class_list":{"0":"post-526","1":"product","2":"type-product","3":"status-publish","4":"has-post-thumbnail","6":"product_cat-ding-ling","8":"first","9":"instock","10":"shipping-taxable","11":"product-type-simple"},"_links":{"self":[{"href":"https:\/\/rongsen.com.vn\/vi\/wp-json\/wp\/v2\/product\/526","targetHints":{"allow":["GET"]}}],"collection":[{"href":"https:\/\/rongsen.com.vn\/vi\/wp-json\/wp\/v2\/product"}],"about":[{"href":"https:\/\/rongsen.com.vn\/vi\/wp-json\/wp\/v2\/types\/product"}],"replies":[{"embeddable":true,"href":"https:\/\/rongsen.com.vn\/vi\/wp-json\/wp\/v2\/comments?post=526"}],"wp:featuredmedia":[{"embeddable":true,"href":"https:\/\/rongsen.com.vn\/vi\/wp-json\/wp\/v2\/media\/562"}],"wp:attachment":[{"href":"https:\/\/rongsen.com.vn\/vi\/wp-json\/wp\/v2\/media?parent=526"}],"wp:term":[{"taxonomy":"product_brand","embeddable":true,"href":"https:\/\/rongsen.com.vn\/vi\/wp-json\/wp\/v2\/product_brand?post=526"},{"taxonomy":"product_cat","embeddable":true,"href":"https:\/\/rongsen.com.vn\/vi\/wp-json\/wp\/v2\/product_cat?post=526"},{"taxonomy":"product_tag","embeddable":true,"href":"https:\/\/rongsen.com.vn\/vi\/wp-json\/wp\/v2\/product_tag?post=526"}],"curies":[{"name":"wp","href":"https:\/\/api.w.org\/{rel}","templated":true}]}}