{"id":525,"date":"2024-05-28T08:46:22","date_gmt":"2024-05-28T08:46:22","guid":{"rendered":"https:\/\/rongsen.com.vn\/?post_type=product&#038;p=525"},"modified":"2025-10-06T19:51:13","modified_gmt":"2025-10-06T12:51:13","slug":"dl-1060l-v1165-1370-1580","status":"publish","type":"product","link":"https:\/\/rongsen.com.vn\/vi\/product\/dl-1060l-v1165-1370-1580\/","title":{"rendered":"DL-1060L-V1165-1370-1580"},"content":{"rendered":"<p><img loading=\"lazy\" decoding=\"async\" width=\"918\" height=\"441\" class=\"wp-image-650\" src=\"https:\/\/rongsen.com.vn\/wp-content\/uploads\/2024\/05\/word-image-525-1-1.png\" srcset=\"https:\/\/rongsen.com.vn\/wp-content\/uploads\/2024\/05\/word-image-525-1-1.png 918w, https:\/\/rongsen.com.vn\/wp-content\/uploads\/2024\/05\/word-image-525-1-1-800x384.png 800w, https:\/\/rongsen.com.vn\/wp-content\/uploads\/2024\/05\/word-image-525-1-1-768x369.png 768w, https:\/\/rongsen.com.vn\/wp-content\/uploads\/2024\/05\/word-image-525-1-1-600x288.png 600w\" sizes=\"auto, (max-width: 918px) 100vw, 918px\" \/><strong>DL-1060L-V1165-1370-1580\u7acb\u5f0f\u52a0\u5de5\u4e2d\u5fc3 Trung t\u00e2m gia c\u00f4ng \u0111\u1ee9ng DL-1060L-V1165-1370-1580<\/strong><\/p>\n<p><strong>\u5e94\u7528\u884c\u4e1a Ng\u00e0nh ngh\u1ec1 \u1ee9ng d\u1ee5ng<\/strong><\/p>\n<p><strong>\u901a\u7528\u4e8e\uff1a\u4e94\u91d1\u3001\u6a21\u5177\u3001\u6c7d\u8f66\u3001\u901a\u4fe1\u3001\u533b\u7597\u5668\u6750\u3001\u822a\u7a7a&#8230;\u7b49\u52a0\u5de5<\/strong><\/p>\n<p><strong>Th\u01b0\u1eddng \u0111\u01b0\u1ee3c s\u1eed d\u1ee5ng cho: gia c\u00f4ng ng\u0169 kim, khu\u00f4n m\u1eabu, \u00f4 t\u00f4, thi\u1ebft b\u1ecb th\u00f4ng tin, thi\u1ebft b\u1ecb y t\u1ebf, h\u00e0ng kh\u00f4ng, v.v.<\/strong><\/p>\n<p><strong>2. \u6280\u672f\u53c2\u6570 Th\u00f4ng s\u1ed1 k\u1ef9 thu\u1eadt <\/strong><\/p>\n<table>\n<tbody>\n<tr>\n<td>\u5e8f\u53f7<\/p>\n<p>STT<\/td>\n<td>\u9879\u76ee<\/p>\n<p>H\u1ea1ng m\u1ee5c<\/td>\n<td>1060L\u6807\u51c6\u53c2\u6570<\/p>\n<p>Th\u00f4ng s\u1ed1 ti\u00eau chu\u1ea9n 1060L<\/td>\n<td>V1165\u6807\u51c6\u53c2\u6570<\/p>\n<p>Th\u00f4ng s\u1ed1 ti\u00eau chu\u1ea9n V1165<\/td>\n<td>1370\u6807\u51c6\u53c2\u6570Th\u00f4ng s\u1ed1 ti\u00eau chu\u1ea9n 1370<\/td>\n<td>1580\u6807\u51c6\u53c2\u6570<\/p>\n<p>Th\u00f4ng s\u1ed1 ti\u00eau chu\u1ea9n 1580<\/td>\n<\/tr>\n<tr>\n<td>1<\/td>\n<td>\u63a7\u5236\u5668B\u1ed9 \u0111i\u1ec1u khi\u1ec3n<\/td>\n<td>MITSUBISHI FANUC<\/td>\n<td>MITSUBISHI FANUC<\/td>\n<td>MITSUBISHI FANUC<\/td>\n<td>MITSUBISHI FANUC<\/td>\n<\/tr>\n<tr>\n<td>2<\/td>\n<td>XYZ\u8f74\u884c\u7a0bH\u00e0nh tr\u00ecnh tr\u1ee5c XYZ<\/td>\n<td>1000*600*600<\/td>\n<td>1100*650*650<\/td>\n<td>1300*700*700<\/td>\n<td>1500*800*800<\/td>\n<\/tr>\n<tr>\n<td>3<\/td>\n<td>\u4e3b\u8f74\u9f3b\u7aef\u81f3\u5de5\u4f5c\u53f0\u8ddd\u79bb<\/p>\n<p>Kho\u1ea3ng c\u00e1ch t\u1eeb m\u0169i tr\u1ee5c ch\u00ednh \u0111\u1ebfn b\u00e0n thao t\u00e1c<\/td>\n<td>120-670mm<\/td>\n<td>120-760mm<\/td>\n<td>120-820mm<\/td>\n<td>150-950mm<\/td>\n<\/tr>\n<tr>\n<td>4<\/td>\n<td>\u4e3b\u8f74\u6837\u5f0fKi\u1ec3u tr\u1ee5c ch\u00ednh<\/td>\n<td>BT40<\/td>\n<td>BT40<\/td>\n<td>BT40<\/td>\n<td>BT40<\/td>\n<\/tr>\n<tr>\n<td>5<\/td>\n<td>\u4e3b\u8f74\u4f20\u52a8\u65b9\u5f0f<\/p>\n<p>Ph\u01b0\u01a1ng th\u1ee9c truy\u1ec1n \u0111\u1ed9ng tr\u1ee5c ch\u00ednh<\/td>\n<td>\u76ae\u5e26\u5f0f<\/p>\n<p>D\u00e2y \u0111ai<\/td>\n<td>\u76ae\u5e26\u5f0f\/\u76f4\u8fde\u5f0f<\/p>\n<p>D\u00e2y \u0111ai\/ tr\u1ef1c ti\u1ebfp<\/td>\n<td>\u76ae\u5e26\u5f0f\/\u76f4\u8fde\u5f0f<\/p>\n<p>D\u00e2y \u0111ai\/ tr\u1ef1c ti\u1ebfp<\/td>\n<td>\u76ae\u5e26\u5f0f\/\u76f4\u8fde\u5f0f<\/p>\n<p>D\u00e2y \u0111ai\/ tr\u1ef1c ti\u1ebfp<\/td>\n<\/tr>\n<tr>\n<td>6<\/td>\n<td>\u4e3b\u8f74\u8f6c\u901f Chuy\u1ec3n t\u1ed1c tr\u1ee5c ch\u00ednh<\/td>\n<td>8000<\/td>\n<td>8000\/12000<\/td>\n<td>8000\/12000<\/td>\n<td>8000\/12000<\/td>\n<\/tr>\n<tr>\n<td>7<\/td>\n<td>\u4e3b\u8f74\u9a6c\u8fbe M\u00f4 t\u01a1 tr\u1ee5c ch\u00ednh<\/td>\n<td>11<\/td>\n<td>11<\/td>\n<td>11<\/td>\n<td>11<\/td>\n<\/tr>\n<tr>\n<td>8<\/td>\n<td>X\/Y\/Z\u8f74\u5feb\u901f\u8fdb\u7ed9T\u1ed1c \u0111\u1ed9 tr\u1ee5c X\/Y\/Z cung c\u1ea5p<\/td>\n<td>36\/36\/16M\/min<\/td>\n<td>36\/36\/36M\/min<\/td>\n<td>32\/32\/30M\/min<\/td>\n<td>24\/24\/24M\/min<\/td>\n<\/tr>\n<tr>\n<td>9<\/td>\n<td>\u5207\u524a\u8fdb\u7ed9\u901f\u5ea6 T\u1ed1c \u0111\u1ed9 c\u1eaft cung c\u1ea5p<\/td>\n<td>1-10.00M\/min<\/td>\n<td>1-10.00M\/min<\/td>\n<td>1-10.00M\/min<\/td>\n<td>1-10.00M\/min<\/td>\n<\/tr>\n<tr>\n<td>10<\/td>\n<td>xyz\u5b9a\u4f4d\u7cbe\u5ea6\u0110\u1ed9 ch\u00ednh x\u00e1c \u0111\u1ecbnh v\u1ecb xyz<\/td>\n<td>\u00b10.01mm<\/td>\n<td>\u00b10.01mm<\/td>\n<td>\u00b10.01mm<\/td>\n<td>\u00b10.01mm<\/td>\n<\/tr>\n<tr>\n<td>11<\/td>\n<td>xyz\u91cd\u590d\u5b9a\u4f4d\u7cbe\u5ea6\u0110\u1ed9 ch\u00ednh x\u00e1c \u0111\u1ecbnh v\u1ecb l\u1eb7p l\u1ea1i xyz<\/td>\n<td>\u00b10.005\/300mm<\/td>\n<td>\u00b10.005\/300mm<\/td>\n<td>\u00b10.005\/300mm<\/td>\n<td>\u00b10.005\/300mm<\/td>\n<\/tr>\n<tr>\n<td>12<\/td>\n<td>\u4e09\u8f74\u4f20\u52a8\u65b9\u5f0f Ph\u01b0\u01a1ng th\u1ee9c chuy\u1ec3n \u0111\u1ed9ng ba tr\u1ee5c<\/td>\n<td>\u76f4\u9a71\u5f0fTruy\u1ec1n \u0111\u1ed9ng tr\u1ef1c ti\u1ebfp<\/td>\n<td>\u76f4\u9a71\u5f0fTruy\u1ec1n \u0111\u1ed9ng tr\u1ef1c ti\u1ebfp<\/td>\n<td>\u76f4\u9a71\u5f0fTruy\u1ec1n \u0111\u1ed9ng tr\u1ef1c ti\u1ebfp<\/td>\n<td>\u76f4\u9a71\u5f0fTruy\u1ec1n \u0111\u1ed9ng tr\u1ef1c ti\u1ebfp<\/td>\n<\/tr>\n<tr>\n<td>13<\/td>\n<td>\u5de5\u4f5c\u53f0\u5c3a\u5bf8K\u00edch th\u01b0\u1edbc b\u00e0n thao t\u00e1c (mm)<\/td>\n<td>1200*600<\/td>\n<td>1200*650<\/td>\n<td>1400*700<\/td>\n<td>1600*800<\/td>\n<\/tr>\n<tr>\n<td>14<\/td>\n<td>T\u578b\u69fd(\u5bbd\u00d7\u69fd\u6570) Khe h\u00ecnh ch\u1eef T (chi\u1ec1u r\u1ed9ng \u00d7 s\u1ed1 khe)<\/td>\n<td>18*4<\/td>\n<td>18*5<\/td>\n<td>18*5<\/td>\n<td>18*5<\/td>\n<\/tr>\n<tr>\n<td>15<\/td>\n<td>\u81ea\u52a8\u6362\u5200\u5f62\u5f0f Ph\u01b0\u01a1ng th\u1ee9c chuy\u1ec3n dao t\u1ef1 \u0111\u1ed9ng<\/td>\n<td>\u5939\u81c2\u5f0fTay k\u1eb9p<\/td>\n<td>\u5939\u81c2\u5f0fTay k\u1eb9p<\/td>\n<td>\u5939\u81c2\u5f0fTay k\u1eb9p<\/td>\n<td>\u5939\u81c2\u5f0fTay k\u1eb9p<\/td>\n<\/tr>\n<tr>\n<td>16<\/td>\n<td>\u81ea\u52a8\u6362\u5200\u6570\u91cf S\u1ed1 l\u01b0\u1ee3ng chuy\u1ec3n dao t\u1ef1 \u0111\u1ed9ng (pcs)<\/td>\n<td>24<\/td>\n<td>24<\/td>\n<td>24<\/td>\n<td>24<\/td>\n<\/tr>\n<tr>\n<td>17<\/td>\n<td>\u6c14\u538b\u9700\u6c42 Kh\u00ed \u00e1p y\u00eau c\u1ea7u (kg)<\/td>\n<td>6<\/td>\n<td>6<\/td>\n<td>6<\/td>\n<td>6<\/td>\n<\/tr>\n<tr>\n<td>18<\/td>\n<td>\u7535\u529b\u9700\u6c42 \u0110i\u1ec7n \u00e1p y\u00eau c\u1ea7u (kva)<\/td>\n<td>20<\/td>\n<td>20<\/td>\n<td>20<\/td>\n<td>20<\/td>\n<\/tr>\n<tr>\n<td>19<\/td>\n<td>\u673a\u5668\u6700\u5927\u91cd\u91cf Tr\u1ecdng l\u01b0\u1ee3ng m\u00e1y l\u1edbn nh\u1ea5t (kg)<\/td>\n<td>6000<\/td>\n<td>6500<\/td>\n<td>8000<\/td>\n<td>10500<\/td>\n<\/tr>\n<tr>\n<td>20<\/td>\n<td>\u673a\u68b0\u5c3a\u5bf8(\u957fx\u5bbdx\u9ad8)<\/p>\n<p>K\u00edch th\u01b0\u1edbc m\u00e1y ( d\u00e0i * r\u1ed9ng* cao) (mm)<\/td>\n<td>3100*2650*2900<\/td>\n<td>3000*2800*3000<\/td>\n<td>3500*3050*3200<\/td>\n<td>3800*3250*3300<\/td>\n<\/tr>\n<\/tbody>\n<\/table>\n","protected":false},"excerpt":{"rendered":"<p>DL-1060L-V1165-1370-1580<\/p>\n","protected":false},"featured_media":535,"comment_status":"open","ping_status":"closed","template":"","meta":[],"product_brand":[],"product_cat":[45],"product_tag":[],"class_list":{"0":"post-525","1":"product","2":"type-product","3":"status-publish","4":"has-post-thumbnail","6":"product_cat-ding-ling","8":"first","9":"instock","10":"shipping-taxable","11":"product-type-simple"},"_links":{"self":[{"href":"https:\/\/rongsen.com.vn\/vi\/wp-json\/wp\/v2\/product\/525","targetHints":{"allow":["GET"]}}],"collection":[{"href":"https:\/\/rongsen.com.vn\/vi\/wp-json\/wp\/v2\/product"}],"about":[{"href":"https:\/\/rongsen.com.vn\/vi\/wp-json\/wp\/v2\/types\/product"}],"replies":[{"embeddable":true,"href":"https:\/\/rongsen.com.vn\/vi\/wp-json\/wp\/v2\/comments?post=525"}],"wp:featuredmedia":[{"embeddable":true,"href":"https:\/\/rongsen.com.vn\/vi\/wp-json\/wp\/v2\/media\/535"}],"wp:attachment":[{"href":"https:\/\/rongsen.com.vn\/vi\/wp-json\/wp\/v2\/media?parent=525"}],"wp:term":[{"taxonomy":"product_brand","embeddable":true,"href":"https:\/\/rongsen.com.vn\/vi\/wp-json\/wp\/v2\/product_brand?post=525"},{"taxonomy":"product_cat","embeddable":true,"href":"https:\/\/rongsen.com.vn\/vi\/wp-json\/wp\/v2\/product_cat?post=525"},{"taxonomy":"product_tag","embeddable":true,"href":"https:\/\/rongsen.com.vn\/vi\/wp-json\/wp\/v2\/product_tag?post=525"}],"curies":[{"name":"wp","href":"https:\/\/api.w.org\/{rel}","templated":true}]}}