{"id":523,"date":"2024-05-28T08:45:44","date_gmt":"2024-05-28T08:45:44","guid":{"rendered":"https:\/\/rongsen.com.vn\/?post_type=product&#038;p=523"},"modified":"2026-04-13T08:18:13","modified_gmt":"2026-04-13T01:18:13","slug":"may-khoan-dl-t6","status":"publish","type":"product","link":"https:\/\/rongsen.com.vn\/vi\/product\/may-khoan-dl-t6\/","title":{"rendered":"M\u00c1Y KHOAN DL-T6"},"content":{"rendered":"<p>DL-T6\u94bb\u653b\u673a<\/p>\n<p>M\u00e1y khoan \u00a0DL-T6<\/p>\n<p><strong>2 . <\/strong><strong>\u6280\u672f\u53c2<\/strong><strong>\u6570<\/strong> <strong>Th\u00f4ng<\/strong><strong> s\u1ed1 k\u1ef9 thu\u1eadt<\/strong><\/p>\n<table width=\"773\">\n<tbody>\n<tr>\n<td width=\"96\"><strong>\u5e8f<\/strong><strong>\u53f7<\/strong> <strong>STT<\/strong><\/td>\n<td width=\"408\"><strong>\u9879<\/strong><strong>\u76ee<\/strong> <strong>H\u1ea1ng<\/strong><strong> m\u1ee5c<\/strong><\/td>\n<td width=\"269\"><strong>\u6807\u51c6\u53c2<\/strong><strong>\u6570<\/strong> <strong>Th\u00f4ng s\u1ed1 ti\u00eau chu\u1ea9n<\/strong><\/td>\n<\/tr>\n<tr>\n<td width=\"96\">1<\/td>\n<td width=\"408\">\u63a7\u5236\u5668B\u1ed9 \u0111i\u1ec1u khi\u1ec3n<\/td>\n<td width=\"269\">MITSUBISHI FANUC<\/td>\n<\/tr>\n<tr>\n<td width=\"96\">2<\/td>\n<td width=\"408\">XYZ\u8f74\u884c\u7a0bH\u00e0nh tr\u00ecnh tr\u1ee5c XYZ<\/td>\n<td width=\"269\">600*400*300<\/td>\n<\/tr>\n<tr>\n<td width=\"96\">3<\/td>\n<td width=\"408\">\u4e3b\u8f74\u9f3b\u7aef\u81f3\u5de5\u4f5c\u53f0\u8ddd\u79bbKho\u1ea3ng c\u00e1ch t\u1eeb m\u0169i tr\u1ee5c ch\u00ednh \u0111\u1ebfn b\u00e0n thao t\u00e1c<\/td>\n<td width=\"269\">200-600mm<\/td>\n<\/tr>\n<tr>\n<td width=\"96\">4<\/td>\n<td width=\"408\">\u4e3b\u8f74\u6837\u5f0fKi\u1ec3u tr\u1ee5c ch\u00ednh<\/td>\n<td width=\"269\">BT30<\/td>\n<\/tr>\n<tr>\n<td width=\"96\">5<\/td>\n<td width=\"408\">\u4e3b\u8f74\u4f20\u52a8\u65b9\u5f0f Ph\u01b0\u01a1ng th\u1ee9c truy\u1ec1n \u0111\u1ed9ng tr\u1ee5c ch\u00ednh<\/td>\n<td width=\"269\">\u76f4\u63a5\u5f0f Tr\u1ef1c ti\u1ebfp<\/td>\n<\/tr>\n<tr>\n<td width=\"96\">6<\/td>\n<td width=\"408\">\u4e3b\u8f74\u8f6c\u901f Chuy\u1ec3n t\u1ed1c tr\u1ee5c ch\u00ednh<\/td>\n<td width=\"269\">18000<\/td>\n<\/tr>\n<tr>\n<td width=\"96\">7<\/td>\n<td width=\"408\">\u4e3b\u8f74\u9a6c\u8fbe M\u00f4 t\u01a1 tr\u1ee5c ch\u00ednh<\/td>\n<td width=\"269\">5.5<\/td>\n<\/tr>\n<tr>\n<td width=\"96\">8<\/td>\n<td width=\"408\">X\/Y\/Z\u8f74\u5feb\u901f\u8fdb\u7ed9T\u1ed1c \u0111\u1ed9 tr\u1ee5c X\/Y\/Z cung c\u1ea5p<\/td>\n<td width=\"269\">48\/48\/48M\/min<\/td>\n<\/tr>\n<tr>\n<td width=\"96\">9<\/td>\n<td width=\"408\">\u5207\u524a\u8fdb\u7ed9\u901f\u5ea6 T\u1ed1c \u0111\u1ed9 c\u1eaft cung c\u1ea5p<\/td>\n<td width=\"269\">1-10.00M\/min<\/td>\n<\/tr>\n<tr>\n<td width=\"96\">10<\/td>\n<td width=\"408\">xyz\u5b9a\u4f4d\u7cbe\u5ea6\u0110\u1ed9 ch\u00ednh x\u00e1c \u0111\u1ecbnh v\u1ecb xyz<\/td>\n<td width=\"269\">\u00b10.01mm<\/td>\n<\/tr>\n<tr>\n<td width=\"96\">11<\/td>\n<td width=\"408\">xyz\u91cd\u590d\u5b9a\u4f4d\u7cbe\u5ea6\u0110\u1ed9 ch\u00ednh x\u00e1c \u0111\u1ecbnh v\u1ecb l\u1eb7p l\u1ea1i xyz<\/td>\n<td width=\"269\">\u00b10.005\/300mm<\/td>\n<\/tr>\n<tr>\n<td width=\"96\">12<\/td>\n<td width=\"408\">\u4e09\u8f74\u4f20\u52a8\u65b9\u5f0f Ph\u01b0\u01a1ng th\u1ee9c chuy\u1ec3n \u0111\u1ed9ng ba tr\u1ee5c<\/td>\n<td width=\"269\">\u76f4\u9a71\u5f0fTruy\u1ec1n \u0111\u1ed9ng tr\u1ef1c ti\u1ebfp<\/td>\n<\/tr>\n<tr>\n<td width=\"96\">13<\/td>\n<td width=\"408\">\u5de5\u4f5c\u53f0\u5c3a\u5bf8K\u00edch th\u01b0\u1edbc b\u00e0n thao t\u00e1c (mm)<\/td>\n<td width=\"269\">650*400<\/td>\n<\/tr>\n<tr>\n<td width=\"96\">14<\/td>\n<td width=\"408\">T\u578b\u69fd(\u5bbd\u00d7\u69fd\u6570) Khe h\u00ecnh ch\u1eef T (chi\u1ec1u r\u1ed9ng \u00d7 s\u1ed1 khe)<\/td>\n<td width=\"269\">18*3<\/td>\n<\/tr>\n<tr>\n<td width=\"96\">15<\/td>\n<td width=\"408\">\u81ea\u52a8\u6362\u5200\u5f62\u5f0f Ph\u01b0\u01a1ng th\u1ee9c chuy\u1ec3n dao t\u1ef1 \u0111\u1ed9ng<\/td>\n<td width=\"269\">\u5939\u81c2\u5f0f Tay k\u1eb9p<\/td>\n<\/tr>\n<tr>\n<td width=\"96\">16<\/td>\n<td width=\"408\">\u81ea\u52a8\u6362\u5200\u6570\u91cf S\u1ed1 l\u01b0\u1ee3ng chuy\u1ec3n dao t\u1ef1 \u0111\u1ed9ng (pcs)<\/td>\n<td width=\"269\">16<\/td>\n<\/tr>\n<tr>\n<td width=\"96\">17<\/td>\n<td width=\"408\">\u6c14\u538b\u9700\u6c42 Kh\u00ed \u00e1p y\u00eau c\u1ea7u (kg)<\/td>\n<td width=\"269\">6<\/td>\n<\/tr>\n<tr>\n<td width=\"96\">18<\/td>\n<td width=\"408\">\u7535\u529b\u9700\u6c42 \u0110i\u1ec7n \u00e1p y\u00eau c\u1ea7u (kva)<\/td>\n<td width=\"269\">15<\/td>\n<\/tr>\n<tr>\n<td width=\"96\">19<\/td>\n<td width=\"408\">\u673a\u5668\u6700\u5927\u91cd\u91cf Tr\u1ecdng l\u01b0\u1ee3ng m\u00e1y l\u1edbn nh\u1ea5t (kg)<\/td>\n<td width=\"269\">3100<\/td>\n<\/tr>\n<tr>\n<td width=\"96\">20<\/td>\n<td width=\"408\">\u673a\u68b0\u5c3a\u5bf8(\u957fx\u5bbdx\u9ad8) K\u00edch th\u01b0\u1edbc m\u00e1y ( d\u00e0i * r\u1ed9ng* cao) (mm)<\/td>\n<td width=\"269\">1600*<strong>2100<\/strong><strong>*<\/strong>2900<\/td>\n<\/tr>\n<\/tbody>\n<\/table>\n<p>&nbsp;<\/p>\n","protected":false},"excerpt":{"rendered":"<p>M\u00e1y khoan \u00a0DL-T6<\/p>\n","protected":false},"featured_media":560,"comment_status":"open","ping_status":"closed","template":"","meta":[],"product_brand":[],"product_cat":[45],"product_tag":[],"class_list":{"0":"post-523","1":"product","2":"type-product","3":"status-publish","4":"has-post-thumbnail","6":"product_cat-ding-ling","8":"first","9":"instock","10":"shipping-taxable","11":"product-type-simple"},"_links":{"self":[{"href":"https:\/\/rongsen.com.vn\/vi\/wp-json\/wp\/v2\/product\/523","targetHints":{"allow":["GET"]}}],"collection":[{"href":"https:\/\/rongsen.com.vn\/vi\/wp-json\/wp\/v2\/product"}],"about":[{"href":"https:\/\/rongsen.com.vn\/vi\/wp-json\/wp\/v2\/types\/product"}],"replies":[{"embeddable":true,"href":"https:\/\/rongsen.com.vn\/vi\/wp-json\/wp\/v2\/comments?post=523"}],"wp:featuredmedia":[{"embeddable":true,"href":"https:\/\/rongsen.com.vn\/vi\/wp-json\/wp\/v2\/media\/560"}],"wp:attachment":[{"href":"https:\/\/rongsen.com.vn\/vi\/wp-json\/wp\/v2\/media?parent=523"}],"wp:term":[{"taxonomy":"product_brand","embeddable":true,"href":"https:\/\/rongsen.com.vn\/vi\/wp-json\/wp\/v2\/product_brand?post=523"},{"taxonomy":"product_cat","embeddable":true,"href":"https:\/\/rongsen.com.vn\/vi\/wp-json\/wp\/v2\/product_cat?post=523"},{"taxonomy":"product_tag","embeddable":true,"href":"https:\/\/rongsen.com.vn\/vi\/wp-json\/wp\/v2\/product_tag?post=523"}],"curies":[{"name":"wp","href":"https:\/\/api.w.org\/{rel}","templated":true}]}}