{"id":451,"date":"2024-05-28T07:54:31","date_gmt":"2024-05-28T07:54:31","guid":{"rendered":"https:\/\/rongsen.com.vn\/?post_type=product&#038;p=451"},"modified":"2025-12-07T11:28:55","modified_gmt":"2025-12-07T04:28:55","slug":"may-phay-dung-cnc-dl-v850-850l-850b-v866","status":"publish","type":"product","link":"https:\/\/rongsen.com.vn\/vi\/product\/may-phay-dung-cnc-dl-v850-850l-850b-v866\/","title":{"rendered":"M\u00c1Y PHAY \u0110\u1ee8NG CNC DL V850-850L-850B-V866"},"content":{"rendered":"<p>DL-V850-850L-850B-V866\u7acb\u5f0f\u52a0\u5de5\u4e2d\u5fc3<\/p>\n<p>M\u00c1Y PHAY \u0110\u1ee8NG CNC DL V850-850L-850B-V866<\/p>\n<p>1\u3001\u53f0\u6e7e\u5b9d\u5143\u9ad8\u901f\u6570\u63a7\u7cfb\u7edf(\u6c34\u6676\u9762\u677f)\u3002<\/p>\n<p>H\u1ec7 th\u1ed1ng CNC t\u1ed1c \u0111\u1ed9 cao Baoyuan \u0110\u00e0i Loan (b\u1ea3ng \u0111i\u1ec1u khi\u1ec3n pha l\u00ea).<\/p>\n<p>2\u3001\u65e5\u672c\u5b89\u5ddd\u4ea4\u6d41\u4f3a\u670d\u7535\u673a\u3002\u0110\u1ed9ng c\u01a1 servo Yaskawa AC c\u1ee7a Nh\u1eadt B\u1ea3n.<\/p>\n<p>3\u3001\u53f0\u6e7e\u4e0a\u94f6\u9ad8\u7cbe\u5bc6\u5ea6\u76f4\u7ebf\u5bfc\u8f68\u6eda\u73e0\u4e1d\u6746\u3002<\/p>\n<p>V\u00edt bi d\u1eabn h\u01b0\u1edbng tuy\u1ebfn t\u00ednh c\u00f3 \u0111\u1ed9 ch\u00ednh x\u00e1c cao Hiwin \u0110\u00e0i Loan<\/p>\n<p>4\u3001\u53ef\u9009\u914d\u7b2c\u56db\u8f74,\u5200\u5e93,\u4e09\u83f1\u7cfb\u7edf\u3002<\/p>\n<p>T\u00f9y ch\u1ecdn tr\u1ee5c th\u1ee9 t\u01b0,\u1ed5 ch\u1ee9a dao, h\u1ec7 th\u1ed1ng Mitsubishi.<\/p>\n<ol start=\"2\">\n<li><strong>2<\/strong><strong>.<\/strong> <strong>\u6280\u672f\u53c2<\/strong><strong>\u6570<\/strong> <strong>Th\u00f4ng<\/strong><strong> s\u1ed1 k\u1ef9 thu\u1eadt<\/strong><\/li>\n<\/ol>\n<table width=\"766\">\n<tbody>\n<tr>\n<td width=\"72\">\u5e8f\u53f7<\/p>\n<p>STT<\/td>\n<td width=\"240\">\u9879\u76ee<\/p>\n<p>H\u1ea1ng m\u1ee5c<\/td>\n<td width=\"112\">V850\u6807\u51c6\u53c2\u6570<\/p>\n<p>Th\u00f4ng s\u1ed1 ti\u00eau chu\u1ea9n V850<\/td>\n<td width=\"114\">850L\u6807\u51c6\u53c2\u6570<\/p>\n<p>Th\u00f4ng s\u1ed1 ti\u00eau chu\u1ea9n 850L<\/td>\n<td width=\"114\">850B\u6807\u51c6\u53c2\u6570<\/p>\n<p>Th\u00f4ng s\u1ed1 ti\u00eau chu\u1ea9n\u00a0 850B<\/td>\n<td width=\"114\">V866\u6807\u51c6\u53c2\u6570<\/p>\n<p>Th\u00f4ng s\u1ed1 ti\u00eau chu\u1ea9n V866<\/td>\n<\/tr>\n<tr>\n<td width=\"72\">1<\/td>\n<td width=\"240\">\u63a7\u5236\u5668B\u1ed9 \u0111i\u1ec1u khi\u1ec3n<\/td>\n<td width=\"112\">MITSUBISHI FANUC<\/td>\n<td width=\"114\">MITSUBISHI FANUC<\/td>\n<td width=\"114\">MITSUBISHI FANUC<\/td>\n<td width=\"114\">MITSUBISHI FANUC<\/td>\n<\/tr>\n<tr>\n<td width=\"72\">2<\/td>\n<td width=\"240\">XYZ\u8f74\u884c\u7a0bH\u00e0nh tr\u00ecnh tr\u1ee5c XYZ<\/td>\n<td width=\"112\">800*<strong>500*<\/strong>500<\/td>\n<td width=\"114\">800*<strong>500*<\/strong>500<\/td>\n<td width=\"114\">800*<strong>500*<\/strong>500<\/td>\n<td width=\"114\">800*<strong>620*<\/strong>600<\/td>\n<\/tr>\n<tr>\n<td width=\"72\">3<\/td>\n<td width=\"240\">\u4e3b\u8f74\u9f3b\u7aef\u81f3\u5de5\u4f5c\u53f0\u8ddd\u79bb<\/p>\n<p>Kho\u1ea3ng c\u00e1ch t\u1eeb m\u0169i tr\u1ee5c ch\u00ednh \u0111\u1ebfn b\u00e0n thao t\u00e1c<\/td>\n<td width=\"112\">120-620mm<\/td>\n<td width=\"114\">120-620mm<\/td>\n<td width=\"114\">120-620mm<\/td>\n<td width=\"114\">150-750mm<\/td>\n<\/tr>\n<tr>\n<td width=\"72\">4<\/td>\n<td width=\"240\">\u4e3b\u8f74\u6837\u5f0fKi\u1ec3u tr\u1ee5c ch\u00ednh<\/td>\n<td width=\"112\">BT40<\/td>\n<td width=\"114\">BT40<\/td>\n<td width=\"114\">BT40<\/td>\n<td width=\"114\">BT40<\/td>\n<\/tr>\n<tr>\n<td width=\"72\">5<\/td>\n<td width=\"240\">\u4e3b\u8f74\u4f20\u52a8\u65b9\u5f0f<\/p>\n<p>Ph\u01b0\u01a1ng th\u1ee9c truy\u1ec1n \u0111\u1ed9ng tr\u1ee5c ch\u00ednh<\/td>\n<td width=\"112\">\u76f4\u8fde\u5f0f Tr\u1ef1c ti\u1ebfp<\/td>\n<td width=\"114\">\u76ae\u5e26\u5f0f D\u00e2y \u0111ai<\/td>\n<td width=\"114\">\u76ae\u5e26\u5f0fD\u00e2y \u0111ai<\/td>\n<td width=\"114\">\u76f4\u8fde\u5f0fTr\u1ef1c ti\u1ebfp<\/td>\n<\/tr>\n<tr>\n<td width=\"72\">6<\/td>\n<td width=\"240\">\u4e3b\u8f74\u8f6c\u901f Chuy\u1ec3n t\u1ed1c tr\u1ee5c ch\u00ednh<\/td>\n<td width=\"112\">12000<\/td>\n<td width=\"114\">8000<\/td>\n<td width=\"114\">8000<\/td>\n<td width=\"114\">12000<\/td>\n<\/tr>\n<tr>\n<td width=\"72\">7<\/td>\n<td width=\"240\">\u4e3b\u8f74\u9a6c\u8fbe M\u00f4 t\u01a1 tr\u1ee5c ch\u00ednh<\/td>\n<td width=\"112\">7.5<\/td>\n<td width=\"114\">7.5<\/td>\n<td width=\"114\">7.5<\/td>\n<td width=\"114\">11<\/td>\n<\/tr>\n<tr>\n<td width=\"72\">8<\/td>\n<td width=\"240\">X\/Y\/Z\u8f74\u5feb\u901f\u8fdb\u7ed9T\u1ed1c \u0111\u1ed9 tr\u1ee5c X\/Y\/Z cung c\u1ea5p<\/td>\n<td width=\"112\">36\/36\/36M\/min<\/td>\n<td width=\"114\">36\/36\/16M\/min<\/td>\n<td width=\"114\">16\/16\/16M\/min<\/td>\n<td width=\"114\">30\/30\/30M\/min<\/td>\n<\/tr>\n<tr>\n<td width=\"72\">9<\/td>\n<td width=\"240\">\u5207\u524a\u8fdb\u7ed9\u901f\u5ea6 T\u1ed1c \u0111\u1ed9 c\u1eaft cung c\u1ea5p<\/td>\n<td width=\"112\">1-10.00M\/min<\/td>\n<td width=\"114\">1-10.00M\/min<\/td>\n<td width=\"114\">1-10.00M\/min<\/td>\n<td width=\"114\">1-10.00M\/min<\/td>\n<\/tr>\n<tr>\n<td width=\"72\">10<\/td>\n<td width=\"240\">xyz\u5b9a\u4f4d\u7cbe\u5ea6\u0110\u1ed9 ch\u00ednh x\u00e1c \u0111\u1ecbnh v\u1ecb xyz<\/td>\n<td width=\"112\">\u00b10.01mm<\/td>\n<td width=\"114\">\u00b10.01mm<\/td>\n<td width=\"114\">\u00b10.01mm<\/td>\n<td width=\"114\">\u00b10.01mm<\/td>\n<\/tr>\n<tr>\n<td width=\"72\">11<\/td>\n<td width=\"240\">xyz\u91cd\u590d\u5b9a\u4f4d\u7cbe\u5ea6\u0110\u1ed9 ch\u00ednh x\u00e1c \u0111\u1ecbnh v\u1ecb l\u1eb7p l\u1ea1i xyz<\/td>\n<td width=\"112\">\u00b10.005\/300mm<\/td>\n<td width=\"114\">\u00b10.005\/300mm<\/td>\n<td width=\"114\">\u00b10.005\/300mm<\/td>\n<td width=\"114\">\u00b10.005\/300mm<\/td>\n<\/tr>\n<tr>\n<td width=\"72\">12<\/td>\n<td width=\"240\">\u4e09\u8f74\u4f20\u52a8\u65b9\u5f0f Ph\u01b0\u01a1ng th\u1ee9c chuy\u1ec3n \u0111\u1ed9ng ba tr\u1ee5c<\/td>\n<td width=\"112\">\u76f4\u9a71\u5f0fTruy\u1ec1n \u0111\u1ed9ng tr\u1ef1c ti\u1ebfp<\/td>\n<td width=\"114\">\u76f4\u9a71\u5f0fTruy\u1ec1n \u0111\u1ed9ng tr\u1ef1c ti\u1ebfp<\/td>\n<td width=\"114\">\u76f4\u9a71\u5f0fTruy\u1ec1n \u0111\u1ed9ng tr\u1ef1c ti\u1ebfp<\/td>\n<td width=\"114\">\u76f4\u9a71\u5f0fTruy\u1ec1n \u0111\u1ed9ng tr\u1ef1c ti\u1ebfp<\/td>\n<\/tr>\n<tr>\n<td width=\"72\">13<\/td>\n<td width=\"240\">\u5de5\u4f5c\u53f0\u5c3a\u5bf8K\u00edch th\u01b0\u1edbc b\u00e0n thao t\u00e1c (mm)<\/td>\n<td width=\"112\">1000*500<\/td>\n<td width=\"114\">1000*500<\/td>\n<td width=\"114\">1000*500<\/td>\n<td width=\"114\">1000*600<\/td>\n<\/tr>\n<tr>\n<td width=\"72\">14<\/td>\n<td width=\"240\">T\u578b\u69fd(\u5bbd\u00d7\u69fd\u6570) Khe h\u00ecnh ch\u1eef T (chi\u1ec1u r\u1ed9ng \u00d7 s\u1ed1 khe)<\/td>\n<td width=\"112\">18*4<\/td>\n<td width=\"114\">18*4<\/td>\n<td width=\"114\">18*4<\/td>\n<td width=\"114\">18*6<\/td>\n<\/tr>\n<tr>\n<td width=\"72\">15<\/td>\n<td width=\"240\">\u81ea\u52a8\u6362\u5200\u5f62\u5f0f Ph\u01b0\u01a1ng th\u1ee9c chuy\u1ec3n dao t\u1ef1 \u0111\u1ed9ng<\/td>\n<td width=\"112\">\u5939\u81c2\u5f0fTay k\u1eb9p<\/td>\n<td width=\"114\">\u5939\u81c2\u5f0fTay k\u1eb9p<\/td>\n<td width=\"114\">\u5939\u81c2\u5f0fTay k\u1eb9p<\/td>\n<td width=\"114\">\u5939\u81c2\u5f0fTay k\u1eb9p<\/td>\n<\/tr>\n<tr>\n<td width=\"72\">16<\/td>\n<td width=\"240\">\u81ea\u52a8\u6362\u5200\u6570\u91cf S\u1ed1 l\u01b0\u1ee3ng chuy\u1ec3n dao t\u1ef1 \u0111\u1ed9ng (pcs)<\/td>\n<td width=\"112\">24<\/td>\n<td width=\"114\">24<\/td>\n<td width=\"114\">24<\/td>\n<td width=\"114\">24<\/td>\n<\/tr>\n<tr>\n<td width=\"72\">17<\/td>\n<td width=\"240\">\u6c14\u538b\u9700\u6c42 Kh\u00ed \u00e1p y\u00eau c\u1ea7u (kg)<\/td>\n<td width=\"112\">6<\/td>\n<td width=\"114\">6<\/td>\n<td width=\"114\">6<\/td>\n<td width=\"114\">6<\/td>\n<\/tr>\n<tr>\n<td width=\"72\">18<\/td>\n<td width=\"240\">\u7535\u529b\u9700\u6c42 \u0110i\u1ec7n \u00e1p y\u00eau c\u1ea7u (kva)<\/td>\n<td width=\"112\">20<\/td>\n<td width=\"114\">20<\/td>\n<td width=\"114\">20<\/td>\n<td width=\"114\">20<\/td>\n<\/tr>\n<tr>\n<td width=\"72\">19<\/td>\n<td width=\"240\">\u673a\u5668\u6700\u5927\u91cd\u91cf Tr\u1ecdng l\u01b0\u1ee3ng m\u00e1y l\u1edbn nh\u1ea5t (kg)<\/td>\n<td width=\"112\">5000<\/td>\n<td width=\"114\">5000<\/td>\n<td width=\"114\">5000<\/td>\n<td width=\"114\">6000<\/td>\n<\/tr>\n<tr>\n<td width=\"72\">20<\/td>\n<td width=\"240\">\u673a\u68b0\u5c3a\u5bf8(\u957fx\u5bbdx\u9ad8) K\u00edch th\u01b0\u1edbc m\u00e1y ( d\u00e0i * r\u1ed9ng* cao) (mm)<\/td>\n<td width=\"112\">2800*2350*2850<\/td>\n<td width=\"114\">2800*2350*2850<\/td>\n<td width=\"114\">2800*2350*2850<\/td>\n<td width=\"114\">2600*2500*2750<\/td>\n<\/tr>\n<\/tbody>\n<\/table>\n<p>&nbsp;<\/p>\n<p><strong>\u52a0\u5de5\u6837\u5f0f<\/strong> <strong>\u00a0H\u00ecnh th\u1ee9c gia c\u00f4ng<\/strong><\/p>\n<p><strong>\u673a\u68b0\u7ed3\u6784<\/strong> <strong>K\u1ebft c\u1ea5u c\u01a1 kh\u00ed<\/strong><\/p>\n<p>&nbsp;<\/p>\n<p>\u81fa\u706324\u628a\u5feb\u901f\u5200\u81c2\u5f0f\u5200\u5eab<\/p>\n<p>\u1ed4 dao d\u1ea1ng tay dao t\u1ed1c \u0111\u1ed9 nhanh 24 m\u1ea3nh c\u1ee7a \u0110\u00e0i Loan<\/p>\n<p>\u81fa\u70631.8\u79d2\u5feb\u901f\u6253\u5200\u7f38<\/p>\n<p>Xi lanh c\u1eaft nhanh 1,8 gi\u00e2y c\u1ee7a \u0110\u00e0i Loan<\/p>\n<p>\u81fa\u7063\u9032\u53e310000\u8f49\u9676\u74f7\u8ef8\u627f\u4e3b\u8ef8<\/p>\n<p>V\u00f2ng bi g\u1ed1m 10.000 v\u00f2ng nh\u1eadp kh\u1ea9u \u0110\u00e0i Loan<\/p>\n<p>\u81fa\u7063\u9ad8\u7cbe\u5bc6C\u7d1a\u6eda\u67f1\u7dab\u8ecc<\/p>\n<p>Ray tr\u1ee5c l\u0103n lo\u1ea1i C c\u00f3 \u0111\u1ed9 ch\u00ednh x\u00e1c cao c\u1ee7a \u0110\u00e0i Loan<\/p>\n<p>\u5fb7\u570b\u9032\u53e3R+W\u806f\u8ef8\u5668<\/p>\n<p>Kh\u1edbp n\u1ed1i R+W nh\u1eadp kh\u1ea9u t\u1eeb \u0110\u1ee9c<\/p>\n<p>\u81fa\u7063\u9032\u53e3P\u7d1a\u6eda\u73e0\u7d72\u6746<\/p>\n<p>V\u00edt bi lo\u1ea1i P nh\u1eadp kh\u1ea9u t\u1eeb \u0110\u00e0i Loan<\/p>\n<p>\u65e5\u672cNSK P4\u7d1a\u8ef8\u627f<\/p>\n<p>V\u00f2ng bi lo\u1ea1i P4 NSK c\u1ee7a Nh\u1eadt B\u1ea3n<\/p>\n<p>\u81fa\u7063\u9ad8\u7cbe\u5bc6C\u7d1a\u6eda\u73e0\u7dab\u8ecc<\/p>\n<p>Ray bi lo\u1ea1i C c\u00f3 \u0111\u1ed9 ch\u00ednh x\u00e1c cao c\u1ee7a \u0110\u00e0i Loan<\/p>\n","protected":false},"excerpt":{"rendered":"<p>M\u00c1Y PHAY \u0110\u1ee8NG CNC DL V850-850L-850B-V866<\/p>\n","protected":false},"featured_media":561,"comment_status":"open","ping_status":"closed","template":"","meta":[],"product_brand":[],"product_cat":[45],"product_tag":[],"class_list":{"0":"post-451","1":"product","2":"type-product","3":"status-publish","4":"has-post-thumbnail","6":"product_cat-ding-ling","8":"first","9":"instock","10":"shipping-taxable","11":"product-type-simple"},"_links":{"self":[{"href":"https:\/\/rongsen.com.vn\/vi\/wp-json\/wp\/v2\/product\/451","targetHints":{"allow":["GET"]}}],"collection":[{"href":"https:\/\/rongsen.com.vn\/vi\/wp-json\/wp\/v2\/product"}],"about":[{"href":"https:\/\/rongsen.com.vn\/vi\/wp-json\/wp\/v2\/types\/product"}],"replies":[{"embeddable":true,"href":"https:\/\/rongsen.com.vn\/vi\/wp-json\/wp\/v2\/comments?post=451"}],"wp:featuredmedia":[{"embeddable":true,"href":"https:\/\/rongsen.com.vn\/vi\/wp-json\/wp\/v2\/media\/561"}],"wp:attachment":[{"href":"https:\/\/rongsen.com.vn\/vi\/wp-json\/wp\/v2\/media?parent=451"}],"wp:term":[{"taxonomy":"product_brand","embeddable":true,"href":"https:\/\/rongsen.com.vn\/vi\/wp-json\/wp\/v2\/product_brand?post=451"},{"taxonomy":"product_cat","embeddable":true,"href":"https:\/\/rongsen.com.vn\/vi\/wp-json\/wp\/v2\/product_cat?post=451"},{"taxonomy":"product_tag","embeddable":true,"href":"https:\/\/rongsen.com.vn\/vi\/wp-json\/wp\/v2\/product_tag?post=451"}],"curies":[{"name":"wp","href":"https:\/\/api.w.org\/{rel}","templated":true}]}}