{"id":1151,"date":"2024-06-15T07:29:25","date_gmt":"2024-06-15T07:29:25","guid":{"rendered":"https:\/\/rongsen.com.vn\/?post_type=product&#038;p=1151"},"modified":"2024-06-15T07:44:25","modified_gmt":"2024-06-15T07:44:25","slug":"may-khoan-cnc-dong-h-khoan-lo-sau","status":"publish","type":"product","link":"https:\/\/rongsen.com.vn\/vi\/product\/may-khoan-cnc-dong-h-khoan-lo-sau\/","title":{"rendered":"M\u00c1Y KHOAN CNC D\u00d2NG H ( KHOAN L\u1ed6 S\u00c2U)"},"content":{"rendered":"<p>M\u00c1Y KHOAN CNC D\u00d2NG H ( KHOAN L\u1ed6 S\u00c2U)<\/p>\n<p><img loading=\"lazy\" decoding=\"async\" width=\"511\" height=\"634\" class=\"wp-image-1152\" src=\"https:\/\/rongsen.com.vn\/wp-content\/uploads\/2024\/06\/word-image-1151-1.png\" srcset=\"https:\/\/rongsen.com.vn\/wp-content\/uploads\/2024\/06\/word-image-1151-1.png 511w, https:\/\/rongsen.com.vn\/wp-content\/uploads\/2024\/06\/word-image-1151-1-322x400.png 322w, https:\/\/rongsen.com.vn\/wp-content\/uploads\/2024\/06\/word-image-1151-1-10x12.png 10w\" sizes=\"auto, (max-width: 511px) 100vw, 511px\" \/><\/p>\n<p>M\u00c1Y KHOAN CNC D\u00d2NG H <img loading=\"lazy\" decoding=\"async\" width=\"771\" height=\"377\" class=\"wp-image-1153\" src=\"https:\/\/rongsen.com.vn\/wp-content\/uploads\/2024\/06\/word-image-1151-2.png\" srcset=\"https:\/\/rongsen.com.vn\/wp-content\/uploads\/2024\/06\/word-image-1151-2.png 771w, https:\/\/rongsen.com.vn\/wp-content\/uploads\/2024\/06\/word-image-1151-2-768x376.png 768w, https:\/\/rongsen.com.vn\/wp-content\/uploads\/2024\/06\/word-image-1151-2-18x9.png 18w, https:\/\/rongsen.com.vn\/wp-content\/uploads\/2024\/06\/word-image-1151-2-600x293.png 600w\" sizes=\"auto, (max-width: 771px) 100vw, 771px\" \/><\/p>\n<p><img loading=\"lazy\" decoding=\"async\" width=\"810\" height=\"266\" class=\"wp-image-1154\" src=\"https:\/\/rongsen.com.vn\/wp-content\/uploads\/2024\/06\/word-image-1151-3.png\" srcset=\"https:\/\/rongsen.com.vn\/wp-content\/uploads\/2024\/06\/word-image-1151-3.png 810w, https:\/\/rongsen.com.vn\/wp-content\/uploads\/2024\/06\/word-image-1151-3-800x263.png 800w, https:\/\/rongsen.com.vn\/wp-content\/uploads\/2024\/06\/word-image-1151-3-768x252.png 768w, https:\/\/rongsen.com.vn\/wp-content\/uploads\/2024\/06\/word-image-1151-3-18x6.png 18w, https:\/\/rongsen.com.vn\/wp-content\/uploads\/2024\/06\/word-image-1151-3-600x197.png 600w\" sizes=\"auto, (max-width: 810px) 100vw, 810px\" \/><\/p>\n<p>\u01afU \u0110I\u1ec2M M\u00c1Y KHOAN CNC D\u00d2NG H<\/p>\n<ol>\n<li>-Gia c\u00f4ng l\u1ed7 s\u00e2u CNC ti\u1ec7n l\u1ee3i v\u00e0 ti\u1ebft ki\u1ec7m chi ph\u00ed.<\/li>\n<li>Di\u1ec7n t\u00edch nh\u1ecf c\u00f4ng n\u0103ng l\u1edbn.<\/li>\n<li>D\u00e2y \u0111\u1ed3ng \u0111\u01b0\u1ee3c c\u1eadp nh\u1eadt t\u1ef1 \u0111\u1ed9ng, gi\u1ea3m nh\u00e2n l\u1ef1c v\u00e0 n\u00e2ng cao n\u0103ng xu\u1ea5t.<\/li>\n<\/ol>\n<p>&nbsp;<\/p>\n","protected":false},"excerpt":{"rendered":"<p>M\u00c1Y KHOAN CNC D\u00d2NG H ( KHOAN L\u1ed6 S\u00c2U) M\u00c1Y KHOAN CNC D\u00d2NG H \u01afU \u0110I\u1ec2M M\u00c1Y KHOAN CNC D\u00d2NG H -Gia c\u00f4ng l\u1ed7 s\u00e2u CNC ti\u1ec7n l\u1ee3i v\u00e0 ti\u1ebft ki\u1ec7m chi ph\u00ed. Di\u1ec7n t\u00edch nh\u1ecf c\u00f4ng n\u0103ng l\u1edbn. D\u00e2y \u0111\u1ed3ng \u0111\u01b0\u1ee3c c\u1eadp nh\u1eadt t\u1ef1 \u0111\u1ed9ng, gi\u1ea3m nh\u00e2n l\u1ef1c v\u00e0 n\u00e2ng cao n\u0103ng xu\u1ea5t. &nbsp;<\/p>\n","protected":false},"featured_media":1152,"comment_status":"open","ping_status":"closed","template":"","meta":[],"product_brand":[],"product_cat":[15],"product_tag":[],"class_list":{"0":"post-1151","1":"product","2":"type-product","3":"status-publish","4":"has-post-thumbnail","6":"product_cat-chmer","8":"first","9":"instock","10":"shipping-taxable","11":"product-type-simple"},"_links":{"self":[{"href":"https:\/\/rongsen.com.vn\/vi\/wp-json\/wp\/v2\/product\/1151","targetHints":{"allow":["GET"]}}],"collection":[{"href":"https:\/\/rongsen.com.vn\/vi\/wp-json\/wp\/v2\/product"}],"about":[{"href":"https:\/\/rongsen.com.vn\/vi\/wp-json\/wp\/v2\/types\/product"}],"replies":[{"embeddable":true,"href":"https:\/\/rongsen.com.vn\/vi\/wp-json\/wp\/v2\/comments?post=1151"}],"wp:featuredmedia":[{"embeddable":true,"href":"https:\/\/rongsen.com.vn\/vi\/wp-json\/wp\/v2\/media\/1152"}],"wp:attachment":[{"href":"https:\/\/rongsen.com.vn\/vi\/wp-json\/wp\/v2\/media?parent=1151"}],"wp:term":[{"taxonomy":"product_brand","embeddable":true,"href":"https:\/\/rongsen.com.vn\/vi\/wp-json\/wp\/v2\/product_brand?post=1151"},{"taxonomy":"product_cat","embeddable":true,"href":"https:\/\/rongsen.com.vn\/vi\/wp-json\/wp\/v2\/product_cat?post=1151"},{"taxonomy":"product_tag","embeddable":true,"href":"https:\/\/rongsen.com.vn\/vi\/wp-json\/wp\/v2\/product_tag?post=1151"}],"curies":[{"name":"wp","href":"https:\/\/api.w.org\/{rel}","templated":true}]}}