{"id":1108,"date":"2024-06-12T06:33:56","date_gmt":"2024-06-12T06:33:56","guid":{"rendered":"https:\/\/rongsen.com.vn\/?post_type=product&#038;p=1108"},"modified":"2026-03-01T00:19:05","modified_gmt":"2026-02-28T17:19:05","slug":"%e5%9e%82%e7%9b%b4%e5%ba%a6%e8%a8%88-may-do-do-thang-dungch504wire-alignmentdevice-2-pin","status":"publish","type":"product","link":"https:\/\/rongsen.com.vn\/vi\/product\/%e5%9e%82%e7%9b%b4%e5%ba%a6%e8%a8%88-may-do-do-thang-dungch504wire-alignmentdevice-2-pin\/","title":{"rendered":"&#8220;\u5782\u76f4\u5ea6\u8a08 M\u00e1y \u0111o \u0111\u1ed9 th\u1eb3ng \u0111\u1ee9ng&#8221;\tCH504\t\tWire AlignmentDevice (2-PIN)"},"content":{"rendered":"","protected":false},"excerpt":{"rendered":"","protected":false},"featured_media":931,"comment_status":"open","ping_status":"closed","template":"","meta":[],"product_brand":[],"product_cat":[59],"product_tag":[],"class_list":{"0":"post-1108","1":"product","2":"type-product","3":"status-publish","4":"has-post-thumbnail","6":"product_cat-vat-tu","8":"first","9":"instock","10":"shipping-taxable","11":"product-type-simple"},"_links":{"self":[{"href":"https:\/\/rongsen.com.vn\/vi\/wp-json\/wp\/v2\/product\/1108","targetHints":{"allow":["GET"]}}],"collection":[{"href":"https:\/\/rongsen.com.vn\/vi\/wp-json\/wp\/v2\/product"}],"about":[{"href":"https:\/\/rongsen.com.vn\/vi\/wp-json\/wp\/v2\/types\/product"}],"replies":[{"embeddable":true,"href":"https:\/\/rongsen.com.vn\/vi\/wp-json\/wp\/v2\/comments?post=1108"}],"wp:featuredmedia":[{"embeddable":true,"href":"https:\/\/rongsen.com.vn\/vi\/wp-json\/wp\/v2\/media\/931"}],"wp:attachment":[{"href":"https:\/\/rongsen.com.vn\/vi\/wp-json\/wp\/v2\/media?parent=1108"}],"wp:term":[{"taxonomy":"product_brand","embeddable":true,"href":"https:\/\/rongsen.com.vn\/vi\/wp-json\/wp\/v2\/product_brand?post=1108"},{"taxonomy":"product_cat","embeddable":true,"href":"https:\/\/rongsen.com.vn\/vi\/wp-json\/wp\/v2\/product_cat?post=1108"},{"taxonomy":"product_tag","embeddable":true,"href":"https:\/\/rongsen.com.vn\/vi\/wp-json\/wp\/v2\/product_tag?post=1108"}],"curies":[{"name":"wp","href":"https:\/\/api.w.org\/{rel}","templated":true}]}}