{"id":1082,"date":"2024-06-12T06:20:37","date_gmt":"2024-06-12T06:20:37","guid":{"rendered":"https:\/\/rongsen.com.vn\/?post_type=product&#038;p=1082"},"modified":"2024-06-12T06:20:37","modified_gmt":"2024-06-12T06:20:37","slug":"%e4%b8%8b%e6%a9%9f%e9%a0%ad%e5%85%a5%e6%b0%b4%e8%93%8b%e6%9d%bf-nap-day-cua-dau-may-phia-trench851-2lowerwater-pipe-fittingholderbrass454514t","status":"publish","type":"product","link":"https:\/\/rongsen.com.vn\/vi\/product\/%e4%b8%8b%e6%a9%9f%e9%a0%ad%e5%85%a5%e6%b0%b4%e8%93%8b%e6%9d%bf-nap-day-cua-dau-may-phia-trench851-2lowerwater-pipe-fittingholderbrass454514t\/","title":{"rendered":"&#8220;\u4e0b\u6a5f\u982d\u5165\u6c34\u84cb\u677f N\u1eafp \u0111\u1eady c\u1ee7a \u0111\u1ea7u m\u00e1y ph\u00eda tr\u00ean&#8221;\tCH851-2\tLower\tWater Pipe FittingHolder(Brass)45*45*14t"},"content":{"rendered":"","protected":false},"excerpt":{"rendered":"","protected":false},"featured_media":916,"comment_status":"open","ping_status":"closed","template":"","meta":[],"product_brand":[],"product_cat":[59],"product_tag":[],"class_list":{"0":"post-1082","1":"product","2":"type-product","3":"status-publish","4":"has-post-thumbnail","6":"product_cat-vat-tu","8":"first","9":"instock","10":"shipping-taxable","11":"product-type-simple"},"_links":{"self":[{"href":"https:\/\/rongsen.com.vn\/vi\/wp-json\/wp\/v2\/product\/1082","targetHints":{"allow":["GET"]}}],"collection":[{"href":"https:\/\/rongsen.com.vn\/vi\/wp-json\/wp\/v2\/product"}],"about":[{"href":"https:\/\/rongsen.com.vn\/vi\/wp-json\/wp\/v2\/types\/product"}],"replies":[{"embeddable":true,"href":"https:\/\/rongsen.com.vn\/vi\/wp-json\/wp\/v2\/comments?post=1082"}],"wp:featuredmedia":[{"embeddable":true,"href":"https:\/\/rongsen.com.vn\/vi\/wp-json\/wp\/v2\/media\/916"}],"wp:attachment":[{"href":"https:\/\/rongsen.com.vn\/vi\/wp-json\/wp\/v2\/media?parent=1082"}],"wp:term":[{"taxonomy":"product_brand","embeddable":true,"href":"https:\/\/rongsen.com.vn\/vi\/wp-json\/wp\/v2\/product_brand?post=1082"},{"taxonomy":"product_cat","embeddable":true,"href":"https:\/\/rongsen.com.vn\/vi\/wp-json\/wp\/v2\/product_cat?post=1082"},{"taxonomy":"product_tag","embeddable":true,"href":"https:\/\/rongsen.com.vn\/vi\/wp-json\/wp\/v2\/product_tag?post=1082"}],"curies":[{"name":"wp","href":"https:\/\/api.w.org\/{rel}","templated":true}]}}