{"id":1029,"date":"2024-06-12T06:02:12","date_gmt":"2024-06-12T06:02:12","guid":{"rendered":"https:\/\/rongsen.com.vn\/?post_type=product&#038;p=1029"},"modified":"2024-06-12T06:02:12","modified_gmt":"2024-06-12T06:02:12","slug":"%e5%b7%a5%e4%bd%9c%e5%8f%b0%e6%aa%94%e6%b0%b4%e7%b0%be-rem-che-ban-thao-tacch01lowerworkbenchchip-guard1651829p","status":"publish","type":"product","link":"https:\/\/rongsen.com.vn\/vi\/product\/%e5%b7%a5%e4%bd%9c%e5%8f%b0%e6%aa%94%e6%b0%b4%e7%b0%be-rem-che-ban-thao-tacch01lowerworkbenchchip-guard1651829p\/","title":{"rendered":"&#8220;\u5de5\u4f5c\u53f0\u6a94\u6c34\u7c3e R\u00e8m che b\u00e0n thao t\u00e1c&#8221;\tCH01\tLower\tWorkbenchChip Guard165*18*29P"},"content":{"rendered":"","protected":false},"excerpt":{"rendered":"","protected":false},"featured_media":877,"comment_status":"open","ping_status":"closed","template":"","meta":[],"product_brand":[],"product_cat":[59],"product_tag":[],"class_list":{"0":"post-1029","1":"product","2":"type-product","3":"status-publish","4":"has-post-thumbnail","6":"product_cat-vat-tu","8":"first","9":"instock","10":"shipping-taxable","11":"product-type-simple"},"_links":{"self":[{"href":"https:\/\/rongsen.com.vn\/vi\/wp-json\/wp\/v2\/product\/1029","targetHints":{"allow":["GET"]}}],"collection":[{"href":"https:\/\/rongsen.com.vn\/vi\/wp-json\/wp\/v2\/product"}],"about":[{"href":"https:\/\/rongsen.com.vn\/vi\/wp-json\/wp\/v2\/types\/product"}],"replies":[{"embeddable":true,"href":"https:\/\/rongsen.com.vn\/vi\/wp-json\/wp\/v2\/comments?post=1029"}],"wp:featuredmedia":[{"embeddable":true,"href":"https:\/\/rongsen.com.vn\/vi\/wp-json\/wp\/v2\/media\/877"}],"wp:attachment":[{"href":"https:\/\/rongsen.com.vn\/vi\/wp-json\/wp\/v2\/media?parent=1029"}],"wp:term":[{"taxonomy":"product_brand","embeddable":true,"href":"https:\/\/rongsen.com.vn\/vi\/wp-json\/wp\/v2\/product_brand?post=1029"},{"taxonomy":"product_cat","embeddable":true,"href":"https:\/\/rongsen.com.vn\/vi\/wp-json\/wp\/v2\/product_cat?post=1029"},{"taxonomy":"product_tag","embeddable":true,"href":"https:\/\/rongsen.com.vn\/vi\/wp-json\/wp\/v2\/product_tag?post=1029"}],"curies":[{"name":"wp","href":"https:\/\/api.w.org\/{rel}","templated":true}]}}