{"id":1026,"date":"2024-06-12T06:01:06","date_gmt":"2024-06-12T06:01:06","guid":{"rendered":"https:\/\/rongsen.com.vn\/?post_type=product&#038;p=1026"},"modified":"2024-06-12T06:01:06","modified_gmt":"2024-06-12T06:01:06","slug":"%e5%89%af%e5%87%ba%e7%b7%9a%e8%bc%aa%e8%bb%b8%e5%bf%83-truc-banh-phat-day-phuch462feed-sectionshaft-for-m405m8142mml","status":"publish","type":"product","link":"https:\/\/rongsen.com.vn\/vi\/product\/%e5%89%af%e5%87%ba%e7%b7%9a%e8%bc%aa%e8%bb%b8%e5%bf%83-truc-banh-phat-day-phuch462feed-sectionshaft-for-m405m8142mml\/","title":{"rendered":"&#8220;\u526f\u51fa\u7dda\u8f2a\u8ef8\u5fc3 Tr\u1ee5c b\u00e1nh ph\u00e1t d\u00e2y ph\u1ee5&#8221;\tCH462\tFeed section\tShaft For M405M8*142mmL"},"content":{"rendered":"","protected":false},"excerpt":{"rendered":"","protected":false},"featured_media":874,"comment_status":"open","ping_status":"closed","template":"","meta":[],"product_brand":[],"product_cat":[59],"product_tag":[],"class_list":{"0":"post-1026","1":"product","2":"type-product","3":"status-publish","4":"has-post-thumbnail","6":"product_cat-vat-tu","8":"first","9":"instock","10":"shipping-taxable","11":"product-type-simple"},"_links":{"self":[{"href":"https:\/\/rongsen.com.vn\/vi\/wp-json\/wp\/v2\/product\/1026","targetHints":{"allow":["GET"]}}],"collection":[{"href":"https:\/\/rongsen.com.vn\/vi\/wp-json\/wp\/v2\/product"}],"about":[{"href":"https:\/\/rongsen.com.vn\/vi\/wp-json\/wp\/v2\/types\/product"}],"replies":[{"embeddable":true,"href":"https:\/\/rongsen.com.vn\/vi\/wp-json\/wp\/v2\/comments?post=1026"}],"wp:featuredmedia":[{"embeddable":true,"href":"https:\/\/rongsen.com.vn\/vi\/wp-json\/wp\/v2\/media\/874"}],"wp:attachment":[{"href":"https:\/\/rongsen.com.vn\/vi\/wp-json\/wp\/v2\/media?parent=1026"}],"wp:term":[{"taxonomy":"product_brand","embeddable":true,"href":"https:\/\/rongsen.com.vn\/vi\/wp-json\/wp\/v2\/product_brand?post=1026"},{"taxonomy":"product_cat","embeddable":true,"href":"https:\/\/rongsen.com.vn\/vi\/wp-json\/wp\/v2\/product_cat?post=1026"},{"taxonomy":"product_tag","embeddable":true,"href":"https:\/\/rongsen.com.vn\/vi\/wp-json\/wp\/v2\/product_tag?post=1026"}],"curies":[{"name":"wp","href":"https:\/\/api.w.org\/{rel}","templated":true}]}}