{"id":54,"date":"2016-03-31T14:08:59","date_gmt":"2016-03-31T14:08:59","guid":{"rendered":"http:\/\/flatsome.dev\/?page_id=7002"},"modified":"2024-05-28T08:24:02","modified_gmt":"2024-05-28T08:24:02","slug":"portfolio","status":"publish","type":"page","link":"https:\/\/rongsen.com.vn\/vi\/portfolio\/","title":{"rendered":"D\u1ef1 \u00e1n"},"content":{"rendered":"\n  <div class=\"banner has-hover\" id=\"banner-1518886154\">\n          <div class=\"banner-inner fill\">\n        <div class=\"banner-bg fill\" >\n            <div class=\"bg fill bg-fill \"><\/div>\n                        <div class=\"overlay\"><\/div>            \n                    <\/div>\n\t\t\n        <div class=\"banner-layers container\">\n            <div class=\"fill banner-link\"><\/div>            \n   <div id=\"text-box-135828755\" class=\"text-box banner-layer x50 md-x50 lg-x50 y50 md-y50 lg-y50 res-text\">\n                                <div class=\"text-box-content text \">\n              \n              <div class=\"text-inner text-center\">\n                  \n<h3 class=\"uppercase\"><strong>D\u1ef0 \u00c1N C\u1ee6A VINH TH\u00c2M (RONGSEN.COM.VN)<\/strong><\/h3>\n<p>C\u00e1c d\u1ef1 \u00e1n \u0111\u00e3 v\u00e0 \u0111ang tri\u1ec3n khai t\u1ea1i Vinh Th\u00e2m<\/p>\n<div class=\"is-divider divider clearfix\" style=\"max-width:67px;\"><\/div>\n              <\/div>\n           <\/div>\n                            \n<style>\n#text-box-135828755 {\n  width: 82%;\n}\n#text-box-135828755 .text-box-content {\n  font-size: 100%;\n}\n<\/style>\n    <\/div>\n \n        <\/div>\n      <\/div>\n\n            \n<style>\n#banner-1518886154 {\n  padding-top: 189px;\n  background-color: rgb(255,255,255);\n}\n#banner-1518886154 .overlay {\n  background-color: rgba(30, 115, 190, 0);\n}\n<\/style>\n  <\/div>\n\n\n\n  \n    <div class=\"row large-columns-4 medium-columns-3 small-columns-1 has-shadow row-box-shadow-1 slider row-slider slider-nav-reveal\"  data-flickity-options='{\"imagesLoaded\": true, \"groupCells\": \"100%\", \"dragThreshold\" : 5, \"cellAlign\": \"left\",\"wrapAround\": true,\"prevNextButtons\": true,\"percentPosition\": true,\"pageDots\": false, \"rightToLeft\": false, \"autoPlay\" : false}' >\n\n  <div class=\"col post-item\" data-animate=\"fadeInLeft\">\n\t\t\t<div class=\"col-inner\">\n\t\t\t\t<div class=\"box box-overlay dark box-text-bottom box-blog-post has-hover\">\n            \t\t\t\t\t<div class=\"box-image\" >\n  \t\t\t\t\t\t<div class=\"image-color image-overlay-remove-50 image-cover\" style=\"padding-top:144%;\">\n\t\t\t\t\t\t\t<a href=\"https:\/\/rongsen.com.vn\/vi\/tin-tuc\/loi-ich-va-ung-dung-may-cat-day-cnc-dong-gx-cua-chmer\/\" class=\"plain\" aria-label=\"L\u1ee3i \u00edch v\u00e0 \u1ee9ng d\u1ee5ng m\u00e1y c\u1eaft d\u00e2y CNC d\u00f2ng GX+ c\u1ee7a CHMER\">\n\t\t\t\t\t\t\t\t<img loading=\"lazy\" decoding=\"async\" width=\"497\" height=\"260\" src=\"https:\/\/rongsen.com.vn\/wp-content\/uploads\/2024\/12\/03.png\" class=\"attachment-medium size-medium wp-post-image\" alt=\"m\u0169i khoan cnc\" srcset=\"https:\/\/rongsen.com.vn\/wp-content\/uploads\/2024\/12\/03.png 497w, https:\/\/rongsen.com.vn\/wp-content\/uploads\/2024\/12\/03-18x9.png 18w\" sizes=\"auto, (max-width: 497px) 100vw, 497px\" \/>\t\t\t\t\t\t\t<\/a>\n  \t\t\t\t\t\t\t<div class=\"overlay\" style=\"background-color: rgba(0, 0, 0, 0.56)\"><\/div>  \t\t\t\t\t\t\t  \t\t\t\t\t\t<\/div>\n  \t\t\t\t\t\t  \t\t\t\t\t<\/div>\n          \t\t\t\t\t<div class=\"box-text text-center\" >\n\t\t\t\t\t<div class=\"box-text-inner blog-post-inner\">\n\n\t\t\t\t\t\n\t\t\t\t\t\t\t\t\t\t<h5 class=\"post-title is-large uppercase\">\n\t\t\t\t\t\t<a href=\"https:\/\/rongsen.com.vn\/vi\/tin-tuc\/loi-ich-va-ung-dung-may-cat-day-cnc-dong-gx-cua-chmer\/\" class=\"plain\">L\u1ee3i \u00edch v\u00e0 \u1ee9ng d\u1ee5ng m\u00e1y c\u1eaft d\u00e2y CNC d\u00f2ng GX+ c\u1ee7a CHMER<\/a>\n\t\t\t\t\t<\/h5>\n\t\t\t\t\t<div class=\"post-meta is-small op-8\">Th\u00e1ng 2 11, 2025<\/div>\t\t\t\t\t<div class=\"is-divider\"><\/div>\n\t\t\t\t\t\t\t\t\t\t<p class=\"from_the_blog_excerpt \">\n\t\t\t\t\t\t\u1ee8ng d\u1ee5ng c\u1ee7a m\u00e1y c\u1eaft d\u00e2y d\u00f2ng GX+ M\u00e1y c\u1eaft d\u00e2y d\u00f2ng GX+ \u0111\u01b0\u1ee3c \u1ee9ng [...]\t\t\t\t\t<\/p>\n\t\t\t\t\t                    \n\t\t\t\t\t\n\t\t\t\t\t\n\t\t\t\t\t<\/div>\n\t\t\t\t\t<\/div>\n\t\t\t\t\t\t\t\t\t<\/div>\n\t\t\t<\/div>\n\t\t<\/div><div class=\"col post-item\" data-animate=\"fadeInLeft\">\n\t\t\t<div class=\"col-inner\">\n\t\t\t\t<div class=\"box box-overlay dark box-text-bottom box-blog-post has-hover\">\n            \t\t\t\t\t<div class=\"box-image\" >\n  \t\t\t\t\t\t<div class=\"image-color image-overlay-remove-50 image-cover\" style=\"padding-top:144%;\">\n\t\t\t\t\t\t\t<a href=\"https:\/\/rongsen.com.vn\/vi\/tin-tuc\/dac-diem-noi-bat-may-cat-day-cnc-dong-gx-chmer\/\" class=\"plain\" aria-label=\"\u0110\u1eb7c \u0111i\u1ec3m n\u1ed5i b\u1eadt m\u00e1y c\u1eaft d\u00e2y CNC d\u00f2ng GX+ c\u1ee7a CHMER\">\n\t\t\t\t\t\t\t\t<img loading=\"lazy\" decoding=\"async\" width=\"485\" height=\"400\" src=\"https:\/\/rongsen.com.vn\/wp-content\/uploads\/2024\/11\/CNC-seri-G--485x400.jpg\" class=\"attachment-medium size-medium wp-post-image\" alt=\"m\u00e1y c\u1eaft d\u00e2y CNC\/ d\u00f2ng G\" srcset=\"https:\/\/rongsen.com.vn\/wp-content\/uploads\/2024\/11\/CNC-seri-G--485x400.jpg 485w, https:\/\/rongsen.com.vn\/wp-content\/uploads\/2024\/11\/CNC-seri-G--15x12.jpg 15w, https:\/\/rongsen.com.vn\/wp-content\/uploads\/2024\/11\/CNC-seri-G--600x495.jpg 600w, https:\/\/rongsen.com.vn\/wp-content\/uploads\/2024\/11\/CNC-seri-G-.jpg 768w\" sizes=\"auto, (max-width: 485px) 100vw, 485px\" \/>\t\t\t\t\t\t\t<\/a>\n  \t\t\t\t\t\t\t<div class=\"overlay\" style=\"background-color: rgba(0, 0, 0, 0.56)\"><\/div>  \t\t\t\t\t\t\t  \t\t\t\t\t\t<\/div>\n  \t\t\t\t\t\t  \t\t\t\t\t<\/div>\n          \t\t\t\t\t<div class=\"box-text text-center\" >\n\t\t\t\t\t<div class=\"box-text-inner blog-post-inner\">\n\n\t\t\t\t\t\n\t\t\t\t\t\t\t\t\t\t<h5 class=\"post-title is-large uppercase\">\n\t\t\t\t\t\t<a href=\"https:\/\/rongsen.com.vn\/vi\/tin-tuc\/dac-diem-noi-bat-may-cat-day-cnc-dong-gx-chmer\/\" class=\"plain\">\u0110\u1eb7c \u0111i\u1ec3m n\u1ed5i b\u1eadt m\u00e1y c\u1eaft d\u00e2y CNC d\u00f2ng GX+ c\u1ee7a CHMER<\/a>\n\t\t\t\t\t<\/h5>\n\t\t\t\t\t<div class=\"post-meta is-small op-8\">Th\u00e1ng 2 7, 2025<\/div>\t\t\t\t\t<div class=\"is-divider\"><\/div>\n\t\t\t\t\t\t\t\t\t\t<p class=\"from_the_blog_excerpt \">\n\t\t\t\t\t\tM\u00e1y c\u1eaft d\u00e2y CNC d\u00f2ng GX+ l\u00e0 m\u1ed9t gi\u1ea3i ph\u00e1p ti\u00ean ti\u1ebfn trong ng\u00e0nh gia [...]\t\t\t\t\t<\/p>\n\t\t\t\t\t                    \n\t\t\t\t\t\n\t\t\t\t\t\n\t\t\t\t\t<\/div>\n\t\t\t\t\t<\/div>\n\t\t\t\t\t\t\t\t\t<\/div>\n\t\t\t<\/div>\n\t\t<\/div><div class=\"col post-item\" data-animate=\"fadeInLeft\">\n\t\t\t<div class=\"col-inner\">\n\t\t\t\t<div class=\"box box-overlay dark box-text-bottom box-blog-post has-hover\">\n            \t\t\t\t\t<div class=\"box-image\" >\n  \t\t\t\t\t\t<div class=\"image-color image-overlay-remove-50 image-cover\" style=\"padding-top:144%;\">\n\t\t\t\t\t\t\t<a href=\"https:\/\/rongsen.com.vn\/vi\/tin-tuc\/uu-diem-noi-bat-may-cat-day-cnc-dong-g-rx-cua-chmer\/\" class=\"plain\" aria-label=\"\u01afu \u0111i\u1ec3m n\u1ed5i b\u1eadt m\u00e1y c\u1eaft d\u00e2y CNC d\u00f2ng G &#038; RX c\u1ee7a CHMER\">\n\t\t\t\t\t\t\t\t<img loading=\"lazy\" decoding=\"async\" width=\"547\" height=\"400\" src=\"https:\/\/rongsen.com.vn\/wp-content\/uploads\/2024\/06\/12-1-547x400.jpg\" class=\"attachment-medium size-medium wp-post-image\" alt=\"\" srcset=\"https:\/\/rongsen.com.vn\/wp-content\/uploads\/2024\/06\/12-1-547x400.jpg 547w, https:\/\/rongsen.com.vn\/wp-content\/uploads\/2024\/06\/12-1-768x562.jpg 768w, https:\/\/rongsen.com.vn\/wp-content\/uploads\/2024\/06\/12-1-16x12.jpg 16w, https:\/\/rongsen.com.vn\/wp-content\/uploads\/2024\/06\/12-1-600x439.jpg 600w, https:\/\/rongsen.com.vn\/wp-content\/uploads\/2024\/06\/12-1.jpg 957w\" sizes=\"auto, (max-width: 547px) 100vw, 547px\" \/>\t\t\t\t\t\t\t<\/a>\n  \t\t\t\t\t\t\t<div class=\"overlay\" style=\"background-color: rgba(0, 0, 0, 0.56)\"><\/div>  \t\t\t\t\t\t\t  \t\t\t\t\t\t<\/div>\n  \t\t\t\t\t\t  \t\t\t\t\t<\/div>\n          \t\t\t\t\t<div class=\"box-text text-center\" >\n\t\t\t\t\t<div class=\"box-text-inner blog-post-inner\">\n\n\t\t\t\t\t\n\t\t\t\t\t\t\t\t\t\t<h5 class=\"post-title is-large uppercase\">\n\t\t\t\t\t\t<a href=\"https:\/\/rongsen.com.vn\/vi\/tin-tuc\/uu-diem-noi-bat-may-cat-day-cnc-dong-g-rx-cua-chmer\/\" class=\"plain\">\u01afu \u0111i\u1ec3m n\u1ed5i b\u1eadt m\u00e1y c\u1eaft d\u00e2y CNC d\u00f2ng G &#038; RX c\u1ee7a CHMER<\/a>\n\t\t\t\t\t<\/h5>\n\t\t\t\t\t<div class=\"post-meta is-small op-8\">Th\u00e1ng 2 4, 2025<\/div>\t\t\t\t\t<div class=\"is-divider\"><\/div>\n\t\t\t\t\t\t\t\t\t\t<p class=\"from_the_blog_excerpt \">\n\t\t\t\t\t\tC\u00e1c Phi\u00ean B\u1ea3n C\u1ee5 Th\u1ec3 -D\u00f2ng G Series: Chuy\u00ean v\u1ec1 c\u1eaft ch\u00ednh x\u00e1c cao v\u1edbi [...]\t\t\t\t\t<\/p>\n\t\t\t\t\t                    \n\t\t\t\t\t\n\t\t\t\t\t\n\t\t\t\t\t<\/div>\n\t\t\t\t\t<\/div>\n\t\t\t\t\t\t\t\t\t<\/div>\n\t\t\t<\/div>\n\t\t<\/div><div class=\"col post-item\" data-animate=\"fadeInLeft\">\n\t\t\t<div class=\"col-inner\">\n\t\t\t\t<div class=\"box box-overlay dark box-text-bottom box-blog-post has-hover\">\n            \t\t\t\t\t<div class=\"box-image\" >\n  \t\t\t\t\t\t<div class=\"image-color image-overlay-remove-50 image-cover\" style=\"padding-top:144%;\">\n\t\t\t\t\t\t\t<a href=\"https:\/\/rongsen.com.vn\/vi\/tin-tuc\/bao-tri-may-khoan-cnc\/\" class=\"plain\" aria-label=\"B\u1ea3o tr\u00ec m\u00e1y khoan CNC\">\n\t\t\t\t\t\t\t\t<img loading=\"lazy\" decoding=\"async\" width=\"497\" height=\"260\" src=\"https:\/\/rongsen.com.vn\/wp-content\/uploads\/2024\/12\/03.png\" class=\"attachment-medium size-medium wp-post-image\" alt=\"m\u0169i khoan cnc\" srcset=\"https:\/\/rongsen.com.vn\/wp-content\/uploads\/2024\/12\/03.png 497w, https:\/\/rongsen.com.vn\/wp-content\/uploads\/2024\/12\/03-18x9.png 18w\" sizes=\"auto, (max-width: 497px) 100vw, 497px\" \/>\t\t\t\t\t\t\t<\/a>\n  \t\t\t\t\t\t\t<div class=\"overlay\" style=\"background-color: rgba(0, 0, 0, 0.56)\"><\/div>  \t\t\t\t\t\t\t  \t\t\t\t\t\t<\/div>\n  \t\t\t\t\t\t  \t\t\t\t\t<\/div>\n          \t\t\t\t\t<div class=\"box-text text-center\" >\n\t\t\t\t\t<div class=\"box-text-inner blog-post-inner\">\n\n\t\t\t\t\t\n\t\t\t\t\t\t\t\t\t\t<h5 class=\"post-title is-large uppercase\">\n\t\t\t\t\t\t<a href=\"https:\/\/rongsen.com.vn\/vi\/tin-tuc\/bao-tri-may-khoan-cnc\/\" class=\"plain\">B\u1ea3o tr\u00ec m\u00e1y khoan CNC<\/a>\n\t\t\t\t\t<\/h5>\n\t\t\t\t\t<div class=\"post-meta is-small op-8\">Th\u00e1ng 1 30, 2025<\/div>\t\t\t\t\t<div class=\"is-divider\"><\/div>\n\t\t\t\t\t\t\t\t\t\t<p class=\"from_the_blog_excerpt \">\n\t\t\t\t\t\tTu\u00e2n th\u1ee7 nghi\u00eam ng\u1eb7t c\u00e1c quy tr\u00ecnh v\u1eadn h\u00e0nh v\u00e0 h\u1ec7 th\u1ed1ng b\u1ea3o tr\u00ec h\u00e0ng [...]\t\t\t\t\t<\/p>\n\t\t\t\t\t                    \n\t\t\t\t\t\n\t\t\t\t\t\n\t\t\t\t\t<\/div>\n\t\t\t\t\t<\/div>\n\t\t\t\t\t\t\t\t\t<\/div>\n\t\t\t<\/div>\n\t\t<\/div><div class=\"col post-item\" data-animate=\"fadeInLeft\">\n\t\t\t<div class=\"col-inner\">\n\t\t\t\t<div class=\"box box-overlay dark box-text-bottom box-blog-post has-hover\">\n            \t\t\t\t\t<div class=\"box-image\" >\n  \t\t\t\t\t\t<div class=\"image-color image-overlay-remove-50 image-cover\" style=\"padding-top:144%;\">\n\t\t\t\t\t\t\t<a href=\"https:\/\/rongsen.com.vn\/vi\/tin-tuc\/muc-dich-bao-tri-va-kiem-tra-cua-may-khoan-cnc\/\" class=\"plain\" aria-label=\"M\u1ee5c \u0111\u00edch b\u1ea3o tr\u00ec v\u00e0 ki\u1ec3m tra c\u1ee7a m\u00e1y khoan CNC\">\n\t\t\t\t\t\t\t\t<img loading=\"lazy\" decoding=\"async\" width=\"322\" height=\"400\" src=\"https:\/\/rongsen.com.vn\/wp-content\/uploads\/2024\/12\/May-khoan-CNC-H-322x400.png\" class=\"attachment-medium size-medium wp-post-image\" alt=\"\" srcset=\"https:\/\/rongsen.com.vn\/wp-content\/uploads\/2024\/12\/May-khoan-CNC-H-322x400.png 322w, https:\/\/rongsen.com.vn\/wp-content\/uploads\/2024\/12\/May-khoan-CNC-H-10x12.png 10w, https:\/\/rongsen.com.vn\/wp-content\/uploads\/2024\/12\/May-khoan-CNC-H.png 511w\" sizes=\"auto, (max-width: 322px) 100vw, 322px\" \/>\t\t\t\t\t\t\t<\/a>\n  \t\t\t\t\t\t\t<div class=\"overlay\" style=\"background-color: rgba(0, 0, 0, 0.56)\"><\/div>  \t\t\t\t\t\t\t  \t\t\t\t\t\t<\/div>\n  \t\t\t\t\t\t  \t\t\t\t\t<\/div>\n          \t\t\t\t\t<div class=\"box-text text-center\" >\n\t\t\t\t\t<div class=\"box-text-inner blog-post-inner\">\n\n\t\t\t\t\t\n\t\t\t\t\t\t\t\t\t\t<h5 class=\"post-title is-large uppercase\">\n\t\t\t\t\t\t<a href=\"https:\/\/rongsen.com.vn\/vi\/tin-tuc\/muc-dich-bao-tri-va-kiem-tra-cua-may-khoan-cnc\/\" class=\"plain\">M\u1ee5c \u0111\u00edch b\u1ea3o tr\u00ec v\u00e0 ki\u1ec3m tra c\u1ee7a m\u00e1y khoan CNC<\/a>\n\t\t\t\t\t<\/h5>\n\t\t\t\t\t<div class=\"post-meta is-small op-8\">Th\u00e1ng 1 27, 2025<\/div>\t\t\t\t\t<div class=\"is-divider\"><\/div>\n\t\t\t\t\t\t\t\t\t\t<p class=\"from_the_blog_excerpt \">\n\t\t\t\t\t\tK\u00e9o d\u00e0i tu\u1ed5i th\u1ecd c\u1ee7a c\u00e1c b\u1ed9 ph\u1eadn v\u00e0 chu k\u1ef3 m\u00e0i m\u00f2n c\u1ee7a c\u00e1c [...]\t\t\t\t\t<\/p>\n\t\t\t\t\t                    \n\t\t\t\t\t\n\t\t\t\t\t\n\t\t\t\t\t<\/div>\n\t\t\t\t\t<\/div>\n\t\t\t\t\t\t\t\t\t<\/div>\n\t\t\t<\/div>\n\t\t<\/div><div class=\"col post-item\" data-animate=\"fadeInLeft\">\n\t\t\t<div class=\"col-inner\">\n\t\t\t\t<div class=\"box box-overlay dark box-text-bottom box-blog-post has-hover\">\n            \t\t\t\t\t<div class=\"box-image\" >\n  \t\t\t\t\t\t<div class=\"image-color image-overlay-remove-50 image-cover\" style=\"padding-top:144%;\">\n\t\t\t\t\t\t\t<a href=\"https:\/\/rongsen.com.vn\/vi\/tin-tuc\/quy-trinh-van-hanh-cua-may-khoan-cnc-phan-02\/\" class=\"plain\" aria-label=\"Quy tr\u00ecnh v\u1eadn h\u00e0nh c\u1ee7a m\u00e1y khoan cnc ( ph\u1ea7n 02)\">\n\t\t\t\t\t\t\t\t<img loading=\"lazy\" decoding=\"async\" width=\"706\" height=\"400\" src=\"https:\/\/rongsen.com.vn\/wp-content\/uploads\/2024\/12\/02-706x400.png\" class=\"attachment-medium size-medium wp-post-image\" alt=\"khoan cnc\" srcset=\"https:\/\/rongsen.com.vn\/wp-content\/uploads\/2024\/12\/02-706x400.png 706w, https:\/\/rongsen.com.vn\/wp-content\/uploads\/2024\/12\/02-768x435.png 768w, https:\/\/rongsen.com.vn\/wp-content\/uploads\/2024\/12\/02-18x10.png 18w, https:\/\/rongsen.com.vn\/wp-content\/uploads\/2024\/12\/02-600x340.png 600w, https:\/\/rongsen.com.vn\/wp-content\/uploads\/2024\/12\/02.png 1113w\" sizes=\"auto, (max-width: 706px) 100vw, 706px\" \/>\t\t\t\t\t\t\t<\/a>\n  \t\t\t\t\t\t\t<div class=\"overlay\" style=\"background-color: rgba(0, 0, 0, 0.56)\"><\/div>  \t\t\t\t\t\t\t  \t\t\t\t\t\t<\/div>\n  \t\t\t\t\t\t  \t\t\t\t\t<\/div>\n          \t\t\t\t\t<div class=\"box-text text-center\" >\n\t\t\t\t\t<div class=\"box-text-inner blog-post-inner\">\n\n\t\t\t\t\t\n\t\t\t\t\t\t\t\t\t\t<h5 class=\"post-title is-large uppercase\">\n\t\t\t\t\t\t<a href=\"https:\/\/rongsen.com.vn\/vi\/tin-tuc\/quy-trinh-van-hanh-cua-may-khoan-cnc-phan-02\/\" class=\"plain\">Quy tr\u00ecnh v\u1eadn h\u00e0nh c\u1ee7a m\u00e1y khoan cnc ( ph\u1ea7n 02)<\/a>\n\t\t\t\t\t<\/h5>\n\t\t\t\t\t<div class=\"post-meta is-small op-8\">Th\u00e1ng 1 23, 2025<\/div>\t\t\t\t\t<div class=\"is-divider\"><\/div>\n\t\t\t\t\t\t\t\t\t\t<p class=\"from_the_blog_excerpt \">\n\t\t\t\t\t\tThao t\u00e1c n\u1ea1p d\u1ee5ng c\u1ee5 l\u00ean tr\u1ee5c ch\u00ednh ho\u1eb7c\u00a0\u1ed5 \u0111\u1ea1n th\u00e1p ph\u00e1o ph\u1ea3i \u0111\u01b0\u1ee3c th\u1ef1c [...]\t\t\t\t\t<\/p>\n\t\t\t\t\t                    \n\t\t\t\t\t\n\t\t\t\t\t\n\t\t\t\t\t<\/div>\n\t\t\t\t\t<\/div>\n\t\t\t\t\t\t\t\t\t<\/div>\n\t\t\t<\/div>\n\t\t<\/div><div class=\"col post-item\" data-animate=\"fadeInLeft\">\n\t\t\t<div class=\"col-inner\">\n\t\t\t\t<div class=\"box box-overlay dark box-text-bottom box-blog-post has-hover\">\n            \t\t\t\t\t<div class=\"box-image\" >\n  \t\t\t\t\t\t<div class=\"image-color image-overlay-remove-50 image-cover\" style=\"padding-top:144%;\">\n\t\t\t\t\t\t\t<a href=\"https:\/\/rongsen.com.vn\/vi\/tin-tuc\/quy-trinh-van-hanh-cua-may-khoan-cnc-phan-01\/\" class=\"plain\" aria-label=\"Quy tr\u00ecnh v\u1eadn h\u00e0nh c\u1ee7a m\u00e1y khoan CNC ( ph\u1ea7n 01)\">\n\t\t\t\t\t\t\t\t<img loading=\"lazy\" decoding=\"async\" width=\"322\" height=\"400\" src=\"https:\/\/rongsen.com.vn\/wp-content\/uploads\/2024\/12\/May-khoan-CNC-H-322x400.png\" class=\"attachment-medium size-medium wp-post-image\" alt=\"\" srcset=\"https:\/\/rongsen.com.vn\/wp-content\/uploads\/2024\/12\/May-khoan-CNC-H-322x400.png 322w, https:\/\/rongsen.com.vn\/wp-content\/uploads\/2024\/12\/May-khoan-CNC-H-10x12.png 10w, https:\/\/rongsen.com.vn\/wp-content\/uploads\/2024\/12\/May-khoan-CNC-H.png 511w\" sizes=\"auto, (max-width: 322px) 100vw, 322px\" \/>\t\t\t\t\t\t\t<\/a>\n  \t\t\t\t\t\t\t<div class=\"overlay\" style=\"background-color: rgba(0, 0, 0, 0.56)\"><\/div>  \t\t\t\t\t\t\t  \t\t\t\t\t\t<\/div>\n  \t\t\t\t\t\t  \t\t\t\t\t<\/div>\n          \t\t\t\t\t<div class=\"box-text text-center\" >\n\t\t\t\t\t<div class=\"box-text-inner blog-post-inner\">\n\n\t\t\t\t\t\n\t\t\t\t\t\t\t\t\t\t<h5 class=\"post-title is-large uppercase\">\n\t\t\t\t\t\t<a href=\"https:\/\/rongsen.com.vn\/vi\/tin-tuc\/quy-trinh-van-hanh-cua-may-khoan-cnc-phan-01\/\" class=\"plain\">Quy tr\u00ecnh v\u1eadn h\u00e0nh c\u1ee7a m\u00e1y khoan CNC ( ph\u1ea7n 01)<\/a>\n\t\t\t\t\t<\/h5>\n\t\t\t\t\t<div class=\"post-meta is-small op-8\">Th\u00e1ng 1 20, 2025<\/div>\t\t\t\t\t<div class=\"is-divider\"><\/div>\n\t\t\t\t\t\t\t\t\t\t<p class=\"from_the_blog_excerpt \">\n\t\t\t\t\t\tTr\u01b0\u1edbc khi l\u00e0m vi\u1ec7c, h\u00e3y ki\u1ec3m tra c\u1ea9n th\u1eadn xem \u0111i\u1ec7n \u00e1p l\u01b0\u1edbi \u0111i\u1ec7n,\u00a0b\u01a1m d\u1ea7u, [...]\t\t\t\t\t<\/p>\n\t\t\t\t\t                    \n\t\t\t\t\t\n\t\t\t\t\t\n\t\t\t\t\t<\/div>\n\t\t\t\t\t<\/div>\n\t\t\t\t\t\t\t\t\t<\/div>\n\t\t\t<\/div>\n\t\t<\/div><div class=\"col post-item\" data-animate=\"fadeInLeft\">\n\t\t\t<div class=\"col-inner\">\n\t\t\t\t<div class=\"box box-overlay dark box-text-bottom box-blog-post has-hover\">\n            \t\t\t\t\t<div class=\"box-image\" >\n  \t\t\t\t\t\t<div class=\"image-color image-overlay-remove-50 image-cover\" style=\"padding-top:144%;\">\n\t\t\t\t\t\t\t<a href=\"https:\/\/rongsen.com.vn\/vi\/tin-tuc\/dac-trung-cua-may-khoan-cnc\/\" class=\"plain\" aria-label=\"\u0110\u1eb7c tr\u01b0ng c\u1ee7a m\u00e1y khoan CNC\">\n\t\t\t\t\t\t\t\t<img loading=\"lazy\" decoding=\"async\" width=\"497\" height=\"260\" src=\"https:\/\/rongsen.com.vn\/wp-content\/uploads\/2024\/12\/03.png\" class=\"attachment-medium size-medium wp-post-image\" alt=\"m\u0169i khoan cnc\" srcset=\"https:\/\/rongsen.com.vn\/wp-content\/uploads\/2024\/12\/03.png 497w, https:\/\/rongsen.com.vn\/wp-content\/uploads\/2024\/12\/03-18x9.png 18w\" sizes=\"auto, (max-width: 497px) 100vw, 497px\" \/>\t\t\t\t\t\t\t<\/a>\n  \t\t\t\t\t\t\t<div class=\"overlay\" style=\"background-color: rgba(0, 0, 0, 0.56)\"><\/div>  \t\t\t\t\t\t\t  \t\t\t\t\t\t<\/div>\n  \t\t\t\t\t\t  \t\t\t\t\t<\/div>\n          \t\t\t\t\t<div class=\"box-text text-center\" >\n\t\t\t\t\t<div class=\"box-text-inner blog-post-inner\">\n\n\t\t\t\t\t\n\t\t\t\t\t\t\t\t\t\t<h5 class=\"post-title is-large uppercase\">\n\t\t\t\t\t\t<a href=\"https:\/\/rongsen.com.vn\/vi\/tin-tuc\/dac-trung-cua-may-khoan-cnc\/\" class=\"plain\">\u0110\u1eb7c tr\u01b0ng c\u1ee7a m\u00e1y khoan CNC<\/a>\n\t\t\t\t\t<\/h5>\n\t\t\t\t\t<div class=\"post-meta is-small op-8\">Th\u00e1ng 1 16, 2025<\/div>\t\t\t\t\t<div class=\"is-divider\"><\/div>\n\t\t\t\t\t\t\t\t\t\t<p class=\"from_the_blog_excerpt \">\n\t\t\t\t\t\t10 \u0111i\u1ec3m \u0111\u1eb7c tr\u01b0ng c\u1ee7a m\u00e1y khoan CNC M\u1ed7i chuy\u1ec3n \u0111\u1ed9ng t\u1ecda \u0111\u1ed9 \u0111\u01b0\u1ee3c \u0111i\u1ec1u [...]\t\t\t\t\t<\/p>\n\t\t\t\t\t                    \n\t\t\t\t\t\n\t\t\t\t\t\n\t\t\t\t\t<\/div>\n\t\t\t\t\t<\/div>\n\t\t\t\t\t\t\t\t\t<\/div>\n\t\t\t<\/div>\n\t\t<\/div><\/div>\n","protected":false},"excerpt":{"rendered":"","protected":false},"author":1,"featured_media":20,"parent":0,"menu_order":19,"comment_status":"closed","ping_status":"closed","template":"page-blank.php","meta":{"footnotes":""},"class_list":["post-54","page","type-page","status-publish","has-post-thumbnail","hentry"],"_links":{"self":[{"href":"https:\/\/rongsen.com.vn\/vi\/wp-json\/wp\/v2\/pages\/54","targetHints":{"allow":["GET"]}}],"collection":[{"href":"https:\/\/rongsen.com.vn\/vi\/wp-json\/wp\/v2\/pages"}],"about":[{"href":"https:\/\/rongsen.com.vn\/vi\/wp-json\/wp\/v2\/types\/page"}],"author":[{"embeddable":true,"href":"https:\/\/rongsen.com.vn\/vi\/wp-json\/wp\/v2\/users\/1"}],"replies":[{"embeddable":true,"href":"https:\/\/rongsen.com.vn\/vi\/wp-json\/wp\/v2\/comments?post=54"}],"version-history":[{"count":8,"href":"https:\/\/rongsen.com.vn\/vi\/wp-json\/wp\/v2\/pages\/54\/revisions"}],"predecessor-version":[{"id":485,"href":"https:\/\/rongsen.com.vn\/vi\/wp-json\/wp\/v2\/pages\/54\/revisions\/485"}],"wp:featuredmedia":[{"embeddable":true,"href":"https:\/\/rongsen.com.vn\/vi\/wp-json\/wp\/v2\/media\/20"}],"wp:attachment":[{"href":"https:\/\/rongsen.com.vn\/vi\/wp-json\/wp\/v2\/media?parent=54"}],"curies":[{"name":"wp","href":"https:\/\/api.w.org\/{rel}","templated":true}]}}